{"id":221,"date":"2022-09-21T15:38:34","date_gmt":"2022-09-21T18:38:34","guid":{"rendered":"https:\/\/paisdemossoro.com.br\/wordpress\/caico\/?page_id=221"},"modified":"2026-03-06T14:39:10","modified_gmt":"2026-03-06T17:39:10","slug":"contato","status":"publish","type":"page","link":"https:\/\/portal.uern.br\/caico\/contato\/","title":{"rendered":"Contato"},"content":{"rendered":"<h1><strong>Sede Administrativa do Campus Avan\u00e7ado de Caic\u00f3 &#8211;\u00a0 UERN<\/strong><\/h1>\n<p>Endere\u00e7o: Av. Rio Branco, 725 &#8211; Centro \u2013 Caic\u00f3\/RN CEP: 59.300-000<\/p>\n<p>&nbsp;<\/p>\n<h4><strong>Dire\u00e7\u00e3o e Secretaria Geral<\/strong><\/h4>\n<p>E-mail: caico@uern.br<\/p>\n<p>Hor\u00e1rio de atendimento: das 08h \u00e0s 17h.<\/p>\n<h4><strong>Departamento de Enfermagem<\/strong><\/h4>\n<p>E-mail: den.caico@uern.br<\/p>\n<p>Hor\u00e1rio de atendimento: das 07h \u00e0s 17h.<\/p>\n<h4><strong>Departamento de Filosofia<\/strong><\/h4>\n<p>E-mail: dfi.caico@uern.br<\/p>\n<p>Hor\u00e1rio de atendimento: das 16h \u00e0s 22h.<\/p>\n<h4><strong>Departamento de Odontologia<\/strong><\/h4>\n<p>E-mail: dod.caico@uern.br<\/p>\n<p>Hor\u00e1rio de atendimento: das 07h \u00e0s 16h.<\/p>\n<h4><strong>Programa de Mestrado Profissional em Filosofia &#8211; PROF-FILO<\/strong><\/h4>\n<p>E-mail: proffilo@uern.br<\/p>\n<p>Hor\u00e1rio de atendimento: das 07h \u00e0s 13h.<\/p>\n<h4><strong>Programa de Mestrado Profissional em Sa\u00fade da Fam\u00edlia &#8211; PROFSA\u00daDE<\/strong><\/h4>\n<p>E-mail: profsaude@mestrado.uern.br<\/p>\n<p>Hor\u00e1rio de atendimento: das 07h \u00e0s 13h.<\/p>\n<h4><strong>Biblioteca Setorial de Caic\u00f3<\/strong><\/h4>\n<p>E-mail: caico@biblioteca.uern.br<\/p>\n<p>Hor\u00e1rio de atendimento: das 09h \u00e0s 21h.<\/p>\n<hr \/>\n<h4><strong>Cl\u00ednicas Odontol\u00f3gicas do Campus Avan\u00e7ado de Caic\u00f3 &#8211; UERN<\/strong><\/h4>\n<p>Endere\u00e7o: Rua Andr\u00e9 Sales, S\/N &#8211; Paulo VI &#8211; Caic\u00f3\/RN CEP: 59.300-000<\/p>\n<p>Telefone WhatsApp: (84) 9928-8006<\/p>\n<p>E-mail: odontoclinica@uern.br<\/p>\n<p>Hor\u00e1rio de atendimento: das 8h \u00e0s 12 e das 14h \u00e0s 17h<\/p>\n","protected":false},"excerpt":{"rendered":"<p>Sede Administrativa do Campus Avan\u00e7ado de Caic\u00f3 &#8211;\u00a0 UERN Endere\u00e7o: Av. Rio Branco, 725 &#8211; Centro \u2013 Caic\u00f3\/RN CEP: 59.300-000 &nbsp; Dire\u00e7\u00e3o e Secretaria Geral E-mail: caico@uern.br Hor\u00e1rio de atendimento: das 08h \u00e0s 17h. Departamento de Enfermagem E-mail: den.caico@uern.br Hor\u00e1rio de atendimento: das 07h \u00e0s 17h. Departamento de Filosofia E-mail: dfi.caico@uern.br Hor\u00e1rio de atendimento: das [&hellip;]<\/p>\n","protected":false},"author":1,"featured_media":0,"parent":0,"menu_order":0,"comment_status":"closed","ping_status":"closed","template":"","meta":{"footnotes":""},"class_list":["post-221","page","type-page","status-publish","hentry"],"_links":{"self":[{"href":"https:\/\/portal.uern.br\/caico\/wp-json\/wp\/v2\/pages\/221","targetHints":{"allow":["GET"]}}],"collection":[{"href":"https:\/\/portal.uern.br\/caico\/wp-json\/wp\/v2\/pages"}],"about":[{"href":"https:\/\/portal.uern.br\/caico\/wp-json\/wp\/v2\/types\/page"}],"author":[{"embeddable":true,"href":"https:\/\/portal.uern.br\/caico\/wp-json\/wp\/v2\/users\/1"}],"replies":[{"embeddable":true,"href":"https:\/\/portal.uern.br\/caico\/wp-json\/wp\/v2\/comments?post=221"}],"version-history":[{"count":11,"href":"https:\/\/portal.uern.br\/caico\/wp-json\/wp\/v2\/pages\/221\/revisions"}],"predecessor-version":[{"id":1216,"href":"https:\/\/portal.uern.br\/caico\/wp-json\/wp\/v2\/pages\/221\/revisions\/1216"}],"wp:attachment":[{"href":"https:\/\/portal.uern.br\/caico\/wp-json\/wp\/v2\/media?parent=221"}],"curies":[{"name":"wp","href":"https:\/\/api.w.org\/{rel}","templated":true}]}}