{"id":219,"date":"2022-09-21T15:37:49","date_gmt":"2022-09-21T18:37:49","guid":{"rendered":"https:\/\/paisdemossoro.com.br\/wordpress\/caico\/?page_id=219"},"modified":"2026-03-06T14:39:10","modified_gmt":"2026-03-06T17:39:10","slug":"historia","status":"publish","type":"page","link":"https:\/\/portal.uern.br\/caico\/historia\/","title":{"rendered":"Hist\u00f3ria"},"content":{"rendered":"<p>A presen\u00e7a da UERN em Caic\u00f3 inicia-se em 2001 com o processo de incorpora\u00e7\u00e3o do ent\u00e3o Curso de Filosofia Eclesi\u00e1stica da Diocese de Caic\u00f3. Este processo se deu por meio da comiss\u00e3o formada pelos professores indicados \u2013 Ant\u00f4nio Jorge Soares, Jo\u00e3o Batista Xavier e William Co\u00ealho de Oliveira \u2013, que, imbu\u00eddos daquele anseio coletivo, investiram na an\u00e1lise da proposta de incorpora\u00e7\u00e3o, junto a Francisco de Assis Costa da Silva, o Pe. Costa, representante da institui\u00e7\u00e3o caicoense, como Reitor do Semin\u00e1rio Diocesano Santo Cura d\u2019Ars e Coordenador Administrativo do Curso em apre\u00e7o. O pleito contou tamb\u00e9m com a participa\u00e7\u00e3o do ent\u00e3o Bispo, Dom Jaime Vieira Rocha, em articula\u00e7\u00e3o com militantes da Filosofia de Mossor\u00f3. Dessa forma, o Curso de Licenciatura em Filosofia de Caic\u00f3, funcionou nas depend\u00eancias do Col\u00e9gio Diocesano Seridoense durante o per\u00edodo de 2002.1 a 2005.2, sendo coordenado pelo Departamento de Filosofia de Mossor\u00f3, representado pelo Prof. Jo\u00e3o Batista Xavier, e administrado pela Diocese de Caic\u00f3, representada pelo Pe. Costa, e, posteriormente, pelo Pe. Jos\u00e9 Tadeu de Ara\u00fajo.<\/p>\n<p>Em 2005, um grupo de representantes pol\u00edticos de Caic\u00f3 reivindicou, junto \u00e0 administra\u00e7\u00e3o central da UERN, que fosse criado o Campus do Serid\u00f3 \u201cGovernadora Wilma Maria de Faria\u201d, com a oferta de vagas para os Cursos de Enfermagem e Odontologia. Posteriormente, em 2010, passou a denominar-se Campus Caic\u00f3.<\/p>\n<p>Naquela \u00e9poca, nas discuss\u00f5es que foram empreendidas envolvendo a UERN, os representantes pol\u00edticos e a comunidade local, ficou claro que o or\u00e7amento dessa Universidade n\u00e3o comportava as despesas para cria\u00e7\u00e3o de mais um Campus com dois cursos exigindo vultosa verba p\u00fablica para sua implementa\u00e7\u00e3o e regular funcionamento, como seria o caso dos que estavam sendo pleiteados. Em detrimento desses argumentos, as for\u00e7as pol\u00edticas exerceram press\u00e3o junto ao Governo do Estado e \u00e0 Reitoria e os cursos foram criados mediante o compromisso \u2013 das Secretarias de Sa\u00fade, de Educa\u00e7\u00e3o e de Infraestrutura \u2013 de que os recursos necess\u00e1rios \u00e0 implanta\u00e7\u00e3o da estrutura b\u00e1sica para o Campus de Caic\u00f3 (Sede pr\u00f3pria, Laborat\u00f3rios e Cl\u00ednicas Odontol\u00f3gicas) seriam assegurados pelos or\u00e7amentos daquelas secretarias.<\/p>\n<p>Ap\u00f3s a cria\u00e7\u00e3o legal do Campus e dos referidos Cursos, a UERN empreendeu esfor\u00e7os para encontrar um espa\u00e7o para a instala\u00e7\u00e3o provis\u00f3ria das depend\u00eancias administrativas e de aulas te\u00f3ricas. Nessa labuta, v\u00e1rias institui\u00e7\u00f5es foram consultadas, vindo a recusar a proposta de instalar provisoriamente o Campus do Serid\u00f3, quando, enfim, a Escola Estadual Senador Dinarte Mariz \u2013 localizada no Centro de Aten\u00e7\u00e3o Integral \u00e0 Crian\u00e7a \u2013 CAIC \u2013 cedeu parte de suas depend\u00eancias que se encontravam ociosas, e nas quais funcionamos de forma bastante prec\u00e1ria at\u00e9 dezembro\/2015.<\/p>\n<p>Instalados no CAIC, deu-se in\u00edcio a constru\u00e7\u00e3o do pr\u00e9dio da Sede pr\u00f3pria do Campus, comportando \u00c1rea Administrativa, Laborat\u00f3rios e Cl\u00ednicas, ficando todo esse empreendimento \u2013 quanto \u00e0 responsabilidade dos custos financeiros \u2013 com as Secretarias Estaduais, j\u00e1 referidas. Acontece que, no decorrer dessa atividade, as obras foram paralisadas v\u00e1rias vezes, atrasando substancialmente sua conclus\u00e3o e, em 2007, as Secretarias Estaduais retiraram-se do cen\u00e1rio deixando a continuidade das obras do Campus na inteira responsabilidade da UERN.<\/p>\n<p>Hoje, os alunos de Caic\u00f3 j\u00e1 disp\u00f5em dos pr\u00e9dios de Cl\u00ednicas Odontol\u00f3gicas e de Laborat\u00f3rios que atendem a muitas disciplinas pr\u00e1ticas, al\u00e9m de proporcionar atendimento odontol\u00f3gico gratuito e de qualidade para a comunidade seridoense. Al\u00e9m disso, o Campus conquistou sua sede pr\u00f3pria atrav\u00e9s da doa\u00e7\u00e3o do pr\u00e9dio da extinta Escola Estadual Joaquim Apolinar por parte da Prefeitura Municipal de Caic\u00f3 no ano de 2015, passando a funcionar em novo endere\u00e7o a partir de janeiro\/2016.<\/p>\n<p>O Campus Caic\u00f3 teve como primeiro diretor o professor Jo\u00e3o Batista Xavier (funda\u00e7\u00e3o \u2013 2009), a professora Maria Reilta Dantas Cirino (Gest\u00e3o 2009-2012), o professor Francisco de Assis Costa da Silva (gest\u00e3o 2012-2013) e o professor \u00c1lvaro Marcos Pereira Lima (2013-2016; 2016-2019); Profa. Shirlene Santos Mafra de Medeiros (2019-2021; 2021-2025); Jos\u00e9 Teixeira Neto (2021-Atual). Possui os cursos de Filosofia (licenciatura), Enfermagem (e bacharelado), Odontologia (bacharelado), Mestrado Prosisisonal em Ensino de Filosofia (PROF-FILO) e Mestrado Profissional em Sa\u00fade da Fam\u00edlia (PROF-SA\u00daDE). Ainda suportou administrativa e academicamente o n\u00facleo de Educa\u00e7\u00e3o Superior de Enfermagem na cidade de Santa Cruz-RN, j\u00e1 extinto. Al\u00e9m de ofertar o Curso Superior de Tecnologia em Gest\u00e3o P\u00fablica em conv\u00eanio com a Escola de Governo do RN no per\u00edodo de 2013 a 2015.<\/p>\n<p>Apesar da realidade adversa, o Campus Caic\u00f3 tem sobressa\u00eddo em v\u00e1rios espa\u00e7os \u2013 internos e externos \u2013 pela compet\u00eancia de seus alunos, t\u00e9cnicos e docentes: fomos muito bem avaliados no ENADE, alcan\u00e7ando conceito m\u00e1ximo e destacando-se por se tornar o 4\u00ba melhor Curso de Odontologia do pa\u00eds. Em 2010, tivemos o in\u00edcio do funcionamento integral de nossas Cl\u00ednicas Odontol\u00f3gicas, que atualmente registra um total de mais de 3.600 atendimentos realizados. Temos v\u00e1rias a\u00e7\u00f5es de pesquisa e extens\u00e3o em pleno desenvolvimento em Caic\u00f3 e em cidades vizinhas, com diversos projetos de pesquisas, projetos de extens\u00e3o e Programa de Inicia\u00e7\u00e3o \u00e0 Doc\u00eancia atuando nas Escolas.<\/p>\n<p>Temos conquistado a cada concurso significativo n\u00famero de servidores docentes e t\u00e9cnicos. Nosso corpo docente disp\u00f5e de 64 professores. Destes, 34 s\u00e3o Doutores, 24 s\u00e3o mestres e 06 s\u00e3o Especialistas. O corpo t\u00e9cnico administrativo \u00e9 constitu\u00eddo de 33 servidores efetivos, sendo T\u00e9cnicos de N\u00edvel M\u00e9dio, T\u00e9cnicos de N\u00edvel Superior e T\u00e9cnicos Especializados. Atualmente, temos em nossos registros um total de 314 alunos distribu\u00eddos entre os 3 cursos ofertados.<\/p>\n<p>A pol\u00edtica de interioriza\u00e7\u00e3o do ensino superior da UERN pode ser muito bem observada com o Campus Caic\u00f3 que foi pioneiro na implanta\u00e7\u00e3o de cursos da \u00e1rea de sa\u00fade na regi\u00e3o Serid\u00f3. Nesse sobreviver por 20 anos em Caic\u00f3, a UERN formou 119 de enfermeiros\/as, 69 cirurgi\u00f5es dentistas, 120 fil\u00f3sofos e 24 gestores p\u00fablicos, totalizando 332 egressos. Filhos e filhas dessa terra que, em sua maioria, pelo v\u00ednculo de pertencimento com a regi\u00e3o, permanecem atuando por aqui. A UERN, como um bem p\u00fablico do povo do Serid\u00f3, reafirma o seu compromisso com as fam\u00edlias que hoje tem seus filhos fazendo cursos que n\u00e3o poderiam fazer em outros centros e os fazem pela presen\u00e7a da universidade em Caic\u00f3.<\/p>\n","protected":false},"excerpt":{"rendered":"<p>A presen\u00e7a da UERN em Caic\u00f3 inicia-se em 2001 com o processo de incorpora\u00e7\u00e3o do ent\u00e3o Curso de Filosofia Eclesi\u00e1stica da Diocese de Caic\u00f3. Este processo se deu por meio da comiss\u00e3o formada pelos professores indicados \u2013 Ant\u00f4nio Jorge Soares, Jo\u00e3o Batista Xavier e William Co\u00ealho de Oliveira \u2013, que, imbu\u00eddos daquele anseio coletivo, investiram [&hellip;]<\/p>\n","protected":false},"author":1,"featured_media":0,"parent":0,"menu_order":0,"comment_status":"closed","ping_status":"closed","template":"","meta":{"footnotes":""},"class_list":["post-219","page","type-page","status-publish","hentry"],"_links":{"self":[{"href":"https:\/\/portal.uern.br\/caico\/wp-json\/wp\/v2\/pages\/219","targetHints":{"allow":["GET"]}}],"collection":[{"href":"https:\/\/portal.uern.br\/caico\/wp-json\/wp\/v2\/pages"}],"about":[{"href":"https:\/\/portal.uern.br\/caico\/wp-json\/wp\/v2\/types\/page"}],"author":[{"embeddable":true,"href":"https:\/\/portal.uern.br\/caico\/wp-json\/wp\/v2\/users\/1"}],"replies":[{"embeddable":true,"href":"https:\/\/portal.uern.br\/caico\/wp-json\/wp\/v2\/comments?post=219"}],"version-history":[{"count":3,"href":"https:\/\/portal.uern.br\/caico\/wp-json\/wp\/v2\/pages\/219\/revisions"}],"predecessor-version":[{"id":1212,"href":"https:\/\/portal.uern.br\/caico\/wp-json\/wp\/v2\/pages\/219\/revisions\/1212"}],"wp:attachment":[{"href":"https:\/\/portal.uern.br\/caico\/wp-json\/wp\/v2\/media?parent=219"}],"curies":[{"name":"wp","href":"https:\/\/api.w.org\/{rel}","templated":true}]}}