{"id":200,"date":"2022-06-13T14:01:06","date_gmt":"2022-06-13T17:01:06","guid":{"rendered":"https:\/\/paisdemossoro.com.br\/wordpress\/caico\/?page_id=200"},"modified":"2026-03-06T16:08:09","modified_gmt":"2026-03-06T19:08:09","slug":"home-2","status":"publish","type":"page","link":"https:\/\/portal.uern.br\/caico\/","title":{"rendered":"Home"},"content":{"rendered":"\t\t<div data-elementor-type=\"wp-page\" data-elementor-id=\"200\" class=\"elementor elementor-200\" data-elementor-post-type=\"page\">\n\t\t\t\t\t\t<section class=\"elementor-section elementor-top-section elementor-element elementor-element-5ecf0d0 elementor-section-full_width elementor-section-height-default elementor-section-height-default\" data-id=\"5ecf0d0\" data-element_type=\"section\">\n\t\t\t\t\t\t<div class=\"elementor-container elementor-column-gap-default\">\n\t\t\t\t\t<div class=\"elementor-column elementor-col-100 elementor-top-column elementor-element elementor-element-6561b60\" data-id=\"6561b60\" data-element_type=\"column\">\n\t\t\t<div class=\"elementor-widget-wrap elementor-element-populated\">\n\t\t\t\t\t\t<div class=\"elementor-element elementor-element-86a5acb elementor-widget elementor-widget-image\" data-id=\"86a5acb\" data-element_type=\"widget\" data-widget_type=\"image.default\">\n\t\t\t\t<div class=\"elementor-widget-container\">\n\t\t\t\t\t\t\t\t\t\t\t\t\t\t\t<img fetchpriority=\"high\" decoding=\"async\" width=\"1920\" height=\"550\" src=\"https:\/\/portal.uern.br\/caico\/wp-content\/uploads\/2023\/06\/campus-Caico__.jpg\" class=\"attachment-full size-full wp-image-843\" alt=\"\" srcset=\"https:\/\/portal.uern.br\/caico\/wp-content\/uploads\/2023\/06\/campus-Caico__.jpg 1920w, https:\/\/portal.uern.br\/caico\/wp-content\/uploads\/2023\/06\/campus-Caico__-300x86.jpg 300w, https:\/\/portal.uern.br\/caico\/wp-content\/uploads\/2023\/06\/campus-Caico__-1024x293.jpg 1024w, https:\/\/portal.uern.br\/caico\/wp-content\/uploads\/2023\/06\/campus-Caico__-768x220.jpg 768w, https:\/\/portal.uern.br\/caico\/wp-content\/uploads\/2023\/06\/campus-Caico__-1536x440.jpg 1536w\" sizes=\"(max-width: 1920px) 100vw, 1920px\" \/>\t\t\t\t\t\t\t\t\t\t\t\t\t\t\t<\/div>\n\t\t\t\t<\/div>\n\t\t\t\t\t<\/div>\n\t\t<\/div>\n\t\t\t\t\t<\/div>\n\t\t<\/section>\n\t\t\t\t<section class=\"elementor-section elementor-top-section elementor-element elementor-element-56353a3 elementor-reverse-mobile elementor-section-height-min-height elementor-section-items-stretch elementor-section-boxed elementor-section-height-default\" data-id=\"56353a3\" data-element_type=\"section\" data-settings=\"{&quot;background_background&quot;:&quot;classic&quot;}\">\n\t\t\t\t\t\t<div class=\"elementor-container elementor-column-gap-default\">\n\t\t\t\t\t<div class=\"elementor-column elementor-col-50 elementor-top-column elementor-element elementor-element-74b8fe7 elementor-hidden-mobile\" data-id=\"74b8fe7\" data-element_type=\"column\" data-settings=\"{&quot;background_background&quot;:&quot;classic&quot;}\">\n\t\t\t<div class=\"elementor-widget-wrap elementor-element-populated\">\n\t\t\t\t\t\t<div class=\"elementor-element elementor-element-9bb3c17 elementor-nav-menu__text-align-aside elementor-widget elementor-widget-nav-menu\" data-id=\"9bb3c17\" data-element_type=\"widget\" data-settings=\"{&quot;layout&quot;:&quot;dropdown&quot;,&quot;submenu_icon&quot;:{&quot;value&quot;:&quot;&lt;i class=\\&quot;fas fa-caret-down\\&quot; aria-hidden=\\&quot;true\\&quot;&gt;&lt;\\\/i&gt;&quot;,&quot;library&quot;:&quot;fa-solid&quot;}}\" data-widget_type=\"nav-menu.default\">\n\t\t\t\t<div class=\"elementor-widget-container\">\n\t\t\t\t\t\t\t\t<nav class=\"elementor-nav-menu--dropdown elementor-nav-menu__container\" aria-hidden=\"true\">\n\t\t\t\t<ul id=\"menu-2-9bb3c17\" class=\"elementor-nav-menu\"><li class=\"menu-item menu-item-type-post_type menu-item-object-page menu-item-1262\"><a href=\"https:\/\/portal.uern.br\/caico\/home\/\" class=\"elementor-item\" tabindex=\"-1\">Home<\/a><\/li>\n<li class=\"menu-item menu-item-type-post_type menu-item-object-page menu-item-832\"><a href=\"https:\/\/portal.uern.br\/caico\/apresentacao\/\" class=\"elementor-item\" tabindex=\"-1\">Apresenta\u00e7\u00e3o<\/a><\/li>\n<li class=\"menu-item menu-item-type-post_type menu-item-object-page menu-item-556\"><a href=\"https:\/\/portal.uern.br\/caico\/historia\/\" class=\"elementor-item\" tabindex=\"-1\">Hist\u00f3ria<\/a><\/li>\n<li class=\"menu-item menu-item-type-post_type menu-item-object-page menu-item-557\"><a href=\"https:\/\/portal.uern.br\/caico\/institucional\/\" class=\"elementor-item\" tabindex=\"-1\">Equipe Gestora<\/a><\/li>\n<li class=\"menu-item menu-item-type-post_type menu-item-object-page menu-item-1172\"><a href=\"https:\/\/portal.uern.br\/caico\/cursos\/\" class=\"elementor-item\" tabindex=\"-1\">Cursos<\/a><\/li>\n<li class=\"menu-item menu-item-type-post_type menu-item-object-page menu-item-555\"><a href=\"https:\/\/portal.uern.br\/caico\/eventos\/\" class=\"elementor-item\" tabindex=\"-1\">Eventos<\/a><\/li>\n<li class=\"menu-item menu-item-type-post_type menu-item-object-page menu-item-553\"><a href=\"https:\/\/portal.uern.br\/caico\/contato\/\" class=\"elementor-item\" tabindex=\"-1\">Contato<\/a><\/li>\n<li class=\"menu-item menu-item-type-post_type menu-item-object-page menu-item-1230\"><a href=\"https:\/\/portal.uern.br\/caico\/corpo-tecnico\/\" class=\"elementor-item\" tabindex=\"-1\">Corpo T\u00e9cnico<\/a><\/li>\n<li class=\"menu-item menu-item-type-post_type menu-item-object-page menu-item-1027\"><a href=\"https:\/\/portal.uern.br\/caico\/perguntas-frequentes-faq\/\" class=\"elementor-item\" tabindex=\"-1\">Perguntas Frequentes (FAQ)<\/a><\/li>\n<\/ul>\t\t\t<\/nav>\n\t\t\t\t\t\t<\/div>\n\t\t\t\t<\/div>\n\t\t\t\t\t<\/div>\n\t\t<\/div>\n\t\t\t\t<div class=\"elementor-column elementor-col-50 elementor-top-column elementor-element elementor-element-cb058c4\" data-id=\"cb058c4\" data-element_type=\"column\" data-settings=\"{&quot;background_background&quot;:&quot;classic&quot;}\">\n\t\t\t<div class=\"elementor-widget-wrap elementor-element-populated\">\n\t\t\t\t\t\t<div class=\"elementor-element elementor-element-d8d6872 elementor-grid-1 elementor-posts--thumbnail-left elementor-grid-tablet-2 elementor-grid-mobile-1 elementor-widget elementor-widget-posts\" data-id=\"d8d6872\" data-element_type=\"widget\" data-settings=\"{&quot;classic_columns&quot;:&quot;1&quot;,&quot;classic_columns_tablet&quot;:&quot;2&quot;,&quot;classic_columns_mobile&quot;:&quot;1&quot;,&quot;classic_row_gap&quot;:{&quot;unit&quot;:&quot;px&quot;,&quot;size&quot;:35,&quot;sizes&quot;:[]},&quot;classic_row_gap_tablet&quot;:{&quot;unit&quot;:&quot;px&quot;,&quot;size&quot;:&quot;&quot;,&quot;sizes&quot;:[]},&quot;classic_row_gap_mobile&quot;:{&quot;unit&quot;:&quot;px&quot;,&quot;size&quot;:&quot;&quot;,&quot;sizes&quot;:[]}}\" data-widget_type=\"posts.classic\">\n\t\t\t\t<div class=\"elementor-widget-container\">\n\t\t\t\t\t\t\t<div class=\"elementor-posts-container elementor-posts elementor-posts--skin-classic elementor-grid\" role=\"list\">\n\t\t\t\t<article class=\"elementor-post elementor-grid-item post-863 destaques_ type-destaques_ status-publish has-post-thumbnail hentry nivel_do_destaque_-destaque-topo\" role=\"listitem\">\n\t\t\t\t<a class=\"elementor-post__thumbnail__link\" href=\"https:\/\/portal.uern.br\/caico\/destaques_\/feira-de-profissoes-do-campus-avancado-de-caico\/\" tabindex=\"-1\" >\n\t\t\t<div class=\"elementor-post__thumbnail\"><img decoding=\"async\" width=\"768\" height=\"432\" src=\"https:\/\/portal.uern.br\/caico\/wp-content\/uploads\/2023\/08\/Cartaz_21698747_campanha22caicowide-768x432.jpg\" class=\"attachment-medium_large size-medium_large wp-image-859\" alt=\"\" srcset=\"https:\/\/portal.uern.br\/caico\/wp-content\/uploads\/2023\/08\/Cartaz_21698747_campanha22caicowide-768x432.jpg 768w, https:\/\/portal.uern.br\/caico\/wp-content\/uploads\/2023\/08\/Cartaz_21698747_campanha22caicowide-300x169.jpg 300w, https:\/\/portal.uern.br\/caico\/wp-content\/uploads\/2023\/08\/Cartaz_21698747_campanha22caicowide-1024x576.jpg 1024w, https:\/\/portal.uern.br\/caico\/wp-content\/uploads\/2023\/08\/Cartaz_21698747_campanha22caicowide-1536x864.jpg 1536w, https:\/\/portal.uern.br\/caico\/wp-content\/uploads\/2023\/08\/Cartaz_21698747_campanha22caicowide.jpg 1920w\" sizes=\"(max-width: 768px) 100vw, 768px\" \/><\/div>\n\t\t<\/a>\n\t\t\t\t<div class=\"elementor-post__text\">\n\t\t\t\t<h3 class=\"elementor-post__title\">\n\t\t\t<a href=\"https:\/\/portal.uern.br\/caico\/destaques_\/feira-de-profissoes-do-campus-avancado-de-caico\/\" >\n\t\t\t\tFeira de Profiss\u00f5es do Campus Avan\u00e7ado de Caic\u00f3\t\t\t<\/a>\n\t\t<\/h3>\n\t\t\t\t<div class=\"elementor-post__meta-data\">\n\t\t\t\t\t<span class=\"elementor-post-date\">\n\t\t\t16 de agosto de 2023\t\t<\/span>\n\t\t\t\t<\/div>\n\t\t\t\t<div class=\"elementor-post__excerpt\">\n\t\t\t<p>Ocorrer\u00e1 no dia 18 de agosto de 2023 a feira de profiss\u00f5es do Campus Avan\u00e7ado de Caic\u00f3. Trata-se de uma a\u00e7\u00e3o promovida pela Pr\u00f3-reitora de Extens\u00e3o da Universidade do Estado do Rio Grande do Norte\/UERN e Campus Avan\u00e7ado de Caic\u00f3, visando apresentar aos estudantes do Ensino M\u00e9dio das redes p\u00fablicas<\/p>\n\t\t<\/div>\n\t\t\t\t<\/div>\n\t\t\t\t<\/article>\n\t\t\t\t<\/div>\n\t\t\n\t\t\t\t\t\t<\/div>\n\t\t\t\t<\/div>\n\t\t\t\t<div class=\"elementor-element elementor-element-b4b8c6b elementor-posts--thumbnail-none elementor-grid-3 elementor-grid-tablet-2 elementor-grid-mobile-1 elementor-card-shadow-yes elementor-posts__hover-gradient elementor-widget elementor-widget-posts\" data-id=\"b4b8c6b\" data-element_type=\"widget\" data-settings=\"{&quot;cards_columns&quot;:&quot;3&quot;,&quot;cards_columns_tablet&quot;:&quot;2&quot;,&quot;cards_columns_mobile&quot;:&quot;1&quot;,&quot;cards_row_gap&quot;:{&quot;unit&quot;:&quot;px&quot;,&quot;size&quot;:35,&quot;sizes&quot;:[]},&quot;cards_row_gap_tablet&quot;:{&quot;unit&quot;:&quot;px&quot;,&quot;size&quot;:&quot;&quot;,&quot;sizes&quot;:[]},&quot;cards_row_gap_mobile&quot;:{&quot;unit&quot;:&quot;px&quot;,&quot;size&quot;:&quot;&quot;,&quot;sizes&quot;:[]}}\" data-widget_type=\"posts.cards\">\n\t\t\t\t<div class=\"elementor-widget-container\">\n\t\t\t\t\t\t\t<div class=\"elementor-posts-container elementor-posts elementor-posts--skin-cards elementor-grid\" role=\"list\">\n\t\t\t\t<article class=\"elementor-post elementor-grid-item post-836 destaques_ type-destaques_ status-publish has-post-thumbnail hentry nivel_do_destaque_-outros-destaques\" role=\"listitem\">\n\t\t\t<div class=\"elementor-post__card\">\n\t\t\t\t<div class=\"elementor-post__text\">\n\t\t\t\t<h3 class=\"elementor-post__title\">\n\t\t\t<a href=\"https:\/\/portal.uern.br\/caico\/destaques_\/samba-recepciona-estudantes-da-uern-caico\/\" >\n\t\t\t\tSamba recepciona estudantes da Uern Caic\u00f3\t\t\t<\/a>\n\t\t<\/h3>\n\t\t\t\t<div class=\"elementor-post__excerpt\">\n\t\t\t<p>Em clima junino, os calouros da Uern Caic\u00f3 foram recebidos, na manh\u00e3 desta quarta-feira (8), durante o Semin\u00e1rio de Ambienta\u00e7\u00e3o Acad\u00eamica (Samba). Os novatos dos<\/p>\n\t\t<\/div>\n\t\t\t\t<\/div>\n\t\t\t\t\t<\/div>\n\t\t<\/article>\n\t\t\t\t<\/div>\n\t\t\n\t\t\t\t\t\t<\/div>\n\t\t\t\t<\/div>\n\t\t\t\t\t<\/div>\n\t\t<\/div>\n\t\t\t\t\t<\/div>\n\t\t<\/section>\n\t\t\t\t<\/div>\n\t\t","protected":false},"excerpt":{"rendered":"","protected":false},"author":1,"featured_media":0,"parent":0,"menu_order":0,"comment_status":"closed","ping_status":"closed","template":"","meta":{"footnotes":""},"class_list":["post-200","page","type-page","status-publish","hentry"],"_links":{"self":[{"href":"https:\/\/portal.uern.br\/caico\/wp-json\/wp\/v2\/pages\/200","targetHints":{"allow":["GET"]}}],"collection":[{"href":"https:\/\/portal.uern.br\/caico\/wp-json\/wp\/v2\/pages"}],"about":[{"href":"https:\/\/portal.uern.br\/caico\/wp-json\/wp\/v2\/types\/page"}],"author":[{"embeddable":true,"href":"https:\/\/portal.uern.br\/caico\/wp-json\/wp\/v2\/users\/1"}],"replies":[{"embeddable":true,"href":"https:\/\/portal.uern.br\/caico\/wp-json\/wp\/v2\/comments?post=200"}],"version-history":[{"count":57,"href":"https:\/\/portal.uern.br\/caico\/wp-json\/wp\/v2\/pages\/200\/revisions"}],"predecessor-version":[{"id":1217,"href":"https:\/\/portal.uern.br\/caico\/wp-json\/wp\/v2\/pages\/200\/revisions\/1217"}],"wp:attachment":[{"href":"https:\/\/portal.uern.br\/caico\/wp-json\/wp\/v2\/media?parent=200"}],"curies":[{"name":"wp","href":"https:\/\/api.w.org\/{rel}","templated":true}]}}