{"id":1018,"date":"2024-04-15T15:09:14","date_gmt":"2024-04-15T18:09:14","guid":{"rendered":"https:\/\/portal.uern.br\/caico\/?page_id=1018"},"modified":"2026-03-06T14:39:10","modified_gmt":"2026-03-06T17:39:10","slug":"perguntas-frequentes-faq","status":"publish","type":"page","link":"https:\/\/portal.uern.br\/caico\/perguntas-frequentes-faq\/","title":{"rendered":"Perguntas Frequentes (FAQ)"},"content":{"rendered":"<p class=\"Texto_Justificado_Recuo_Primeira_Linha\" dir=\"ltr\"><strong>1. Qual o endere\u00e7o do Campus Avan\u00e7ado Caic\u00f3 da UERN?\u00a0<\/strong><\/p>\n<p class=\"Texto_Justificado_Recuo_Primeira_Linha\" dir=\"ltr\">O Campus est\u00e1 localizado na Av. Rio Branco, 725, no Centro da cidade de Caic\u00f3, pr\u00f3ximo do Col\u00e9gio Diocesano Seridoense (CDS). Al\u00e9m disso, sua cl\u00ednica odontol\u00f3gica e os laborat\u00f3rios dos cursos de enfermagem e odontologia est\u00e3o localizados na Estrada do per\u00edmetro irrigado do Sabugi, s\/n, bairro Paulo VI, Caic\u00f3-RN, anexo ao Hospital Regional do Serid\u00f3.<\/p>\n<p class=\"Texto_Justificado_Recuo_Primeira_Linha\">\n<p class=\"Texto_Justificado_Recuo_Primeira_Linha\" dir=\"ltr\"><strong>2. Quais cursos o Campus Avan\u00e7ado de Caic\u00f3 da UERN oferece?\u00a0<\/strong><\/p>\n<p class=\"Texto_Justificado_Recuo_Primeira_Linha\" dir=\"ltr\">O Campus oferece os cursos de gradua\u00e7\u00e3o em Enfermagem (Bacharelado\/Licenciatura), Filosofia (Licenciatura) e Odontologia (Bacharelado). Na p\u00f3s-gradua\u00e7\u00e3o \u00e9 oferecido o Mestrado Profissional em Filosofia (PROF-FILO).<\/p>\n<p class=\"Texto_Justificado_Recuo_Primeira_Linha\">\n<p class=\"Texto_Justificado_Recuo_Primeira_Linha\" dir=\"ltr\"><strong>3. Como ingresso nos cursos ofertados pelo Campus Avan\u00e7ado de Caic\u00f3 da UERN?\u00a0<\/strong><\/p>\n<p class=\"Texto_Justificado_Recuo_Primeira_Linha\" dir=\"ltr\">Os cursos de gradua\u00e7\u00e3o (Enfermagem, Filosofia e Odontologia) t\u00eam ingresso por meio do PSVI (Processo Seletivo de Vagas Iniciais), via Sistema de Sele\u00e7\u00e3o Unificada (SiSU), sendo necess\u00e1rio realizar o Exame Nacional do Ensino M\u00e9dio (ENEM). Existem tamb\u00e9m o PSVNI (Processo Seletivo de Vagas N\u00e3o-Iniciais) e o PSVO (Processo Seletivo de Vagas Ociosas). Os editais s\u00e3o disponibilizados no Portal da Uern (https:\/\/portal.uern.br\/). J\u00e1 o PROF-FILO tem ingresso via Edital de Sele\u00e7\u00e3o nacional realizado anualmente.<\/p>\n<p class=\"Texto_Justificado_Recuo_Primeira_Linha\">\n<p class=\"Texto_Justificado_Recuo_Primeira_Linha\" dir=\"ltr\"><strong>4. Quem pode ingressar no Mestrado Profissional em Filosofia?<\/strong><\/p>\n<p class=\"Texto_Justificado_Recuo_Primeira_Linha\" dir=\"ltr\">As vagas destinam-se a professores e professoras da Educa\u00e7\u00e3o B\u00e1sica que lecionam Filosofia ou que sejam licenciados\/as em Filosofia, e que estejam em exerc\u00edcio em sala de aula, com previs\u00e3o de continuidade nessas condi\u00e7\u00f5es ao longo do prazo de dura\u00e7\u00e3o do curso.<\/p>\n<p class=\"Texto_Justificado_Recuo_Primeira_Linha\">\n<p class=\"Texto_Justificado_Recuo_Primeira_Linha\" dir=\"ltr\"><strong>5. Como ter acesso \u00e0s disserta\u00e7\u00f5es do Mestrado Profissional em Filosofia PROF-FILO?\u00a0<\/strong><\/p>\n<p class=\"Texto_Justificado_Recuo_Primeira_Linha\" dir=\"ltr\">As disserta\u00e7\u00f5es est\u00e3o dispon\u00edveis no link\u00a0<a href=\"https:\/\/sigaa.uern.br\/sigaa\/public\/programa\/portal.jsf?lc=pt&amp;id=1052\" target=\"_blank\" rel=\"noopener\">https:\/\/sigaa.uern.br\/sigaa\/public\/programa\/portal.jsf?lc=pt&amp;id=1052<\/a>\u00a0por meio do menu \u201cDisserta\u00e7\u00f5es\u201d.<\/p>\n<p class=\"Texto_Justificado_Recuo_Primeira_Linha\">\n<p class=\"Texto_Justificado_Recuo_Primeira_Linha\" dir=\"ltr\"><strong>6. Quais s\u00e3o os canais de comunica\u00e7\u00e3o do Campus Avan\u00e7ado de Caic\u00f3 da UERN?\u00a0<\/strong><\/p>\n<p class=\"Texto_Justificado_Recuo_Primeira_Linha\" dir=\"ltr\">O Campus atende principalmente via e-mail. Os setores podem ser contatados atrav\u00e9s dos seguintes endere\u00e7os:<\/p>\n<ul dir=\"ltr\">\n<li class=\"Texto_Justificado_Recuo_Primeira_Linha\">Dire\u00e7\u00e3o e Secretaria Geral: E-mail caico@uern.br e WhatsApp (84) 3421-6513<\/li>\n<li class=\"Texto_Justificado_Recuo_Primeira_Linha\">Departamento de Enfermagem: den.caico@uern.br<\/li>\n<li class=\"Texto_Justificado_Recuo_Primeira_Linha\">Departamento de Filosofia: dfi.caico@uern.br e WhatsApp (84) 3312-8816<\/li>\n<li class=\"Texto_Justificado_Recuo_Primeira_Linha\">Departamento de Odontologia: dod.caico@uern.br e WhatsApp (84) 3421-6511<\/li>\n<li class=\"Texto_Justificado_Recuo_Primeira_Linha\">Mestrado Profissional em Filosofia PROF-FILO: proffilo@uern.br e WhatsApp (84) 3312-8838<\/li>\n<li class=\"Texto_Justificado_Recuo_Primeira_Linha\">Biblioteca Setorial de Caic\u00f3: caico@biblioteca.uern.br e WhatsApp (84) 3312-8850<\/li>\n<li class=\"Texto_Justificado_Recuo_Primeira_Linha\">Setor de Ouvidoria: ouvidoria.cac@uern.br e WhatsApp (84) 3315-2108<\/li>\n<li class=\"Texto_Justificado_Recuo_Primeira_Linha\">Divis\u00e3o de Pol\u00edticas e A\u00e7\u00f5es Inclusivas: dpa.cac@uern.br<\/li>\n<li class=\"Texto_Justificado_Recuo_Primeira_Linha\">Divis\u00e3o de Transporte: dt.cac@uern.br<\/li>\n<li class=\"Texto_Justificado_Recuo_Primeira_Linha\">Divis\u00e3o de Governan\u00e7a: dg.cac@uern.br<\/li>\n<li class=\"Texto_Justificado_Recuo_Primeira_Linha\">Divis\u00e3o de Tecnologia da Informa\u00e7\u00e3o: dti.cac@uern.br (para chamados de TI acessar o https:\/\/sosti.apps.uern.br\/)<\/li>\n<\/ul>\n<p class=\"Texto_Justificado_Recuo_Primeira_Linha\" dir=\"ltr\">Al\u00e9m disso, as a\u00e7\u00f5es do Campus Caic\u00f3 junto \u00e0 comunidade s\u00e3o divulgadas na rede social Instagram no usu\u00e1rio @uerncaico.<\/p>\n<p class=\"Texto_Justificado_Recuo_Primeira_Linha\">\n<p class=\"Texto_Justificado_Recuo_Primeira_Linha\" dir=\"ltr\"><strong>7. Como funciona a Ouvidoria do Campus Avan\u00e7ado de Caic\u00f3 e qual o hor\u00e1rio de atendimento?<\/strong><\/p>\n<p class=\"Texto_Justificado_Recuo_Primeira_Linha\" dir=\"ltr\">A Ouvidoria visa facilitar a comunica\u00e7\u00e3o entre manifestantes e \u00f3rg\u00e3os da universidade, mediante o recebimento e encaminhamento de sugest\u00f5es, reclama\u00e7\u00f5es, den\u00fancias, solicita\u00e7\u00f5es, pedidos de informa\u00e7\u00e3o e elogios da comunidade universit\u00e1ria e da sociedade. No Campus Caic\u00f3, os canais para contato s\u00e3o atrav\u00e9s do email:\u00a0<a href=\"mailto:ouvidoria.cac@uern.br\" target=\"_blank\" rel=\"noopener\">ouvidoria.cac@uern.br<\/a>\u00a0e pelo telefone: (84) 3315-2108 (liga\u00e7\u00e3o\/whastapp), al\u00e9m de atendimentos presenciais de segunda a sexta.<\/p>\n<p class=\"Texto_Justificado_Recuo_Primeira_Linha\">\n<p class=\"Texto_Justificado_Recuo_Primeira_Linha\" dir=\"ltr\"><strong>8. Quais as compet\u00eancias da divis\u00e3o de Ti nos campi?<\/strong><\/p>\n<p class=\"Texto_Justificado_Recuo_Primeira_Linha\" dir=\"ltr\">Executar o suporte t\u00e9cnico relacionado \u00e0 Tecnologia da Informa\u00e7\u00e3o (TI) no respectivo campus avan\u00e7ado; implementar e acompanhar o funcionamento das solu\u00e7\u00f5es de inform\u00e1tica e prestar o servi\u00e7o de suporte e atendimento aos usu\u00e1rios das solu\u00e7\u00f5es de inform\u00e1tica; realizar o servi\u00e7o de suporte e manuten\u00e7\u00e3o de ativos de inform\u00e1tica; gerenciar material, equipamentos e softwares do setor; elaborar relat\u00f3rios e executar demandas sobre os demais servi\u00e7os de TI determinados pelo(a) chefe imediato(a) e relacionados \u00e0s atividades do setor.<\/p>\n<p class=\"Texto_Justificado_Recuo_Primeira_Linha\">\n<p class=\"Texto_Justificado_Recuo_Primeira_Linha\" dir=\"ltr\"><strong>9. Onde solicitar servi\u00e7os de TI no campus?<\/strong><\/p>\n<p class=\"Texto_Justificado_Recuo_Primeira_Linha\" dir=\"ltr\">Os t\u00e9cnicos e professores podem solicitar suporte aos sistemas, servi\u00e7os, equipamentos e infraestrutura de rede e internet oferecidos pela UERN atrav\u00e9s do Sistema de Ordem de Servi\u00e7o (<a href=\"https:\/\/sosti.apps.uern.br\/\" target=\"_blank\" rel=\"noopener\">https:\/\/sosti.apps.uern.br\/<\/a>).<\/p>\n<p class=\"Texto_Justificado_Recuo_Primeira_Linha\" dir=\"ltr\">Os alunos podem recorrer ao whatsapp do STI (84 9 9672-2247) ou solicitar que o departamento abra chamado no SOS para que seja verificada a demanda de TI.<\/p>\n","protected":false},"excerpt":{"rendered":"<p>1. Qual o endere\u00e7o do Campus Avan\u00e7ado Caic\u00f3 da UERN?\u00a0 O Campus est\u00e1 localizado na Av. Rio Branco, 725, no Centro da cidade de Caic\u00f3, pr\u00f3ximo do Col\u00e9gio Diocesano Seridoense (CDS). Al\u00e9m disso, sua cl\u00ednica odontol\u00f3gica e os laborat\u00f3rios dos cursos de enfermagem e odontologia est\u00e3o localizados na Estrada do per\u00edmetro irrigado do Sabugi, s\/n, [&hellip;]<\/p>\n","protected":false},"author":1,"featured_media":0,"parent":0,"menu_order":0,"comment_status":"closed","ping_status":"closed","template":"","meta":{"footnotes":""},"class_list":["post-1018","page","type-page","status-publish","hentry"],"_links":{"self":[{"href":"https:\/\/portal.uern.br\/caico\/wp-json\/wp\/v2\/pages\/1018","targetHints":{"allow":["GET"]}}],"collection":[{"href":"https:\/\/portal.uern.br\/caico\/wp-json\/wp\/v2\/pages"}],"about":[{"href":"https:\/\/portal.uern.br\/caico\/wp-json\/wp\/v2\/types\/page"}],"author":[{"embeddable":true,"href":"https:\/\/portal.uern.br\/caico\/wp-json\/wp\/v2\/users\/1"}],"replies":[{"embeddable":true,"href":"https:\/\/portal.uern.br\/caico\/wp-json\/wp\/v2\/comments?post=1018"}],"version-history":[{"count":1,"href":"https:\/\/portal.uern.br\/caico\/wp-json\/wp\/v2\/pages\/1018\/revisions"}],"predecessor-version":[{"id":1019,"href":"https:\/\/portal.uern.br\/caico\/wp-json\/wp\/v2\/pages\/1018\/revisions\/1019"}],"wp:attachment":[{"href":"https:\/\/portal.uern.br\/caico\/wp-json\/wp\/v2\/media?parent=1018"}],"curies":[{"name":"wp","href":"https:\/\/api.w.org\/{rel}","templated":true}]}}