{"id":758,"date":"2023-07-22T00:14:21","date_gmt":"2023-07-22T03:14:21","guid":{"rendered":"https:\/\/portal.uern.br\/caico\/odontologia\/?page_id=758"},"modified":"2023-07-22T00:14:21","modified_gmt":"2023-07-22T03:14:21","slug":"normas","status":"publish","type":"page","link":"https:\/\/portal.uern.br\/caico\/odontologia\/normas\/","title":{"rendered":"Normas"},"content":{"rendered":"<p>1. Os resumos dever\u00e3o conter at\u00e9 2.500 caracteres (incluindo espa\u00e7os e\u00a0n\u00e3o\u00a0incluindo t\u00edtulo, autor, institui\u00e7\u00e3o e palavras-chave). \u00c9 vedado incluir gr\u00e1ficos, tabelas, fotos e refer\u00eancias.<br \/>\n2. Os trabalhos cient\u00edficos devem incluir os seguintes itens no corpo do resumo:<\/p>\n<p>T\u00edtulo;<br \/>\nAutor(es) e institui\u00e7\u00e3o;<br \/>\nIntrodu\u00e7\u00e3o;<br \/>\nObjetivos;<br \/>\nMetodologia;<br \/>\nResultados;<br \/>\nConclus\u00e3o;<br \/>\nPalavras-chave.<\/p>\n<p>3. Tamb\u00e9m ser\u00e3o aceitos resumos de Relatos de Caso e Revis\u00e3o de Literatura.<br \/>\n4. Deve-se usar fonte Arial 12 para todo o texto do resumo, sob a forma justificado. O T\u00edtulo deve vir em CAIXA ALTA e em\u00a0negrito.<br \/>\n5. Cada resumo dever\u00e1 ter em ordem, respectivamente, o autor principal, at\u00e9 dois coautores, al\u00e9m do orientador (total de 4 autores).<\/p>\n","protected":false},"excerpt":{"rendered":"<p>1. Os resumos dever\u00e3o conter at\u00e9 2.500 caracteres (incluindo espa\u00e7os e\u00a0n\u00e3o\u00a0incluindo t\u00edtulo, autor, institui\u00e7\u00e3o e palavras-chave). \u00c9 vedado incluir gr\u00e1ficos, tabelas, fotos e refer\u00eancias. 2. Os trabalhos cient\u00edficos devem incluir os seguintes itens no corpo do resumo: T\u00edtulo; Autor(es) e institui\u00e7\u00e3o; Introdu\u00e7\u00e3o; Objetivos; Metodologia; Resultados; Conclus\u00e3o; Palavras-chave. 3. Tamb\u00e9m ser\u00e3o aceitos resumos de Relatos de [&hellip;]<\/p>\n","protected":false},"author":1,"featured_media":0,"parent":0,"menu_order":0,"comment_status":"closed","ping_status":"closed","template":"","meta":{"footnotes":""},"class_list":["post-758","page","type-page","status-publish","hentry"],"_links":{"self":[{"href":"https:\/\/portal.uern.br\/caico\/odontologia\/wp-json\/wp\/v2\/pages\/758","targetHints":{"allow":["GET"]}}],"collection":[{"href":"https:\/\/portal.uern.br\/caico\/odontologia\/wp-json\/wp\/v2\/pages"}],"about":[{"href":"https:\/\/portal.uern.br\/caico\/odontologia\/wp-json\/wp\/v2\/types\/page"}],"author":[{"embeddable":true,"href":"https:\/\/portal.uern.br\/caico\/odontologia\/wp-json\/wp\/v2\/users\/1"}],"replies":[{"embeddable":true,"href":"https:\/\/portal.uern.br\/caico\/odontologia\/wp-json\/wp\/v2\/comments?post=758"}],"version-history":[{"count":1,"href":"https:\/\/portal.uern.br\/caico\/odontologia\/wp-json\/wp\/v2\/pages\/758\/revisions"}],"predecessor-version":[{"id":759,"href":"https:\/\/portal.uern.br\/caico\/odontologia\/wp-json\/wp\/v2\/pages\/758\/revisions\/759"}],"wp:attachment":[{"href":"https:\/\/portal.uern.br\/caico\/odontologia\/wp-json\/wp\/v2\/media?parent=758"}],"curies":[{"name":"wp","href":"https:\/\/api.w.org\/{rel}","templated":true}]}}