{"id":752,"date":"2023-07-22T00:12:14","date_gmt":"2023-07-22T03:12:14","guid":{"rendered":"https:\/\/portal.uern.br\/caico\/odontologia\/?page_id=752"},"modified":"2023-07-22T00:12:14","modified_gmt":"2023-07-22T03:12:14","slug":"corpo-editorial","status":"publish","type":"page","link":"https:\/\/portal.uern.br\/caico\/odontologia\/corpo-editorial\/","title":{"rendered":"Corpo Editorial"},"content":{"rendered":"<p><strong>COMISS\u00c3O ORGANIZADORA DA IX JOS<\/strong><\/p>\n<p>Prof. Dra. Bruna Rafaela Martins dos Santos<br \/>\nPresidente da Comiss\u00e3o Organizadora da IX JOS<\/p>\n<p><strong>COMISS\u00c3O CIENT\u00cdFICA DA IX JOS<\/strong><\/p>\n<p>Prof. Dr. Eduardo Jos\u00e9 Guerra Seabra<br \/>\nProf. Ms. Laio da Rocha Dutra<br \/>\nProf. Dr. Eudes Euler de Souza Lucena<\/p>\n<p><strong>COMISS\u00c3O ORGANIZADORA DA VIII JOS<\/strong><\/p>\n<p>Prof. Dr. Eudes Euler de Souza Lucena<br \/>\nPresidente da Comiss\u00e3o Organizadora da VIII JOS<\/p>\n<p><strong>COMISS\u00c3O CIENT\u00cdFICA DA VIII JOS<\/strong><\/p>\n<p>Prof. Dr. \u00c1lvaro Marcos Pereira Lima<\/p>\n<p>Profa. Dra. Ana Karla de Almeida Pinto Monteiro<\/p>\n<p>Profa. Dra. Daniela Mendes da Veiga Pessoa<\/p>\n<p>Prof. Dr. Eduardo Jos\u00e9 Guerra Seabra<\/p>\n<p>Prof. Dr. Eudes Euler de Souza Lucena<\/p>\n<p>Profa. Dra. Gilmara Celli Maia de Almeida<\/p>\n<p>Prof. Dr. Gl\u00e9cio Clemente de Ara\u00fajo Filho<\/p>\n<p>Prof. Dr. Hanieri Gustavo de Oliveira<\/p>\n<p>Prof. Dr. H\u00e9cio Henrique Ara\u00fajo de Morais<\/p>\n<p>Profa. Dra. Jamile Marinho Bezerra de Oliveira Moura<\/p>\n<p>Profa. Dra. Juliana Carvalho S\u00e1<\/p>\n<p>Profa. Dra. Patr\u00edcia Bittencourt Dutra dos Santos<\/p>\n<p><strong>LOGRADOURO DO AUTOR CORPORATIVO:<\/strong><\/p>\n<p>UNIVERSIDADE DO ESTADO DO RIO GRANDE DO NORTE<br \/>\nCAMPUS CAIC\u00d3<br \/>\nAV. RIO BRANCO, 725, CENTRO, CAIC\u00d3\/RN<\/p>\n<p><strong>PERIODICIDADE:<\/strong>\u00a0ANUAL<br \/>\n<strong>IDIOMA:<\/strong>\u00a0PORTUGU\u00caS<\/p>\n","protected":false},"excerpt":{"rendered":"<p>COMISS\u00c3O ORGANIZADORA DA IX JOS Prof. Dra. Bruna Rafaela Martins dos Santos Presidente da Comiss\u00e3o Organizadora da IX JOS COMISS\u00c3O CIENT\u00cdFICA DA IX JOS Prof. Dr. Eduardo Jos\u00e9 Guerra Seabra Prof. Ms. Laio da Rocha Dutra Prof. Dr. Eudes Euler de Souza Lucena COMISS\u00c3O ORGANIZADORA DA VIII JOS Prof. Dr. Eudes Euler de Souza Lucena [&hellip;]<\/p>\n","protected":false},"author":1,"featured_media":0,"parent":0,"menu_order":0,"comment_status":"closed","ping_status":"closed","template":"","meta":{"footnotes":""},"class_list":["post-752","page","type-page","status-publish","hentry"],"_links":{"self":[{"href":"https:\/\/portal.uern.br\/caico\/odontologia\/wp-json\/wp\/v2\/pages\/752","targetHints":{"allow":["GET"]}}],"collection":[{"href":"https:\/\/portal.uern.br\/caico\/odontologia\/wp-json\/wp\/v2\/pages"}],"about":[{"href":"https:\/\/portal.uern.br\/caico\/odontologia\/wp-json\/wp\/v2\/types\/page"}],"author":[{"embeddable":true,"href":"https:\/\/portal.uern.br\/caico\/odontologia\/wp-json\/wp\/v2\/users\/1"}],"replies":[{"embeddable":true,"href":"https:\/\/portal.uern.br\/caico\/odontologia\/wp-json\/wp\/v2\/comments?post=752"}],"version-history":[{"count":1,"href":"https:\/\/portal.uern.br\/caico\/odontologia\/wp-json\/wp\/v2\/pages\/752\/revisions"}],"predecessor-version":[{"id":753,"href":"https:\/\/portal.uern.br\/caico\/odontologia\/wp-json\/wp\/v2\/pages\/752\/revisions\/753"}],"wp:attachment":[{"href":"https:\/\/portal.uern.br\/caico\/odontologia\/wp-json\/wp\/v2\/media?parent=752"}],"curies":[{"name":"wp","href":"https:\/\/api.w.org\/{rel}","templated":true}]}}