{"id":750,"date":"2023-07-22T00:09:23","date_gmt":"2023-07-22T03:09:23","guid":{"rendered":"https:\/\/portal.uern.br\/caico\/odontologia\/?page_id=750"},"modified":"2023-07-22T00:09:23","modified_gmt":"2023-07-22T03:09:23","slug":"apresentacao-anais","status":"publish","type":"page","link":"https:\/\/portal.uern.br\/caico\/odontologia\/apresentacao-anais\/","title":{"rendered":"Apresenta\u00e7\u00e3o Anais"},"content":{"rendered":"<p><img fetchpriority=\"high\" decoding=\"async\" class=\"center\" src=\"https:\/\/www.uern.br\/controledepaginas\/caico-odontologia-eventos-ixjos\/imagens\/462530846516_444176319344480_4322857937446895616_n[1].jpg\" alt=\"\" width=\"300\" height=\"300\" \/><\/p>\n<p>A realiza\u00e7\u00e3o da Jornada de Odontologia do Serid\u00f3 \u00e9 um esfor\u00e7o coletivo do centro acad\u00eamico e do departamento de Odontologia da UERN e tem por objetivo aprofundar a discuss\u00e3o cient\u00edfica do semi\u00e1rido do estado do Rio Grande do Norte, bem como oportunizar a participa\u00e7\u00e3o na programa\u00e7\u00e3o do evento de acad\u00eamicos, cirurgi\u00f5es-dentistas, profissionais t\u00e9cnicos e auxiliares que atuam na \u00e1rea odontol\u00f3gica.<\/p>\n<p>No ano de 2018, a IX JOS contar\u00e1 com novidades, dentre elas a participa\u00e7\u00e3o tamb\u00e9m de acad\u00eamicos da \u00e1rea de Enfermagem e Medicina, abordando temas desde doen\u00e7as cr\u00f4nicas \u00e0 instru\u00e7\u00f5es para elabora\u00e7\u00e3o de projetos cient\u00edficos.<\/p>\n<p>O evento acontecer\u00e1 nos dias 7, 8 e 9 de junho de 2018, com a tem\u00e1tica: \u201cCi\u00eancia, Tecnologia e Arte: novos conceitos na Odontologia\u201d e tem como presidente da comiss\u00e3o organizadora a Profa. Dra. Bruna Rafaela Martins dos Santos.<\/p>\n","protected":false},"excerpt":{"rendered":"<p>A realiza\u00e7\u00e3o da Jornada de Odontologia do Serid\u00f3 \u00e9 um esfor\u00e7o coletivo do centro acad\u00eamico e do departamento de Odontologia da UERN e tem por objetivo aprofundar a discuss\u00e3o cient\u00edfica do semi\u00e1rido do estado do Rio Grande do Norte, bem como oportunizar a participa\u00e7\u00e3o na programa\u00e7\u00e3o do evento de acad\u00eamicos, cirurgi\u00f5es-dentistas, profissionais t\u00e9cnicos e auxiliares [&hellip;]<\/p>\n","protected":false},"author":1,"featured_media":0,"parent":0,"menu_order":0,"comment_status":"closed","ping_status":"closed","template":"","meta":{"footnotes":""},"class_list":["post-750","page","type-page","status-publish","hentry"],"_links":{"self":[{"href":"https:\/\/portal.uern.br\/caico\/odontologia\/wp-json\/wp\/v2\/pages\/750","targetHints":{"allow":["GET"]}}],"collection":[{"href":"https:\/\/portal.uern.br\/caico\/odontologia\/wp-json\/wp\/v2\/pages"}],"about":[{"href":"https:\/\/portal.uern.br\/caico\/odontologia\/wp-json\/wp\/v2\/types\/page"}],"author":[{"embeddable":true,"href":"https:\/\/portal.uern.br\/caico\/odontologia\/wp-json\/wp\/v2\/users\/1"}],"replies":[{"embeddable":true,"href":"https:\/\/portal.uern.br\/caico\/odontologia\/wp-json\/wp\/v2\/comments?post=750"}],"version-history":[{"count":1,"href":"https:\/\/portal.uern.br\/caico\/odontologia\/wp-json\/wp\/v2\/pages\/750\/revisions"}],"predecessor-version":[{"id":751,"href":"https:\/\/portal.uern.br\/caico\/odontologia\/wp-json\/wp\/v2\/pages\/750\/revisions\/751"}],"wp:attachment":[{"href":"https:\/\/portal.uern.br\/caico\/odontologia\/wp-json\/wp\/v2\/media?parent=750"}],"curies":[{"name":"wp","href":"https:\/\/api.w.org\/{rel}","templated":true}]}}