{"id":746,"date":"2023-07-22T00:06:41","date_gmt":"2023-07-22T03:06:41","guid":{"rendered":"https:\/\/portal.uern.br\/caico\/odontologia\/?page_id=746"},"modified":"2023-07-22T00:06:41","modified_gmt":"2023-07-22T03:06:41","slug":"corpo-docente","status":"publish","type":"page","link":"https:\/\/portal.uern.br\/caico\/odontologia\/corpo-docente\/","title":{"rendered":"Corpo Docente"},"content":{"rendered":"<p>Prof. Dr. Alexandre Policarpo da Silva (alexandrepolicarpo@uern.br)<br \/>\nProf\u00aa. Dr\u00aa. Ana Clara Soares Paiva Torres (clarasoares@uern.br)<br \/>\nProf\u00aa. Dr\u00aa. Daniela Mendes da Veiga Pessoa (danielapessoa@uern.br)<br \/>\nProfa. Dra. Dayanne Monielle Duarte Moura (dayannemonielle@uern.br<br \/>\nProf. Dr. Eduardo Jos\u00e9 Guerra Seabra (eduardoseabra@uern.br)<br \/>\nProf\u00aa. Dr\u00aa. Fabianna da Concei\u00e7\u00e3o Dantas de Medeiros<br \/>\nProf. Dr. Fernando Jos\u00e9 de Oliveira N\u00f3brega (fernandonobrega@uern.br)<br \/>\nProf. Me. Gentil Homem de Ara\u00fajo Neto (gentilneto@uern.br)<br \/>\nProf\u00aa. Dr\u00aa. Georgia Costa de Ara\u00fajo Souza (georgiacosta@uern.br) &#8211; Vac\u00e2ncia<br \/>\nProf. Me. Gerdo Bezerra de Faria (bezerrafaria@uern.br)<br \/>\nProf\u00aa. Dr\u00aa. Gilmara Celli Maia de Almeida (gilmaracelli@uern.br)<br \/>\nProf. Dr. Gl\u00e9cio Clemente de Ara\u00fajo Filho (gleciofilho@uern.br)<br \/>\nProf. Dr. Gustavo Barbalho Guedes Emiliano (gustavoemiliano@uern.br)<br \/>\nProf. Dr. Hanieri Gustavo de Oliveira (hanierigustavo@uern.br)<br \/>\nProf. Dr. Hecio Henrique Ara\u00fajo de Morais (heciomorais@uern.br)<br \/>\nProf\u00aa. Dr\u00aa. Isabela Pinheiro Cavalcanti Lima (isabelapinheiro@uern.br)<br \/>\nProf\u00aa. Dr\u00aa. Jamile Marinho Bezerra de Oliveira Moura (jamilemarinho@uern.br)<br \/>\nProf\u00aa. Dr\u00aa. Juliana Carvalho S\u00e1 (julianasa@uern.br)<br \/>\nProf\u00aa. Dr\u00aa. Maria de Lourdes Silva de Arruda Morais (mariaarruda@uern.br)<br \/>\nProf\u00aa. Ma. Mariana Cabral Moreno (marianacabral@uern.br)<br \/>\nProf. Dr. Pablo de Castro Santos (pablocastro@uern.br)<br \/>\nProf\u00aa. Dr\u00aa. Patricia Bittencourt Dutra dos Santos (patriciabittencourt@uern.br) &#8211; Vac\u00e2ncia<br \/>\nProf\u00aa. Dr\u00aa. Samara Carollyne Mafra Soares (samaramafra@uern.br)<\/p>\n","protected":false},"excerpt":{"rendered":"<p>Prof. Dr. Alexandre Policarpo da Silva (alexandrepolicarpo@uern.br) Prof\u00aa. Dr\u00aa. Ana Clara Soares Paiva Torres (clarasoares@uern.br) Prof\u00aa. Dr\u00aa. Daniela Mendes da Veiga Pessoa (danielapessoa@uern.br) Profa. Dra. Dayanne Monielle Duarte Moura (dayannemonielle@uern.br Prof. Dr. Eduardo Jos\u00e9 Guerra Seabra (eduardoseabra@uern.br) Prof\u00aa. Dr\u00aa. Fabianna da Concei\u00e7\u00e3o Dantas de Medeiros Prof. Dr. Fernando Jos\u00e9 de Oliveira N\u00f3brega (fernandonobrega@uern.br) Prof. Me. [&hellip;]<\/p>\n","protected":false},"author":1,"featured_media":0,"parent":0,"menu_order":0,"comment_status":"closed","ping_status":"closed","template":"","meta":{"footnotes":""},"class_list":["post-746","page","type-page","status-publish","hentry"],"_links":{"self":[{"href":"https:\/\/portal.uern.br\/caico\/odontologia\/wp-json\/wp\/v2\/pages\/746","targetHints":{"allow":["GET"]}}],"collection":[{"href":"https:\/\/portal.uern.br\/caico\/odontologia\/wp-json\/wp\/v2\/pages"}],"about":[{"href":"https:\/\/portal.uern.br\/caico\/odontologia\/wp-json\/wp\/v2\/types\/page"}],"author":[{"embeddable":true,"href":"https:\/\/portal.uern.br\/caico\/odontologia\/wp-json\/wp\/v2\/users\/1"}],"replies":[{"embeddable":true,"href":"https:\/\/portal.uern.br\/caico\/odontologia\/wp-json\/wp\/v2\/comments?post=746"}],"version-history":[{"count":1,"href":"https:\/\/portal.uern.br\/caico\/odontologia\/wp-json\/wp\/v2\/pages\/746\/revisions"}],"predecessor-version":[{"id":747,"href":"https:\/\/portal.uern.br\/caico\/odontologia\/wp-json\/wp\/v2\/pages\/746\/revisions\/747"}],"wp:attachment":[{"href":"https:\/\/portal.uern.br\/caico\/odontologia\/wp-json\/wp\/v2\/media?parent=746"}],"curies":[{"name":"wp","href":"https:\/\/api.w.org\/{rel}","templated":true}]}}