{"id":921,"date":"2023-10-30T16:28:21","date_gmt":"2023-10-30T19:28:21","guid":{"rendered":"https:\/\/portal.uern.br\/caico\/dfi\/?page_id=921"},"modified":"2023-10-30T16:28:21","modified_gmt":"2023-10-30T19:28:21","slug":"projeto-pedagogico-do-curso-ppc","status":"publish","type":"page","link":"https:\/\/portal.uern.br\/caico\/dfi\/projeto-pedagogico-do-curso-ppc\/","title":{"rendered":"Projeto Pedag\u00f3gico do Curso &#8211; PPC"},"content":{"rendered":"<p><strong><a href=\"http:\/\/www.uern.br\/controledepaginas\/filosofia-caico-projeto-pedagogico\/arquivos\/20574228ppc_filosofia_cac_(1).pdf\"><strong>Projeto Pedag\u00f3gico 2023<\/strong><\/a><br \/>\n<\/strong><\/p>\n<hr \/>\n<p><a href=\"https:\/\/www.uern.br\/controledepaginas\/filosofia-caico-projeto-pedagogico\/arquivos\/2057ppc_2018.pdf\"><strong>Projeto Pedag\u00f3gico 2018<\/strong><\/a><\/p>\n<hr \/>\n<p><strong><a href=\"https:\/\/www.uern.br\/controledepaginas\/filosofia-caico-projeto-pedagogico\/arquivos\/2057ppc_2012_atualizado.pdf\" target=\"_blank\" rel=\"noopener\">Projeto Pedag\u00f3gico 2012<\/a><\/strong><\/p>\n<hr \/>\n","protected":false},"excerpt":{"rendered":"<p>Projeto Pedag\u00f3gico 2023 Projeto Pedag\u00f3gico 2018 Projeto Pedag\u00f3gico 2012<\/p>\n","protected":false},"author":2,"featured_media":0,"parent":0,"menu_order":0,"comment_status":"closed","ping_status":"closed","template":"","meta":{"footnotes":""},"class_list":["post-921","page","type-page","status-publish","hentry"],"_links":{"self":[{"href":"https:\/\/portal.uern.br\/caico\/dfi\/wp-json\/wp\/v2\/pages\/921","targetHints":{"allow":["GET"]}}],"collection":[{"href":"https:\/\/portal.uern.br\/caico\/dfi\/wp-json\/wp\/v2\/pages"}],"about":[{"href":"https:\/\/portal.uern.br\/caico\/dfi\/wp-json\/wp\/v2\/types\/page"}],"author":[{"embeddable":true,"href":"https:\/\/portal.uern.br\/caico\/dfi\/wp-json\/wp\/v2\/users\/2"}],"replies":[{"embeddable":true,"href":"https:\/\/portal.uern.br\/caico\/dfi\/wp-json\/wp\/v2\/comments?post=921"}],"version-history":[{"count":1,"href":"https:\/\/portal.uern.br\/caico\/dfi\/wp-json\/wp\/v2\/pages\/921\/revisions"}],"predecessor-version":[{"id":922,"href":"https:\/\/portal.uern.br\/caico\/dfi\/wp-json\/wp\/v2\/pages\/921\/revisions\/922"}],"wp:attachment":[{"href":"https:\/\/portal.uern.br\/caico\/dfi\/wp-json\/wp\/v2\/media?parent=921"}],"curies":[{"name":"wp","href":"https:\/\/api.w.org\/{rel}","templated":true}]}}