{"id":911,"date":"2023-10-30T16:23:12","date_gmt":"2023-10-30T19:23:12","guid":{"rendered":"https:\/\/portal.uern.br\/caico\/dfi\/?page_id=911"},"modified":"2023-10-30T16:23:12","modified_gmt":"2023-10-30T19:23:12","slug":"grupos-de-pesquisa","status":"publish","type":"page","link":"https:\/\/portal.uern.br\/caico\/dfi\/grupos-de-pesquisa\/","title":{"rendered":"Grupos de Pesquisa"},"content":{"rendered":"<p><strong>Filosofia e Educa\u00e7\u00e3o<\/strong> (Certificado) &#8211;<a href=\"http:\/\/dgp.cnpq.br\/dgp\/espelhogrupo\/2312349387188830#identificacao\"><strong> Diret\u00f3rio CNPq\u00a0<\/strong><\/a><\/p>\n<hr \/>\n<hr \/>\n<p><strong>ENSINAR E APRENDER NA EDUCA\u00c7\u00c3O B\u00c1SICA\u00a0\u00a0<\/strong>(Certificado)\u00a0&#8211;\u00a0<strong><a href=\"http:\/\/dgp.cnpq.br\/dgp\/espelhogrupo\/9514752040935880\">Diret\u00f3rio CNPq<\/a>\u00a0<\/strong><\/p>\n<p><strong>\u00a0<\/strong><\/p>\n<div dir=\"ltr\">\n<table>\n<colgroup>\n<col width=\"217\" \/>\n<col width=\"189\" \/>\n<col width=\"208\" \/><\/colgroup>\n<tbody>\n<tr>\n<td><strong>Coordena\u00e7\u00e3o da Atividade<\/strong><\/td>\n<td><strong>Dia e Hor\u00e1rio<\/strong><\/td>\n<td><strong>Obra\/Fil\u00f3sofo<\/strong><\/td>\n<\/tr>\n<tr>\n<td>Jos\u00e9 Teixeira Neto<\/td>\n<td>Sexta das 16 h \u00e0s 18 h<\/td>\n<td>De Jacques Ranci\u00e8re:<\/p>\n<p>O espectador emancipado.<\/p>\n<p>O \u00f3dio \u00e0 democracia.<\/p>\n<p>A partilha do sens\u00edvel.<\/td>\n<\/tr>\n<tr>\n<td>Maria Reilta Dantas Cirino<\/td>\n<td>24\/09 (Quinta-feira), 14h, a cada quinze dias.<\/td>\n<td>Organiza\u00e7\u00e3o do cronograma de atividades 2020\/2021.<\/td>\n<\/tr>\n<\/tbody>\n<\/table>\n<hr \/>\n<\/div>\n<hr \/>\n<p><strong><span id=\"docs-internal-guid-24fb86c6-7fff-eea9-4433-521e9850c6b7\">N\u00daCLEO DE ESTUDOS EM FENOMENOLOGIA, HERMEN\u00caUTIICA E M\u00cdSTICA<\/span>\u00a0<\/strong>(Certificado)<strong> &#8211; <a href=\"http:\/\/dgp.cnpq.br\/dgp\/espelhogrupo\/486097\">Diret\u00f3rio CNPq<\/a><\/strong><\/p>\n<table style=\"width: 646px;height: 375px\">\n<tbody>\n<tr>\n<td>\n<div dir=\"ltr\">\n<table>\n<colgroup>\n<col width=\"217\" \/>\n<col width=\"189\" \/>\n<col width=\"208\" \/><\/colgroup>\n<tbody>\n<tr>\n<td><strong>Coordena\u00e7\u00e3o da Atividade<\/strong><\/td>\n<td><strong>Dia e Hor\u00e1rio<\/strong><\/td>\n<td><strong>Obra\/Fil\u00f3sofo<\/strong><\/td>\n<\/tr>\n<tr>\n<td>Marcos \u00c9rico de Ara\u00fajo Silva<\/td>\n<td>Ter\u00e7a-feira das 15h \u00e0s 17h,\u00a0\u00a0a cada quinze dias.<\/td>\n<td>Leitura do &#8220;Itiner\u00e1rio da mente para Deus&#8221; de S\u00e3o Boaventura<\/td>\n<\/tr>\n<tr>\n<td>&nbsp;<\/td>\n<td><\/td>\n<td><\/td>\n<\/tr>\n<tr>\n<td>Jos\u00e9 Francisco das Chagas Souza (D\u00e9da)<\/td>\n<td>Segundas: 15h \u2013 18h<\/p>\n<p>Linha: QUIASMA: Fenomenologia, Literatura e Filosofia Latino-Americana<\/p>\n<p>&nbsp;<\/td>\n<td>Filosofia da Liberta\u00e7\u00e3o \/ Enrique Dussel<\/td>\n<\/tr>\n<tr>\n<td>Jos\u00e9 Teixeira Neto<\/td>\n<td><\/td>\n<td><\/td>\n<\/tr>\n<\/tbody>\n<\/table>\n<\/div>\n<\/td>\n<td><\/td>\n<td><\/td>\n<\/tr>\n<\/tbody>\n<\/table>\n<hr \/>\n","protected":false},"excerpt":{"rendered":"<p>Filosofia e Educa\u00e7\u00e3o (Certificado) &#8211; Diret\u00f3rio CNPq\u00a0 ENSINAR E APRENDER NA EDUCA\u00c7\u00c3O B\u00c1SICA\u00a0\u00a0(Certificado)\u00a0&#8211;\u00a0Diret\u00f3rio CNPq\u00a0 \u00a0 Coordena\u00e7\u00e3o da Atividade Dia e Hor\u00e1rio Obra\/Fil\u00f3sofo Jos\u00e9 Teixeira Neto Sexta das 16 h \u00e0s 18 h De Jacques Ranci\u00e8re: O espectador emancipado. O \u00f3dio \u00e0 democracia. A partilha do sens\u00edvel. Maria Reilta Dantas Cirino 24\/09 (Quinta-feira), 14h, a cada [&hellip;]<\/p>\n","protected":false},"author":2,"featured_media":0,"parent":0,"menu_order":0,"comment_status":"closed","ping_status":"closed","template":"","meta":{"footnotes":""},"class_list":["post-911","page","type-page","status-publish","hentry"],"_links":{"self":[{"href":"https:\/\/portal.uern.br\/caico\/dfi\/wp-json\/wp\/v2\/pages\/911","targetHints":{"allow":["GET"]}}],"collection":[{"href":"https:\/\/portal.uern.br\/caico\/dfi\/wp-json\/wp\/v2\/pages"}],"about":[{"href":"https:\/\/portal.uern.br\/caico\/dfi\/wp-json\/wp\/v2\/types\/page"}],"author":[{"embeddable":true,"href":"https:\/\/portal.uern.br\/caico\/dfi\/wp-json\/wp\/v2\/users\/2"}],"replies":[{"embeddable":true,"href":"https:\/\/portal.uern.br\/caico\/dfi\/wp-json\/wp\/v2\/comments?post=911"}],"version-history":[{"count":1,"href":"https:\/\/portal.uern.br\/caico\/dfi\/wp-json\/wp\/v2\/pages\/911\/revisions"}],"predecessor-version":[{"id":912,"href":"https:\/\/portal.uern.br\/caico\/dfi\/wp-json\/wp\/v2\/pages\/911\/revisions\/912"}],"wp:attachment":[{"href":"https:\/\/portal.uern.br\/caico\/dfi\/wp-json\/wp\/v2\/media?parent=911"}],"curies":[{"name":"wp","href":"https:\/\/api.w.org\/{rel}","templated":true}]}}