{"id":904,"date":"2023-10-30T16:19:14","date_gmt":"2023-10-30T19:19:14","guid":{"rendered":"https:\/\/portal.uern.br\/caico\/dfi\/?page_id=904"},"modified":"2026-02-26T12:28:02","modified_gmt":"2026-02-26T15:28:02","slug":"estagio-curricular","status":"publish","type":"page","link":"https:\/\/portal.uern.br\/caico\/dfi\/estagio-curricular\/","title":{"rendered":"Est\u00e1gio Curricular"},"content":{"rendered":"<p>O Est\u00e1gio Supervisionado do Curso de Licenciatura em Filosofia, atende aos princ\u00edpios das DCN\/CNE\/CP\/2019, o Regulamento de Cursos de Gradua\u00e7\u00e3o \u2013 RCG, Resolu\u00e7\u00e3o n. 05\/2014 \u2013 CONSEPE, da UERN e a Resolu\u00e7\u00e3o n. 06\/2015 \u2013 CONSEPE, os quais se constituem de atividades pr\u00e1ticas obrigat\u00f3rias exercidas pelos discentes nas institui\u00e7\u00f5es de educa\u00e7\u00e3o b\u00e1sica, oficialmente regulamentadas e condizentes com os objetivos de aprendizagem do PPC do Curso, p\u00fablicas ou privadas, e em outras institui\u00e7\u00f5es indicadas pela Coordena\u00e7\u00e3o do Curso dentro do esp\u00edrito pedag\u00f3gicometodol\u00f3gico que o norteia, bem como em conson\u00e2ncia com os instrumentos normativos citados, com o acompanhamento de um docente licenciado em Filosofia ou \u00e1rea afim e de um docente experiente da institui\u00e7\u00e3o campo de est\u00e1gio.<\/p>\n<p>O Est\u00e1gio Supervisionado obrigat\u00f3rio ser\u00e1 ofertado por meio dos Componentes Curriculares de Est\u00e1gio Supervisionado I, II e III, definidos em seu ement\u00e1rio e de acordo com proposta aprovada em plen\u00e1ria departamental, pelos docentes supervisores de est\u00e1gio e em articula\u00e7\u00e3o com as institui\u00e7\u00f5es campo de est\u00e1gios, sendo oferecido a partir do quarto per\u00edodo do referido curso. Os instrumentos e os crit\u00e9rios de avalia\u00e7\u00e3o do est\u00e1gio est\u00e3o indicados no artigo 13 do Regulamento de Organiza\u00e7\u00e3o e de Funcionamento do Curso. Tem como objetivos:<\/p>\n<p>I &#8211; a aplica\u00e7\u00e3o, amplia\u00e7\u00e3o e adequa\u00e7\u00e3o dos conhecimentos te\u00f3ricos, pr\u00e1ticos, cient\u00edficos, t\u00e9cnicos e metodol\u00f3gicos necess\u00e1rios ao processo da educa\u00e7\u00e3o e da atua\u00e7\u00e3o docente;<\/p>\n<p>II &#8211; o desenvolvimento de compet\u00eancias e habilidades did\u00e1tico-pedag\u00f3gicas requeridas ao (a) profissional para atuar na resolu\u00e7\u00e3o de situa\u00e7\u00f5es-problema em situa\u00e7\u00f5es contextualizadas;<\/p>\n<p>III &#8211; a articula\u00e7\u00e3o entre a forma\u00e7\u00e3o te\u00f3rica e a pr\u00e1tica pedag\u00f3gica, em vista \u00e0 constru\u00e7\u00e3o de uma postura interdisciplinar para o exerc\u00edcio \u00e9tico e competente da fun\u00e7\u00e3o docente.<\/p>\n<p>O Est\u00e1gio Supervisionado do Curso de Licenciatura em Filosofia compreende:<\/p>\n<p>I &#8211; Est\u00e1gio Supervisionado I, totalizando 135 horas\/aulas ofertadas no 6\u00ba per\u00edodo;<\/p>\n<p>II &#8211; Est\u00e1gio Supervisionado II, totalizando 135 horas\/aulas ofertadas no 7\u00ba per\u00edodo;<\/p>\n<p>III &#8211; Est\u00e1gio Supervisionado III, totalizando 135 horas\/aulas ofertadas no 8\u00ba per\u00edodo;<\/p>\n<p>&nbsp;<\/p>\n<p>Neste semestre 2026.1 encontram-se como ministrantes do Est\u00e1gio Supervisionado II no 7\u00ba per\u00edodo os professores abaixo identificados:<\/p>\n<ul>\n<li>Prof. Dr. Jos\u00e9 Eudo Bezerra;<\/li>\n<li>Profa. Dra. Maria Reilta Dantas Cirino.<\/li>\n<\/ul>\n","protected":false},"excerpt":{"rendered":"<p>O Est\u00e1gio Supervisionado do Curso de Licenciatura em Filosofia, atende aos princ\u00edpios das DCN\/CNE\/CP\/2019, o Regulamento de Cursos de Gradua\u00e7\u00e3o \u2013 RCG, Resolu\u00e7\u00e3o n. 05\/2014 \u2013 CONSEPE, da UERN e a Resolu\u00e7\u00e3o n. 06\/2015 \u2013 CONSEPE, os quais se constituem de atividades pr\u00e1ticas obrigat\u00f3rias exercidas pelos discentes nas institui\u00e7\u00f5es de educa\u00e7\u00e3o b\u00e1sica, oficialmente regulamentadas e [&hellip;]<\/p>\n","protected":false},"author":1,"featured_media":0,"parent":0,"menu_order":0,"comment_status":"closed","ping_status":"closed","template":"","meta":{"footnotes":""},"class_list":["post-904","page","type-page","status-publish","hentry"],"_links":{"self":[{"href":"https:\/\/portal.uern.br\/caico\/dfi\/wp-json\/wp\/v2\/pages\/904","targetHints":{"allow":["GET"]}}],"collection":[{"href":"https:\/\/portal.uern.br\/caico\/dfi\/wp-json\/wp\/v2\/pages"}],"about":[{"href":"https:\/\/portal.uern.br\/caico\/dfi\/wp-json\/wp\/v2\/types\/page"}],"author":[{"embeddable":true,"href":"https:\/\/portal.uern.br\/caico\/dfi\/wp-json\/wp\/v2\/users\/1"}],"replies":[{"embeddable":true,"href":"https:\/\/portal.uern.br\/caico\/dfi\/wp-json\/wp\/v2\/comments?post=904"}],"version-history":[{"count":4,"href":"https:\/\/portal.uern.br\/caico\/dfi\/wp-json\/wp\/v2\/pages\/904\/revisions"}],"predecessor-version":[{"id":1255,"href":"https:\/\/portal.uern.br\/caico\/dfi\/wp-json\/wp\/v2\/pages\/904\/revisions\/1255"}],"wp:attachment":[{"href":"https:\/\/portal.uern.br\/caico\/dfi\/wp-json\/wp\/v2\/media?parent=904"}],"curies":[{"name":"wp","href":"https:\/\/api.w.org\/{rel}","templated":true}]}}