{"id":890,"date":"2023-10-24T21:56:30","date_gmt":"2023-10-25T00:56:30","guid":{"rendered":"https:\/\/portal.uern.br\/caico\/dfi\/?page_id=890"},"modified":"2023-10-24T21:56:30","modified_gmt":"2023-10-25T00:56:30","slug":"estrutura-curricular-2018-1","status":"publish","type":"page","link":"https:\/\/portal.uern.br\/caico\/dfi\/estrutura-curricular-2018-1\/","title":{"rendered":"Estrutura Curricular 2018.1"},"content":{"rendered":"<p><span style=\"font-size: 1.17em\">Quadro Geral Conforme DCN\/CNE\/CP\/2015 e o Parecer CNE\/CP N. 2\/2015<\/span><\/p>\n<table class=\"table table-striped table-condensed\" style=\"width: 605px\" cellspacing=\"0\" cellpadding=\"5\">\n<colgroup>\n<col width=\"272\" \/>\n<col width=\"97\" \/>\n<col width=\"97\" \/>\n<col width=\"96\" \/> <\/colgroup>\n<tbody>\n<tr>\n<td><strong>Modalidade de Componentes Curriculares<\/strong><\/td>\n<td><strong>Carga Hor\u00e1ria<\/strong><\/td>\n<td><strong><strong>Total de Cr\u00e9ditos<\/strong><\/strong><\/td>\n<td><\/td>\n<\/tr>\n<tr>\n<td>Disciplinas Pedag\u00f3gicas obrigat\u00f3rias<\/td>\n<td>660h<\/td>\n<td>44<\/td>\n<td><\/td>\n<\/tr>\n<tr>\n<td>Disciplinas Filos\u00f3ficas Obrigat\u00f3rias<\/td>\n<td>1.260 h<\/td>\n<td>84<\/td>\n<td><\/td>\n<\/tr>\n<tr>\n<td>Disciplinas Filos\u00f3ficas Optativas<\/td>\n<td>300h<\/td>\n<td>20<\/td>\n<td><\/td>\n<\/tr>\n<tr>\n<td>Est\u00e1gio Supervisionado<\/td>\n<td>405h<\/td>\n<td>27<\/td>\n<td><\/td>\n<\/tr>\n<tr>\n<td>Pr\u00e1tica como componente curricular<\/td>\n<td>405h<\/td>\n<td>27<\/td>\n<\/tr>\n<tr>\n<td>Total parcial<\/td>\n<td>3.030h<\/td>\n<td><\/td>\n<td><\/td>\n<\/tr>\n<tr>\n<td>Atividades Te\u00f3rico-Pr\u00e1ticas de aprofundamento em \u00e1reas espec\u00edficas de<br \/>\ninteresse dos (as) estudantes<\/td>\n<td>200 h<\/td>\n<td><\/td>\n<td><\/td>\n<\/tr>\n<tr>\n<td>Total Final de C.H.<\/td>\n<td>3.230 h<\/td>\n<td><\/td>\n<td><\/td>\n<\/tr>\n<\/tbody>\n<\/table>\n<p>O Curso organiza-se atrav\u00e9s de 03(tr\u00eas) n\u00facleos formativos baseando-se nas\u00a0DCN\/CNE\/CP\/2015 e o Parecer CNE\/CP n. 02\/2015, respectivamente, descritos a seguir:<br \/>\na) Primeiro N\u00facleo Formativo: forma\u00e7\u00e3o geral, das \u00e1reas espec\u00edficas e interdisciplinares,\u00a0e do campo educacional, seus fundamentos e metodologias, e das diversas realidades<br \/>\neducacionais, envolvendo de forma multidimensional e interdisciplinar, conhecimentos e\u00a0saberes espec\u00edficos da \u00e1rea da filosofia e da pedagogia que favore\u00e7am \u00e0 a\u00e7\u00e3o docente no<br \/>\ncontexto da educa\u00e7\u00e3o b\u00e1sica, articulando para isso nos contextos das institui\u00e7\u00f5es\u00a0educativas e da sociedade em geral, diagn\u00f3sticos, pesquisas com utiliza\u00e7\u00e3o e\u00a0desenvolvimento de variadas linguagens envolvendo problem\u00e1ticas educacionais e da\u00a0sociedade contempor\u00e2nea;<br \/>\nb) Segundo N\u00facleo Formativo: aprofundamento e diversifica\u00e7\u00e3o de estudos das \u00e1reas de\u00a0atua\u00e7\u00e3o profissional, incluindo: investiga\u00e7\u00e3o sobre processos educativos, organizacionais<br \/>\ne de gest\u00e3o; legisla\u00e7\u00e3o, avalia\u00e7\u00e3o, curr\u00edculo, diversidade, mem\u00f3ria, direitos humanos,\u00a0cidadania, materiais did\u00e1ticos, pr\u00e1ticas inovadoras e utiliza\u00e7\u00e3o de m\u00eddias para o\u00a0aperfei\u00e7oamento e atua\u00e7\u00e3o na \u00e1rea educacional, entre outros, e;<br \/>\nc) Terceiro N\u00facleo Formativo: estudos integradores para enriquecimento curricular,\u00a0compreendendo a participa\u00e7\u00e3o efetiva em semin\u00e1rios e estudos curriculares, projetos de\u00a0inicia\u00e7\u00e3o cient\u00edfica, inicia\u00e7\u00e3o \u00e0 doc\u00eancia, resid\u00eancia docente, monitorias e extens\u00e3o;\u00a0atividades te\u00f3rico-pr\u00e1ticas articuladas entre os sistemas de ensino e institui\u00e7\u00f5es\u00a0educativas visando \u00e0 diversifica\u00e7\u00e3o de estudos e experi\u00eancias educativas.<\/p>\n","protected":false},"excerpt":{"rendered":"<p>Quadro Geral Conforme DCN\/CNE\/CP\/2015 e o Parecer CNE\/CP N. 2\/2015 Modalidade de Componentes Curriculares Carga Hor\u00e1ria Total de Cr\u00e9ditos Disciplinas Pedag\u00f3gicas obrigat\u00f3rias 660h 44 Disciplinas Filos\u00f3ficas Obrigat\u00f3rias 1.260 h 84 Disciplinas Filos\u00f3ficas Optativas 300h 20 Est\u00e1gio Supervisionado 405h 27 Pr\u00e1tica como componente curricular 405h 27 Total parcial 3.030h Atividades Te\u00f3rico-Pr\u00e1ticas de aprofundamento em \u00e1reas espec\u00edficas [&hellip;]<\/p>\n","protected":false},"author":2,"featured_media":0,"parent":0,"menu_order":0,"comment_status":"closed","ping_status":"closed","template":"","meta":{"footnotes":""},"class_list":["post-890","page","type-page","status-publish","hentry"],"_links":{"self":[{"href":"https:\/\/portal.uern.br\/caico\/dfi\/wp-json\/wp\/v2\/pages\/890","targetHints":{"allow":["GET"]}}],"collection":[{"href":"https:\/\/portal.uern.br\/caico\/dfi\/wp-json\/wp\/v2\/pages"}],"about":[{"href":"https:\/\/portal.uern.br\/caico\/dfi\/wp-json\/wp\/v2\/types\/page"}],"author":[{"embeddable":true,"href":"https:\/\/portal.uern.br\/caico\/dfi\/wp-json\/wp\/v2\/users\/2"}],"replies":[{"embeddable":true,"href":"https:\/\/portal.uern.br\/caico\/dfi\/wp-json\/wp\/v2\/comments?post=890"}],"version-history":[{"count":1,"href":"https:\/\/portal.uern.br\/caico\/dfi\/wp-json\/wp\/v2\/pages\/890\/revisions"}],"predecessor-version":[{"id":891,"href":"https:\/\/portal.uern.br\/caico\/dfi\/wp-json\/wp\/v2\/pages\/890\/revisions\/891"}],"wp:attachment":[{"href":"https:\/\/portal.uern.br\/caico\/dfi\/wp-json\/wp\/v2\/media?parent=890"}],"curies":[{"name":"wp","href":"https:\/\/api.w.org\/{rel}","templated":true}]}}