{"id":884,"date":"2023-10-24T21:51:03","date_gmt":"2023-10-25T00:51:03","guid":{"rendered":"https:\/\/portal.uern.br\/caico\/dfi\/?page_id=884"},"modified":"2023-10-24T21:51:03","modified_gmt":"2023-10-25T00:51:03","slug":"calendario-universitario","status":"publish","type":"page","link":"https:\/\/portal.uern.br\/caico\/dfi\/calendario-universitario\/","title":{"rendered":"Calend\u00e1rio Universit\u00e1rio"},"content":{"rendered":"<p>Acesse a p\u00e1gina dos calend\u00e1rios universit\u00e1rios da UERN <a href=\"https:\/\/portal.uern.br\/calendario-universitario\/\">clicando aqui<\/a>.<\/p>\n","protected":false},"excerpt":{"rendered":"<p>Acesse a p\u00e1gina dos calend\u00e1rios universit\u00e1rios da UERN clicando aqui.<\/p>\n","protected":false},"author":2,"featured_media":0,"parent":0,"menu_order":0,"comment_status":"closed","ping_status":"closed","template":"","meta":{"footnotes":""},"class_list":["post-884","page","type-page","status-publish","hentry"],"_links":{"self":[{"href":"https:\/\/portal.uern.br\/caico\/dfi\/wp-json\/wp\/v2\/pages\/884","targetHints":{"allow":["GET"]}}],"collection":[{"href":"https:\/\/portal.uern.br\/caico\/dfi\/wp-json\/wp\/v2\/pages"}],"about":[{"href":"https:\/\/portal.uern.br\/caico\/dfi\/wp-json\/wp\/v2\/types\/page"}],"author":[{"embeddable":true,"href":"https:\/\/portal.uern.br\/caico\/dfi\/wp-json\/wp\/v2\/users\/2"}],"replies":[{"embeddable":true,"href":"https:\/\/portal.uern.br\/caico\/dfi\/wp-json\/wp\/v2\/comments?post=884"}],"version-history":[{"count":1,"href":"https:\/\/portal.uern.br\/caico\/dfi\/wp-json\/wp\/v2\/pages\/884\/revisions"}],"predecessor-version":[{"id":885,"href":"https:\/\/portal.uern.br\/caico\/dfi\/wp-json\/wp\/v2\/pages\/884\/revisions\/885"}],"wp:attachment":[{"href":"https:\/\/portal.uern.br\/caico\/dfi\/wp-json\/wp\/v2\/media?parent=884"}],"curies":[{"name":"wp","href":"https:\/\/api.w.org\/{rel}","templated":true}]}}