{"id":873,"date":"2023-10-02T21:42:33","date_gmt":"2023-10-03T00:42:33","guid":{"rendered":"https:\/\/portal.uern.br\/caico\/dfi\/?page_id=873"},"modified":"2026-02-26T07:32:18","modified_gmt":"2026-02-26T10:32:18","slug":"corpo-docente","status":"publish","type":"page","link":"https:\/\/portal.uern.br\/caico\/dfi\/corpo-docente\/","title":{"rendered":"Corpo Docente"},"content":{"rendered":"<p>&nbsp;<\/p>\n<hr \/>\n<p><a href=\"https:\/\/www.uern.br\/professor\/benjamimgois\">Prof. Dr. Benjamim Juli\u00e3o de G\u00f3is Filho<\/a><\/p>\n<p>Licenciado em Filosofia pela Universidade do Estado do Rio Grande do Norte (UERN). Licenciado e Bacharel em Hist\u00f3ria pela Universidade Federal do Rio Grande do Norte (UFRN). Bacharel em Teologia pela Faculdade Kurios (FAK\/CE). Especialista em \u00c9tica e Filosofia Pol\u00edtica pela Universidade do Estado do Rio Grande do Norte (UERN). Mestre em Filosofia pela Universidade Federal do Rio Grande do Norte (UFRN). Doutor em Filosofia pela Universidade Federal do Cear\u00e1 (UFC). Psicanalista (CESPN). Atua e tem interesse nas seguintes \u00e1reas: Filosofia Contempor\u00e2nea (Com \u00eanfase na Teoria Cr\u00edtica da Escola de Frankfurt e no pensamento de Michel Foucault); Filosofia da Religi\u00e3o; Teoria da Hist\u00f3ria; Psican\u00e1lise; Teologia Contempor\u00e2nea (Com \u00eanfase em Teologia e Psicologia Pastoral). Membro do DGP\/CNPq\/UERN: N\u00facleo de Estudos em Fenomenologia, Hermen\u00eautica e M\u00edstica.<\/p>\n<hr \/>\n<p><a href=\"https:\/\/www.uern.br\/professor\/franciscocosta\">Prof. Dr. Francisco de Assis Costa da Silva<\/a><\/p>\n<p>Possui gradua\u00e7\u00e3o em Filosofia pela Faculdade Eclesi\u00e1stica de Filosofia Jo\u00e3o Paulo II (1993) , em Teologia pela Pontificia Universidade Cat\u00f3lica do Rio de Janeiro (1997), gradua\u00e7\u00e3o em Letras Cl\u00e1ssicas: Portugu\u00eas-Latim-Literaturas pela Universidade do Estado do Rio de Janeiro (1998), mestrado em Teologia Fundamental pela Pontificia Universit\u00e0 Gregoriana di Roma (2004) e doutorado em Teologia pela Pontificia Universit\u00e0 Gregoriana di Roma (2007). Tem experi\u00eancia na \u00e1rea de Teologia, com \u00eanfase em Teologia e na \u00e1rea de Letras Cl\u00e1ssicas com \u00eanfase em Latim e em Filosofia.<\/p>\n<hr \/>\n<p><a href=\"https:\/\/www.uern.br\/professor\/galileusouza\">Prof. Dr. Galileu Galilei Medeiros de Souza<\/a><\/p>\n<p>Doutor (UFRN\/UFPB\/UFPE) e Mestre em Filosofia (Gregoriana\/It\u00e1lia); Especialista em Bio\u00e9tica,\u00a0Bacharel em Teologia (UPRA\/It\u00e1lia), Filosofia (FFJPII\/RJ) e Licenciado em Filosofia (FAFIC).\u00a0Professor do Departamento e do Mestrado Profissional em Filosofia da UERN. Membro do\u00a0DGP\/CNPq\/UERN \u201cFilosofia e Educa\u00e7\u00e3o\u201d, pesquisa a natureza da filosofia e seu ensino,\u00a0metaf\u00edsica, fenomenologia, filosofia da a\u00e7\u00e3o e hist\u00f3ria da filosofia, tendo orientado estudos a<br \/>\npartir de autores como Arist\u00f3teles, Agostinho, Tom\u00e1s de Aquino, Descartes, Hume, Kant,\u00a0Blondel, Gilson, Ortega y Gasset, Voegelin e Scruton. Coordena o projeto de extens\u00e3o \u201cLeituras\u00a0Filos\u00f3ficas\u201d.<\/p>\n<hr \/>\n<p><a href=\"https:\/\/www.uern.br\/professor\/eudobezerra\">Prof. Dr. Jos\u00e9 Eudo Bezerra<\/a><\/p>\n<p>Licenciado em Filosofia pela Universidade Federal do Rio Grande do Norte. Especializa\u00e7\u00e3o e Mestrado em Filosofia pela Universidade Federal do Rio Grande do Norte.\u00a0Atua na \u00e1rea da Filosofia com \u00eanfase em Hist\u00f3ria da Filosofia Antiga, Metaf\u00edsica e \u00c9tica. Na \u00e1rea de Ensino de Filosofia e forma\u00e7\u00e3o de professores, supervisiona est\u00e1gios curriculares obrigat\u00f3rios e membro do Grupo de Pesquisa: &#8220;Filosofia e Educa\u00e7\u00e3o&#8221;\/CNPq\/UERN.<\/p>\n<hr \/>\n<p><a href=\"https:\/\/www.uern.br\/professor\/josefrancisco\">Prof. Dr. Jos\u00e9 Francisco das Chagas Souza<\/a><\/p>\n<p><span id=\"docs-internal-guid-1b60ab6f-7fff-f636-798c-65c718c8610c\">Bacharel em Teologia (ITER-PE), Licenciado em Filosofia (UECE), Especialista em Metodologia do Ensino Superior (IFC-PB), Mestre em Filosofia (UFRN) e Doutor em Letras (UERN). Tenho estudos em Filosofia a partir da Fenomenologia Existencialista Francesa de Merleau-Ponty e Literatura brasileira em especial, Guimar\u00e3es Rosa e Filosofia da Liberta\u00e7\u00e3o. Segundo l\u00edder do DGP\/CNPq\/UERN \u2013 NEFHEM (N\u00facleo de Estudos em Fenomenologia, Hermen\u00eautica e M\u00edstica. Membro do GP\/EAEB\/UERN (Ensinar e Aprender na Educa\u00e7\u00e3o B\u00e1sica).<\/span><\/p>\n<hr \/>\n<p><a href=\"https:\/\/www.uern.br\/professor\/joseteixeira\">Prof. Dr. Jos\u00e9 Teixeira Neto<\/a><\/p>\n<p>Doutor em Filosofia (2012-UFRN) com Est\u00e1gio de Doutorando no Exterior na Universidade de Coimbra\/Portugal-Orientador no Exterior: Jo\u00e3o Maria Andr\u00e9. Membro dos Grupos de Pesquisa CNPq\/UERN Ensinar e Aprender na Educa\u00e7\u00e3o B\u00e1sica e N\u00facleo de Estudos em Fenomenologia, Hermen\u00eautica e M\u00edstica e do N\u00facleo de Estudo e Pesquisa em Filosofia Medieval &#8211; PRINCIPIUM (UEPB\/Campina Grande-PB). Atua na \u00e1rea da Filosofia com \u00eanfase em Hist\u00f3ria da Filosofia Medieval, Metaf\u00edsica e M\u00edstica. Na \u00e1rea de Ensino de Filosofia e forma\u00e7\u00e3o de professores supervisiona est\u00e1gios curriculares obrigat\u00f3rios e leciona no PROF-FILO, Campus Caic\u00f3 da UERN.<\/p>\n<hr \/>\n<p><a href=\"https:\/\/www.uern.br\/professor\/lourivalcosta\">Prof. Dr. Lourival Bezerra da Costa J\u00fanior<\/a><\/p>\n<p>Possui gradua\u00e7\u00e3o em Filosofia pela Universidade Federal do Rio Grande do Norte (2006), mestrado em Filosofia pela Universidade Federal do Rio Grande do Norte (2008) e doutorado em P\u00f3s-Gradua\u00e7\u00e3o em Filosofia pela Universidade Federal do Rio Grande do Norte (2013). Atualmente \u00e9 adjunto IV &#8211; Ens superior pes-3-06\/filosofia da Universidade do Estado do Rio Grande do Norte. Tem experi\u00eancia na \u00e1rea de Filosofia, com \u00eanfase em Metaf\u00edsica, atuando principalmente nos seguintes temas: Psicologia Plat\u00f4nica, Imortalidade, F\u00e9don, Felicidade, Pensamento Puro e Ph\u00fdsis.<\/p>\n<hr \/>\n<p><a href=\"https:\/\/www.uern.br\/professor\/default2.asp?p=marcoszuben&amp;item=professor&amp;busca=marcos%20de%20camargo\">Prof. Dr. Marcos de Camargo von Zuben<\/a><\/p>\n<p><span id=\"docs-internal-guid-92ae6345-7fff-f2a2-c8eb-70c684bab76c\">Graduado em Filosofia (1996) e mestre em Hist\u00f3ria (1999) pela Universidade de Bras\u00edlia. Doutor em filosofia pela Universidade Estadual de Campinas &#8211; Unicamp (2010). Professor permanente do Programa de P\u00f3s-Gradua\u00e7\u00e3o interdisciplinar em ci\u00eancias sociais e humanas (Mossor\u00f3\/RN) e do mestrado Profissional em Filosofia (Caic\u00f3\/RN). Possui conhecimentos especializados em filosofia e educa\u00e7\u00e3o, filosofia pol\u00edtica, \u00e9tica, ontologia, hist\u00f3ria da filosofia moderna e contempor\u00e2nea, atuando principalmente nos seguintes temas: processos de subjetiva\u00e7\u00e3o, \u00e9tica, ensino de filosofia.<\/span><\/p>\n<hr \/>\n<p><a href=\"https:\/\/www.uern.br\/professor\/marcoserico\">Prof. Dr. Marcos \u00c9rico de Ara\u00fajo Silva<\/a><\/p>\n<p>Bacharel (UFPB), Licenciado (UFPB), Mestre (UFPB) e Doutor em Filosofia (UFPB-UFPE-UFRN). Tem interesse na Filosofia a partir da Fenomenologia, Hermen\u00eautica e Ontologia, sem compreend\u00ea-las, por\u00e9m, como correntes de pensamento, mas como forma e m\u00e9todo da pr\u00f3pria filosofia. A partir disto e, trazendo isto como quest\u00e3o, estuda particularmente Kierkegaard, Heidegger, e Gabriel Marcel. Ultimamente tamb\u00e9m vem estudando m\u00edstica filos\u00f3fica e teol\u00f3gica, especialmente nos Pensadores Franciscanos e na Espiritualidade Franciscana. Membro da Sociedade Brasileira de Estudos de Kierkegaard (SOBRESKI). L\u00edder do DGP\\CNPq\\UERN: NEFHEM &#8211; N\u00facleo de Estudos em Fenomenologia, Hermen\u00eautica e M\u00edstica. Membro do Grupo de Estudos Margem Kierkegaardiana (IPUB\/UFRJ).<\/p>\n<hr \/>\n<p><a href=\"https:\/\/www.uern.br\/professor\/mariageane\">Prof. Esp. Maria Geane de Lima Ferreira<\/a><\/p>\n<p><span id=\"docs-internal-guid-f68b80cf-7fff-27a9-3f78-37c854cdd93c\">Gradua\u00e7\u00e3o em Hist\u00f3ria pela Universidade Federal da Para\u00edba (2000). P\u00f3s-gradua\u00e7\u00e3o Lato Sensu em Libras pela Faculdade Internacional do Delta -PI (2014). Graduada em Letras\/Libras pela Universidade Federal da Para\u00edba (2016). Tem experi\u00eancia na \u00e1rea de Educa\u00e7\u00e3o, com \u00eanfase em Educa\u00e7\u00e3o e Educa\u00e7\u00e3o Inclusiva. Professora de Libras de Ensino Superior com Dedica\u00e7\u00e3o Exclusiva- Professora de Ci\u00eancias Humanas da UERN-Universidade do Estado do Rio Grande do Norte. Coordenadora do Curso de Extens\u00e3o M\u00e3os que Falam II: Libras nas m\u00e3os da comunidade; Vice- coordenadora do Curso de Extens\u00e3o M\u00e3os que Falam I; Libras nas m\u00e3os da comunidade. Membro do Programa de Extens\u00e3o Mem\u00f3ria, Identidade e Forma\u00e7\u00e3o do Sujeito: a educa\u00e7\u00e3o, a sa\u00fade e o car\u00e1ter social da viva humana na constitui\u00e7\u00e3o do &#8220;Self&#8221;; Membro do Grupo de Pesquisa Filosofia, Educa\u00e7\u00e3o, Sa\u00fade e Pensamento Complexo<\/span><\/p>\n<hr \/>\n<p><a href=\"https:\/\/www.uern.br\/professor\/mariareilta\">Profa. Dra. Maria Reilta Dantas Cirino<\/a><\/p>\n<p>Pedagoga(FFM\/Patos\/PB). Especialista em Psicopedagogia(UFRJ) e em Educa\u00e7\u00e3o Infantil(UFRN). Mestra em Educa\u00e7\u00e3o(UFRN) e Doutora em Educa\u00e7\u00e3o (UERJ) com etapa de pesquisa doutoral no exterior, Sanduiche CAPES, na Universidad de La Plata(ARG).\u00a0 L\u00edder do Grupo de Pesquisa &#8220;Ensinar e Aprender na Educa\u00e7\u00e3o B\u00e1sica \u2013 GP-EAEB\/CNPq\/UERN&#8221; e membro dos Grupos de Pesquisas: &#8220;Filosofia e Educa\u00e7\u00e3o&#8221;\/CNPq\/UERN, N\u00facleo de Filosofias e Inf\u00e2ncias &#8211; NEFI\/ CNPq\/UERJ\/RJ. Publicou em 2016, o livro &#8220;Filosofia com crian\u00e7as: cenas de experi\u00eancia em Caic\u00f3 (RN), Rio de Janeiro (RJ) e La Plata (Argentina).&#8221;<\/p>\n<p><a href=\"https:\/\/buscatextual.cnpq.br\/buscatextual\/visualizacv.do?id=K2477732H6&amp;tokenCaptchar=0cAFcWeA6eXKzaUtf0XN9ZDpBQ-SCEwMAEhS_y8mI8oek8i_BvHGZ426P_bOEXE_HkkMfeZvH81-r7U3C1igbbdOTXhBYeQKxQTwGiJkOupkYfjsg2wD8JXNfxUE7fNnrerIDNR1h6cnJgl-2iH-YnXoH94w6LuG3k-RIQphAT00YIbHguhRwtQ5t5VE-CANk8z1qiE4bLMlkrcpVTNOyFmfzruTeemuo1OWU2pRp4lnB7KQFCOV42XdmB8aTOjI_7EEu7uUHBLuXfOrRbHWbRICv9W5sFns7INH_TpIGIQEZF_GLIPrkkbL34HGr648mCii4utF-eUg4o3Wi81DnpL-EHvJIoZy4o8YWBzYW4XOOcLFex_JE_bl__yuZAw-wWlBz74AaSQ6RbBvq-u3eiIQ9lwJOiGUfLCMsEoeNWvsoj-O3T_wZ7sZSEyMABedqsrdoYqJ0op97Ft6yqiRq7cibym5DvXAgrj55cnXf4ooyXda6gdcHsL1ePaoxm1YyiYjdmwhzIYYiJKN0JSyKXjCAzU1T6H0hbuV-ERdZcK6BwQP8vp8jR1GfiKIKgQzXSGrIVEuO26SFDXDusVWCN_ejHyeFp2ibOYqr0HsUfd2Ctfccr_VEKQUyQ84p-e_DDWhhnYO59P46_iyMwfWKYMKP_7XPEhn3xO2U9CGgGtNLXJAPzPIH6lHykSCMP-EaVBeSqbpjK_ZyJLeMmAdJvJp-GwXIuaNAYKdEymn5-yTses6_h-MMNUNkVU9TDodpAZohsz4dMnscR8ZDdf7FHTp3z_fX5PY6hMAR9qUVsLzDtBExSbbTMrTs\">Prof. Ms. Renan Ara\u00fajo dos Santos Filho<\/a><\/p>\n<p>Pesquisador Bolsista da Funda\u00e7\u00e3o de Amparo e Promo\u00e7\u00e3o da Ci\u00eancia, Tecnologia e Inova\u00e7\u00e3o do Rio Grande do Norte (FAPERN) atuando no Departamento de Filosofia da Universidade do Estado do Rio Grande do Norte (UERN), Campus Caic\u00f3. Graduado em Filosofia pela Universidade do Estado do Rio Grande do Norte (UERN). Mestre em Filosofia pelo Programa de P\u00f3s-gradua\u00e7\u00e3o em Filosofia da Universidade Federal do Rio Grande do Norte (PPGFIL\/UFRN). Membro do Grupo de Pesquisa Ensinar e Aprender na Educa\u00e7\u00e3o B\u00e1sica. Atua na \u00e1rea de filosofia com \u00eanfase em filosofia pol\u00edtica. Tem interesse nos entrela\u00e7amentos entre filosofia, pol\u00edtica e educa\u00e7\u00e3o e desenvolve pesquisa a respeito desses temas a partir do pensamento do fil\u00f3sofo franc\u00eas Jacques Ranci\u00e8re.<\/p>\n<p><a href=\"https:\/\/buscatextual.cnpq.br\/buscatextual\/visualizacv.do?id=K4237324A3&amp;tokenCaptchar=03AFcWeA4CyJK0kn1MQ89M-6jOAOAXSfUpwUFBAB8_5nhmvrC4hB_qV4xnNVf6nQebih2Ch8aww2r970kSPGw5F0qHBOPX3Loih5HyGfS2k3icfcR2bMTyyqdnClTU1rh2Xs2PBFSOkkTY1SH8llIRlaFb6T5p_yqJdBSpW3Fs6jP_OPAgifpUeHo3OSQreikXFStg4J5AU8IXN4RmIcVBrf_9BqCvZUQjnkknLNXHjUQCFO1xQv-A2FI_NpGo4qMJQODwu3Vsvf-u_RPyWCl8CgkEysEbIOXSBhqU7ozhY5ZN6v2wWKONuhMgm2GCAxF5o3phc4kXAeFDFJ1eFYhmBP_GM5ba-c7YgHa-WetVflOamCvnG7qSdp1NkYubZEsyPc68BBH4CW1TYgzw8dPEdCn18cTErHKV2HZ-1MsFeI9UmuP44-ges8Z7rvefcLIZ0_6wbLaP82pZlnhhV1XkmdsWCEohLdbJO5wPi-B-LLOrrnhDbUYkbV3Lu0JSHH9OYCogQLFL-bHORbGk34ZhbrXN-q8tgkKWi-9spkTd5WIFfaHIaY5gXHBSsfe0PECXXq1FxK6H7WIwrlTf4vleQgThOqKuKop9C9Ykfqjw998-DQ_VdzkjNLaVorl9X6qNGncbH99EiW0NhZjlmwoXyud11RySqlNmIY9EahkdOR1dZAp01wDT11jUJhq6CDXoq0m5S9UZ4WbHEj2a-9WevD8rtg7VVzQYTtKJCEzGGUI1fMHAKL8sIpxDWmAQSwIh27iVSwj97yqBngQqGbnCZrlYt-WPsqoCX0qH9sV479JS_rOAU7J_bWuJhOvQ_tViXhRbKxi1pkSANOxI1xioyHA3GO4NT2suEXVaCPh780Fog4njhL6bt96ePMsROzp68tk5iKjidTxdwf03EDX0NpUCFJEZgSXiSHV35-9owsMgxlAyiVRqnX1SPiNZFm6OdROSKVReEHxKdnSTuouCiPoqE3Vh9Ryufw\">Prof. Dr. Ricardo Miranda Nachmanowicz<\/a><\/p>\n<p>Possui gradua\u00e7\u00e3o em Filosofia pela UFMG (2004), mestrado em M\u00fasica pela UFMG (2007), mestrado em Filosofia pela UFOP (2012) e doutorado em Filosofia pela UFMG (2016). Tem experi\u00eancia na \u00e1rea de Filosofia, com \u00eanfase em Fenomenologia, atuando principalmente nos seguintes temas: Fenomenologia, Epistemologia, Est\u00e9tica, Pragmatismo, Filosofia da Percep\u00e7\u00e3o, Antropologia Filos\u00f3fica.<\/p>\n<p>&nbsp;<\/p>\n<p><a href=\"https:\/\/www.uern.br\/professor\/shirlenemafra\">Profa. Dra. Shirlene Santos Mafra Medeiros<\/a><\/p>\n<p>Graduada em Pedagogia em Administra\u00e7\u00e3o Escolar pela Universidade Federal do Rio Grande do Norte- UFRN; Especialista em Gest\u00e3o Escolar- CONSED &#8211; PROGEST\u00c3O, Forma\u00e7\u00e3o dos Professores numa perspectiva Interdisciplinar- UFRN, Psicopedagogia. Possui mestrado em Ci\u00eancias Sociais pela UFRN; Doutorado em Mem\u00f3rias, Linguagem e Sociedade pela Universidade Estadual do Sudoeste da Bahia &#8211; UESB e fez uma parte do doutorado Sandu\u00edche na UNICAMP\/SP na Faculdade de Educa\u00e7\u00e3o-(2012) pelo PROCAD e pelo Programa de P\u00f3s-Gradua\u00e7\u00e3o em Mem\u00f3ria, Linguagem e Sociedade-UESB, da Linha de Pesquisa: Mem\u00f3ria e Doc\u00eancia Universit\u00e1ria e Educa\u00e7\u00e3o e Estudos de G\u00eanero &#8211; UESB, com a Profa. Dra. Rita Maria Radh Philipp- Universidade de Santiago de Compostela &#8211; Espanha (2016). Atualmente \u00e9 professora Adjunto IV do Departamento de Filosofia do Campus Caic\u00f3 &#8211; CAC &#8211; UERN. Diretora do Campus Avan\u00e7ado de Caic\u00f3, Professora Permanente do Mestrado Profissional em Filosofia &#8211; PROF\/FILO &#8211; UERN. L\u00edder do Grupo de Pesquisa em Filosofia, Educa\u00e7\u00e3o, Sa\u00fade e Pensamento Complexo, coordena um Programa de Extens\u00e3o &#8220;Mem\u00f3ria, Identidade e Forma\u00e7\u00e3o Social do Sujeito: o car\u00e1ter social da vida humana na constitui\u00e7\u00e3o do Self. Tem experi\u00eancias profissionais na \u00e1rea de Educa\u00e7\u00e3o, com \u00eanfase na \u00e1rea de Fundamentos da Educa\u00e7\u00e3o, atuando principalmente nos seguintes temas: educa\u00e7\u00e3o, sa\u00fade, pol\u00edticas p\u00fablicas, gest\u00e3o democr\u00e1tica, aprendizagem, educa\u00e7\u00e3o infantil, educa\u00e7\u00e3o de valores, aprendizagem, mem\u00f3ria, identidade, forma\u00e7\u00e3o social do sujeito, Educa\u00e7\u00e3o Cr\u00edtica-Emancipat\u00f3ria e Interacionismo Simb\u00f3lico na perspectiva de George Herbert Mead. Filosofia na Escola, na Educa\u00e7\u00e3o B\u00e1sica \u00e0 Universidade. Estudos de Identidade e sobre as Fil\u00f3sofas Mulheres<\/p>\n<hr \/>\n<p>&nbsp;<\/p>\n","protected":false},"excerpt":{"rendered":"<p>&nbsp; Prof. Dr. Benjamim Juli\u00e3o de G\u00f3is Filho Licenciado em Filosofia pela Universidade do Estado do Rio Grande do Norte (UERN). Licenciado e Bacharel em Hist\u00f3ria pela Universidade Federal do Rio Grande do Norte (UFRN). Bacharel em Teologia pela Faculdade Kurios (FAK\/CE). Especialista em \u00c9tica e Filosofia Pol\u00edtica pela Universidade do Estado do Rio Grande [&hellip;]<\/p>\n","protected":false},"author":1,"featured_media":0,"parent":0,"menu_order":0,"comment_status":"closed","ping_status":"closed","template":"","meta":{"footnotes":""},"class_list":["post-873","page","type-page","status-publish","hentry"],"_links":{"self":[{"href":"https:\/\/portal.uern.br\/caico\/dfi\/wp-json\/wp\/v2\/pages\/873","targetHints":{"allow":["GET"]}}],"collection":[{"href":"https:\/\/portal.uern.br\/caico\/dfi\/wp-json\/wp\/v2\/pages"}],"about":[{"href":"https:\/\/portal.uern.br\/caico\/dfi\/wp-json\/wp\/v2\/types\/page"}],"author":[{"embeddable":true,"href":"https:\/\/portal.uern.br\/caico\/dfi\/wp-json\/wp\/v2\/users\/1"}],"replies":[{"embeddable":true,"href":"https:\/\/portal.uern.br\/caico\/dfi\/wp-json\/wp\/v2\/comments?post=873"}],"version-history":[{"count":6,"href":"https:\/\/portal.uern.br\/caico\/dfi\/wp-json\/wp\/v2\/pages\/873\/revisions"}],"predecessor-version":[{"id":1161,"href":"https:\/\/portal.uern.br\/caico\/dfi\/wp-json\/wp\/v2\/pages\/873\/revisions\/1161"}],"wp:attachment":[{"href":"https:\/\/portal.uern.br\/caico\/dfi\/wp-json\/wp\/v2\/media?parent=873"}],"curies":[{"name":"wp","href":"https:\/\/api.w.org\/{rel}","templated":true}]}}