{"id":259,"date":"2023-02-05T21:36:01","date_gmt":"2023-02-06T00:36:01","guid":{"rendered":"http:\/\/beta.apps.uern.br\/wordpress\/caico\/filosofia\/?page_id=259"},"modified":"2026-02-26T08:20:10","modified_gmt":"2026-02-26T11:20:10","slug":"apresentacao","status":"publish","type":"page","link":"https:\/\/portal.uern.br\/caico\/dfi\/","title":{"rendered":"Apresenta\u00e7\u00e3o"},"content":{"rendered":"<blockquote><p>Prezados (as),<\/p>\n<p>Nossa p\u00e1gina est\u00e1 em fase de atualiza\u00e7\u00e3o dos conte\u00fados. Caso tenha d\u00favidas, sinta-se \u00e0 vontade para entrar em contato atrav\u00e9s do e-mail:\u00a0 dfi.caico@uern.br<\/p>\n<p>Agradecemos a compreens\u00e3o!<\/p>\n<p>Atenciosamente,<\/p>\n<p>Secretaria do Departamento de Filosofia<\/p><\/blockquote>\n<p>&nbsp;<\/p>\n<h3>Apresenta\u00e7\u00e3o<\/h3>\n<p>O Departamento de Filosofia da UERN \u2013 Campus Caic\u00f3, oferece a habilita\u00e7\u00e3o em Licenciatura. O curso de Filosofia \u00e9 Noturno. Os estudantes tamb\u00e9m podem contar, opcionalmente, caso desejem e\/ou tiverem disponibilidade, com as atividades de Grupos de Pesquisa e de Extens\u00e3o, nos hor\u00e1rios da manh\u00e3 e tarde, e, \u00e0s vezes, aos s\u00e1bados.<\/p>\n<p>O curso de Filosofia foi o pioneiro a desempenhar um papel decisivo para vinda da UERN a Caic\u00f3, principal cidade do Serid\u00f3. A hist\u00f3ria do Campus e do Curso de Filosofia, portanto, se confundem e se identificam.\u00a0O Curso de Filosofia inicia em 1999, como curso livre, sob a responsabilidade da Diocese de Caic\u00f3 e no ano de 2001 \u00e9 celebrado um conv\u00eanio com a UERN, abrindo espa\u00e7o para a primeira turma em 2002. Em 2006, finalmente, o Curso de Filosofia \u00e9 incorporado ao Campus do Serid\u00f3, hoje Campus Caic\u00f3. Atrav\u00e9s de concursos p\u00fablicos alguns padres que atuavam na forma\u00e7\u00e3o filos\u00f3fica da Diocese foram absorvidos no curso e, desde ent\u00e3o, novos docentes, de outras localidades e forma\u00e7\u00f5es, inclusive alunos formados pelo Departamento, hoje, concursados e j\u00e1 doutores, atuam no Departamento de Filosofia.<\/p>\n<p>Nosso Corpo Docente, conta com 12 docentes efetivos e 2 docentes tempor\u00e1rios. Dos 12 docentes efetivos, n\u00f3s temos 11 Doutores, e 1 Especialista.\u00a0 Ademais, o Departamento de Filosofia conta com duas t\u00e9cnicas administrativas que atuam junto \u00e0 secretaria do Curso.<\/p>\n<p>Temos, atualmente, quatro DGP\/CNPQ (Diret\u00f3rio de Grupos de Pesquisa do CNPq) com v\u00e1rias Linhas de Pesquisas que costuram os interesses de pesquisas dos nossos docentes, trabalhando com os estudantes e orientandos (as), assim como inserindo nossos docentes numa rede de pesquisadores em Filosofia a n\u00edvel nacional e internacional. Daqui surgem as principais atividades que se desenvolver\u00e3o e frutificar\u00e3o em aprendizado de leitura, interpreta\u00e7\u00e3o e escrita das obras dos fil\u00f3sofos, trabalhos monogr\u00e1ficos, artigos, e comunica\u00e7\u00f5es orais em eventos da \u00e1rea de Filosofia.<\/p>\n<p>Nosso Departamento est\u00e1 envolvido em diversos projetos, dos quais alguns poder\u00e3o gerar algumas bolsas de estudos para alguns estudantes: PIBID, Monitoria, PIBIC, e Projetos de Extens\u00e3o.<\/p>\n<p>O Departamento de Filosofia da UERN \u2013 Campus Caic\u00f3, desde 2008 mant\u00e9m, com periodicidade, a revista TRILHAS FILOS\u00d3FICAS. Na \u00faltima avalia\u00e7\u00e3o 2017-2020 nossa revista recebeu da CAPES o Qualis A4 em Filosofia.<\/p>\n<p>Segue abaixo os informa\u00e7\u00f5es importantes quanto \u00e0 dura\u00e7\u00e3o do curso e matriz curricular:<\/p>\n<ul>\n<li><strong>C\u00f3digo:<\/strong> CFI2023<\/li>\n<li><strong>Modalidade:<\/strong>\u00a0Licenciatura<\/li>\n<li><strong>Carga Hor\u00e1ria Total:<\/strong>\u00a03.437 horas &#8211; Matriz Curricular<\/li>\n<li><strong>Tempo do Curso:<\/strong>\u00a0entre 8 e 12 semestres (m\u00e1ximo)<\/li>\n<\/ul>\n<p>&nbsp;<\/p>\n<ul>\n<li><strong>Atendimento administrativo:\u00a0<\/strong><\/li>\n<\/ul>\n<p>Segunda-feira das 13h \u00e0s 22h.<\/p>\n<p>Ter\u00e7a-feira das 07h \u00e0s 13h e das 16h \u00e0s 22h.<\/p>\n<p>Quarta-feira das 07h \u00e0s 13h e das 16h \u00e0s 22h.<\/p>\n<p>Quinta-feira das 07h \u00e0s 13h e das 16h \u00e0s 22h.<\/p>\n<p>Sexta-feira das 07h \u00e0s 13h e das 16h \u00e0s 22h.<\/p>\n<p>&nbsp;<\/p>\n<ul>\n<li><strong>Redes Sociais do Curso de Filosofia:\u00a0<\/strong><a href=\"https:\/\/www.instagram.com\/nefhem.uern\/?utm_medium=copy_link\">Instagram<\/a>\u00a0e<strong>\u00a0<\/strong><a href=\"https:\/\/www.youtube.com\/channel\/UCdLnMKM2Nl-XDAEkEHI0xsw\">Youtube<\/a><\/li>\n<li><strong>Contato:\u00a0<\/strong>dfi.caico@uern.br<\/li>\n<li><strong>Endere\u00e7o:<\/strong> Av. Rio Branco,725 \u2013 Centro &#8211; CEP: 59300-000 Caic\u00f3-RN<\/li>\n<\/ul>\n","protected":false},"excerpt":{"rendered":"<p>Prezados (as), Nossa p\u00e1gina est\u00e1 em fase de atualiza\u00e7\u00e3o dos conte\u00fados. Caso tenha d\u00favidas, sinta-se \u00e0 vontade para entrar em contato atrav\u00e9s do e-mail:\u00a0 dfi.caico@uern.br Agradecemos a compreens\u00e3o! Atenciosamente, Secretaria do Departamento de Filosofia &nbsp; Apresenta\u00e7\u00e3o O Departamento de Filosofia da UERN \u2013 Campus Caic\u00f3, oferece a habilita\u00e7\u00e3o em Licenciatura. O curso de Filosofia \u00e9 [&hellip;]<\/p>\n","protected":false},"author":1,"featured_media":0,"parent":0,"menu_order":0,"comment_status":"closed","ping_status":"closed","template":"","meta":{"footnotes":""},"class_list":["post-259","page","type-page","status-publish","hentry"],"_links":{"self":[{"href":"https:\/\/portal.uern.br\/caico\/dfi\/wp-json\/wp\/v2\/pages\/259","targetHints":{"allow":["GET"]}}],"collection":[{"href":"https:\/\/portal.uern.br\/caico\/dfi\/wp-json\/wp\/v2\/pages"}],"about":[{"href":"https:\/\/portal.uern.br\/caico\/dfi\/wp-json\/wp\/v2\/types\/page"}],"author":[{"embeddable":true,"href":"https:\/\/portal.uern.br\/caico\/dfi\/wp-json\/wp\/v2\/users\/1"}],"replies":[{"embeddable":true,"href":"https:\/\/portal.uern.br\/caico\/dfi\/wp-json\/wp\/v2\/comments?post=259"}],"version-history":[{"count":15,"href":"https:\/\/portal.uern.br\/caico\/dfi\/wp-json\/wp\/v2\/pages\/259\/revisions"}],"predecessor-version":[{"id":1173,"href":"https:\/\/portal.uern.br\/caico\/dfi\/wp-json\/wp\/v2\/pages\/259\/revisions\/1173"}],"wp:attachment":[{"href":"https:\/\/portal.uern.br\/caico\/dfi\/wp-json\/wp\/v2\/media?parent=259"}],"curies":[{"name":"wp","href":"https:\/\/api.w.org\/{rel}","templated":true}]}}