{"id":1248,"date":"2026-02-26T12:11:51","date_gmt":"2026-02-26T15:11:51","guid":{"rendered":"https:\/\/portal.uern.br\/caico\/dfi\/?page_id=1248"},"modified":"2026-02-26T12:12:57","modified_gmt":"2026-02-26T15:12:57","slug":"nucleo-docente-estruturante-do-curso-nde","status":"publish","type":"page","link":"https:\/\/portal.uern.br\/caico\/dfi\/nucleo-docente-estruturante-do-curso-nde\/","title":{"rendered":"N\u00facleo Docente Estruturante do Curso &#8211; NDE"},"content":{"rendered":"<p>&nbsp;<\/p>\n<p><span style=\"color: #0000ff\"><b>N\u00daCLEO DOCENTE ESTRUTURANTE:<\/b><\/span><\/p>\n<ol>\n<li><span style=\"font-weight: 400\">Maria Reilta Dantas Cirino (Coordenadora)<\/span><\/li>\n<li><span style=\"font-weight: 400\">Francisco de Assis Costa da Silva (Vice-Coordenador)<\/span><\/li>\n<li><span style=\"font-weight: 400\">Jos\u00e9 Francisco das Chagas Souza (Orientador Acad\u00eamico)<\/span><\/li>\n<li><span style=\"font-weight: 400\">Jos\u00e9 Eudo Bezerra (Coordenador de Est\u00e1gio Obrigat\u00f3rio)<\/span><\/li>\n<li><span style=\"font-weight: 400\">Galileu Galilei Medeiros de Souza (Chefe de Departamento)<\/span><\/li>\n<li><span style=\"font-weight: 400\">Jos\u00e9 Teixeira Neto (Membro Docente)<\/span><\/li>\n<li><span style=\"font-weight: 400\">Marcos de Camargo von Zuben (Membro docente)<\/span><\/li>\n<li><span style=\"font-weight: 400\">Shirlene Santos Mafra Medeiros (Membro docente)<\/span><\/li>\n<\/ol>\n","protected":false},"excerpt":{"rendered":"<p>&nbsp; N\u00daCLEO DOCENTE ESTRUTURANTE: Maria Reilta Dantas Cirino (Coordenadora) Francisco de Assis Costa da Silva (Vice-Coordenador) Jos\u00e9 Francisco das Chagas Souza (Orientador Acad\u00eamico) Jos\u00e9 Eudo Bezerra (Coordenador de Est\u00e1gio Obrigat\u00f3rio) Galileu Galilei Medeiros de Souza (Chefe de Departamento) Jos\u00e9 Teixeira Neto (Membro Docente) Marcos de Camargo von Zuben (Membro docente) Shirlene Santos Mafra Medeiros (Membro [&hellip;]<\/p>\n","protected":false},"author":7,"featured_media":0,"parent":0,"menu_order":0,"comment_status":"closed","ping_status":"closed","template":"","meta":{"footnotes":""},"class_list":["post-1248","page","type-page","status-publish","hentry"],"_links":{"self":[{"href":"https:\/\/portal.uern.br\/caico\/dfi\/wp-json\/wp\/v2\/pages\/1248","targetHints":{"allow":["GET"]}}],"collection":[{"href":"https:\/\/portal.uern.br\/caico\/dfi\/wp-json\/wp\/v2\/pages"}],"about":[{"href":"https:\/\/portal.uern.br\/caico\/dfi\/wp-json\/wp\/v2\/types\/page"}],"author":[{"embeddable":true,"href":"https:\/\/portal.uern.br\/caico\/dfi\/wp-json\/wp\/v2\/users\/7"}],"replies":[{"embeddable":true,"href":"https:\/\/portal.uern.br\/caico\/dfi\/wp-json\/wp\/v2\/comments?post=1248"}],"version-history":[{"count":3,"href":"https:\/\/portal.uern.br\/caico\/dfi\/wp-json\/wp\/v2\/pages\/1248\/revisions"}],"predecessor-version":[{"id":1250,"href":"https:\/\/portal.uern.br\/caico\/dfi\/wp-json\/wp\/v2\/pages\/1248\/revisions\/1250"}],"wp:attachment":[{"href":"https:\/\/portal.uern.br\/caico\/dfi\/wp-json\/wp\/v2\/media?parent=1248"}],"curies":[{"name":"wp","href":"https:\/\/api.w.org\/{rel}","templated":true}]}}