{"id":1240,"date":"2026-02-26T10:29:02","date_gmt":"2026-02-26T13:29:02","guid":{"rendered":"https:\/\/portal.uern.br\/caico\/dfi\/?page_id=1240"},"modified":"2026-02-26T12:48:40","modified_gmt":"2026-02-26T15:48:40","slug":"projetos-de-extensao","status":"publish","type":"page","link":"https:\/\/portal.uern.br\/caico\/dfi\/projetos-de-extensao\/","title":{"rendered":"Projetos de Extens\u00e3o"},"content":{"rendered":"<p><span style=\"font-weight: 400\">A\u00e7\u00f5es de Extens\u00e3o desenvolvidas no per\u00edodo de 2020 a 2025:<\/span><\/p>\n<table style=\"width: 90.1789%;height: 1662px\" width=\"673\" cellspacing=\"0\" cellpadding=\"2\">\n<thead>\n<tr>\n<th style=\"width: 17.9548%\" width=\"71\"><span style=\"font-family: Times New Roman, serif\"><b>Categoria<\/b><\/span><\/th>\n<th style=\"width: 33.2877%\" width=\"347\"><span style=\"font-family: Times New Roman, serif\"><b>T\u00edtulo<\/b><\/span><\/th>\n<th style=\"width: 31.8728%\" width=\"143\"><span style=\"font-family: Times New Roman, serif\"><b>Coordena\u00e7\u00e3o<\/b><\/span><\/th>\n<th style=\"width: 44.7035%\" width=\"95\">\n<p align=\"center\"><b>Dura\u00e7\u00e3o<\/b><\/p>\n<\/th>\n<\/tr>\n<\/thead>\n<tbody>\n<tr>\n<td style=\"width: 17.9548%\" width=\"71\"><span style=\"font-family: Times New Roman, serif\">Projeto<\/span><\/td>\n<td style=\"width: 33.2877%\" width=\"347\"><span style=\"font-family: Times New Roman, serif\">Canal Leitura Filos\u00f3fica<\/span><\/td>\n<td style=\"width: 31.8728%\" width=\"143\"><span style=\"font-family: Times New Roman, serif\">Galileu Galilei Medeiros de Souza<\/span><\/td>\n<td style=\"width: 44.7035%\" rowspan=\"4\" width=\"95\">\n<p align=\"center\">\n<p align=\"center\">2025.1 e 2025.2<\/p>\n<\/td>\n<\/tr>\n<tr>\n<td style=\"width: 17.9548%\" width=\"71\"><span style=\"font-family: Times New Roman, serif\">Projeto<\/span><\/td>\n<td style=\"width: 33.2877%\" width=\"347\"><span style=\"font-family: Times New Roman, serif\">Filosofia e Cinema na Escola.<\/span><\/td>\n<td style=\"width: 31.8728%\" width=\"143\"><span style=\"font-family: Times New Roman, serif\">Marcos de Camargo Von Zuben<\/span><\/td>\n<\/tr>\n<tr>\n<td style=\"width: 17.9548%\" width=\"71\"><span style=\"font-family: Times New Roman, serif\">Projeto<\/span><\/td>\n<td style=\"width: 33.2877%\" width=\"347\"><span style=\"font-family: Times New Roman, serif\">Mem\u00f3ria Viva de autocuidado: sa\u00fade bem-estar da pessoa idosa<\/span><\/td>\n<td style=\"width: 31.8728%\" width=\"143\"><span style=\"font-family: Times New Roman, serif\">Shirlene Santos Mafra Medeiros<\/span><\/td>\n<\/tr>\n<tr>\n<td style=\"width: 17.9548%\" width=\"71\"><span style=\"font-family: Times New Roman, serif\">Projeto<\/span><\/td>\n<td style=\"width: 33.2877%\" width=\"347\"><span style=\"font-family: Times New Roman, serif\">Quando os corpos se tornam pol\u00edticos: pensando pol\u00edtica e est\u00e9tica a partir de Jacques Ranciere.<\/span><\/td>\n<td style=\"width: 31.8728%\" width=\"143\"><span style=\"font-family: Times New Roman, serif\">Jos\u00e9 Teixeira Neto<\/span><\/td>\n<\/tr>\n<tr>\n<td style=\"width: 17.9548%\" width=\"71\"><span style=\"font-family: Times New Roman, serif\">Projeto<\/span><\/td>\n<td style=\"width: 33.2877%\" width=\"347\"><span style=\"font-family: Times New Roman, serif\">Canal Leitura Filos\u00f3fica<\/span><\/td>\n<td style=\"width: 31.8728%\" width=\"143\"><span style=\"font-family: Times New Roman, serif\">Galileu Galilei Medeiros de Souza<\/span><\/td>\n<td style=\"width: 44.7035%\" rowspan=\"4\" width=\"95\">\n<p align=\"center\">2024.1 e 2024.2<\/p>\n<\/td>\n<\/tr>\n<tr>\n<td style=\"width: 17.9548%\" width=\"71\"><span style=\"font-family: Times New Roman, serif\">Projeto<\/span><\/td>\n<td style=\"width: 33.2877%\" width=\"347\"><span style=\"font-family: Times New Roman, serif\">Falando por voc\u00ea \u2013 Filosofia e educa\u00e7\u00e3o no r\u00e1dio II<\/span><\/td>\n<td style=\"width: 31.8728%\" width=\"143\"><span style=\"font-family: Times New Roman, serif\">Jos\u00e9 Teixeira Neto<\/span><\/td>\n<\/tr>\n<tr>\n<td style=\"width: 17.9548%\" width=\"71\"><span style=\"font-family: Times New Roman, serif\">Curso<\/span><\/td>\n<td style=\"width: 33.2877%\" width=\"347\"><span style=\"font-family: Times New Roman, serif\">Filoterap\u00e9ia III<\/span><\/td>\n<td style=\"width: 31.8728%\" width=\"143\"><span style=\"font-family: Times New Roman, serif\">Lourival Bezerra da Costa J\u00fanior<\/span><\/td>\n<\/tr>\n<tr>\n<td style=\"width: 17.9548%\" width=\"71\"><span style=\"font-family: Times New Roman, serif\">Curso<\/span><\/td>\n<td style=\"width: 33.2877%\" width=\"347\"><span style=\"font-family: Times New Roman, serif\">M\u00e3os que falam II: Libras nas m\u00e3os da comunidade<\/span><\/td>\n<td style=\"width: 31.8728%\" width=\"143\"><span style=\"font-family: Times New Roman, serif\">Maria Geane de Lima Ferreira<\/span><\/td>\n<\/tr>\n<tr>\n<td style=\"width: 17.9548%\" width=\"71\"><span style=\"font-family: Times New Roman, serif\">Curso<\/span><\/td>\n<td style=\"width: 33.2877%\" width=\"347\"><span style=\"font-family: Times New Roman, serif\">Filoterap\u00e9ia<\/span><\/td>\n<td style=\"width: 31.8728%\" width=\"143\"><span style=\"font-family: Times New Roman, serif\">Lourival Bezerra da Costa J\u00fanior<\/span><\/td>\n<td style=\"width: 44.7035%\" rowspan=\"3\" width=\"95\">\n<p align=\"center\">2023.1 e <span style=\"font-size: medium\">2023.2<\/span><\/p>\n<\/td>\n<\/tr>\n<tr>\n<td style=\"width: 17.9548%\" width=\"71\"><span style=\"font-family: Times New Roman, serif\">Projeto<\/span><\/td>\n<td style=\"width: 33.2877%\" width=\"347\"><span style=\"font-family: Times New Roman, serif\">Ideias e Debates em Rede<\/span><\/td>\n<td style=\"width: 31.8728%\" width=\"143\"><span style=\"font-family: Times New Roman, serif\">Benjamim Juli\u00e3o de G\u00f3is Filho<\/span><\/td>\n<\/tr>\n<tr>\n<td style=\"width: 17.9548%\" width=\"71\"><span style=\"font-family: Times New Roman, serif\">Projeto<\/span><\/td>\n<td style=\"width: 33.2877%\" width=\"347\"><span style=\"font-family: Times New Roman, serif\">Leitura Filos\u00f3fica<\/span><\/td>\n<td style=\"width: 31.8728%\" width=\"143\"><span style=\"font-family: Times New Roman, serif\">Galileu Galilei Medeiros de Souza<\/span><\/td>\n<\/tr>\n<tr>\n<td style=\"width: 17.9548%\" width=\"71\"><span style=\"font-family: Times New Roman, serif\">Evento<\/span><\/td>\n<td style=\"width: 33.2877%\" width=\"347\"><span style=\"font-family: Times New Roman, serif\">AGENDA PROF-FILO, em movimento<\/span><\/td>\n<td style=\"width: 31.8728%\" width=\"143\"><span style=\"font-family: Times New Roman, serif\">Maria Reilta Dantas Cirino<\/span><\/td>\n<td style=\"width: 44.7035%\" rowspan=\"6\" width=\"95\">\n<p align=\"center\">2022.1\u00a0e\u00a0<span style=\"font-size: medium\">2022.2<\/span><\/p>\n<\/td>\n<\/tr>\n<tr>\n<td style=\"width: 17.9548%\" width=\"71\"><span style=\"font-family: Times New Roman, serif\">Projeto<\/span><\/td>\n<td style=\"width: 33.2877%\" width=\"347\"><span style=\"font-family: Times New Roman, serif\">Falando por voc\u00ea \u2013 Filosofia e educa\u00e7\u00e3o no r\u00e1dio II<\/span><\/td>\n<td style=\"width: 31.8728%\" width=\"143\"><span style=\"font-family: Times New Roman, serif\">Jos\u00e9 Teixeira Neto<\/span><\/td>\n<\/tr>\n<tr>\n<td style=\"width: 17.9548%\" width=\"71\"><span style=\"font-family: Times New Roman, serif\">Curso<\/span><\/td>\n<td style=\"width: 33.2877%\" width=\"347\"><span style=\"font-family: Times New Roman, serif\">Filoterap\u00e9ia<\/span><\/td>\n<td style=\"width: 31.8728%\" width=\"143\"><span style=\"font-family: Times New Roman, serif\">Lourival Bezerra da Costa J\u00fanior<\/span><\/td>\n<\/tr>\n<tr>\n<td style=\"width: 17.9548%\" width=\"71\"><span style=\"font-family: Times New Roman, serif\">Curso<\/span><\/td>\n<td style=\"width: 33.2877%\" width=\"347\"><span style=\"font-family: Times New Roman, serif\">Leitura Filos\u00f3fica<\/span><\/td>\n<td style=\"width: 31.8728%\" width=\"143\"><span style=\"font-family: Times New Roman, serif\">Galileu Galilei Medeiros de Souza<\/span><\/td>\n<\/tr>\n<tr>\n<td style=\"width: 17.9548%\" width=\"71\"><span style=\"font-family: Times New Roman, serif\">Curso<\/span><\/td>\n<td style=\"width: 33.2877%\" width=\"347\"><span style=\"font-family: Times New Roman, serif\">M\u00e3os que falam II: Libras nas m\u00e3os da comunidade<\/span><\/td>\n<td style=\"width: 31.8728%\" width=\"143\"><span style=\"font-family: Times New Roman, serif\">Maria Geane de Lima Ferreira<\/span><\/td>\n<\/tr>\n<tr>\n<td style=\"width: 17.9548%\" width=\"71\"><span style=\"font-family: Times New Roman, serif\">Programa<\/span><\/td>\n<td style=\"width: 33.2877%\" width=\"347\"><span style=\"font-family: Times New Roman, serif\">Mem\u00f3ria, Identidade e Forma\u00e7\u00e3o Social do Sujeito: Artes\u00e3os da Casa do Artes\u00e3o do Serid\u00f3<\/span><\/td>\n<td style=\"width: 31.8728%\" width=\"143\"><span style=\"font-family: Times New Roman, serif\">Shirlene Santos Mafra Medeiros<\/span><\/td>\n<\/tr>\n<tr>\n<td style=\"width: 17.9548%\" width=\"71\"><span style=\"font-family: Times New Roman, serif\">Projeto<\/span><\/td>\n<td style=\"width: 33.2877%\" width=\"347\"><span style=\"font-family: Times New Roman, serif\">Falando por voc\u00ea \u2013 Filosofia e educa\u00e7\u00e3o no r\u00e1dio<\/span><\/td>\n<td style=\"width: 31.8728%\" width=\"143\"><span style=\"font-family: Times New Roman, serif\">Jos\u00e9 Teixeira Neto<\/span><\/td>\n<td style=\"width: 44.7035%\" rowspan=\"7\" width=\"95\">\n<p align=\"center\">2021.1\u00a0e\u00a0<span style=\"font-size: xx-small\"><span style=\"font-size: medium\">2021.2<\/span><\/span><\/p>\n<\/td>\n<\/tr>\n<tr>\n<td style=\"width: 17.9548%\" width=\"71\"><span style=\"font-family: Times New Roman, serif\">Curso<\/span><\/td>\n<td style=\"width: 33.2877%\" width=\"347\"><span style=\"font-family: Times New Roman, serif\">Filoterap\u00e9ia<\/span><\/td>\n<td style=\"width: 31.8728%\" width=\"143\"><span style=\"font-family: Times New Roman, serif\">Lourival Bezerra da Costa J\u00fanior<\/span><\/td>\n<\/tr>\n<tr>\n<td style=\"width: 17.9548%\" width=\"71\"><span style=\"font-family: Times New Roman, serif\">Projeto<\/span><\/td>\n<td style=\"width: 33.2877%\" width=\"347\"><span style=\"font-family: Times New Roman, serif\">Inf\u00e2ncias, filosofia: experi\u00eancias de pensamento na educa\u00e7\u00e3o B\u00e1sica<\/span><\/td>\n<td style=\"width: 31.8728%\" width=\"143\"><span style=\"font-family: Times New Roman, serif\">Maria Reilta Dantas Cirino<\/span><\/td>\n<\/tr>\n<tr>\n<td style=\"width: 17.9548%\" width=\"71\"><span style=\"font-family: Times New Roman, serif\">Projeto<\/span><\/td>\n<td style=\"width: 33.2877%\" width=\"347\"><span style=\"font-family: Times New Roman, serif\">Leitura Filos\u00f3fica<\/span><\/td>\n<td style=\"width: 31.8728%\" width=\"143\"><span style=\"font-family: Times New Roman, serif\">Galileu Galilei Medeiros de Souza<\/span><\/td>\n<\/tr>\n<tr>\n<td style=\"width: 17.9548%\" width=\"71\"><span style=\"font-family: Times New Roman, serif\">Curso<\/span><\/td>\n<td style=\"width: 33.2877%\" width=\"347\"><span style=\"font-family: Times New Roman, serif\">M\u00e3os que falam II: Libras nas m\u00e3os da comunidade<\/span><\/td>\n<td style=\"width: 31.8728%\" width=\"143\"><span style=\"font-family: Times New Roman, serif\">Maria Geane de Lima Ferreira<\/span><\/td>\n<\/tr>\n<tr>\n<td style=\"width: 17.9548%\" width=\"71\"><span style=\"font-family: Times New Roman, serif\">Programa<\/span><\/td>\n<td style=\"width: 33.2877%\" width=\"347\"><span style=\"font-family: Times New Roman, serif\">Mem\u00f3ria, Identidade e Forma\u00e7\u00e3o Social do Sujeito: a educa\u00e7\u00e3o e o car\u00e1ter social da vida humana na constitui\u00e7\u00e3o do self<\/span><\/td>\n<td style=\"width: 31.8728%\" width=\"143\"><span style=\"font-family: Times New Roman, serif\">Shirlene Santos Mafra Medeiros<\/span><\/td>\n<\/tr>\n<tr>\n<td style=\"width: 17.9548%\" width=\"71\"><span style=\"font-family: Times New Roman, serif\">Projeto<\/span><\/td>\n<td style=\"width: 33.2877%\" width=\"347\"><span style=\"font-family: Times New Roman, serif\">Sobre Humanas<\/span><\/td>\n<td style=\"width: 31.8728%\" width=\"143\"><span style=\"font-family: Times New Roman, serif\">Marcos de Camargo Von Zuben<\/span><\/td>\n<\/tr>\n<tr>\n<td style=\"width: 17.9548%\" width=\"71\">Curso<\/td>\n<td style=\"width: 33.2877%\" width=\"347\">Filoterap\u00e9ia<\/td>\n<td style=\"width: 31.8728%\" width=\"143\">Lourival Bezerra da Costa J\u00fanior<\/td>\n<td style=\"width: 44.7035%\" rowspan=\"4\" width=\"95\">\n<p align=\"center\">2020.1\u00a0e\u00a02020.2<\/p>\n<\/td>\n<\/tr>\n<tr>\n<td style=\"width: 17.9548%\" width=\"71\">Projeto<\/td>\n<td style=\"width: 33.2877%\" width=\"347\">Leitura Filos\u00f3fica<\/td>\n<td style=\"width: 31.8728%\" width=\"143\">Galileu Galilei Medeiros de Souza<\/td>\n<\/tr>\n<tr>\n<td style=\"width: 17.9548%\" width=\"71\">Programa<\/td>\n<td style=\"width: 33.2877%\" width=\"347\">Mem\u00f3ria, Identidade e Forma\u00e7\u00e3o Social do Sujeito: a educa\u00e7\u00e3o e o car\u00e1ter social da vida humana na constitui\u00e7\u00e3o do self<\/td>\n<td style=\"width: 31.8728%\" width=\"143\">Shirlene Santos Mafra Medeiros<\/td>\n<\/tr>\n<tr>\n<td style=\"width: 17.9548%\" width=\"71\">Projeto<\/td>\n<td style=\"width: 33.2877%\" width=\"347\">Sobre Humanas<\/td>\n<td style=\"width: 31.8728%\" width=\"143\">Marcos de Camargo Von Zuben<\/td>\n<\/tr>\n<\/tbody>\n<\/table>\n<p>&nbsp;<\/p>\n","protected":false},"excerpt":{"rendered":"<p>A\u00e7\u00f5es de Extens\u00e3o desenvolvidas no per\u00edodo de 2020 a 2025: Categoria T\u00edtulo Coordena\u00e7\u00e3o Dura\u00e7\u00e3o Projeto Canal Leitura Filos\u00f3fica Galileu Galilei Medeiros de Souza 2025.1 e 2025.2 Projeto Filosofia e Cinema na Escola. Marcos de Camargo Von Zuben Projeto Mem\u00f3ria Viva de autocuidado: sa\u00fade bem-estar da pessoa idosa Shirlene Santos Mafra Medeiros Projeto Quando os corpos [&hellip;]<\/p>\n","protected":false},"author":7,"featured_media":0,"parent":0,"menu_order":0,"comment_status":"closed","ping_status":"closed","template":"","meta":{"footnotes":""},"class_list":["post-1240","page","type-page","status-publish","hentry"],"_links":{"self":[{"href":"https:\/\/portal.uern.br\/caico\/dfi\/wp-json\/wp\/v2\/pages\/1240","targetHints":{"allow":["GET"]}}],"collection":[{"href":"https:\/\/portal.uern.br\/caico\/dfi\/wp-json\/wp\/v2\/pages"}],"about":[{"href":"https:\/\/portal.uern.br\/caico\/dfi\/wp-json\/wp\/v2\/types\/page"}],"author":[{"embeddable":true,"href":"https:\/\/portal.uern.br\/caico\/dfi\/wp-json\/wp\/v2\/users\/7"}],"replies":[{"embeddable":true,"href":"https:\/\/portal.uern.br\/caico\/dfi\/wp-json\/wp\/v2\/comments?post=1240"}],"version-history":[{"count":5,"href":"https:\/\/portal.uern.br\/caico\/dfi\/wp-json\/wp\/v2\/pages\/1240\/revisions"}],"predecessor-version":[{"id":1259,"href":"https:\/\/portal.uern.br\/caico\/dfi\/wp-json\/wp\/v2\/pages\/1240\/revisions\/1259"}],"wp:attachment":[{"href":"https:\/\/portal.uern.br\/caico\/dfi\/wp-json\/wp\/v2\/media?parent=1240"}],"curies":[{"name":"wp","href":"https:\/\/api.w.org\/{rel}","templated":true}]}}