{"id":1151,"date":"2025-08-07T20:36:00","date_gmt":"2025-08-07T23:36:00","guid":{"rendered":"https:\/\/portal.uern.br\/caico\/dfi\/?page_id=1151"},"modified":"2025-08-07T20:45:18","modified_gmt":"2025-08-07T23:45:18","slug":"orientacao-academica","status":"publish","type":"page","link":"https:\/\/portal.uern.br\/caico\/dfi\/orientacao-academica\/","title":{"rendered":"Orienta\u00e7\u00e3o Acad\u00eamica"},"content":{"rendered":"<p><strong><span style=\"font-size: 14pt\">Orientadores Acad\u00eamicos do Curso de Filosofia:<\/span><\/strong><\/p>\n<p>&nbsp;<\/p>\n<p><img decoding=\"async\" class=\"size-thumbnail wp-image-1152 aligncenter\" src=\"https:\/\/portal.uern.br\/caico\/dfi\/wp-content\/uploads\/sites\/4\/2025\/08\/costa-150x150.jpg\" alt=\"\" width=\"150\" height=\"150\" \/><\/p>\n<p style=\"text-align: center\"><a href=\"https:\/\/buscatextual.cnpq.br\/buscatextual\/visualizacv.do?id=K4594550D0&amp;tokenCaptchar=03AFcWeA6xaOgGYhWa8o4ePQA9tzwg90AEG6kYzkccpAH7WMomKsp_mtu5z_gUtnD2x3110AwSNoAnnPd8P54vecWGn42a11YUQSntGo9z1XTFgAeVVvzVm6lgMYNamAnxO2Rl766q1AcOW-_nMMng3ySQ703axLWuEN5QZejEaarzLxE6kLlQ1s7kV5CVy76xcddx_yjyfuB6Sq1XMGbS_AYOXH94Y7Nv4x3WV6QcQKOzHqw54wtNHbSdY57Aq32mjPEzJccCQdIeTRyXZaignwzH11DhhPu68mLbCG6C9Sz47Q8qHFXH90HqwaF5rG5xsUuXtej4bW3l5Fr1kR2f0uiCOuO4LeTZWSk3JK7oSp-XVEaq5hnSE6zk1us9vlXksQKpxVqUZ4vcFWn_R3paLywGaZnmIfEkT7KXIxMg2JGzVMXPQQDqkrKUU5HUGxzXcdKpLS44rNhzVTxXUodoaQ5LQQXpTG6tRyg5uNUm9vusGGW8SZuAnFHQrlik2e03uvZla7tlFbVse2_TGAuk-CHLM34MtVcajt67oDxTMcCbCUmL4zNZili-RcIYcza3t3o8rEgclHqc87R9p6w5VSAiAWqnQIj_bp44WwaBtpjv0A2r2af0dojbqXaGupdSfHchYum98F0_KY9UmFUjUIhyNHfa6mPy2aNYgfwdGw2NqynaIiShzjxhdrVyFSU5wC_YyeUhlEEgTE21UrAzF11KPGWEj1TnmXL7dDB-RlWtwiZFTU-iU5wBbNrw4-WNS-JCLRyiQ5x9F0KP-g4J6XSdBcw7Rwk6PqPj-A5sStSz-JIVTbUooSBBrb9oPUM14ggKgrUSLnGXtW31FPfgwjS0h-iWaU9hhKut6QXjWITb0fIHGruuvWe8xnk2TOIsMsy9jfxyTjJz7bZiuJfyIfyfCRpNP6bKTfXdE5hPs4vru80l3tiNUpBJu9C-IVrFnEnIAw7eVRgzaXPhmZDOhW6XeGHvcIwmtw\"><strong><span style=\"font-size: 14pt\">Prof. Dr. Pe. Francisco de Assis Costa da Silva<\/span><\/strong><\/a><\/p>\n<p style=\"text-align: center\">Orientador dos discentes vinculados \u00e0 Matriz Curricular 2023<\/p>\n<p style=\"text-align: center\">\n<p style=\"text-align: center\"><img decoding=\"async\" class=\"alignnone size-thumbnail wp-image-1155\" src=\"https:\/\/portal.uern.br\/caico\/dfi\/wp-content\/uploads\/sites\/4\/2025\/08\/Deda-site-150x150.jpg\" alt=\"\" width=\"150\" height=\"150\" \/><\/p>\n<p style=\"text-align: center\"><a href=\"https:\/\/buscatextual.cnpq.br\/buscatextual\/visualizacv.do?id=K4250256T1&amp;tokenCaptchar=03AFcWeA5Vy2bu7zaHykySooXR-vvYk9JHeyOcQIePaC1zoMy56Bt4mcRLsk4FoxJgS7BF7_hdmBraNMhiVz9R4Aq6j83GVt475IF6X6ycYHAvjb19SUYxdsavwXEXc-NGOPZ-lBSJ_5yitW4edklw0zKBK3xRsrnvDOikAIaWT0cHNA7r7nBuy_Tc2BnLdIIpvpxip7usZu1Djx_svW5G6mOGBVn0SAeEbxcscDyvwLt9PeUCwgJFXc_azXItXozjkGowJ_6akNK6aNZB45kQIJYVZbviq4B-9PPgz93HFtM8lnkp9IDBcKhgsWKQ5OO4GyR0DYIdQiVpENY9t0Phcl9_Htqva09cFqUGyqaCd9iaqCSPW51au3EACYgid2f2siMW6gWltNikQ9-_f6VKU_vQCubxPMSZ5smVNhdEUCXZ4l2nAJbN2_E1VBMVCnMMRbNXgDbgFNMplQ0pVIw_CqUKzywOjXOzrEuCUvyceVd-yrTdbOAk9ndHD_bTucLOgLZVdV6JKPsZHxrUXz8F0KBo5KA8AfXYaIsMfzE0iY7gt0D0Hlcm6zOr4F_TZfEC6zxHMeoS2z9HjSlcDybdpZ0ecDG2HIaqv6vVNoXpdM4GqhJ_DGo4nuIXufrPugnMwzRhm77NoRtYcab0VeN4PEnbPut5tYoeoKQZcH5ejUHDWeevnsUxktw2P8RBcugJ7XOc4O1ZODR9_Gc3FXKtY0bxIoVr-oDs6IKqv56Z8n_NP-poxpJb5SoL2_Maf3rRFlpaV0UA5ppMPZuIBWoWlqblAk9uTkIFWTKqIU1bfGJdbL229mVKXEFSFHeBBmitK9j1XeinmoK-KKxMZvQ07ckCHKLKC0UiVFSnuj426dcBy3C0IdiPCFYrCSLDw2NP0FJ6aXsw6qHNP-6wo2wzFcAIhL95hsx51fACyJ5_C5RDqX_9pw2-uq5bPfr2WTGS0gzqUVte6le6qGnN5WHWhFzE6SxxVA06LA\"><strong><span style=\"font-size: 14pt\">Prof. Dr. Jos\u00e9 Francisco Das Chagas Souza<\/span><\/strong><\/a><\/p>\n<p style=\"text-align: center\">Orientador dos discentes vinculados \u00e0 Matriz Curricular 2006 e 2018<\/p>\n<p>&nbsp;<\/p>\n<p>A Orienta\u00e7\u00e3o Acad\u00eamica de Curso tem como objetivo orientar e acompanhar os(as) estudantes em sua forma\u00e7\u00e3o acad\u00eamico-profissional.<\/p>\n<p>S\u00e3o atribui\u00e7\u00f5es do orientador acad\u00eamico:<br \/>\nI. Acompanhar o desenvolvimento acad\u00eamico dos alunos sob sua orienta\u00e7\u00e3o;<br \/>\nII. Planejar, junto aos alunos, considerando a programa\u00e7\u00e3o acad\u00eamica do curso, fluxo curricular compat\u00edvel com seus interesses e possibilidades de desempenho acad\u00eamico, quando for o caso;<br \/>\nIII. Orientar a tomada de decis\u00f5es relativas \u00e0 matr\u00edcula, trancamentos e outros atos de interesse acad\u00eamico;<br \/>\nIV. Apresentar aos alunos o PPC e a estrutura universit\u00e1ria;<br \/>\nV. Atuar como membro nato da Comiss\u00e3o de NDE;<br \/>\nVI. Disponibilizar, ao Departamento Acad\u00eamico, as informa\u00e7\u00f5es necess\u00e1rias para o fim de subsidiar a oferta de componentes curriculares, bem como as prioridades relativas ao Programa Institucional de Monitoria (PIM), no semestre letivo;<br \/>\nVII. Acompanhar, junto ao aluno, o desenvolvimento das atividades complementares por meio de controle e registro no Sistema de Administra\u00e7\u00e3o Escolar;<br \/>\nVIII. Apresentar, semestralmente, \u00e0 plen\u00e1ria departamental, diagn\u00f3stico do processo formativo-acad\u00eamico referente ao grupo de alunos sob sua orienta\u00e7\u00e3o;<br \/>\nIX. Conduzir processos de aproveitamento de estudos;<br \/>\nX. Atuar como membro nato da comiss\u00e3o departamental de avalia\u00e7\u00e3o de processo seletivo de vagas n\u00e3o iniciais.<\/p>\n","protected":false},"excerpt":{"rendered":"<p>Orientadores Acad\u00eamicos do Curso de Filosofia: &nbsp; Prof. Dr. Pe. Francisco de Assis Costa da Silva Orientador dos discentes vinculados \u00e0 Matriz Curricular 2023 Prof. Dr. Jos\u00e9 Francisco Das Chagas Souza Orientador dos discentes vinculados \u00e0 Matriz Curricular 2006 e 2018 &nbsp; A Orienta\u00e7\u00e3o Acad\u00eamica de Curso tem como objetivo orientar e acompanhar os(as) estudantes [&hellip;]<\/p>\n","protected":false},"author":9,"featured_media":0,"parent":0,"menu_order":0,"comment_status":"closed","ping_status":"closed","template":"","meta":{"footnotes":""},"class_list":["post-1151","page","type-page","status-publish","hentry"],"_links":{"self":[{"href":"https:\/\/portal.uern.br\/caico\/dfi\/wp-json\/wp\/v2\/pages\/1151","targetHints":{"allow":["GET"]}}],"collection":[{"href":"https:\/\/portal.uern.br\/caico\/dfi\/wp-json\/wp\/v2\/pages"}],"about":[{"href":"https:\/\/portal.uern.br\/caico\/dfi\/wp-json\/wp\/v2\/types\/page"}],"author":[{"embeddable":true,"href":"https:\/\/portal.uern.br\/caico\/dfi\/wp-json\/wp\/v2\/users\/9"}],"replies":[{"embeddable":true,"href":"https:\/\/portal.uern.br\/caico\/dfi\/wp-json\/wp\/v2\/comments?post=1151"}],"version-history":[{"count":3,"href":"https:\/\/portal.uern.br\/caico\/dfi\/wp-json\/wp\/v2\/pages\/1151\/revisions"}],"predecessor-version":[{"id":1156,"href":"https:\/\/portal.uern.br\/caico\/dfi\/wp-json\/wp\/v2\/pages\/1151\/revisions\/1156"}],"wp:attachment":[{"href":"https:\/\/portal.uern.br\/caico\/dfi\/wp-json\/wp\/v2\/media?parent=1151"}],"curies":[{"name":"wp","href":"https:\/\/api.w.org\/{rel}","templated":true}]}}