{"id":612,"date":"2023-04-10T08:11:14","date_gmt":"2023-04-10T11:11:14","guid":{"rendered":"https:\/\/portal.uern.br\/caico\/enfermagem\/?page_id=612"},"modified":"2025-10-15T20:41:27","modified_gmt":"2025-10-15T23:41:27","slug":"projetos-de-pesquisa","status":"publish","type":"page","link":"https:\/\/portal.uern.br\/caico\/den\/projetos-de-pesquisa\/","title":{"rendered":"Projetos de Pesquisa"},"content":{"rendered":"<h2><strong><span style=\"font-size: 14pt\">Projetos de Pesquisa 2024-2025<\/span><\/strong><\/h2>\n<ul>\n<li><a href=\"https:\/\/drive.google.com\/file\/d\/12ecmYxpAPpUHkd-MEnnsgqZ9wQqtWIX8\/view?usp=sharing\"><span style=\"font-weight: 400\">Percep\u00e7\u00e3o e Viv\u00eancia de Pu\u00e9rperas Prim\u00edparas Acerca\u00a0<\/span><span style=\"font-weight: 400\">dos Dist\u00farbios Emocionais No Per\u00edodo P\u00f3s-parto<\/span><\/a><\/li>\n<li><a href=\"https:\/\/drive.google.com\/file\/d\/1YTaO7qx9zeep19aS0dgE2VnZL8-TTH_V\/view?usp=sharing\"><span style=\"font-weight: 400\">Percep\u00e7\u00e3o das Usu\u00e1rias do Sistema \u00danico de Sa\u00fade\u00a0<\/span><span style=\"font-weight: 400\">Acerca do C\u00e2ncer de Colo de \u00datero e Sua Preven\u00e7\u00e3o<\/span><\/a><\/li>\n<li><a href=\"https:\/\/drive.google.com\/file\/d\/1c2LEneB9bezIEAMr1yEojktE1wHrmZtd\/view?usp=sharing\"><span style=\"font-weight: 400\">Atua\u00e7\u00e3o da Enfermagem Na Prepara\u00e7\u00e3o de Gestantes\u00a0<\/span><span style=\"font-weight: 400\">Para O Parto Durante O Pr\u00e9-natal<\/span><\/a><\/li>\n<li><a href=\"https:\/\/drive.google.com\/file\/d\/1JaPZUfKBIsE1PXyOCiAg1z1k4Asgfdj2\/view?usp=sharing\"><span style=\"font-weight: 400\">A Interprofissionalidade Como Abordagem Para\u00a0<\/span><span style=\"font-weight: 400\">Reorientar A Forma\u00e7\u00e3o Em Sa\u00fade: Percep\u00e7\u00f5es de\u00a0<\/span><span style=\"font-weight: 400\">Estudantes<\/span><\/a><\/li>\n<li><a href=\"https:\/\/drive.google.com\/file\/d\/1J2n7ECOZ0huwh5BOv9zrpOYRyZSUUxk-\/view?usp=sharing\"><span style=\"font-weight: 400\">Caracteriza\u00e7\u00e3o das oportunidades aprendizagem compartilhada para o trabalho em equipe no PET-Sa\u00fade Interprofissionalidade<\/span><\/a><\/li>\n<li><a href=\"https:\/\/drive.google.com\/file\/d\/1GxIzWLnwVw1VfFHMdezAaKLK30d-YFDg\/view?usp=sharing\"><span style=\"font-weight: 400\">M\u00e9todos N\u00e3o Farmacol\u00f3gicos Para O Al\u00edvio da Dor No\u00a0<\/span><span style=\"font-weight: 400\">Trabalho de Parto: Conhecimento e Aplicabilidade Por\u00a0<\/span><span style=\"font-weight: 400\">Profissionais de Enfermagem<\/span><\/a><\/li>\n<li><a href=\"https:\/\/drive.google.com\/file\/d\/1jBlpgLJuiNE4RQ0FSm_8EEBzxMoHKse1\/view?usp=sharing\"><span style=\"font-weight: 400\">Preval\u00eancia e Fatores Associados Ao Consumo de\u00a0<\/span><span style=\"font-weight: 400\">Subst\u00e2ncias Psicoativas Entre Acad\u00eamicos de\u00a0<\/span><span style=\"font-weight: 400\">Enfermagem<\/span><\/a><\/li>\n<li><a href=\"https:\/\/drive.google.com\/file\/d\/1MtygeV0mHi9aELGvA0eIrJakksCzedLN\/view?usp=sharing\"><span style=\"font-weight: 400\">Arboviroses e Sua Rela\u00e7\u00e3o Com O Saneamento No Rio\u00a0<\/span><span style=\"font-weight: 400\">Grande do Norte- Rn<\/span><\/a><\/li>\n<li><a href=\"https:\/\/drive.google.com\/file\/d\/1MoeFI-nmHhVX4sypSYLNcxFmQLFasOr1\/view?usp=sharing\"><span style=\"font-weight: 400\">A Utiliza\u00e7\u00e3o do Prontu\u00e1rio Eletr\u00f4nico do Cidad\u00e3o Como\u00a0<\/span><span style=\"font-weight: 400\">Ferramenta de Gest\u00e3o do Cuidado Nas Equipes de Sa\u00fade\u00a0<\/span><span style=\"font-weight: 400\">da Fam\u00edlia <\/span><\/a><\/li>\n<li><a href=\"https:\/\/drive.google.com\/file\/d\/1kTOcYqi7CtCln2-2clKSAhNs5ml7TiRK\/view?usp=sharing\"><span style=\"font-weight: 400\">Avalia\u00e7\u00e3o do Conhecimento Em Sa\u00fade Sobre\u00a0<\/span><span style=\"font-weight: 400\">Automedica\u00e7\u00e3o Na Popula\u00e7\u00e3o Acometida Por Hipertens\u00e3o\u00a0<\/span><span style=\"font-weight: 400\">e Diabetes Em Munic\u00edpio do Semi\u00e1rido do Rio Grande do <\/span><span style=\"font-weight: 400\">Norte <\/span><\/a><\/li>\n<li><a href=\"https:\/\/drive.google.com\/file\/d\/1URJlfIh1BMQqDmjFOUX4kmbJoIQiRI8j\/view?usp=sharing\"><span style=\"font-weight: 400\">An\u00e1lise da Automedica\u00e7\u00e3o Em Estudantes do Curso de\u00a0<\/span><span style=\"font-weight: 400\">Gradua\u00e7\u00e3o Em Enfermagem de Universidade P\u00fablica<\/span><\/a><\/li>\n<li><a href=\"https:\/\/drive.google.com\/file\/d\/1sS2aACv8sBDr6C21CH_Mg0OqvqjcBxG4\/view?usp=sharing\"><span style=\"font-weight: 400\">A Enfermagem Frente \u00c0 Morte e O Processo Morrer<\/span><\/a><\/li>\n<li><a href=\"https:\/\/drive.google.com\/file\/d\/12r2E_lQh6yKJRiJPBVSdzlknIdWVVa7_\/view?usp=sharing\"><span style=\"font-weight: 400\">Desafios Quanto Ao Preenchimento dos Bundles de\u00a0<\/span><span style=\"font-weight: 400\">Preven\u00e7\u00e3o de Infec\u00e7\u00f5es Relacionadas \u00c0 Assist\u00eancia \u00c0\u00a0<\/span><span style=\"font-weight: 400\">Sa\u00fade Na Terapia Intensiva: Revis\u00e3o Integrativa<\/span><\/a><\/li>\n<li><a href=\"https:\/\/drive.google.com\/file\/d\/16jQ_w3TFHCCNz00nEj-3z2flerfEVKhL\/view?usp=sharing\"><span style=\"font-weight: 400\">Valida\u00e7\u00e3o do Diagn\u00f3stico de Enfermagem Amamenta\u00e7\u00e3o\u00a0<\/span><span style=\"font-weight: 400\">Interrompida <\/span><\/a><\/li>\n<\/ul>\n<h2><span style=\"font-size: 14pt\"><strong>Projetos Institucionalizados &#8211; 2024- 2025<\/strong><\/span><\/h2>\n<ul>\n<li><a href=\"https:\/\/drive.google.com\/file\/d\/1hDamtpGAUkiaDU7IA6H4hY_aOoKrP4nR\/view?usp=sharing\"><span style=\"font-weight: 400\">Conhecimento e pr\u00e1ticas de mulheres acerca da preven\u00e7\u00e3o do c\u00e2ncer de colo de \u00fatero<\/span><\/a><\/li>\n<li><a href=\"https:\/\/drive.google.com\/file\/d\/1Y7C7FLehkatRT2dm_ze1QGwgZ6okLwF8\/view?usp=sharing\"><span style=\"font-weight: 400\">Acolhimento ao homem na aten\u00e7\u00e3o prim\u00e1ria \u00e0 sa\u00fade<\/span><\/a><\/li>\n<\/ul>\n<h2><strong><span style=\"font-size: 14pt\">Projetos de Pesquisa 2023-2024<\/span><\/strong><\/h2>\n<ul>\n<li><a href=\"https:\/\/drive.google.com\/file\/d\/1B6YYBIWwjwsANSSsCKVXyeYan-hYX56v\/view?usp=sharing\">CONHECIMENTO E PR\u00c1TICAS DE AUTOCUIDADO DE GESTANTES COM DIABETES GESTACIONAL<\/a><\/li>\n<li><a href=\"https:\/\/drive.google.com\/file\/d\/1kM4eKAfx2dYhhQXYmTRMJWAD0v6BuXaU\/view?usp=sharing\"><span style=\"font-weight: 400\">Estrat\u00e9gias de Fam\u00edlias Com Crian\u00e7as Diagnosticadas de Epilepsia Em Rela\u00e7\u00e3o A Inser\u00e7\u00e3o Dessas Crian\u00e7as Na Sociedade<\/span><\/a><\/li>\n<li><a href=\"https:\/\/drive.google.com\/file\/d\/1AOfN4TtAsDs52R6y7vI24hRGRozczVn7\/view?usp=sharing\"><span style=\"font-weight: 400\">Contribui\u00e7\u00e3o do Hirsutismo Para Ocorr\u00eancia de Depress\u00e3o e A M\u00e1 Qualidade de Sono Em Mulheres Portadoras da S\u00edndrome dos Ov\u00e1rios Polic\u00edsticos<\/span><\/a><\/li>\n<li><a href=\"https:\/\/drive.google.com\/file\/d\/1Kcj6LGIx2sWgI78AMoZEHaC_IEkNN1cG\/view?usp=sharing\"><span style=\"font-weight: 400\">Opini\u00e3o de Prim\u00edparas Sobre A Assist\u00eancia Pr\u00e9-natal e Os Sentimentos Decorrentes do Ciclo Grav\u00eddico Puerperal <\/span><\/a><\/li>\n<li><a href=\"https:\/\/drive.google.com\/file\/d\/1vjhmn5w18MTI-o9nyVYqtZabEBlby_WE\/view?usp=sharing\"><span style=\"font-weight: 400\">Opini\u00e3o de Mulheres Sobre As Raz\u00f5es Que Motivam A N\u00e3o Realiza\u00e7\u00e3o do Exame Citol\u00f3gico<\/span><\/a><\/li>\n<li><a href=\"https:\/\/drive.google.com\/file\/d\/1BXcLC06FSJWl_cdKG6PHBImWQyyUfUN3\/view?usp=drive_link\"><span style=\"font-weight: 400\">Identifica\u00e7\u00e3o e An\u00e1lise Cr\u00edtica dos M\u00e9todos de Ensino Na Educa\u00e7\u00e3o Interprofissional Em Sa\u00fade<\/span><\/a><\/li>\n<li><a href=\"https:\/\/drive.google.com\/file\/d\/1pz1wW8tg8q_pUcH7XN7uNc8MYg8xUPHO\/view?usp=sharing\"><span style=\"font-weight: 400\">Pet-sa\u00fade Interprofissionalidade: Experi\u00eancias de Trabalho Em Equipe e Legados Para O Ensino e As Pr\u00e1ticas de Sa\u00fade<\/span><\/a><\/li>\n<li><a href=\"https:\/\/drive.google.com\/file\/d\/1pz1wW8tg8q_pUcH7XN7uNc8MYg8xUPHO\/view?usp=sharing\"><span style=\"font-weight: 400\">Fatores Preditores Para Les\u00e3o Por Press\u00e3o Em Idosos Acamados Assistidos Pela Aten\u00e7\u00e3o Prim\u00e1ria \u00c0 Sa\u00fade<\/span><\/a><\/li>\n<li><a href=\"https:\/\/drive.google.com\/file\/d\/1B65T46KLWd6oK7bmJQE8ATt31_eRcPNP\/view?usp=sharing\"><span style=\"font-weight: 400\">Diagn\u00f3sticos de Enfermagem Les\u00e3o Por Press\u00e3o e Risco de Les\u00e3o Por Press\u00e3o Em Pacientes Internados Na Unidade de Terapia Intensiva<\/span><\/a><\/li>\n<li><a href=\"https:\/\/drive.google.com\/file\/d\/12r2E_lQh6yKJRiJPBVSdzlknIdWVVa7_\/view?usp=sharing\"><span style=\"font-weight: 400\">Constru\u00e7\u00e3o de Bundle de Preven\u00e7\u00e3o de Infec\u00e7\u00f5es Relacionadas \u00c0 Assist\u00eancia \u00c0 Sa\u00fade Em Unidade de Terapia Intensiva Adulto <\/span><\/a><\/li>\n<li><a href=\"https:\/\/drive.google.com\/file\/d\/1ANomUAEbB95_xaV02M_yj9VrXUgqsA8M\/view?usp=sharing\"><span style=\"font-weight: 400\">Pr\u00e1ticas Integrativas e Complementares No Centro de Assist\u00eancia Psicossocial (caps III): Perspectivas de Profissionais de Sa\u00fade\u00a0<\/span><\/a><\/li>\n<li><a href=\"https:\/\/drive.google.com\/file\/d\/1JhfVZtlL7Qq-sqV3V77fV4A9vbW64_ee\/view?usp=sharing\"><span style=\"font-weight: 400\">Direitos Sociais e Participa\u00e7\u00e3o Popular: Narrativas do Movimento de Atingidos Pela Barragem de Oiticica, Rn <\/span><\/a><\/li>\n<li><a href=\"https:\/\/drive.google.com\/file\/d\/1uXqROQNsT6VA3CN4BE8-zYBeoSnr9whg\/view?usp=drive_link\"><span style=\"font-weight: 400\">Concep\u00e7\u00f5es de Gestantes Acerca do Parto A Ser Vivenciado<\/span><\/a><\/li>\n<li><a href=\"https:\/\/drive.google.com\/file\/d\/1D76EYI8rh0L6LvAtUJUCtuJl1322zb5Q\/view?usp=drive_link\"><span style=\"font-weight: 400\">Viv\u00eancia de Mulheres No Uso de Medidas N\u00e3o Farmacol\u00f3gicas Para Al\u00edvio da Dor Durante O Trabalho de Parto<\/span><\/a><\/li>\n<li><a href=\"https:\/\/drive.google.com\/file\/d\/1q-YKGiHAFoQ41jQ8d0SDt6xtc7-S4Qgi\/view?usp=sharing\"><span style=\"font-weight: 400\">Eventos Adversos Relacionados \u00c0 Pr\u00e1ticas Assitenciais Em Uma Unidade Hospitalar <\/span><\/a><\/li>\n<\/ul>\n<h2><strong><span style=\"font-size: 14pt\">Projetos de Pesquisa 2022 &#8211; 2023<\/span><\/strong><\/h2>\n<ul>\n<li><a href=\"https:\/\/drive.google.com\/file\/d\/1K3ZkAdG-s7xrcnCFBDoj2iURL95ALkGN\/view?usp=sharing\" target=\"_blank\" rel=\"noopener\">Valida\u00e7\u00e3o Cl\u00ednica do Diagn\u00f3stico de Enfermagem Dor no Trabalho de Parto<\/a><\/li>\n<li><a href=\"https:\/\/drive.google.com\/file\/d\/151nZACsdHDvEux2C1Jeza-OFU8grm-Ep\/view?usp=sharing\" target=\"_blank\" rel=\"noopener\">Saberes e Fazeres de Profissionais de Enfermagem de Pronto Atendimento Hospitalar sobre Aten\u00e7\u00e3o \u00e0 Crise em Sa\u00fade Mental<\/a><\/li>\n<li><a href=\"https:\/\/drive.google.com\/file\/d\/108UWD8DdVHr4GKfaXpaJwtwAnIda0l6l\/view?usp=sharing\" target=\"_blank\" rel=\"noopener\">Risco de Desenvolvimento de Ansiedade e Depress\u00e3o em Acad\u00eamicos de Enfermagem e Fatores Associados<\/a><\/li>\n<li><a href=\"https:\/\/drive.google.com\/file\/d\/1uU_zvHEirbpXhklSor8gQYJscJMivVYD\/view?usp=sharing\" target=\"_blank\" rel=\"noopener\">Perfil Sociodemogr\u00e1fico e Cl\u00ednico de Pacientes que Evolu\u00edram para Cura e\/ou \u00d3bito por COVID-19 no Munic\u00edpio de Caic\u00f3\/RN<\/a><\/li>\n<li><a href=\"https:\/\/drive.google.com\/file\/d\/1zB62Mf_ilSKKGw0_9k6WdZpgDPtXVibj\/view?usp=sharing\" target=\"_blank\" rel=\"noopener\">Percep\u00e7\u00e3o de Mulheres acerca da Assist\u00eancia da Equipe de Enfermagem no Parto<\/a><\/li>\n<li><a href=\"https:\/\/drive.google.com\/file\/d\/1KoRQPW5i59AVX-cIxtmKkK1PyIgkcaox\/view?usp=sharing\" target=\"_blank\" rel=\"noopener\">Cuidados de Enfermagem frente aos Transtornos Mentais que Acometem as Mulheres durante a Gesta\u00e7\u00e3o e Pu\u00e9rperio: Estudo de Revis\u00e3o\u00a0<\/a><\/li>\n<li><a href=\"https:\/\/drive.google.com\/file\/d\/1a4sTIoC2yxv7UnzOXTIsuQaohzG5YAjq\/view?usp=sharing\" target=\"_blank\" rel=\"noopener\">Caracteriza\u00e7\u00e3o do Atendimento \u00e0s Mulheres V\u00edtimas de Viol\u00eancia Dom\u00e9stica na Aten\u00e7\u00e3o B\u00e1sica<\/a><\/li>\n<li><a href=\"https:\/\/drive.google.com\/file\/d\/1j15IWnyh4HEqThF3mu-_KQxHU6RqMPO9\/view?usp=sharing\" target=\"_blank\" rel=\"noopener\">Atua\u00e7\u00e3o dos Profissionais de Enfermagem frente \u00e0 Parada Cardiorrespirat\u00f3ria<\/a><\/li>\n<li><a href=\"https:\/\/drive.google.com\/file\/d\/1NaFvqr7VnwebgEb3cq7sAPO3UM1gluK3\/view?usp=sharing\" target=\"_blank\" rel=\"noopener\">A Viv\u00eancia Materna no Per\u00edodo Puerperal no Contexto da Pandemia do COVID-19<\/a><\/li>\n<li><a href=\"https:\/\/drive.google.com\/file\/d\/1fUGSnK2pUvHcm0FG1ffvmtATnvIuHNGq\/view?usp=sharing\" target=\"_blank\" rel=\"noopener\">A Experi\u00eancia Obst\u00e9trica de Mulheres Residentes em Comunidades Remotas<\/a><\/li>\n<\/ul>\n<h2><span style=\"font-size: 14pt\"><strong>Projetos de Pesquisa &#8211; 2021-2022<\/strong><\/span><\/h2>\n<ul>\n<li><a href=\"http:\/\/www.uern.br\/controledepaginas\/caico-enfermagem-projetos-de-pesquisa\/arquivos\/4619cla%C2%A9cio_maia.pdf\" target=\"_blank\" rel=\"noopener\">Preval\u00eancia da Pr\u00e1tica da Automedica\u00e7\u00e3o pelos Profissionais de Enfermagem em Unidades B\u00e1sicas de Sa\u00fade e Hospitalares<\/a><\/li>\n<li><a href=\"http:\/\/www.uern.br\/controledepaginas\/caico-enfermagem-projetos-de-pesquisa\/arquivos\/46192021_2022_formulario_padrao_pibic_pibiti.pdf\" target=\"_blank\" rel=\"noopener\">Percep\u00e7\u00e3o do Usu\u00e1rio Impossibilitado do Autocuidado acerca da Assist\u00eancia de Enfermagem no Banho no Leito<\/a><\/li>\n<li><a href=\"http:\/\/www.uern.br\/controledepaginas\/caico-enfermagem-projetos-de-pesquisa\/arquivos\/4619dulcian_azevedo.pdf\" target=\"_blank\" rel=\"noopener\">Estresse entre Estudantes de Gradua\u00e7\u00e3o em Enfermagem: Revis\u00e3o Integrativa<\/a><\/li>\n<li><a href=\"http:\/\/www.uern.br\/controledepaginas\/caico-enfermagem-projetos-de-pesquisa\/arquivos\/4619cris.pdf\" target=\"_blank\" rel=\"noopener\">Contribui\u00e7\u00f5es das Tecnologias Educacionais para a Forma\u00e7\u00e3o do Enfermeiro: Revis\u00e3o Integrativa<\/a><\/li>\n<li><a href=\"http:\/\/www.uern.br\/controledepaginas\/caico-enfermagem-projetos-de-pesquisa\/arquivos\/4619rosa%C2%A2ngela_1.pdf\" target=\"_blank\" rel=\"noopener\">Condi\u00e7\u00f5es de Trabalho da Equipe de Enfermagem do Centro Cir\u00fargico e sua Influ\u00eancia no Parto Ces\u00e1reo<\/a><\/li>\n<li><a href=\"http:\/\/www.uern.br\/controledepaginas\/caico-enfermagem-projetos-de-pesquisa\/arquivos\/4619kaliny.pdf\" target=\"_blank\" rel=\"noopener\">Atua\u00e7\u00e3o do Enfermeiro da Estrat\u00e9gia Sa\u00fade da Fam\u00edlia frente ao Desmame Precoce<\/a><\/li>\n<li><a href=\"http:\/\/www.uern.br\/controledepaginas\/caico-enfermagem-projetos-de-pesquisa\/arquivos\/4619ja%C2%A9ssica_tinoco.pdf\" target=\"_blank\" rel=\"noopener\">An\u00e1lise do Diagn\u00f3stico de Enfermagem Dor no Trabalho de Parto<\/a><\/li>\n<li><a href=\"http:\/\/www.uern.br\/controledepaginas\/caico-enfermagem-projetos-de-pesquisa\/arquivos\/4619cavalcante.pdf\" target=\"_blank\" rel=\"noopener\">A Viol\u00eancia Obst\u00e9trica sob a Percep\u00e7\u00e3o de Profissionais de Enfermagem<\/a><\/li>\n<\/ul>\n<h2><span style=\"font-size: 14pt\"><strong>Projetos Institucionalizados &#8211; 2021-2022<\/strong><\/span><\/h2>\n<ul>\n<li><a href=\"http:\/\/www.uern.br\/controledepaginas\/caico-enfermagem-projetos-de-pesquisa\/arquivos\/4619dulcian___.pdf\" target=\"_blank\" rel=\"noopener\">Preval\u00eancia de Idea\u00e7\u00e3o Suicida entre Profissionais da Aten\u00e7\u00e3o B\u00e1sica<\/a><\/li>\n<li><a href=\"http:\/\/www.uern.br\/controledepaginas\/caico-enfermagem-projetos-de-pesquisa\/arquivos\/4619regilene.pdf\" target=\"_blank\" rel=\"noopener\">Estrat\u00e9gias de Enfrentamento de Pais e Filhos em Tempos de COVID-19<\/a><\/li>\n<\/ul>\n<h2><strong><span style=\"font-size: 14pt\">Projetos de Pesquisa 2020-2021<\/span><\/strong><\/h2>\n<ul>\n<li><a href=\"https:\/\/www.uern.br\/controledepaginas\/caico-enfermagem-projetos-de-pesquisa\/arquivos\/4619segurana%C2%A7a_do_paciente_no_processo_perioperata%C2%B3rio.pdf\" target=\"_blank\" rel=\"noopener\">Seguran\u00e7a do Paciente no Processo Perioperat\u00f3rio<\/a><\/li>\n<li><a href=\"https:\/\/www.uern.br\/controledepaginas\/caico-enfermagem-projetos-de-pesquisa\/arquivos\/4619formulario_prevalencia_idecacaosuicida.pdf\" target=\"_blank\" rel=\"noopener\">Preval\u00eancia de Idea\u00e7\u00e3o Suicida entre Profissionais da Aten\u00e7\u00e3o B\u00e1sica<\/a><\/li>\n<li><a href=\"https:\/\/www.uern.br\/controledepaginas\/caico-enfermagem-projetos-de-pesquisa\/arquivos\/4619percepa%C2%A7a%C2%A3o_de_acompanhantes_sobre_sua_participaa%C2%A7a%C2%A3o_no_parto.pdf\" target=\"_blank\" rel=\"noopener\">Percep\u00e7\u00e3o de Acompanhantes sobre sua Participa\u00e7\u00e3o no Parto<\/a><\/li>\n<li><a href=\"https:\/\/www.uern.br\/controledepaginas\/caico-enfermagem-projetos-de-pesquisa\/arquivos\/4619o_impacto_da_licenciatura_na_pratica_profissional.pdf\" target=\"_blank\" rel=\"noopener\">O Impacto da Licenciatura na Pr\u00e1tica Profissional de Egressos de Enfermagem do Campus Caic\u00f3<\/a><\/li>\n<li><a href=\"https:\/\/www.uern.br\/controledepaginas\/caico-enfermagem-projetos-de-pesquisa\/arquivos\/4619hista%C2%B3ria_obsta%C2%A9trica_de_mulheres_assistidas_no_servia%C2%A7o_pablico_de_saade.pdf\" target=\"_blank\" rel=\"noopener\">Hist\u00f3ria Obst\u00e9trica de Mulheres Assistidas no Servi\u00e7o P\u00fablico de Sa\u00fade<\/a><\/li>\n<li><a href=\"https:\/\/www.uern.br\/controledepaginas\/caico-enfermagem-projetos-de-pesquisa\/arquivos\/4619estrata%C2%A9gias_de_enfrentamento_de_pais_e_filhos_em_tempos_de_covid_19.pdf\" target=\"_blank\" rel=\"noopener\">Estrat\u00e9gias de Enfrentamento de Pais e Filhos em Tempos de COVID-19<\/a><\/li>\n<li><a href=\"https:\/\/www.uern.br\/controledepaginas\/caico-enfermagem-projetos-de-pesquisa\/arquivos\/4619efetividade_de_aa%E2%80%A1a%E2%80%A2es_educativas_na_implementaa%E2%80%A1a%C6%92o_do.pdf\" target=\"_blank\" rel=\"noopener\">Efetividade de A\u00e7\u00f5es Educativas na Implementa\u00e7\u00e3o do Processo de Enfermagem<\/a><\/li>\n<li><a href=\"https:\/\/www.uern.br\/controledepaginas\/caico-enfermagem-projetos-de-pesquisa\/arquivos\/4619diagnosticos_de_enfermagem.pdf\" target=\"_blank\" rel=\"noopener\">Diagn\u00f3sticos de Enfermagem Prevalentes na Cl\u00ednica M\u00e9dica de um Hospital Regional do Rio Grande do Norte<\/a><\/li>\n<li><a href=\"https:\/\/www.uern.br\/controledepaginas\/caico-enfermagem-projetos-de-pesquisa\/arquivos\/4619assista%C5%A1ncia_de_enfermagem_no_acompanhamento_do.pdf\" target=\"_blank\" rel=\"noopener\">Assist\u00eancia de Enfermagem no Acompanhamento do Crescimento e Desenvolvimento das Crian\u00e7as com S\u00edndrome de Down na Estrat\u00e9gia Sa\u00fade da Fam\u00edlia<\/a><\/li>\n<\/ul>\n<p>&nbsp;<\/p>\n<h2><span style=\"font-size: 14pt\"><strong>Projetos de Pesquisa 2019-2020<\/strong><\/span><\/h2>\n<ul>\n<li><a href=\"https:\/\/drive.google.com\/file\/d\/1X9q_ZJi_u6-Vo8xrhlu0CiJ5htFffp0M\/view?usp=sharing\" target=\"_blank\" rel=\"noopener\">Percep\u00e7\u00e3o de Mulheres sobre o Retorno da Atividade Sexual no Puerp\u00e9rio<\/a><\/li>\n<li><a href=\"https:\/\/drive.google.com\/file\/d\/1E1U42cxbMIN-s4CN1dt_fudmVQR_u1I4\/view?usp=sharing\" target=\"_blank\" rel=\"noopener\">Percep\u00e7\u00e3o da Fam\u00edlia Acerca da Conviv\u00eancia e Cuidado da Pessoa com Transtorno Mental<\/a><\/li>\n<li><a href=\"https:\/\/drive.google.com\/file\/d\/1WeEZjeWcAZBJfAjhEkLH8ezAZ_LvfDr0\/view?usp=sharing\" target=\"_blank\" rel=\"noopener\">Diagn\u00f3stico de Enfermagem Conhecimento Deficiente em Pacientes Submetidos \u00e0 Hemodialise: Busca na Literatura<\/a><\/li>\n<li><a href=\"https:\/\/drive.google.com\/file\/d\/1R5Sur7MQ3NU6il6E3yKKP6GAKh1m0VKE\/view?usp=sharing\" target=\"_blank\" rel=\"noopener\">Conhecimento Deficiente em Pacientes Submetidos \u00e0 Hemodialise: Proposi\u00e7\u00e3o Diagn\u00f3stica<\/a><\/li>\n<li><a href=\"https:\/\/drive.google.com\/file\/d\/1VgbSEyiumtzfxUfVBjJe8zITR0SWhJia\/view?usp=sharing\" target=\"_blank\" rel=\"noopener\">Caracteriza\u00e7\u00e3o de Especialistas para Aprecia\u00e7\u00e3o do Diagn\u00f3stico de Enfermagem Conhecimento Deficiente em Pacientes Submetidos \u00e0 Hemodi\u00e1lise<\/a><\/li>\n<li><a href=\"https:\/\/drive.google.com\/file\/d\/1hKqKYI5SYzYhD1RBpHhERdY9Gb-NxGEs\/view?usp=sharing\" target=\"_blank\" rel=\"noopener\">Avalia\u00e7\u00e3o das Salas de Vacinas na Rede de Aten\u00e7\u00e3o Prim\u00e1ria do Munic\u00edpio de Caic\u00f3\/RN<\/a><\/li>\n<li><a href=\"https:\/\/drive.google.com\/file\/d\/1lvJMDbTZS6T9i8xi4u87mhA6BYqxRsKJ\/view?usp=sharing\" target=\"_blank\" rel=\"noopener\">A Rela\u00e7\u00e3o entre a Sobrevida e Apoio Familiar em Mulheres Submetidas ao Tratamento de C\u00e2ncer do Colo do \u00datero no Rio Grande do Norte\u00a0<\/a><\/li>\n<li><a href=\"https:\/\/drive.google.com\/file\/d\/1dxMpdmHEH0Ehzq0rwqoO-dTgeW2gS7x-\/view?usp=sharing\" target=\"_blank\" rel=\"noopener\">A Epidemia de HIV\/AIDS no Brasil e suas Diferen\u00e7as Regionais\u00a0<\/a><\/li>\n<\/ul>\n<p>&nbsp;<\/p>\n<h2><span style=\"font-size: 14pt\"><strong>Projetos Institucionalizados &#8211; 2019-2020<\/strong><\/span><\/h2>\n<ul>\n<li><a href=\"https:\/\/drive.google.com\/file\/d\/19L4OC87a-E0ClQhTHSWK1wRRJJDpl1Wq\/view?usp=sharing\" target=\"_blank\" rel=\"noopener\">Teatro como Dispositivo Terap\u00eautico em Sa\u00fade Mental<\/a><\/li>\n<\/ul>\n<p>&nbsp;<\/p>\n<h2><span style=\"font-size: 14pt\"><strong>Projetos de Pesquisa &#8211; 2018-2019<\/strong><\/span><\/h2>\n<ul style=\"list-style-type: disc\">\n<li><a href=\"https:\/\/drive.google.com\/file\/d\/1lek8LAW-3_FHA2wfYAVny5fzbc2ysQXL\/view?usp=sharing\" target=\"_blank\" rel=\"noopener\">Utiliza\u00e7\u00e3o da Caderneta do Adolescente por Profissionais na Estrat\u00e9gia Sa\u00fade da Fam\u00edlia<\/a><\/li>\n<li><a href=\"https:\/\/drive.google.com\/file\/d\/1gQbDONoZ5IeHsC4cMIai_LW7FqgTEv7k\/view?usp=sharing\" target=\"_blank\" rel=\"noopener\">Percep\u00e7\u00e3o de Mulheres sobre as Necessidades de Cuidados no Puerp\u00e9rio<\/a><\/li>\n<li><a href=\"https:\/\/drive.google.com\/file\/d\/1sKm0WhfxZTDkbyKWf2odwmBuMO8BUeZi\/view?usp=sharing\" target=\"_blank\" rel=\"noopener\">Percep\u00e7\u00e3o da Fam\u00edlia acerca da Conviv\u00eancia e Cuidado da Pessoa com Transtorno Mental<\/a><\/li>\n<li><a href=\"https:\/\/drive.google.com\/file\/d\/1CjuS620e3zMFoGTQtOfuIcW0G-RBZiZu\/view?usp=sharing\" target=\"_blank\" rel=\"noopener\">Indicadores Cl\u00ednicos no Processo de Amamenta\u00e7\u00e3o no Puerp\u00e9rio Imediato<\/a><\/li>\n<li><a href=\"https:\/\/drive.google.com\/file\/d\/1Czt-ICVDbf_L-scv2pM9dHyhNt8Vf5NA\/view?usp=sharing\" target=\"_blank\" rel=\"noopener\">Caracteriza\u00e7\u00e3o do Perfil de Mulheres em Tratamento Quimioter\u00e1pico por C\u00e2ncer de Mama na Liga Norte Riograndense Contra o C\u00e2ncer<\/a><\/li>\n<li><a href=\"https:\/\/drive.google.com\/file\/d\/1gSV7-fDUOuHeJoX0Me2aJzP60ZAK7yBV\/view?usp=sharing\" target=\"_blank\" rel=\"noopener\">Assist\u00eancia a Mulher com Depress\u00e3o P\u00f3s-Parto na Aten\u00e7\u00e3o Prim\u00e1ria \u00e0 Sa\u00fade do Munic\u00edpio de Jardim do Serid\u00f3-RN<\/a><\/li>\n<li><a href=\"https:\/\/drive.google.com\/file\/d\/1D-iSE3ZyEiUXKgX5H-hgnRgG2zv3irVg\/view?usp=sharing\" target=\"_blank\" rel=\"noopener\">An\u00e1lise dos Fatores Progn\u00f3sticos em Mulheres com C\u00e2ncer do Colo do \u00datero no Rio Grande do Norte, Brasil<\/a><\/li>\n<\/ul>\n<p>&nbsp;<\/p>\n<h2><span style=\"font-size: 14pt\"><strong>Projetos Institucionalizados &#8211; 2018-2019<\/strong><\/span><\/h2>\n<ul>\n<li><a href=\"https:\/\/drive.google.com\/file\/d\/1DxMoTTyrrMgFR-cP5So1yhzp9LlDVU4q\/view?usp=sharing\" target=\"_blank\" rel=\"noopener\">Uso de Subst\u00e2ncias Psicoativas e Sobrecarga Familiar<\/a><\/li>\n<\/ul>\n<p>&nbsp;<\/p>\n","protected":false},"excerpt":{"rendered":"<p>Projetos de Pesquisa 2024-2025 Percep\u00e7\u00e3o e Viv\u00eancia de Pu\u00e9rperas Prim\u00edparas Acerca\u00a0dos Dist\u00farbios Emocionais No Per\u00edodo P\u00f3s-parto Percep\u00e7\u00e3o das Usu\u00e1rias do Sistema \u00danico de Sa\u00fade\u00a0Acerca do C\u00e2ncer de Colo de \u00datero e Sua Preven\u00e7\u00e3o Atua\u00e7\u00e3o da Enfermagem Na Prepara\u00e7\u00e3o de Gestantes\u00a0Para O Parto Durante O Pr\u00e9-natal A Interprofissionalidade Como Abordagem Para\u00a0Reorientar A Forma\u00e7\u00e3o Em Sa\u00fade: Percep\u00e7\u00f5es [&hellip;]<\/p>\n","protected":false},"author":1,"featured_media":0,"parent":0,"menu_order":0,"comment_status":"closed","ping_status":"closed","template":"","meta":{"footnotes":""},"class_list":["post-612","page","type-page","status-publish","hentry"],"_links":{"self":[{"href":"https:\/\/portal.uern.br\/caico\/den\/wp-json\/wp\/v2\/pages\/612","targetHints":{"allow":["GET"]}}],"collection":[{"href":"https:\/\/portal.uern.br\/caico\/den\/wp-json\/wp\/v2\/pages"}],"about":[{"href":"https:\/\/portal.uern.br\/caico\/den\/wp-json\/wp\/v2\/types\/page"}],"author":[{"embeddable":true,"href":"https:\/\/portal.uern.br\/caico\/den\/wp-json\/wp\/v2\/users\/1"}],"replies":[{"embeddable":true,"href":"https:\/\/portal.uern.br\/caico\/den\/wp-json\/wp\/v2\/comments?post=612"}],"version-history":[{"count":71,"href":"https:\/\/portal.uern.br\/caico\/den\/wp-json\/wp\/v2\/pages\/612\/revisions"}],"predecessor-version":[{"id":1500,"href":"https:\/\/portal.uern.br\/caico\/den\/wp-json\/wp\/v2\/pages\/612\/revisions\/1500"}],"wp:attachment":[{"href":"https:\/\/portal.uern.br\/caico\/den\/wp-json\/wp\/v2\/media?parent=612"}],"curies":[{"name":"wp","href":"https:\/\/api.w.org\/{rel}","templated":true}]}}