{"id":610,"date":"2023-04-10T08:10:35","date_gmt":"2023-04-10T11:10:35","guid":{"rendered":"https:\/\/portal.uern.br\/caico\/enfermagem\/?page_id=610"},"modified":"2026-04-30T15:14:56","modified_gmt":"2026-04-30T18:14:56","slug":"projetos-de-extensao","status":"publish","type":"page","link":"https:\/\/portal.uern.br\/caico\/den\/projetos-de-extensao\/","title":{"rendered":"Projetos de Extens\u00e3o"},"content":{"rendered":"<h2><span style=\"color: #000000\"><strong><span style=\"font-size: 14pt\">Extens\u00e3o 2025<\/span><\/strong><\/span><\/h2>\n<ul>\n<li><a href=\"https:\/\/drive.google.com\/file\/d\/1Cdp3Ic5XL6DekWol3cl_qu72Wtss3AbE\/view?usp=sharing\">Musicarte: Grupo de M\u00fasica Campus Caic\u00f3<\/a><\/li>\n<li><a href=\"https:\/\/drive.google.com\/file\/d\/1zaxriYOwxcg2Qs5Tj2tGwAu2IzOfELYL\/view?usp=sharing\">Caic\u00f3Cast: Conectando cuidados e saberes<\/a><\/li>\n<li><a href=\"https:\/\/drive.google.com\/file\/d\/1A4M-tHacQ4HYMAB1lumWgImd0Vx1qpZk\/view?usp=sharing\">Ateli\u00ea do Brincar<\/a><\/li>\n<li><a href=\"https:\/\/drive.google.com\/file\/d\/1B64arocgz4Ko8YUxjKdARKBpWfm_tY3T\/view?usp=sharing\">Sa\u00fade \u00e9 democracia: qualificando a participa\u00e7\u00e3o dos movimentos sociais do Rio Grande do Norte no<\/a><br \/>\nSUS\/RN nas lutas pelo direito \u00e0 sa\u00fade<\/li>\n<li>Seguran\u00e7a do paciente e educa\u00e7\u00e3o permanente em sa\u00fade: fortalecendo a aten\u00e7\u00e3o prim\u00e1ria e aten\u00e7\u00e3o<br \/>\nhospitalar<\/li>\n<li><a href=\"https:\/\/drive.google.com\/file\/d\/1A-OVKC4fe66iTPeNGHV4VO0INX9vaCWp\/view?usp=sharing\">Grupo Deleite: aconselhamento em amamenta\u00e7\u00e3o<\/a><\/li>\n<li><a href=\"https:\/\/drive.google.com\/file\/d\/1ZHRTXM0fg83IW5Gr2LwCfSBJj69gdG9-\/view?usp=sharing\">Capacita\u00e7\u00e3o em primeiros socorros para professores do ensino b\u00e1sico<\/a><\/li>\n<li><a href=\"https:\/\/drive.google.com\/file\/d\/1nguqxbOlPWZ0bLRpiKLJX4GeucIUu_jU\/view?usp=sharing\">NUPICS em Caic\u00f3<\/a><\/li>\n<li><a href=\"https:\/\/drive.google.com\/file\/d\/1giZeheQVqA4g0v0QXAkrni_QUQiY6eWl\/view?usp=sharing\"><span style=\"font-weight: 400\">Quem corre cansa, quem dorme alcan\u00e7a<\/span><\/a><\/li>\n<li><a href=\"https:\/\/drive.google.com\/file\/d\/1Ib66CBEzsFWbjcL3kek0RFKYz5cYtaDc\/view?usp=drive_link\"><span style=\"font-weight: 400\">Despertando Voca\u00e7\u00f5es<\/span><\/a><\/li>\n<\/ul>\n<h2><span style=\"color: #000000\"><strong><span style=\"font-size: 14pt\">Extens\u00e3o 2024<\/span><\/strong><\/span><\/h2>\n<ul style=\"list-style-type: disc\">\n<li><a href=\"https:\/\/docs.google.com\/document\/d\/1hIgkZ84PnmmPiGKnvOakSTwWCOKRcBnE\/edit?usp=sharing&amp;ouid=116740576558585836147&amp;rtpof=true&amp;sd=true\" target=\"_blank\" rel=\"noopener\">Seguran\u00e7a do Paciente e Educa\u00e7\u00e3o Permanente em Sa\u00fade: Fortalecendo a Aten\u00e7\u00e3o Prim\u00e1ria e Aten\u00e7\u00e3o Hospitalar<\/a><\/li>\n<li><a href=\"https:\/\/docs.google.com\/document\/d\/1fh4sSEhAN49YiveCzCDTGI-WcwrZ8Y2L\/edit?usp=sharing&amp;ouid=116740576558585836147&amp;rtpof=true&amp;sd=true\" target=\"_blank\" rel=\"noopener\">Sa\u00fade \u00e9 Democracia: Qualificando a Participa\u00e7\u00e3o dos Movimentos Sociais do Rio Grande do Norte no SUS\/RN nas lutas pelo direito \u00e0 Sa\u00fade<\/a><\/li>\n<li><a href=\"https:\/\/docs.google.com\/document\/d\/1C8KQfDP_4Q6Wg3YSghJaThSHFglHUdnx\/edit?usp=sharing&amp;ouid=116740576558585836147&amp;rtpof=true&amp;sd=true\" target=\"_blank\" rel=\"noopener\">NUPICS em Caic\u00f3<\/a><\/li>\n<li><a href=\"https:\/\/docs.google.com\/document\/d\/1hFSXqIoNjYCeRZ3McrIMnpmJxW1XNBmD\/edit?usp=sharing&amp;ouid=116740576558585836147&amp;rtpof=true&amp;sd=true\" target=\"_blank\" rel=\"noopener\">Musicarte: Grupo de M\u00fasica Campus Caic\u00f3<\/a><\/li>\n<li><a href=\"https:\/\/docs.google.com\/document\/d\/1sD9p6cwoJ1ZbJ-c-I_k7fKoMEJXAvxEn\/edit?usp=sharing&amp;ouid=116740576558585836147&amp;rtpof=true&amp;sd=true\" target=\"_blank\" rel=\"noopener\">Grupo Deleite: Aconselhamento em Amamenta\u00e7\u00e3o<\/a> &#8211; <a href=\"https:\/\/www.instagram.com\/extensao_deleite\/?igsh=MW5lcHRzYWNiN2hl\" target=\"_blank\" rel=\"noopener\"><em><strong>Ver Instagram<\/strong><\/em><\/a><\/li>\n<li><a href=\"https:\/\/docs.google.com\/document\/d\/1e66ozG1BpzYxHXDvc-CN_5fJ1gqP-exE\/edit?usp=sharing&amp;ouid=116740576558585836147&amp;rtpof=true&amp;sd=true\" target=\"_blank\" rel=\"noopener\">Despertando Voca\u00e7\u00f5es: Conhecendo o Curso de Enfermagem UERN\/Campus Caic\u00f3<\/a><\/li>\n<li><a href=\"https:\/\/docs.google.com\/document\/d\/1x6e7Jksw5amsBI4tSgnzeJ0J6blcFW7n\/edit?usp=sharing&amp;ouid=116740576558585836147&amp;rtpof=true&amp;sd=true\" target=\"_blank\" rel=\"noopener\">Capacita\u00e7\u00e3o em Primeiros Socorros para Professores do Ensino B\u00e1sico<\/a><\/li>\n<li><a href=\"https:\/\/docs.google.com\/document\/d\/1ux_fEVb_3s1gGNLB_l51itAdghVU4rY2\/edit?usp=sharing&amp;ouid=116740576558585836147&amp;rtpof=true&amp;sd=true\" target=\"_blank\" rel=\"noopener\">Calend\u00e1rio da Sa\u00fade: Educa\u00e7\u00e3o Popular para o Cuidado e Promo\u00e7\u00e3o da Sa\u00fade<\/a> &#8211; <a href=\"https:\/\/www.instagram.com\/epopular_saude\/?igsh=MWE1MWZ6eTl0aWNxdw%3D%3D#\" target=\"_blank\" rel=\"noopener\"><em><strong>Ver Instagram<\/strong><\/em><\/a><\/li>\n<li><a href=\"https:\/\/docs.google.com\/document\/d\/1pQmsQ2tl6L6uhXnyB3-v4JYY2-GCZqET\/edit?usp=sharing&amp;ouid=116740576558585836147&amp;rtpof=true&amp;sd=true\" target=\"_blank\" rel=\"noopener\">Ateli\u00ea do Brincar<\/a> &#8211; <a href=\"https:\/\/www.instagram.com\/projetoateliedobrincar\/?igsh=MW01YjNic3k2N21jaw%3D%3D\" target=\"_blank\" rel=\"noopener\"><em><strong>Ver Instagram<\/strong><\/em><\/a><\/li>\n<\/ul>\n<p>&nbsp;<\/p>\n<h2><strong><span style=\"font-size: 14pt\">Extens\u00e3o 2023<\/span><\/strong><\/h2>\n<ul style=\"list-style-type: disc\">\n<li><a href=\"https:\/\/docs.google.com\/document\/d\/1haaRSgRkr32NWMCSe67aOrHx41qe9YiR\/edit?usp=sharing&amp;ouid=116740576558585836147&amp;rtpof=true&amp;sd=true\" target=\"_blank\" rel=\"noopener\">Transforma\u00e7\u00e3o Digital na Gest\u00e3o do Cuidado na Unidade de Terapia Intensiva<\/a><\/li>\n<li><a href=\"https:\/\/docs.google.com\/document\/d\/1uA1OhpXq86Ozfcn8BA8tguQHJfu_cs6p\/edit?usp=sharing&amp;ouid=116740576558585836147&amp;rtpof=true&amp;sd=true\" target=\"_blank\" rel=\"noopener\">Startups como Ferramentas para o Desenvolvimento de Ideias Inovadoras<\/a><\/li>\n<li><a href=\"https:\/\/docs.google.com\/document\/d\/1Loy05RyINmTS9LRP3YIOCr_ke51M07_V\/edit?usp=sharing&amp;ouid=116740576558585836147&amp;rtpof=true&amp;sd=true\" target=\"_blank\" rel=\"noopener\">Seguran\u00e7a do Paciente e Educa\u00e7\u00e3o Permanente em Sa\u00fade: Fortalecendo a Aten\u00e7\u00e3o Prim\u00e1ria e Aten\u00e7\u00e3o Hospitalar<\/a><\/li>\n<li><a href=\"https:\/\/docs.google.com\/document\/d\/1aJZtHPrkmtpIb87VFpE5jihYsghnM2Bp\/edit?usp=sharing&amp;ouid=116740576558585836147&amp;rtpof=true&amp;sd=true\" target=\"_blank\" rel=\"noopener\">Sa\u00fade \u00e9 Democracia: Qualificando a Participa\u00e7\u00e3o dos Movimentos Sociais do Rio Grande do Norte no SUS\/RN nas lutas pelo direito \u00e0 Sa\u00fade<\/a><\/li>\n<li><a href=\"https:\/\/docs.google.com\/document\/d\/1vc2WsAo48nEZN_BrccsZ8gqu2ojz_SK1\/edit?usp=sharing&amp;ouid=116740576558585836147&amp;rtpof=true&amp;sd=true\" target=\"_blank\" rel=\"noopener\">Quem Corre, Cansa, Quem DORME, Alcan\u00e7a: O Sono como Matriz Pedag\u00f3gica para Adolescentes<\/a><\/li>\n<li><a href=\"https:\/\/docs.google.com\/document\/d\/1_DPdB5ELvpZwZsaVCKH20cVVJOFu5zdj\/edit?usp=sharing&amp;ouid=116740576558585836147&amp;rtpof=true&amp;sd=true\" target=\"_blank\" rel=\"noopener\">NUPICS em Caic\u00f3<\/a><\/li>\n<li><a href=\"https:\/\/docs.google.com\/document\/d\/1Di0291QP8ZQ7o-jSp-F2ZUG-yHrPVz56\/edit?usp=sharing&amp;ouid=116740576558585836147&amp;rtpof=true&amp;sd=true\" target=\"_blank\" rel=\"noopener\">Musicarte: Grupo de M\u00fasica Campus Caic\u00f3<\/a> &#8211; <em><strong><a href=\"https:\/\/www.instagram.com\/musicarte60\/?igsh=cWppbXBwdTVhdjZp\" target=\"_blank\" rel=\"noopener\">Ver Instagram<\/a><\/strong><\/em><\/li>\n<li><a href=\"https:\/\/docs.google.com\/document\/d\/1NNc7WpFJyTQmMvEDQQRDjValOSbu8_u8\/edit?usp=sharing&amp;ouid=116740576558585836147&amp;rtpof=true&amp;sd=true\" target=\"_blank\" rel=\"noopener\">Grupo Deleite: Aconselhamento em Amamenta\u00e7\u00e3o<\/a><\/li>\n<li><a href=\"https:\/\/docs.google.com\/document\/d\/1OuyWRX2oMWsM_trMdv22wruID4srEm1M\/edit?usp=sharing&amp;ouid=116740576558585836147&amp;rtpof=true&amp;sd=true\" target=\"_blank\" rel=\"noopener\">Despertando Voca\u00e7\u00f5es: Conhecendo o Curso de Enfermagem UERN\/Campus Caic\u00f3<\/a><\/li>\n<li><a href=\"https:\/\/docs.google.com\/document\/d\/1CsZJRIN_Q7jt-bI2QKfjUrF0VkiY0S6U\/edit?usp=sharing&amp;ouid=116740576558585836147&amp;rtpof=true&amp;sd=true\" target=\"_blank\" rel=\"noopener\">Capacita\u00e7\u00e3o em Primeiros Socorros para Professores do Ensino B\u00e1sico do Munic\u00edpio de Cruzeta\/RN<\/a><\/li>\n<li><a href=\"https:\/\/docs.google.com\/document\/d\/1-zdWMwz-PhE92XlkV8f8DDKS9SkcnxtR\/edit?usp=sharing&amp;ouid=116740576558585836147&amp;rtpof=true&amp;sd=true\" target=\"_blank\" rel=\"noopener\">Boas Pr\u00e1ticas na Aten\u00e7\u00e3o ao Parto e Nascimento<\/a><\/li>\n<li><a href=\"https:\/\/docs.google.com\/document\/d\/1KMk8nAA9v7rYt7s1N471l_agwNx7CEwj\/edit?usp=sharing&amp;ouid=116740576558585836147&amp;rtpof=true&amp;sd=true\" target=\"_blank\" rel=\"noopener\">Ateli\u00ea do Brincar<\/a><\/li>\n<li><a href=\"https:\/\/docs.google.com\/document\/d\/1Oh8NWwXcIhl_bcKp82VzChHfxPfYnLUY\/edit?usp=sharing&amp;ouid=116740576558585836147&amp;rtpof=true&amp;sd=true\" target=\"_blank\" rel=\"noopener\">Curso de Extens\u00e3o: 2\u00ba Simp\u00f3sio Brasileiro da Enfermagem do Sono<\/a><\/li>\n<li><a href=\"https:\/\/docs.google.com\/document\/d\/1INg3NH7CAikuITFRCWgdY_nrZ4skjtc3\/edit?usp=sharing&amp;ouid=116740576558585836147&amp;rtpof=true&amp;sd=true\" target=\"_blank\" rel=\"noopener\">Curso de Extens\u00e3o: Boas Pr\u00e1ticas no Ciclo do Sangue para Profissionais de Enfermagem<\/a><\/li>\n<\/ul>\n<p>&nbsp;<\/p>\n<h2><span style=\"font-size: 14pt\"><strong>Extens\u00e3o 2022<\/strong><\/span><\/h2>\n<ul style=\"list-style-type: disc\">\n<li><a href=\"https:\/\/docs.google.com\/document\/d\/1BTe5BI-wVVijffnBGn1W9kH5YBBDUbf-\/edit?usp=sharing&amp;ouid=116740576558585836147&amp;rtpof=true&amp;sd=true\" target=\"_blank\" rel=\"noopener\">Sa\u00fade \u00e9 Democracia: Qualificando a Participa\u00e7\u00e3o dos Movimentos Sociais do Rio Grande do Norte no SUS\/RN nas lutas pelo direito \u00e0 Sa\u00fade<\/a> &#8211; <strong><a href=\"https:\/\/www.instagram.com\/_saudedemocracia\/?igsh=MWhieTBnY2Q1MnZuZg%3D%3D\" target=\"_blank\" rel=\"noopener\"><em>Ver Instagram<\/em><\/a><\/strong><\/li>\n<li><a href=\"https:\/\/docs.google.com\/document\/d\/1f2a8DveEu_PRbgpv9NH8qHgpnC6Oyhym\/edit?usp=sharing&amp;ouid=116740576558585836147&amp;rtpof=true&amp;sd=true\" target=\"_blank\" rel=\"noopener\">Quem Corre, Cansa, Quem DORME, Alcan\u00e7a: O Sono como Matriz Pedag\u00f3gica para Adolescentes<\/a><\/li>\n<li><a href=\"https:\/\/docs.google.com\/document\/d\/1lJKpy2AM8lUj5ph17sz8x7ezItrecozB\/edit?usp=sharing&amp;ouid=116740576558585836147&amp;rtpof=true&amp;sd=true\" target=\"_blank\" rel=\"noopener\">O cuidado do Idoso para Cuidadores Informais<\/a><\/li>\n<li><a href=\"https:\/\/docs.google.com\/document\/d\/15J1Zu0w-HQk23M2VueIhn59uaPvYHa5I\/edit?usp=sharing&amp;ouid=116740576558585836147&amp;rtpof=true&amp;sd=true\" target=\"_blank\" rel=\"noopener\">NUPICS em Caic\u00f3<\/a> &#8211; <a href=\"https:\/\/www.instagram.com\/nupicscaico.uern\/?igsh=d2kzYW0wNWVpdTNq\" target=\"_blank\" rel=\"noopener\"><em><strong>Ver Instagram<\/strong><\/em><\/a><\/li>\n<li><a href=\"https:\/\/docs.google.com\/document\/d\/1fNsgYafXRyboB_vo87iITnjZnff8LuMc\/edit?usp=sharing&amp;ouid=116740576558585836147&amp;rtpof=true&amp;sd=true\" target=\"_blank\" rel=\"noopener\">Ideias e Debates em Rede<\/a><\/li>\n<li><a href=\"https:\/\/docs.google.com\/document\/d\/13wmi92KH84b-gbOTw8pmbk5jp5iddPXe\/edit?usp=sharing&amp;ouid=116740576558585836147&amp;rtpof=true&amp;sd=true\" target=\"_blank\" rel=\"noopener\">Grupo Deleite: Aconselhamento e Manejo Cl\u00ednico no Processo de Amamenta\u00e7\u00e3o<\/a><\/li>\n<li><a href=\"https:\/\/docs.google.com\/document\/d\/1isAyhTR8kww-LKIT3yCtcujOyoH86s8U\/edit?usp=sharing&amp;ouid=116740576558585836147&amp;rtpof=true&amp;sd=true\" target=\"_blank\" rel=\"noopener\">Despertando Voca\u00e7\u00f5es: Conhecendo o Curso de Enfermagem UERN\/Campus Caic\u00f3<\/a><\/li>\n<li><a href=\"https:\/\/docs.google.com\/document\/d\/1pOxhiGrgQo6Y_xLYq6Wsn1omVCRA_Csy\/edit?usp=sharing&amp;ouid=116740576558585836147&amp;rtpof=true&amp;sd=true\" target=\"_blank\" rel=\"noopener\">Capacita\u00e7\u00e3o em Seguran\u00e7a do Paciente com Profissionais da Sa\u00fade<\/a><\/li>\n<li><a href=\"https:\/\/docs.google.com\/document\/d\/1_sUUK6YMYXWPDpod_tfpSK3XGzGYlhOc\/edit?usp=sharing&amp;ouid=116740576558585836147&amp;rtpof=true&amp;sd=true\" target=\"_blank\" rel=\"noopener\">Capacita\u00e7\u00e3o em Primeiros Socorros para Professores do Ensino B\u00e1sico do Munic\u00edpio de Cruzeta\/RN<\/a><\/li>\n<li><a href=\"https:\/\/docs.google.com\/document\/d\/10dpTxTfTIZy3IbO1p8UD_IXPFo35soND\/edit?usp=sharing&amp;ouid=116740576558585836147&amp;rtpof=true&amp;sd=true\" target=\"_blank\" rel=\"noopener\">Boas Pr\u00e1ticas na Aten\u00e7\u00e3o ao Parto e Nascimento<\/a><\/li>\n<\/ul>\n<p>&nbsp;<\/p>\n<h2><span style=\"font-size: 14pt\"><span style=\"color: #000000\"><b>Extens\u00e3o 2021<\/b><\/span><\/span><\/h2>\n<ul>\n<li><a href=\"https:\/\/docs.google.com\/document\/d\/1ROkgrECYqLwdoNiLBQ_WAT6xviUUg66U\/edit?usp=sharing&amp;ouid=116740576558585836147&amp;rtpof=true&amp;sd=true\" target=\"_blank\" rel=\"noopener\">Ideias e Debates em Rede: F\u00f3rum de Debates Sobre os Problemas Cruciais de Nossa \u00c9poca<\/a><\/li>\n<li><a href=\"https:\/\/docs.google.com\/document\/d\/10_tPpVJTqeuzfXQbJjGpQyJsp6Otflxr\/edit?usp=sharing&amp;ouid=116740576558585836147&amp;rtpof=true&amp;sd=true\" target=\"_blank\" rel=\"noopener\">Grupo Deleite: Aconselhamento e Manejo Cl\u00ednico no Processo de Amamenta\u00e7\u00e3o<\/a><\/li>\n<li><a href=\"https:\/\/docs.google.com\/document\/d\/1iw0zrNO38KXvb-9BmKVMmXe09o8kT_WK\/edit?usp=sharing&amp;ouid=116740576558585836147&amp;rtpof=true&amp;sd=true\" target=\"_blank\" rel=\"noopener\">Gera\u00e7\u00e3o Mais<\/a><\/li>\n<li><a href=\"https:\/\/docs.google.com\/document\/d\/14XzalPhx1IgyKVgt-ic79qPc--T0cX_q\/edit?usp=sharing&amp;ouid=116740576558585836147&amp;rtpof=true&amp;sd=true\" target=\"_blank\" rel=\"noopener\">Di\u00e1logos entre Artes, Sa\u00fade e Cidadania para o Protagonismo e Inclus\u00e3o Social<\/a><\/li>\n<li><a href=\"https:\/\/docs.google.com\/document\/d\/1h9Glx27dhJw5oDkq2bbS73boLWL1l6fG\/edit?usp=sharing&amp;ouid=116740576558585836147&amp;rtpof=true&amp;sd=true\" target=\"_blank\" rel=\"noopener\">Despertando Voca\u00e7\u00f5es: Conhecendo o Curso de Enfermagem UERN\/Campus Caic\u00f3<\/a><\/li>\n<li><a href=\"https:\/\/docs.google.com\/document\/d\/1CnNzETCWbqdqA9mb9VqhhuhEioNlLcv6\/edit?usp=sharing&amp;ouid=116740576558585836147&amp;rtpof=true&amp;sd=true\" target=\"_blank\" rel=\"noopener\">Capacita\u00e7\u00e3o em Seguran\u00e7a do Paciente com Profissionais da Aten\u00e7\u00e3o Prim\u00e1ria em Sa\u00fade<\/a> &#8211; <strong><a href=\"https:\/\/www.instagram.com\/extsegurancadopaciente\/?igsh=cjlqcWxhdHFocDhp\" target=\"_blank\" rel=\"noopener\"><em>Ver Instagram<\/em><\/a><\/strong><\/li>\n<li><a href=\"https:\/\/docs.google.com\/document\/d\/1eJG_zcHki_9thy0bICtV04ClHLzXp_S0\/edit?usp=sharing&amp;ouid=116740576558585836147&amp;rtpof=true&amp;sd=true\" target=\"_blank\" rel=\"noopener\">Boas Pr\u00e1ticas na Aten\u00e7\u00e3o ao Parto e Nascimento<\/a><\/li>\n<li><a href=\"https:\/\/docs.google.com\/document\/d\/1JfSbAfgm7ig5OW373UdTQUdi9K2iYrcG\/edit?usp=sharing&amp;ouid=116740576558585836147&amp;rtpof=true&amp;sd=true\" target=\"_blank\" rel=\"noopener\">Atividades Terap\u00eauticas em Grupo no CAPS AD de Caic\u00f3-RN<\/a><\/li>\n<li><a href=\"https:\/\/docs.google.com\/document\/d\/1zUZINU376yLCJ-kK6Fu12Dv6KUOa6Oww\/edit?usp=sharing&amp;ouid=116740576558585836147&amp;rtpof=true&amp;sd=true\" target=\"_blank\" rel=\"noopener\">A\u00e7\u00f5es para Implementa\u00e7\u00e3o do Processo de Enfermagem na Regi\u00e3o do Serid\u00f3<\/a><\/li>\n<\/ul>\n<p>&nbsp;<\/p>\n<h2><span style=\"font-size: 14pt\"><strong>Extens\u00e3o 2020<\/strong><\/span><\/h2>\n<ul style=\"list-style-type: disc\">\n<li><a href=\"https:\/\/docs.google.com\/document\/d\/1aT2gG9KSHHlQWjgZDh7m_faA3-HbTndr\/edit?usp=sharing&amp;ouid=116740576558585836147&amp;rtpof=true&amp;sd=true\" target=\"_blank\" rel=\"noopener\">Vamos Envelhecer Juntos?<\/a><\/li>\n<li><a href=\"https:\/\/docs.google.com\/document\/d\/1UbzaxlIas3cvVypADqL9AoAA2hT-_w3Z\/edit?usp=sharing&amp;ouid=116740576558585836147&amp;rtpof=true&amp;sd=true\" target=\"_blank\" rel=\"noopener\">Grupo Deleite: Aconselhamento e Manejo Cl\u00ednico no Processo de Amamenta\u00e7\u00e3o<\/a><\/li>\n<li><a href=\"https:\/\/docs.google.com\/document\/d\/1ZyE263JGW7BLowROob3xM46WKkb1Wq5E\/edit?usp=sharing&amp;ouid=116740576558585836147&amp;rtpof=true&amp;sd=true\" target=\"_blank\" rel=\"noopener\">F\u00f3rum de Debates Sobre os Problemas Cruciais de Nossa \u00c9poca<\/a><\/li>\n<li><a href=\"https:\/\/docs.google.com\/document\/d\/120rMPOInFz7nvDssArs2-V1cljhzJnpE\/edit?usp=sharing&amp;ouid=116740576558585836147&amp;rtpof=true&amp;sd=true\" target=\"_blank\" rel=\"noopener\">Ensino e Treinamento do Suporte B\u00e1sico de Vida nas Escolas<\/a><\/li>\n<li><a href=\"https:\/\/docs.google.com\/document\/d\/1E0h2pafduQy_BkZI2ssLHjXQCN4k3xQ6\/edit?usp=sharing&amp;ouid=116740576558585836147&amp;rtpof=true&amp;sd=true\" target=\"_blank\" rel=\"noopener\">Di\u00e1logos entre Artes, Sa\u00fade e Cidadania para o Protagonismo e Inclus\u00e3o Social<\/a><\/li>\n<li><a href=\"https:\/\/docs.google.com\/document\/d\/1GsJ7KLPTC40wIao6l9ODAiLCNN_-DL0W\/edit?usp=sharing&amp;ouid=116740576558585836147&amp;rtpof=true&amp;sd=true\" target=\"_blank\" rel=\"noopener\">Despertando Voca\u00e7\u00f5es: Conhecendo o Curso de Enfermagem<\/a><\/li>\n<li><a href=\"https:\/\/docs.google.com\/document\/d\/1XkYsInk-G-sgh9aLTbiZ92Gbs8Yy9OGD\/edit?usp=sharing&amp;ouid=116740576558585836147&amp;rtpof=true&amp;sd=true\" target=\"_blank\" rel=\"noopener\">Contribuindo com a Compreens\u00e3o do Envelhecimento Humano em Escolas de Ensino M\u00e9dio<\/a><\/li>\n<li><a href=\"https:\/\/docs.google.com\/document\/d\/1QpsHod_cXrOnfYRrax7sGmg_JCRHUB0X\/edit?usp=sharing&amp;ouid=116740576558585836147&amp;rtpof=true&amp;sd=true\" target=\"_blank\" rel=\"noopener\">Cinema e Loucura: Das Pol\u00edticas de Sa\u00fade \u00e0 Interven\u00e7\u00e3o Cl\u00ednica<\/a><\/li>\n<li><a href=\"https:\/\/docs.google.com\/document\/d\/1N5tiNzedhbRs05AliO9Wo9B2UGX7xorJ\/edit?usp=sharing&amp;ouid=116740576558585836147&amp;rtpof=true&amp;sd=true\" target=\"_blank\" rel=\"noopener\">Capacita\u00e7\u00e3o em Seguran\u00e7a do Paciente com Profissionais da Aten\u00e7\u00e3o Prim\u00e1ria em Sa\u00fade<\/a><\/li>\n<li><a href=\"https:\/\/docs.google.com\/document\/d\/1ojT6ho9_KIBwR28NQhJgnLBdtPNcHvH4\/edit?usp=sharing&amp;ouid=116740576558585836147&amp;rtpof=true&amp;sd=true\" target=\"_blank\" rel=\"noopener\">Boas Pr\u00e1ticas na Aten\u00e7\u00e3o ao Parto e Nascimento<\/a><\/li>\n<li><a href=\"https:\/\/docs.google.com\/document\/d\/1K_ywlpolPj5FoGDy179rc0Qo_oJf5SKU\/edit?usp=sharing&amp;ouid=116740576558585836147&amp;rtpof=true&amp;sd=true\" target=\"_blank\" rel=\"noopener\">A\u00e7\u00f5es para Implementa\u00e7\u00e3o do Processo de Enfermagem da Regi\u00e3o do Serid\u00f3<\/a><\/li>\n<\/ul>\n<p>&nbsp;<\/p>\n<h2><strong><span style=\"font-size: 14pt\">Extens\u00e3o 2019<\/span><\/strong><\/h2>\n<ul>\n<li><a href=\"https:\/\/docs.google.com\/document\/d\/1zVRfwEkRmyEcVzzzBapIdU_HiwiMkruY\/edit\" target=\"_blank\" rel=\"noopener\">Vamos Envelhecer Juntos?<\/a><\/li>\n<li><a href=\"https:\/\/docs.google.com\/document\/d\/1E3brZr_d-CZQGBWYDK58o0p-Vm2agWma\/edit?usp=sharing&amp;ouid=116740576558585836147&amp;rtpof=true&amp;sd=true\" target=\"_blank\" rel=\"noopener\">Promovendo Sa\u00fade Renal: A\u00e7\u00f5es de Educa\u00e7\u00e3o em Sa\u00fade<\/a><\/li>\n<li><a href=\"https:\/\/docs.google.com\/document\/d\/1E3brZr_d-CZQGBWYDK58o0p-Vm2agWma\/edit?usp=sharing&amp;ouid=116740576558585836147&amp;rtpof=true&amp;sd=true\" target=\"_blank\" rel=\"noopener\">M\u00e3os que Falam: O Uso da L\u00edngua de Sinais na \u00c1rea da Sa\u00fade<\/a><\/li>\n<li><a href=\"https:\/\/docs.google.com\/document\/d\/1YJ6elggfY76_Oh53iRlc5lzjw2s8oQIH\/edit?usp=sharing&amp;ouid=116740576558585836147&amp;rtpof=true&amp;sd=true\" target=\"_blank\" rel=\"noopener\">Grupo Deleite: Aconselhamento e Manejo Cl\u00ednico no Processo de Amamenta\u00e7\u00e3o<\/a><\/li>\n<li><a href=\"https:\/\/docs.google.com\/document\/d\/1yxYEihqC7CBxS5j8Ueuxy2054L_4xCk8\/edit?usp=sharing&amp;ouid=116740576558585836147&amp;rtpof=true&amp;sd=true\" target=\"_blank\" rel=\"noopener\">F\u00f3rum de Debates Sobre os Problemas Cruciais de Nossa \u00c9poca<\/a><\/li>\n<li><a href=\"https:\/\/docs.google.com\/document\/d\/1N3MBWwUKclBDboJ3WJr7JT2aCFAEfWbI\/edit?usp=sharing&amp;ouid=116740576558585836147&amp;rtpof=true&amp;sd=true\" target=\"_blank\" rel=\"noopener\">Ensino e Treinamento do Suporte B\u00e1sico de Vida nas Escolas<\/a><\/li>\n<li><a href=\"https:\/\/docs.google.com\/document\/d\/1XP1RKN7BlKlruwBGoSP9TpXq41H3GQU9\/edit\" target=\"_blank\" rel=\"noopener\">Despertando Voca\u00e7\u00f5es: Conhecendo o Curso de Enfermagem UERN\/Campus Caic\u00f3<\/a><\/li>\n<li><a href=\"https:\/\/docs.google.com\/document\/d\/16xLsifCamUJE84AiA3drkS1iDtxUWUbv\/edit?usp=sharing&amp;ouid=116740576558585836147&amp;rtpof=true&amp;sd=true\" target=\"_blank\" rel=\"noopener\">Cinema e Loucura: da Discuss\u00e3o Pol\u00edtica \u00e0 Interven\u00e7\u00e3o Cl\u00ednica<\/a><\/li>\n<li><a href=\"https:\/\/docs.google.com\/document\/d\/1ftXAcbJ0A9_63ECu5O2dpRqIXcvrrDJt\/edit?usp=sharing&amp;ouid=116740576558585836147&amp;rtpof=true&amp;sd=true\" target=\"_blank\" rel=\"noopener\">Boas Pr\u00e1ticas na Aten\u00e7\u00e3o ao Parto e Nascimento<\/a><\/li>\n<\/ul>\n<p>&nbsp;<\/p>\n<h2><strong><span style=\"font-size: 14pt\">Extens\u00e3o 2018<\/span><\/strong><\/h2>\n<ul style=\"list-style-type: disc\">\n<li><a href=\"https:\/\/docs.google.com\/document\/d\/1S56A-w5n2uOGXwAl4_oSZblPJhecnRPY\/edit\" target=\"_blank\" rel=\"noopener\">Vem Ser Idoso(A) na UERN<\/a><\/li>\n<li><a href=\"https:\/\/docs.google.com\/document\/d\/1xDHOUAqFRQrTOIyndQ1q2DEomgW_dcp8\/edit#heading=h.en3ebkr2f7tz\" target=\"_blank\" rel=\"noopener\">Promovendo a Sa\u00fade da Mulher no Munic\u00edpio de Caic\u00f3\/RN<\/a><\/li>\n<li><a href=\"https:\/\/docs.google.com\/document\/d\/1BPBGwoX9CKZzaybkcJXYWoGTRQWdoeKN\/edit?usp=sharing&amp;ouid=116740576558585836147&amp;rtpof=true&amp;sd=true\" target=\"_blank\" rel=\"noopener\">Musicarte: Grupo de M\u00fasica Campus Caic\u00f3<\/a><\/li>\n<li><a href=\"https:\/\/docs.google.com\/document\/d\/145RRxLrrA0yBqECK2nbGpIMOkARe01_U\/edit?usp=sharing&amp;ouid=116740576558585836147&amp;rtpof=true&amp;sd=true\" target=\"_blank\" rel=\"noopener\">F\u00f3rum de Debates Sobre os Problemas Cruciais de Nossa \u00c9poca<\/a><\/li>\n<li><a href=\"https:\/\/docs.google.com\/document\/d\/17IIyxDO29kJtA0HKMShzjnpK8a082_uQ\/edit\" target=\"_blank\" rel=\"noopener\">Despertando Voca\u00e7\u00f5es: Conhecendo o Curso de Enfermagem UERN\/Campus Caic\u00f3<\/a> &#8211; <a href=\"https:\/\/www.instagram.com\/despertandovocacoesuern\/?igsh=c2toeTEyaG5td2N1\" target=\"_blank\" rel=\"noopener\"><em><strong>Ver Instagram<\/strong><\/em><\/a><\/li>\n<li><a href=\"https:\/\/docs.google.com\/document\/d\/1iQwY1LT6SA9UIb_HqHnqd1gmpPh_dZRe\/edit?usp=sharing&amp;ouid=116740576558585836147&amp;rtpof=true&amp;sd=true\" target=\"_blank\" rel=\"noopener\">Aspectos Relacionados \u00e0 Doen\u00e7a Renal Cr\u00f4nica e Hemodi\u00e1lise: Educa\u00e7\u00e3o em Sa\u00fade<\/a><\/li>\n<li><a href=\"https:\/\/docs.google.com\/document\/d\/19ASWqShM7SrwJ0m7hJ_VNkKdQNuq6gTA\/edit?usp=sharing&amp;ouid=116740576558585836147&amp;rtpof=true&amp;sd=true\" target=\"_blank\" rel=\"noopener\">Aconselhamento e Manejo Cl\u00ednico no Processo de Amamenta\u00e7\u00e3o<\/a><\/li>\n<\/ul>\n","protected":false},"excerpt":{"rendered":"<p>Extens\u00e3o 2025 Musicarte: Grupo de M\u00fasica Campus Caic\u00f3 Caic\u00f3Cast: Conectando cuidados e saberes Ateli\u00ea do Brincar Sa\u00fade \u00e9 democracia: qualificando a participa\u00e7\u00e3o dos movimentos sociais do Rio Grande do Norte no SUS\/RN nas lutas pelo direito \u00e0 sa\u00fade Seguran\u00e7a do paciente e educa\u00e7\u00e3o permanente em sa\u00fade: fortalecendo a aten\u00e7\u00e3o prim\u00e1ria e aten\u00e7\u00e3o hospitalar Grupo Deleite: [&hellip;]<\/p>\n","protected":false},"author":1,"featured_media":0,"parent":0,"menu_order":0,"comment_status":"closed","ping_status":"closed","template":"","meta":{"footnotes":""},"class_list":["post-610","page","type-page","status-publish","hentry"],"_links":{"self":[{"href":"https:\/\/portal.uern.br\/caico\/den\/wp-json\/wp\/v2\/pages\/610","targetHints":{"allow":["GET"]}}],"collection":[{"href":"https:\/\/portal.uern.br\/caico\/den\/wp-json\/wp\/v2\/pages"}],"about":[{"href":"https:\/\/portal.uern.br\/caico\/den\/wp-json\/wp\/v2\/types\/page"}],"author":[{"embeddable":true,"href":"https:\/\/portal.uern.br\/caico\/den\/wp-json\/wp\/v2\/users\/1"}],"replies":[{"embeddable":true,"href":"https:\/\/portal.uern.br\/caico\/den\/wp-json\/wp\/v2\/comments?post=610"}],"version-history":[{"count":161,"href":"https:\/\/portal.uern.br\/caico\/den\/wp-json\/wp\/v2\/pages\/610\/revisions"}],"predecessor-version":[{"id":1506,"href":"https:\/\/portal.uern.br\/caico\/den\/wp-json\/wp\/v2\/pages\/610\/revisions\/1506"}],"wp:attachment":[{"href":"https:\/\/portal.uern.br\/caico\/den\/wp-json\/wp\/v2\/media?parent=610"}],"curies":[{"name":"wp","href":"https:\/\/api.w.org\/{rel}","templated":true}]}}