{"id":608,"date":"2023-04-10T08:09:51","date_gmt":"2023-04-10T11:09:51","guid":{"rendered":"https:\/\/portal.uern.br\/caico\/enfermagem\/?page_id=608"},"modified":"2025-10-10T16:55:06","modified_gmt":"2025-10-10T19:55:06","slug":"eventos","status":"publish","type":"page","link":"https:\/\/portal.uern.br\/caico\/den\/eventos\/","title":{"rendered":"Eventos"},"content":{"rendered":"<h2><span style=\"font-size: 14pt\"><strong>2025.2<\/strong><\/span><\/h2>\n<ul>\n<li style=\"list-style-type: none\">\n<ul style=\"list-style-type: disc\">\n<li><span style=\"font-size: 12pt\"><a href=\"https:\/\/drive.google.com\/file\/d\/1Vx303usdev9aTIhL1gk8YL0e02apeXy8\/view?usp=sharing\" target=\"_blank\" rel=\"noopener\">Semana de Planejamento<\/a><\/span><\/li>\n<\/ul>\n<\/li>\n<\/ul>\n<h2><span style=\"font-size: 14pt\"><strong>2025.1<\/strong><\/span><\/h2>\n<ul>\n<li style=\"list-style-type: none\">\n<ul style=\"list-style-type: disc\">\n<li><span style=\"font-size: 12pt\"><a href=\"https:\/\/drive.google.com\/file\/d\/1Oxptsh5WcpoqhFjewmDFCOrw4aaD3kaM\/view?usp=sharing\" target=\"_blank\" rel=\"noopener\">Semana de Planejamento<\/a><\/span><\/li>\n<\/ul>\n<\/li>\n<\/ul>\n<h2><span style=\"font-size: 14pt\"><strong>2024.2<\/strong><\/span><\/h2>\n<ul>\n<li style=\"list-style-type: none\">\n<ul style=\"list-style-type: disc\">\n<li><span style=\"font-size: 12pt\"><a href=\"https:\/\/drive.google.com\/file\/d\/1-5v6bf-YHMfJYTcybRoyN_wLvEVj6M3x\/view?usp=sharing\" target=\"_blank\" rel=\"noopener\">Semana de Planejamento<\/a><\/span><\/li>\n<\/ul>\n<\/li>\n<\/ul>\n<h2><span style=\"font-size: 14pt\"><strong>2024.1<\/strong><\/span><\/h2>\n<ul>\n<li style=\"list-style-type: none\">\n<ul style=\"list-style-type: disc\">\n<li><span style=\"font-size: 12pt\"><a href=\"https:\/\/drive.google.com\/file\/d\/1CaUjPWYFRSJ3VFgtJtya_SkfN6TDqMCu\/view?usp=sharing\" target=\"_blank\" rel=\"noopener\">Semana de Planejamento<\/a><\/span><\/li>\n<li><span style=\"font-size: 12pt\"><a href=\"https:\/\/drive.google.com\/file\/d\/1291Ge_imkUuDae3M9NNVlXgdJlDXHNIM\/view?usp=sharing\" target=\"_blank\" rel=\"noopener\">Semana de Enfermagem<\/a><\/span><\/li>\n<\/ul>\n<\/li>\n<\/ul>\n<h2><span style=\"font-size: 14pt\"><strong>2023.2<\/strong><\/span><\/h2>\n<ul>\n<li style=\"list-style-type: none\">\n<ul style=\"list-style-type: disc\">\n<li><span style=\"font-size: 12pt\"><a href=\"https:\/\/drive.google.com\/file\/d\/11v691fxTMfX0bVS9qzrUbE5X9l_hxD17\/view?usp=sharing\" target=\"_blank\" rel=\"noopener\">Semana de Planejamento<\/a><\/span><\/li>\n<\/ul>\n<\/li>\n<\/ul>\n<h2><span style=\"font-size: 14pt\"><strong>2023.1<\/strong><\/span><\/h2>\n<ul>\n<li style=\"list-style-type: none\">\n<ul style=\"list-style-type: disc\">\n<li><span style=\"font-size: 12pt\"><a href=\"https:\/\/drive.google.com\/file\/d\/1qZFqe5oD3YJPOLKLOCdLz9ISDYgRE312\/view?usp=sharing\" target=\"_blank\" rel=\"noopener\">Semana de Planejamento<\/a><\/span><\/li>\n<li><span style=\"font-size: 12pt\"><a href=\"https:\/\/drive.google.com\/file\/d\/1x7kUpugV57kN-IjhRFcE-pdoYxd7JcrH\/view?usp=sharing\" target=\"_blank\" rel=\"noopener\">Semana de Enfermagem<\/a><\/span><\/li>\n<\/ul>\n<\/li>\n<\/ul>\n<h2><span style=\"font-size: 14pt\"><strong>2022.2<\/strong><\/span><\/h2>\n<ul>\n<li style=\"list-style-type: none\">\n<ul style=\"list-style-type: disc\">\n<li><span style=\"font-size: 12pt\"><a href=\"https:\/\/drive.google.com\/file\/d\/181Z-4Wv6JtQAbvlQ1_FAl4COsIB7URKM\/view?usp=sharing\" target=\"_blank\" rel=\"noopener\">Semana de Planejamento<\/a><\/span><\/li>\n<\/ul>\n<\/li>\n<\/ul>\n<h2><span style=\"font-size: 14pt\"><strong>2022.1<\/strong><\/span><\/h2>\n<ul>\n<li style=\"list-style-type: none\">\n<ul style=\"list-style-type: disc\">\n<li><span style=\"font-size: 12pt\"><a href=\"https:\/\/drive.google.com\/file\/d\/1ZfnLjea3PWZ-K99jDTS32_JGtQLb1djd\/view?usp=sharing\" target=\"_blank\" rel=\"noopener\">Semana de Planejamento<\/a><\/span><\/li>\n<li><span style=\"font-size: 12pt\"><a href=\"https:\/\/drive.google.com\/file\/d\/18j39XjBYHzTOPyD8kiH5Wwigc8orkmP3\/view?usp=sharing\" target=\"_blank\" rel=\"noopener\">I Semin\u00e1rio Regional: Complexidade e Interfaces na forma\u00e7\u00e3o universit\u00e1ria em tempos (p\u00f3s) pand\u00eamicos<\/a><\/span><\/li>\n<\/ul>\n<\/li>\n<\/ul>\n<h2><span style=\"font-size: 14pt\"><strong>2021.2<\/strong><\/span><\/h2>\n<ul>\n<li style=\"list-style-type: none\">\n<ul style=\"list-style-type: disc\">\n<li><span style=\"font-size: 12pt\"><a href=\"https:\/\/drive.google.com\/file\/d\/14GTPd3BI7OF7fT81ksxqd2F5oOQsS2iA\/view?usp=sharing\" target=\"_blank\" rel=\"noopener\">Semana de Planejamento<\/a><\/span><\/li>\n<\/ul>\n<\/li>\n<\/ul>\n<h2><span style=\"font-size: 14pt\"><strong>2021.1<\/strong><\/span><\/h2>\n<ul>\n<li style=\"list-style-type: none\">\n<ul style=\"list-style-type: disc\">\n<li><span style=\"font-size: 12pt\"><a href=\"https:\/\/drive.google.com\/file\/d\/1SBDz14uAyHdgiLBiqpDmBUKDk9RglKFJ\/view?usp=sharing\" target=\"_blank\" rel=\"noopener\">Semana de Planejamento<\/a><\/span><\/li>\n<\/ul>\n<\/li>\n<\/ul>\n<h2><span style=\"font-size: 14pt\"><strong>2020.2<\/strong><\/span><\/h2>\n<ul>\n<li style=\"list-style-type: none\">\n<ul style=\"list-style-type: disc\">\n<li><span style=\"font-size: 12pt\"><a href=\"https:\/\/drive.google.com\/file\/d\/1qVH1-oWP24HPJoLyEwekukICIVzl89qz\/view?usp=sharing\" target=\"_blank\" rel=\"noopener\">Semana de Planejamento<\/a><\/span><\/li>\n<\/ul>\n<\/li>\n<\/ul>\n<h2><span style=\"font-size: 14pt\"><strong>2020.1<\/strong><\/span><\/h2>\n<ul>\n<li style=\"list-style-type: none\">\n<ul style=\"list-style-type: disc\">\n<li><span style=\"font-size: 12pt\"><a href=\"https:\/\/drive.google.com\/file\/d\/1m-ib_XOHji5o8ehsse1MFhAvh97X35YD\/view?usp=sharing\" target=\"_blank\" rel=\"noopener\">Semana de Planejamento<\/a><\/span><\/li>\n<\/ul>\n<\/li>\n<\/ul>\n<h2><span style=\"font-size: 14pt\"><strong>2019.2<\/strong><\/span><\/h2>\n<ul>\n<li style=\"list-style-type: none\">\n<ul style=\"list-style-type: disc\">\n<li><span style=\"font-size: 12pt\"><a href=\"https:\/\/drive.google.com\/file\/d\/1Hicd5TG47HijbMqyOIwnuw5r33Z0C7HM\/view?usp=sharing\" target=\"_blank\" rel=\"noopener\">Semana de Planejamento<\/a><\/span><\/li>\n<\/ul>\n<\/li>\n<\/ul>\n<p><span style=\"font-size: 14pt\"><strong>2019.1<\/strong><\/span><\/p>\n<ul>\n<li style=\"list-style-type: none\">\n<ul style=\"list-style-type: disc\">\n<li><span style=\"font-size: 12pt\"><a href=\"https:\/\/drive.google.com\/file\/d\/1soNLLsG5a0rt5apgxz8TbNAXezdtQUYu\/view?usp=sharing\" target=\"_blank\" rel=\"noopener\">Semana de Planejamento<\/a><\/span><\/li>\n<li><span style=\"font-size: 12pt\"><a href=\"https:\/\/drive.google.com\/file\/d\/1B9nvTsYjMEu08t1gIu1gzn-EycGFzRdz\/view?usp=sharing\" target=\"_blank\" rel=\"noopener\">I Encontro de Atualiza\u00e7\u00e3o em Neonatologia da UERN<\/a><\/span><\/li>\n<\/ul>\n<\/li>\n<\/ul>\n<h2><span style=\"font-size: 14pt\"><strong>2018.2<\/strong><\/span><\/h2>\n<ul>\n<li style=\"list-style-type: none\">\n<ul style=\"list-style-type: disc\">\n<li><span style=\"font-size: 12pt\"><a href=\"https:\/\/drive.google.com\/file\/d\/14Dlz-UNf-0tdruORcLhGIP_K-LiutioK\/view?usp=sharing\" target=\"_blank\" rel=\"noopener\">Semana de Planejamento<\/a><\/span><\/li>\n<li><span style=\"font-size: 12pt\"><a href=\"https:\/\/drive.google.com\/file\/d\/1oIu5BckTr7H2kT7Ii3jSCtmtTNvFZRtK\/view?usp=sharing\" target=\"_blank\" rel=\"noopener\">Semana Brasileira de Enfermagem 2019<\/a><\/span><\/li>\n<\/ul>\n<\/li>\n<\/ul>\n<h2><span style=\"font-size: 14pt\"><strong>2018.1<\/strong><\/span><\/h2>\n<ul>\n<li style=\"list-style-type: none\">\n<ul style=\"list-style-type: disc\">\n<li><span style=\"font-size: 12pt\"><a href=\"https:\/\/drive.google.com\/file\/d\/1IMXCcLt0qDfYCutQwXB9UOaC12KL1rug\/view?usp=sharing\" target=\"_blank\" rel=\"noopener\">\u00a0Semana de Planejamento<\/a><\/span><\/li>\n<\/ul>\n<\/li>\n<\/ul>\n","protected":false},"excerpt":{"rendered":"<p>2025.2 Semana de Planejamento 2025.1 Semana de Planejamento 2024.2 Semana de Planejamento 2024.1 Semana de Planejamento Semana de Enfermagem 2023.2 Semana de Planejamento 2023.1 Semana de Planejamento Semana de Enfermagem 2022.2 Semana de Planejamento 2022.1 Semana de Planejamento I Semin\u00e1rio Regional: Complexidade e Interfaces na forma\u00e7\u00e3o universit\u00e1ria em tempos (p\u00f3s) pand\u00eamicos 2021.2 Semana de Planejamento [&hellip;]<\/p>\n","protected":false},"author":1,"featured_media":0,"parent":0,"menu_order":0,"comment_status":"closed","ping_status":"closed","template":"","meta":{"footnotes":""},"class_list":["post-608","page","type-page","status-publish","hentry"],"_links":{"self":[{"href":"https:\/\/portal.uern.br\/caico\/den\/wp-json\/wp\/v2\/pages\/608","targetHints":{"allow":["GET"]}}],"collection":[{"href":"https:\/\/portal.uern.br\/caico\/den\/wp-json\/wp\/v2\/pages"}],"about":[{"href":"https:\/\/portal.uern.br\/caico\/den\/wp-json\/wp\/v2\/types\/page"}],"author":[{"embeddable":true,"href":"https:\/\/portal.uern.br\/caico\/den\/wp-json\/wp\/v2\/users\/1"}],"replies":[{"embeddable":true,"href":"https:\/\/portal.uern.br\/caico\/den\/wp-json\/wp\/v2\/comments?post=608"}],"version-history":[{"count":25,"href":"https:\/\/portal.uern.br\/caico\/den\/wp-json\/wp\/v2\/pages\/608\/revisions"}],"predecessor-version":[{"id":1476,"href":"https:\/\/portal.uern.br\/caico\/den\/wp-json\/wp\/v2\/pages\/608\/revisions\/1476"}],"wp:attachment":[{"href":"https:\/\/portal.uern.br\/caico\/den\/wp-json\/wp\/v2\/media?parent=608"}],"curies":[{"name":"wp","href":"https:\/\/api.w.org\/{rel}","templated":true}]}}