{"id":606,"date":"2023-04-10T08:09:23","date_gmt":"2023-04-10T11:09:23","guid":{"rendered":"https:\/\/portal.uern.br\/caico\/enfermagem\/?page_id=606"},"modified":"2026-04-30T15:24:13","modified_gmt":"2026-04-30T18:24:13","slug":"equipe","status":"publish","type":"page","link":"https:\/\/portal.uern.br\/caico\/den\/equipe\/","title":{"rendered":"Equipe"},"content":{"rendered":"<p>&nbsp;<\/p>\n<table style=\"width: 50.6374%;height: 380px\" cellpadding=\"2\">\n<tbody>\n<tr style=\"height: 207px\">\n<td style=\"width: 26.8925%;height: 125px\"><img fetchpriority=\"high\" decoding=\"async\" class=\"alignnone size-medium wp-image-1503\" src=\"https:\/\/portal.uern.br\/caico\/den\/wp-content\/uploads\/sites\/2\/2026\/04\/Jessica-1-287x300.jpg\" alt=\"\" width=\"287\" height=\"300\" srcset=\"https:\/\/portal.uern.br\/caico\/den\/wp-content\/uploads\/sites\/2\/2026\/04\/Jessica-1-287x300.jpg 287w, https:\/\/portal.uern.br\/caico\/den\/wp-content\/uploads\/sites\/2\/2026\/04\/Jessica-1.jpg 708w\" sizes=\"(max-width: 287px) 100vw, 287px\" \/><img decoding=\"async\" class=\"alignnone size-medium wp-image-1507\" src=\"https:\/\/portal.uern.br\/caico\/den\/wp-content\/uploads\/sites\/2\/2026\/04\/Regilene-300x294.jpeg\" alt=\"\" width=\"300\" height=\"294\" srcset=\"https:\/\/portal.uern.br\/caico\/den\/wp-content\/uploads\/sites\/2\/2026\/04\/Regilene-300x294.jpeg 300w, https:\/\/portal.uern.br\/caico\/den\/wp-content\/uploads\/sites\/2\/2026\/04\/Regilene.jpeg 720w\" sizes=\"(max-width: 300px) 100vw, 300px\" \/><\/td>\n<td style=\"width: 94.6217%;height: 125px\"><span style=\"font-size: 12pt\">J\u00e9ssica Dantas de S\u00e1 Tinoco, Profa. Dra.\u00a0<\/span><\/p>\n<p><span style=\"font-size: 12pt\">Chefe do Curso de Enfermagem<\/span><\/p>\n<p>&nbsp;<\/p>\n<p>Regilene Alves Portela, Profa. Dra.<\/p>\n<p>Subchefe do Curso de Enfermagem<\/td>\n<\/tr>\n<tr style=\"height: 190px\">\n<td style=\"width: 26.8925%;height: 10px\"><img decoding=\"async\" class=\"alignnone wp-image-1477 size-medium\" src=\"https:\/\/portal.uern.br\/caico\/den\/wp-content\/uploads\/sites\/2\/2025\/10\/PHOTO-2025-10-10-17-11-11-e1777573390180-259x300.jpg\" alt=\"\" width=\"259\" height=\"300\" srcset=\"https:\/\/portal.uern.br\/caico\/den\/wp-content\/uploads\/sites\/2\/2025\/10\/PHOTO-2025-10-10-17-11-11-e1777573390180-259x300.jpg 259w, https:\/\/portal.uern.br\/caico\/den\/wp-content\/uploads\/sites\/2\/2025\/10\/PHOTO-2025-10-10-17-11-11-e1777573390180-768x889.jpg 768w, https:\/\/portal.uern.br\/caico\/den\/wp-content\/uploads\/sites\/2\/2025\/10\/PHOTO-2025-10-10-17-11-11-e1777573390180.jpg 857w\" sizes=\"(max-width: 259px) 100vw, 259px\" \/><\/td>\n<td style=\"width: 94.6217%;height: 10px\"><span style=\"font-size: 12pt\">Daniel Ferreira Guimar\u00e3es, TNM Esp.<\/span><\/p>\n<p><span style=\"font-size: 12pt\">T\u00e9cnico Administrativo do Curso de Enfermagem<\/span><\/td>\n<\/tr>\n<tr style=\"height: 100px\">\n<td style=\"width: 26.8925%;height: 10px\"><img loading=\"lazy\" decoding=\"async\" class=\"alignnone wp-image-1473\" src=\"https:\/\/portal.uern.br\/caico\/den\/wp-content\/uploads\/sites\/2\/2025\/10\/Neidinha-foto-3.jpg\" alt=\"\" width=\"300\" height=\"300\" srcset=\"https:\/\/portal.uern.br\/caico\/den\/wp-content\/uploads\/sites\/2\/2025\/10\/Neidinha-foto-3.jpg 889w, https:\/\/portal.uern.br\/caico\/den\/wp-content\/uploads\/sites\/2\/2025\/10\/Neidinha-foto-3-300x300.jpg 300w, https:\/\/portal.uern.br\/caico\/den\/wp-content\/uploads\/sites\/2\/2025\/10\/Neidinha-foto-3-150x150.jpg 150w, https:\/\/portal.uern.br\/caico\/den\/wp-content\/uploads\/sites\/2\/2025\/10\/Neidinha-foto-3-768x768.jpg 768w\" sizes=\"(max-width: 300px) 100vw, 300px\" \/><\/td>\n<td style=\"width: 94.6217%;height: 10px\"><span style=\"font-size: 12pt\">Jacineide Fernanda Dantas, TNS Ma.<\/span><\/p>\n<p><span style=\"font-size: 12pt\">Secret\u00e1ria do Curso de Enfermagem<\/span><\/td>\n<\/tr>\n<tr style=\"height: 140px\">\n<td style=\"width: 26.8925%;height: 95px\"><img loading=\"lazy\" decoding=\"async\" class=\"alignnone wp-image-1437 size-medium\" src=\"https:\/\/portal.uern.br\/caico\/den\/wp-content\/uploads\/sites\/2\/2024\/12\/Francisco-Xavier-S-Azevedo-1-e1777573180316-260x300.jpg\" alt=\"\" width=\"260\" height=\"300\" srcset=\"https:\/\/portal.uern.br\/caico\/den\/wp-content\/uploads\/sites\/2\/2024\/12\/Francisco-Xavier-S-Azevedo-1-e1777573180316-260x300.jpg 260w, https:\/\/portal.uern.br\/caico\/den\/wp-content\/uploads\/sites\/2\/2024\/12\/Francisco-Xavier-S-Azevedo-1-e1777573180316-889x1024.jpg 889w, https:\/\/portal.uern.br\/caico\/den\/wp-content\/uploads\/sites\/2\/2024\/12\/Francisco-Xavier-S-Azevedo-1-e1777573180316-768x885.jpg 768w, https:\/\/portal.uern.br\/caico\/den\/wp-content\/uploads\/sites\/2\/2024\/12\/Francisco-Xavier-S-Azevedo-1-e1777573180316.jpg 900w\" sizes=\"(max-width: 260px) 100vw, 260px\" \/><\/td>\n<td style=\"width: 94.6217%;height: 95px\"><span style=\"font-size: 12pt\">Francisco Xavier Soares de Azevedo &#8211; TNM Especializado<\/span><\/p>\n<p>T\u00e9cnico do Laborat\u00f3rio de Semiologia e Semiot\u00e9cnica da Enfermagem<\/td>\n<\/tr>\n<tr style=\"height: 140px\">\n<td style=\"width: 26.8925%;height: 140px\"><img loading=\"lazy\" decoding=\"async\" class=\"alignnone size-medium wp-image-1435\" src=\"https:\/\/portal.uern.br\/caico\/den\/wp-content\/uploads\/sites\/2\/2024\/12\/Marquiony-M-Santos-247x300.jpg\" alt=\"\" width=\"247\" height=\"300\" srcset=\"https:\/\/portal.uern.br\/caico\/den\/wp-content\/uploads\/sites\/2\/2024\/12\/Marquiony-M-Santos-247x300.jpg 247w, https:\/\/portal.uern.br\/caico\/den\/wp-content\/uploads\/sites\/2\/2024\/12\/Marquiony-M-Santos.jpg 572w\" sizes=\"(max-width: 247px) 100vw, 247px\" \/><\/td>\n<td style=\"width: 94.6217%;height: 140px\"><span style=\"font-size: 12pt\">Marquiony Marques dos Santos &#8211; TNM Especializado<\/span><\/p>\n<p>T\u00e9cnico do Laborat\u00f3rio de Microbiologia<\/td>\n<\/tr>\n<\/tbody>\n<\/table>\n<p>&nbsp;<\/p>\n","protected":false},"excerpt":{"rendered":"<p>&nbsp; J\u00e9ssica Dantas de S\u00e1 Tinoco, Profa. Dra.\u00a0 Chefe do Curso de Enfermagem &nbsp; Regilene Alves Portela, Profa. Dra. Subchefe do Curso de Enfermagem Daniel Ferreira Guimar\u00e3es, TNM Esp. T\u00e9cnico Administrativo do Curso de Enfermagem Jacineide Fernanda Dantas, TNS Ma. Secret\u00e1ria do Curso de Enfermagem Francisco Xavier Soares de Azevedo &#8211; TNM Especializado T\u00e9cnico do [&hellip;]<\/p>\n","protected":false},"author":1,"featured_media":0,"parent":0,"menu_order":0,"comment_status":"closed","ping_status":"closed","template":"","meta":{"footnotes":""},"class_list":["post-606","page","type-page","status-publish","hentry"],"_links":{"self":[{"href":"https:\/\/portal.uern.br\/caico\/den\/wp-json\/wp\/v2\/pages\/606","targetHints":{"allow":["GET"]}}],"collection":[{"href":"https:\/\/portal.uern.br\/caico\/den\/wp-json\/wp\/v2\/pages"}],"about":[{"href":"https:\/\/portal.uern.br\/caico\/den\/wp-json\/wp\/v2\/types\/page"}],"author":[{"embeddable":true,"href":"https:\/\/portal.uern.br\/caico\/den\/wp-json\/wp\/v2\/users\/1"}],"replies":[{"embeddable":true,"href":"https:\/\/portal.uern.br\/caico\/den\/wp-json\/wp\/v2\/comments?post=606"}],"version-history":[{"count":24,"href":"https:\/\/portal.uern.br\/caico\/den\/wp-json\/wp\/v2\/pages\/606\/revisions"}],"predecessor-version":[{"id":1510,"href":"https:\/\/portal.uern.br\/caico\/den\/wp-json\/wp\/v2\/pages\/606\/revisions\/1510"}],"wp:attachment":[{"href":"https:\/\/portal.uern.br\/caico\/den\/wp-json\/wp\/v2\/media?parent=606"}],"curies":[{"name":"wp","href":"https:\/\/api.w.org\/{rel}","templated":true}]}}