{"id":603,"date":"2023-04-10T08:08:02","date_gmt":"2023-04-10T11:08:02","guid":{"rendered":"https:\/\/portal.uern.br\/caico\/enfermagem\/?page_id=603"},"modified":"2025-10-11T15:51:36","modified_gmt":"2025-10-11T18:51:36","slug":"editais","status":"publish","type":"page","link":"https:\/\/portal.uern.br\/caico\/den\/editais\/","title":{"rendered":"Editais"},"content":{"rendered":"<h2><span style=\"font-size: 14pt\"><strong>2025.2<\/strong><\/span><\/h2>\n<ul>\n<li><span style=\"font-size: 12pt\"><a href=\"https:\/\/drive.google.com\/file\/d\/1eSNGfXEzuXTknETyByzl0AlK3G1npnzt\/view?usp=sharing\" target=\"_blank\" rel=\"noopener\">Resultado Monitoria<\/a><\/span><\/li>\n<\/ul>\n<h2><strong><span style=\"font-size: 14pt\">2025.1<\/span><\/strong><\/h2>\n<ul>\n<li><span style=\"font-size: 12pt\"><a href=\"https:\/\/drive.google.com\/file\/d\/1EAkdXUUUqXkEiT8HYEC1cN7YjwfoaT4v\/view?usp=sharing\" target=\"_blank\" rel=\"noopener\">Resultado Monitoria<\/a><\/span><\/li>\n<\/ul>\n<h2><span style=\"font-size: 14pt\"><strong>2024.2<\/strong><\/span><\/h2>\n<ul>\n<li><span style=\"font-size: 12pt\"><a href=\"https:\/\/drive.google.com\/file\/d\/1aDsbBOiu8yDF29ibdO58Ylwhjv4OoMF8\/view?usp=sharing\" target=\"_blank\" rel=\"noopener\">Resultado Monitoria<\/a><\/span><\/li>\n<\/ul>\n<h2><strong><span style=\"font-size: 14pt\">2024.1<\/span><\/strong><\/h2>\n<ul>\n<li><span style=\"font-size: 12pt\"><a href=\"https:\/\/drive.google.com\/file\/d\/1-E96l_UlsHKBgh9PaBoR6smvcpF8ewkb\/view?usp=sharing\" target=\"_blank\" rel=\"noopener\">Resultado Monitoria<\/a><\/span><\/li>\n<\/ul>\n<h2><span style=\"font-size: 14pt\"><strong>2023.2<\/strong><\/span><\/h2>\n<ul>\n<li><span style=\"font-size: 12pt\"><a href=\"https:\/\/drive.google.com\/file\/d\/13JrcGTm0Zcd0MdY3XpjE8bcJHi871r7z\/view?usp=sharing\" target=\"_blank\" rel=\"noopener\">Resultado Monitoria<\/a><\/span><\/li>\n<\/ul>\n<h2><span style=\"font-size: 14pt\"><strong>2023.1<\/strong><\/span><\/h2>\n<ul>\n<li><span style=\"font-size: 12pt\"><a href=\"https:\/\/drive.google.com\/file\/d\/1LEvkdY313YKHAJNnMidAs8vlXcRc3Ejb\/view?usp=sharing\" target=\"_blank\" rel=\"noopener\">Resultado Monitoria<\/a><\/span><\/li>\n<\/ul>\n<h2><span style=\"font-size: 14pt\"><strong>2022.2<\/strong><\/span><\/h2>\n<ul>\n<li><span style=\"font-size: 12pt\"><a href=\"https:\/\/drive.google.com\/file\/d\/1zxoVR3vxW0guFE8aG79rCj5bT-H0thLn\/view?usp=sharing\" target=\"_blank\" rel=\"noopener\">Monitoria<\/a><\/span><\/li>\n<li><span style=\"font-size: 14pt\"><a href=\"https:\/\/drive.google.com\/file\/d\/10dStTDtoFCiSx0k4vmj4l7NN_xjzUdnX\/view?usp=sharing\" target=\"_blank\" rel=\"noopener\"><span style=\"font-size: 12pt\">Resultado Monitoria<\/span><\/a><\/span><\/li>\n<\/ul>\n<h2><span style=\"font-size: 14pt\"><strong>2022.1<\/strong><\/span><\/h2>\n<ul>\n<li><span style=\"font-size: 12pt\"><a href=\"https:\/\/drive.google.com\/file\/d\/1JLGl7mIjexuK7FQdvO3lUQb26G9jpQNG\/view?usp=sharing\" target=\"_blank\" rel=\"noopener\">Monitoria<\/a><\/span><\/li>\n<li><span style=\"font-size: 12pt\"><a href=\"https:\/\/drive.google.com\/file\/d\/1VyfaAog7dx7g8Qxd_H28359nYijBfW1l\/view?usp=sharing\" target=\"_blank\" rel=\"noopener\">Errata ao Edital de Monitoria<\/a><\/span><\/li>\n<li><span style=\"font-size: 12pt\"><a href=\"https:\/\/drive.google.com\/file\/d\/1Xg_5TCTjOYjGxiNq83CJUJPaqngqe80O\/view?usp=sharing\" target=\"_blank\" rel=\"noopener\">Resultado\u00a0 Monitoria<\/a><\/span><\/li>\n<li><span style=\"font-size: 14pt\"><a href=\"https:\/\/drive.google.com\/file\/d\/1qj6gUoaBhR1uZUb0G8c2tph0efK6x4uh\/view?usp=sharing\" target=\"_blank\" rel=\"noopener\"><span style=\"font-size: 12pt\">Matr\u00edcula, Oferta de Disciplinas e Hor\u00e1rio de Aulas<\/span><\/a><\/span><\/li>\n<\/ul>\n<h2><span style=\"font-size: 14pt\"><strong>2021.2<\/strong><\/span><\/h2>\n<ul>\n<li><span style=\"font-size: 12pt\"><a href=\"https:\/\/drive.google.com\/file\/d\/1ypgFvVKAeAePU-max_QlWinO4FTBPF5Z\/view?usp=sharing\" target=\"_blank\" rel=\"noopener\">Monitoria<\/a><\/span><\/li>\n<li><span style=\"font-size: 12pt\"><a href=\"https:\/\/drive.google.com\/file\/d\/1QD4M3tpeEUyIKPqAK9Bb_NZNvpkBrzLA\/view?usp=sharing\" target=\"_blank\" rel=\"noopener\">Resultado Monitoria<\/a><\/span><\/li>\n<li><span style=\"font-size: 14pt\"><a href=\"https:\/\/drive.google.com\/file\/d\/1Nldy1zfeASOS4BsG39BQbMLMFscbl6o8\/view?usp=sharing\" target=\"_blank\" rel=\"noopener\"><span style=\"font-size: 12pt\">Matr\u00edculas, Oferta de Disciplinas e Hor\u00e1rio de Aulas<\/span><\/a><\/span><\/li>\n<\/ul>\n<h2><span style=\"font-size: 14pt\"><strong>2021.1<\/strong><\/span><\/h2>\n<ul>\n<li><span style=\"font-size: 12pt\"><a href=\"https:\/\/drive.google.com\/file\/d\/15etNrAsKZB2tMO8No5z7gRgTo67iryaR\/view?usp=sharing\" target=\"_blank\" rel=\"noopener\">Matr\u00edculas, Oferta de Disciplinas e Hor\u00e1rio de Aulas<\/a><\/span><\/li>\n<li><span style=\"font-size: 12pt\"><a href=\"https:\/\/drive.google.com\/file\/d\/1y2uON98IPV4S50vo8uj8U1UC6bbVv8S1\/view?usp=sharing\" target=\"_blank\" rel=\"noopener\">Monitoria<\/a><\/span><\/li>\n<li><span style=\"font-size: 14pt\"><a href=\"http:\/\/www.uern.br\/controledepaginas\/caico-enfermagem-editais\/arquivos\/4566004.2021_edital_resultado_final_pim_2021.1__.pdf\" target=\"_blank\" rel=\"noopener\"><span style=\"font-size: 12pt\">Resultado Monitoria<\/span><\/a><\/span><\/li>\n<\/ul>\n<h2><span style=\"font-size: 14pt\"><strong>2020.2<\/strong><\/span><\/h2>\n<ul>\n<li><span style=\"font-size: 12pt\"><a href=\"https:\/\/drive.google.com\/file\/d\/1cChOjxCZFRJkB0diQhF9iO9So2990GKv\/view?usp=sharing\" target=\"_blank\" rel=\"noopener\">Monitoria<\/a><\/span><\/li>\n<li><span style=\"font-size: 12pt\"><a href=\"https:\/\/drive.google.com\/file\/d\/1gAn0ivS8PY-WhLBL3k-e4-kDF803jfkk\/view?usp=sharing\" target=\"_blank\" rel=\"noopener\">Aditivo ao Edital de Monitoria<\/a><\/span><\/li>\n<li><span style=\"font-size: 12pt\"><a href=\"https:\/\/www.uern.br\/controledepaginas\/caico-enfermagem-editais\/arquivos\/4566edital_resultado_monitoria_2020.2.pdf\" target=\"_blank\" rel=\"noopener\">Resultado Monitoria<\/a><\/span><\/li>\n<li><span style=\"font-size: 12pt\"><a href=\"https:\/\/drive.google.com\/file\/d\/1FurhR2PJYvLkoOJjo5fmnfPWiLoCFihw\/view?usp=sharing\" target=\"_blank\" rel=\"noopener\">Matr\u00edcula, Oferta de Disciplinas e Hor\u00e1rio de Aulas<\/a><\/span><\/li>\n<\/ul>\n<h2><span style=\"font-size: 14pt\"><strong>2020.1<\/strong><\/span><\/h2>\n<ul>\n<li><span style=\"font-size: 12pt\"><a href=\"https:\/\/drive.google.com\/file\/d\/1s-AM-5RTY9yFERaqABqnfm5FV-trFzkX\/view?usp=sharing\" target=\"_blank\" rel=\"noopener\">Resultado Monitoria<\/a><\/span><\/li>\n<li><span style=\"font-size: 14pt\"><a href=\"https:\/\/drive.google.com\/file\/d\/1IsRPiLYkjecTI04q8xPWITdVuDqWmR3z\/view?usp=sharing\" target=\"_blank\" rel=\"noopener\"><span style=\"font-size: 12pt\">Matr\u00edculas<\/span><\/a><\/span><\/li>\n<\/ul>\n<h2><span style=\"font-size: 14pt\"><strong>2019.2<\/strong><\/span><\/h2>\n<ul>\n<li><span style=\"font-size: 12pt\"><a href=\"https:\/\/www.uern.br\/controledepaginas\/caico-enfermagem-editais\/arquivos\/4566resultado_monitoria_2019.2.pdf\" target=\"_blank\" rel=\"noopener\">Resultado Monitoria<\/a><\/span><\/li>\n<\/ul>\n<h2><span style=\"font-size: 14pt\"><strong>2019.1<\/strong><\/span><\/h2>\n<ul>\n<li><span style=\"font-size: 12pt\"><a href=\"https:\/\/www.uern.br\/controledepaginas\/caico-enfermagem-editais\/arquivos\/4566001.2019_edital_de_monitoria_2019.1.pdf\" target=\"_blank\" rel=\"noopener\">Edital<\/a><\/span><\/li>\n<li><span style=\"font-size: 12pt\">Aditivos ao Edital<\/span><\/li>\n<\/ul>\n<ol>\n<li style=\"list-style-type: none\">\n<ol>\n<li><span style=\"font-size: 12pt\"><a href=\"https:\/\/www.uern.br\/controledepaginas\/caico-enfermagem-editais\/arquivos\/4566002.2019_edital_de_aditivo_de_monitoria_2019.1.pdf\" target=\"_blank\" rel=\"noopener\">002.2019<\/a><\/span><\/li>\n<li><span style=\"font-size: 12pt\"><a href=\"https:\/\/www.uern.br\/controledepaginas\/caico-enfermagem-editais\/arquivos\/4566003.2019_edital_de_aditivo_de_monitoria_2019.1.pdf\" target=\"_blank\" rel=\"noopener\">003.2019<\/a><\/span><\/li>\n<\/ol>\n<\/li>\n<\/ol>\n<ul>\n<li><span style=\"font-size: 14pt\"><a href=\"https:\/\/www.uern.br\/controledepaginas\/caico-enfermagem-editais\/arquivos\/4566004.2019_resultado_da_selea%C2%A7a%C2%A3o_de_monitoria_2019.1.pdf\" target=\"_blank\" rel=\"noopener\"><span style=\"font-size: 12pt\">Resultado<\/span><\/a><\/span><\/li>\n<\/ul>\n<h2><strong><span style=\"font-size: 14pt\">2018.2<\/span><\/strong><\/h2>\n<ul>\n<li><span style=\"font-size: 12pt\"><a href=\"https:\/\/www.uern.br\/controledepaginas\/caico-enfermagem-editais\/arquivos\/4566009.2018_edital_de_monitoria_2018.2.pdf\" target=\"_blank\" rel=\"noopener\">Edital<\/a><\/span><\/li>\n<li><span style=\"font-size: 12pt\"><a href=\"https:\/\/www.uern.br\/controledepaginas\/caico-enfermagem-editais\/arquivos\/4566010.2018_edital_de_aditivo_de_monitoria_2018.2.pdf\" target=\"_blank\" rel=\"noopener\">Aditivo ao Edital<\/a><\/span><\/li>\n<li><span style=\"font-size: 14pt\"><a href=\"https:\/\/www.uern.br\/controledepaginas\/caico-enfermagem-editais\/arquivos\/4566011.2018_resultado_da_selea%C2%A7a%C2%A3o_de_monitoria_2018.2.pdf\" target=\"_blank\" rel=\"noopener\"><span style=\"font-size: 12pt\">Resultado<\/span><\/a><\/span><\/li>\n<\/ul>\n<h2><span style=\"font-size: 14pt\"><strong>2018.1<\/strong><\/span><\/h2>\n<ul>\n<li><span style=\"font-size: 12pt\"><a href=\"https:\/\/www.uern.br\/controledepaginas\/caico-enfermagem-editais\/arquivos\/4566001.2018_edital_de_monitoria_2018.1.pdf\" target=\"_blank\" rel=\"noopener\">Edital<\/a><\/span><\/li>\n<li><span style=\"font-size: 12pt\">Aditivos ao Edital<\/span><\/li>\n<\/ul>\n<ol>\n<li style=\"list-style-type: none\">\n<ol>\n<li><span style=\"font-size: 12pt\"><a href=\"https:\/\/www.uern.br\/controledepaginas\/caico-enfermagem-editais\/arquivos\/4566002.2018_edital_de_aditivo_de_monitoria_2018.1.pdf\" target=\"_blank\" rel=\"noopener\">002.2018<\/a><\/span><\/li>\n<li><span style=\"font-size: 12pt\"><a href=\"https:\/\/www.uern.br\/controledepaginas\/caico-enfermagem-editais\/arquivos\/4566003.2018_edital_de_aditivo_de_monitoria_2018.1.pdf\" target=\"_blank\" rel=\"noopener\">003.2018<\/a><\/span><\/li>\n<li><span style=\"font-size: 12pt\"><a href=\"https:\/\/www.uern.br\/controledepaginas\/caico-enfermagem-editais\/arquivos\/4566004.2018_edital_de_aditivo_de_monitoria_2018.1.pdf\" target=\"_blank\" rel=\"noopener\">004.2018<\/a><\/span><\/li>\n<li><span style=\"font-size: 12pt\"><a href=\"https:\/\/www.uern.br\/controledepaginas\/caico-enfermagem-editais\/arquivos\/4566005.2018_edital_de_aditivo_de_monitoria_2018.1.pdf\" target=\"_blank\" rel=\"noopener\">005.2018<\/a><\/span><\/li>\n<li><span style=\"font-size: 12pt\"><a href=\"https:\/\/www.uern.br\/controledepaginas\/caico-enfermagem-editais\/arquivos\/4566006.2018_edital_de_aditivo_de_monitoria_2018.1.pdf\" target=\"_blank\" rel=\"noopener\">006.2018<\/a><\/span><\/li>\n<\/ol>\n<\/li>\n<\/ol>\n<ul>\n<li><span style=\"font-size: 14pt\"><a href=\"https:\/\/www.uern.br\/controledepaginas\/caico-enfermagem-editais\/arquivos\/4566007.2018_resultado_da_selea%C2%A7a%C2%A3o_de_monitoria_2018.1.pdf\" target=\"_blank\" rel=\"noopener\"><span style=\"font-size: 12pt\">Resultado<\/span><\/a><\/span><\/li>\n<\/ul>\n<h2><span style=\"font-size: 14pt\"><strong>2017.2<\/strong><\/span><\/h2>\n<ul>\n<li><span style=\"font-size: 12pt\"><a href=\"https:\/\/www.uern.br\/controledepaginas\/caico-enfermagem-editais\/arquivos\/4566005.2017_edital_de_monitoria_2017.2.pdf\" target=\"_blank\" rel=\"noopener\">Edital<\/a><\/span><\/li>\n<li><span style=\"font-size: 12pt\"><a href=\"https:\/\/www.uern.br\/controledepaginas\/caico-enfermagem-editais\/arquivos\/4566006.2017_edital_de_aditivo_de_monitoria_2017.2.pdf\" target=\"_blank\" rel=\"noopener\">Aditivo ao Edital<\/a><\/span><\/li>\n<li><span style=\"font-size: 12pt\"><a href=\"https:\/\/www.uern.br\/controledepaginas\/caico-enfermagem-editais\/arquivos\/4566007.2017_resultado_da_selea%C2%A7a%C2%A3o_de_monitoria_2017.2.pdf\" target=\"_blank\" rel=\"noopener\">Resultado<\/a><\/span><\/li>\n<li><span style=\"font-size: 14pt\"><a href=\"https:\/\/www.uern.br\/controledepaginas\/caico-enfermagem-editais\/arquivos\/4566008.2017_edital_de_aditivo_de_monitoria_2017.2.pdf\" target=\"_blank\" rel=\"noopener\"><span style=\"font-size: 12pt\">Aditivo ao Edital e Resultado<\/span><\/a><\/span><\/li>\n<\/ul>\n<h2><strong><span style=\"font-size: 14pt\">2017.1<\/span><\/strong><\/h2>\n<ul>\n<li><span style=\"font-size: 12pt\"><a href=\"https:\/\/www.uern.br\/controledepaginas\/caico-enfermagem-editais\/arquivos\/4566001.2017_edital_de_monitoria_2017.1.pdf\" target=\"_blank\" rel=\"noopener\">Edital<\/a><\/span><\/li>\n<li><span style=\"font-size: 12pt\"><a href=\"https:\/\/www.uern.br\/controledepaginas\/caico-enfermagem-editais\/arquivos\/4566002.2017_edital_de_aditivo_de_monitoria_2017.1.pdf\" target=\"_blank\" rel=\"noopener\">Aditivo ao Edital<\/a><\/span><\/li>\n<li><span style=\"font-size: 14pt\"><a href=\"https:\/\/www.uern.br\/controledepaginas\/caico-enfermagem-editais\/arquivos\/4566003.2017_resultado_da_selea%C2%A7a%C2%A3o_de_monitoria_2017.1.pdf\" target=\"_blank\" rel=\"noopener\"><span style=\"font-size: 12pt\">Resultado<\/span><\/a><\/span><\/li>\n<\/ul>\n","protected":false},"excerpt":{"rendered":"<p>2025.2 Resultado Monitoria 2025.1 Resultado Monitoria 2024.2 Resultado Monitoria 2024.1 Resultado Monitoria 2023.2 Resultado Monitoria 2023.1 Resultado Monitoria 2022.2 Monitoria Resultado Monitoria 2022.1 Monitoria Errata ao Edital de Monitoria Resultado\u00a0 Monitoria Matr\u00edcula, Oferta de Disciplinas e Hor\u00e1rio de Aulas 2021.2 Monitoria Resultado Monitoria Matr\u00edculas, Oferta de Disciplinas e Hor\u00e1rio de Aulas 2021.1 Matr\u00edculas, Oferta de [&hellip;]<\/p>\n","protected":false},"author":1,"featured_media":0,"parent":0,"menu_order":0,"comment_status":"closed","ping_status":"closed","template":"","meta":{"footnotes":""},"class_list":["post-603","page","type-page","status-publish","hentry"],"_links":{"self":[{"href":"https:\/\/portal.uern.br\/caico\/den\/wp-json\/wp\/v2\/pages\/603","targetHints":{"allow":["GET"]}}],"collection":[{"href":"https:\/\/portal.uern.br\/caico\/den\/wp-json\/wp\/v2\/pages"}],"about":[{"href":"https:\/\/portal.uern.br\/caico\/den\/wp-json\/wp\/v2\/types\/page"}],"author":[{"embeddable":true,"href":"https:\/\/portal.uern.br\/caico\/den\/wp-json\/wp\/v2\/users\/1"}],"replies":[{"embeddable":true,"href":"https:\/\/portal.uern.br\/caico\/den\/wp-json\/wp\/v2\/comments?post=603"}],"version-history":[{"count":13,"href":"https:\/\/portal.uern.br\/caico\/den\/wp-json\/wp\/v2\/pages\/603\/revisions"}],"predecessor-version":[{"id":1488,"href":"https:\/\/portal.uern.br\/caico\/den\/wp-json\/wp\/v2\/pages\/603\/revisions\/1488"}],"wp:attachment":[{"href":"https:\/\/portal.uern.br\/caico\/den\/wp-json\/wp\/v2\/media?parent=603"}],"curies":[{"name":"wp","href":"https:\/\/api.w.org\/{rel}","templated":true}]}}