{"id":599,"date":"2023-04-10T08:07:31","date_gmt":"2023-04-10T11:07:31","guid":{"rendered":"https:\/\/portal.uern.br\/caico\/enfermagem\/?page_id=599"},"modified":"2025-10-11T15:09:27","modified_gmt":"2025-10-11T18:09:27","slug":"corpo-docente","status":"publish","type":"page","link":"https:\/\/portal.uern.br\/caico\/den\/corpo-docente\/","title":{"rendered":"Corpo Docente"},"content":{"rendered":"<ul>\n<li><span style=\"font-size: 12pt\">Prof\u00aa. Dra. Ant\u00f4nia L\u00edria Feitosa Nogueira Alvino &#8211; <a href=\"https:\/\/buscatextual.cnpq.br\/buscatextual\/visualizacv.do?id=K4257289P9&amp;tokenCaptchar=03ANYolqtNJqaL9485Pt0ragD74-1penimPsYPURJ4O6mI33r2k8zrdcJcPykkXQWo6qSUTwzE_olQMrqEnOx34sWhtBq73_s3Yswac3u2Y6lpfjtQOKSgcE9Icsyff2nLXkwRN8_WUpoR415EsxYXxMbqFjWiUf2QeNNRL2smip_faK_iBUZw8eR5K7l4NitRIj_mjISfN2a0gOVWlYQggrmC2cc0DUb0bpBNAAuJ1R7K1-zYpzI_xRVVHesFy4n2UKj6tBXjnoR13YVRKlwi7AOJZPDRV-NcoaltVBOAw-PeN-bAp7g0AQsIpfTdL9U_FU6r7ucGzTXarQvgASzCbztESI9bIcfFLrbjVAMH1eZ50RFuJZ9NGzcPxblBGmwbeBjooEFBKyHXR5MC0JJ_9X8qxAw5UwYkPYrUX5L0_egQ_fAePKzrW9aq5UYiE-lew-Vn6YH0YJg8zemQD7wxv_3pQgDj6WrkBb1GAtHUj5O97LMsMrlV964RXcjtAga2_M6ieJ0UTni_AgztF06UovJo0yDZNSqCcA\">lattes<\/a><\/span><\/li>\n<li><span style=\"font-size: 12pt\">Prof. Dr. Cl\u00e9cio Andr\u00e9 Alves da Silva Maia &#8211; <a href=\"https:\/\/buscatextual.cnpq.br\/buscatextual\/visualizacv.do?id=K4713507D8&amp;tokenCaptchar=03ANYolqtXmvKYtMt1s1t-BlB4v0-qzu45baNzFhojiIPuXUfwQ3If08VWInI3UWrRDyEgy41i99cPrGmZS6yt_rG4jkwtTQd7L2nwlMBOLaLKMiYO4kQew9KMKROteunL42zBp8rwBFZQwFlZwrWvyM5HAKizT6FxlZrLti15nmbCSH5rihNWm93DLJIp-jUic7Y6E55X8fHWY0hVki9CgoQxt9ekC446kSrMnRhVAP1w7ESyAkPx0lPszlLYIDlCWBbs4Gt6SoYg524geg5mk18tXNR59k-4haQkkNgmmBj1gKl0yd0bDDToKtx8CbiEsRkX9x-bnGn1ZRfnAbagYjVfvK6GS6UHWO_QyT-1nMJT7l4d7yM7cqP_0JEsYJ5X4w4Hbnoh_cHkVoUeXI7il3FWeFkAYBqITmsz4SOMFiFy6JEq-UkxgXnzLuOfvUxicng6gIERp5zWrrANvuyxrDIwt8cOwGt2KP7TyMHCctbA3yzDbsnpXeeCOs9JUoC8AXYNVL_E5NpklD4jJ1glnirLIxFgM_xUjQ\">lattes<\/a><\/span><\/li>\n<li><span style=\"font-size: 12pt\">Prof\u00aa. Dr\u00aa. Cristyanne Samara Miranda Holanda da N\u00f3brega\u00a0&#8211;<a href=\"https:\/\/buscatextual.cnpq.br\/buscatextual\/visualizacv.do?id=K4767559J8&amp;tokenCaptchar=03ANYolqsNPozC-0bHVmWzsso5xw4nRzR_NG_anYt78bO9vrvErAoJ6GEgUAySe7GcM6s2ZfXBjlwNF_UngJdtlMmKCKCqSKxP785PiKdkwZMtnZzt-MsVDXm0tIYbe6kzyikWhKrIjOEkimW6UPZE2IGXvNu85y2GL9CL9wDMPhA6dioTez61Cr5YvDM3lCwMN2yjLHQlPgXkL0NezVvavwTAiqB1JAN0wL518YqOEx_1a70KW8NR-6sezxi3-fX4xUVs1owE_q-8lDApe10B6EOkEWEUacVBDTVfqqeKTfNgcwkYrZ_wSC0jb92APw6h53NG9NRX_Dv8N7bxK2_XOChqAbVox5sSBb2F1wPJ5oEnpJvy-VChE8wuPmGt8uKHQNd9ewnQ-HBjxWlN4c3IgvIRBglYp5nhBYpmtSx9ubu3E2S-2xly573lzvk7EAzmTiT-4bHX8BpDFL1VhQqTGfJ9PK4aCk8lY7K02MsDzqkNgxtNW8GkhpjD9WWOpJHUrhyL99_KAi-2RhCn5asRxE3dwXzodCePJA\"> lattes<\/a>\u00a0 &#8211; <\/span><span style=\"font-size: 12pt\">Orientadora Acad\u00eamica do Curso &#8211; <a href=\"https:\/\/drive.google.com\/file\/d\/1v8F2HWXnJJtDHUMjgMUN3hAJyleIYf3c\/view?usp=sharing\" target=\"_blank\" rel=\"noopener\"><em><strong>Ver Portaria<\/strong><\/em><\/a><\/span><\/li>\n<li><span style=\"font-size: 12pt\">Prof. Dr. Dulcian Medeiros de Azevedo\u00a0&#8211;\u00a0<a href=\"https:\/\/buscatextual.cnpq.br\/buscatextual\/visualizacv.do?id=K4731674U5&amp;tokenCaptchar=03ANYolqv1l17VO4KtDkQGQ9_xBfYemrENSUn1JULxHZokAy3LUB4iO7ORjLGF5B-hhMq_AmMNQNwjvVKhgsBd-KsDoTLo5U8nLbsqmvwkmURwu9ABH3dffbBs_Y9sdz2uUGVedwCaJ4HEcrscvqCyD0C9lK2yOxudtGHwTKNRDclYYkfxMDZjyjB5p17HhqR9BoWryM1ugNIUmNleR8ZoOYNU8WLIuy5jjIJQnmuCBGeLfX22_unpCuswgAid8CJ21BJx26XEMTfK1em2xEsK0ORT-kiaZURfPvJxI7AqvAtdSqHorwBucq_bFBTRpPd3ouQQ_pIs9msbnCg3XohYp4RQatayYq2opY2mvStBHGrBVIWCfkVssDu8O2hEt3tHJ0aiI5VinCL7h_YikSEZy3ioOBT59hNmX9Mr3SoelnqwAaaI3EyO4degTY-gik52VqyXrHKmwBcRo_bpXvab5ZZYZctvkvJrhBaKe9Fwpr0eGdU2ysvjAEyrzR7EQD2J6iU7N_0OAaUDzyEU7AOp0SxKp8KWU-oHHw\">lattes<\/a><\/span><\/li>\n<li><span style=\"font-size: 12pt\">Prof\u00aa. Dra. Erika Maria Fernandes de Medeiros Rocha &#8211;\u00a0<a href=\"http:\/\/buscatextual.cnpq.br\/buscatextual\/visualizacv.do?id=K4782070U2&amp;tokenCaptchar=03ANYolqs__ONOsC5HGAVlTiDb95R5i595MLLj2YITl7S1WdtcabIRAlSJTS_hfrbkWU0IfRwDMOPVNCdKGNXXLgvqjQQX7WEAm4HLOoOy9VUoT1cmmzFLSCYB_FrTOazGKJEHHafvbeV2qefLvIrVZCiYrCYEMUkUlAuSniRQAHLnY6gG_yrLPrqnU9hVL6Cq61OXGV2glBVBGCAyXmyx4A2rayRD6URi2qoFGiMIlSHjnx_IOWnQ3txOFR2yJncoY_eIsybVIUgNtpcR1eLkOFttpT94Ol0G302cOE8YYXHAa5OVUke_jWF60kP5-iNyiM9k4PUsa17OL3v0XvnkgpukwWPwELB4Ra5gg5Cvium2My8Oy4xTMgFaWP6o8W9UCyLaYnM2hRPbmmceaI_2656iI1v1v0Ac2fhlI1VU5YTU8AIfK3mq1X5m2Sz2AAHukhaKOiSdjRrX59WsyY-8TeCiJ-R71-Cw4Zpj3CLZNiamUQPffAspzgL1PSxW4Z2yJbQx3u4sqr_BnsZzZ1RmFqSzPmbgB2Tc8w\">lattes<\/a><\/span><\/li>\n<li><span style=\"font-size: 12pt\">Prof. Dr. Ildone Forte de Morais\u00a0&#8211;<a href=\"http:\/\/buscatextual.cnpq.br\/buscatextual\/visualizacv.do?id=K4267969J3&amp;tokenCaptchar=03ANYolqvsvMCy8aiXfCHRMHiVKQuKdRaV_XoWcvRAA6EtB5zBvHf8HhDt65fDVLxoSkjiH_qGhf7CCfghOUb_tKQ2vbTnnUecsKXFRuIvyqTSVxwr1AbTbW4mz03ZfyJjOIOdeohLLM7rEvl-qlNtrIM64SesRQHZuPvcvn_hh0gSISs_8m7UVNmdKam_xcPEjd0vOuTjEe1YWMEUFQ-z24sLFb0xo6al6QqdP2cwQTUYfPIbvYLyFsrIA-okTV1GmFY_8mwnCqybMI8IWUo2iv2zoIrA5hKBW9HFFiwgcvFFiREuo5liYaxwgmReAxivnMPWAWHcdQYcuDPCFHU_TANUoPJLK_8EWtG4QtSI6Nm_PISbTpvY3_rbijR5A4cFeE9tljEn8cCD_RYoHzhRncVHWe5pov6LL1z9xMQ9P38ActdZ91-7sT5TESrG2hFO35BSy-hbRJ1Z3wQbKKz4dusrRYP5C9Hp_GwmZOQHBBn9tJ3Xo_kRMMLP8gC_OfGRGNjJGpcwcRPV7mMS57GoqIxB0XzMsEDlYw\">\u00a0lattes\u00a0<\/a><\/span><span style=\"font-size: 12pt\"> &#8211; Chefe do Departamento &#8211; <a href=\"https:\/\/drive.google.com\/file\/d\/1X0lhkrNV5qi0d3f6hHR5frvfRHFamnMg\/view?usp=sharing\" target=\"_blank\" rel=\"noopener\"><em><strong>Ver Portaria<\/strong><\/em><\/a><\/span><\/li>\n<li><span style=\"font-size: 12pt\">Prof\u00aa. Ma. Izabel Calixta de Alc\u00e2ntara &#8211; <a href=\"https:\/\/buscatextual.cnpq.br\/buscatextual\/visualizacv.do?id=K4728055Y4&amp;tokenCaptchar=03ANYolqsXRAkKDFMw6IN8uNLfQks2xBKJKf0ZeVxKrTmkYu40XuCbhX4rCWHFWVWODztx2QC2m0rxM_S03cnoryonAE8yD5BA0K0LaWVCxdlR9SYFucNfFfgFkMmNia9k1d4hGfLmUDQqEp1MmHz6cRaGRbpl5HagOMRHPOwBOwK267cG6jyQREW9PMOaIG53F7oMuK3SbmjUsOm7Vwbr35-dUJThjjNn2hfcvnn_gFQDSuYdUlp-O3at1EJoBs2XzyYCRgBQqo3yztcOtUx3677gpZD2KjCJtPUIkiMd0qdOBG7ZkiKdjC5OA0IfG2KPEZctgePVDIBlB35W4aOvRGEQdFe4Fk_EVUcxrfIUVU3Drid54QYjLXD7mjt9exhfxm10hMwpF92KAfpdf53HXJza_KKAhKitmVKWkHQLcekdrNKNz-KdwijgbKSP3Plk-1DULur3GN-B_0tPF6SO1vTPmmqXcmfRPX3fR07OK8rfPdyyI-HPdasfUniqfZhN8p-yfYDBGtAhWOcRyfNcfmNjlcLph5tJkw\">lattes<\/a><\/span><\/li>\n<li><span style=\"font-size: 12pt\">Prof\u00aa. Dra. J\u00e9ssica Dantas de S\u00e1 Tin\u00f4co &#8211; <a href=\"https:\/\/buscatextual.cnpq.br\/buscatextual\/visualizacv.do?id=K4439945P6&amp;tokenCaptchar=03ANYolqs84I8Eshcc8ECfvTnQLn1D0UC7IieXUOMFP9vIm4QK6gVTKrm2eLBSp9XkSr7N9b_k-IrvWnRQrue5Py3D6rWnXjWkOFZQSKbo3Xk2M_TrAiLG6zI4_umkUBoS5O9dEWG21Da4b5wc-PeFUTKuhmCgffUxKyVZXkoTBmIMtbvKo1Ij7SyO792HnIGNdS3KoTqccOm0bTxrDjyrtIeeCrJQjYy0qCuX3cRw6xRok1LctzRAEy13f2PQLFBokYKmdT7kQuF_LsB4HOKRbfX8ZD8Li2IZ8gntqHRVI63HqMXn9MTphFX_bkvDAjuuTEoPlfCC4M14LPILErNwlD6zMggr5lP6X-IJffHGn7qVnWH7QFMsFvPzDRJtsfFzdejPROce9dxSLjVQFoRn3xdp8eeETx92UBT4Qfb3o6XKVicJYoBMTuVcP2zcMomyJI1GHjyZwRF5W3Ci6BfhENeX7DSUrSUcRhaFcDc9y32P_iXIjNcVsMEIV4J8ORhygiJWUydEBtcGI4K5y-GzCHEp8rFeNO6C6Q\">lattes<\/a><\/span><span style=\"font-size: 12pt\"> &#8211; Coordenadora de Est\u00e1gio do Curso &#8211; <a href=\"https:\/\/drive.google.com\/file\/d\/18BBQs9EMqh2VkSrtCI_gO6tW8vtQ4iDz\/view?usp=sharing\" target=\"_blank\" rel=\"noopener\"><em><strong>Ver Portaria<\/strong><\/em><\/a><\/span><\/li>\n<li><span style=\"font-size: 12pt\">Prof\u00aa. Dra. J\u00e9ssica Naiara de Medeiros Ara\u00fajo &#8211;\u00a0<a href=\"http:\/\/buscatextual.cnpq.br\/buscatextual\/visualizacv.do?id=K4307859P3&amp;tokenCaptchar=03ANYolqvSGANn6pyP5zmllAUkQqnkjTQsRgsGUeBcqm9_KLysXNrbSvR83i3bCuzbPRgA_125S-SVJKsk-TuRmfq5yXbXWS7WYuu9my9dU7g7HmagQF2-hw_dbZbBDAC80Kk6_SZ7ebuhaqzcTb6eVWUbSAcsIYyo6xsCOLDPyQPjcapwwNaRInRp9c7-mIZyMPmeyydOyH4BwTBAfadcINXKH09r4o8069lwSCMamygIzCW38UIR52jZz9B3nZZM9P2SMElvnf52ojyr0ebbsBXHd4M0cfeWBqMfU9rmyneW_a71hMx8VWl1YFKyptVyPUqu-wJVb4MGCiLqGOqWrS3RcZeWnVfhbIcBmibxAE5N__5BWYRTVMVCPM6AFKK7ntz99wYugEMTFaUiiDaibBhRjutivQTcEpfDyeMjn_5CLTlnzqnfsfbRtm4X1OmT9G-jlKfYCk4_adcsUspsDc4UEJv2g4PEpDsamXBKqQB9014kGhr6-YM0alK9H84wP06EupMSXQNRZfeKkIiBZqSzV2K5jjaUlw\">lattes<\/a><\/span><\/li>\n<li><span style=\"font-size: 12pt\">Prof\u00aa. Ma. Linda Katia Oliveira Sales &#8211;<a href=\"http:\/\/buscatextual.cnpq.br\/buscatextual\/visualizacv.do?id=K4213006P5&amp;tokenCaptchar=03ANYolqvITD3e5QUeROTfpGLgb_c6CB2lT18Wc_5fCwAKK0AklY27CbvsIpYli-9G2GiPzMF9A3vaWck-ceLfgJp3XQt56g2HfyNbnyiM8w-5WHDX-Jwntn7uD7_zlEtcJnAG5YcGVVw9esN8H8Oh314YwSmLzmyHluElL6B_ADo-88-mzYD_Ir6dgu_R555IxByo2vqH6WEN98VavDY0I4N8v_RXNY8M8LeFrBKELtmShyY_ubmEYYeoOihD_BJqBkIiX9GiUjoYydVxqzdDsP4wT_DOjQD9EAgudEFHRaoV_HzellJIERRj8l2r_wFTx2Lo8Xt-J8ZbVFsGE2f2buIXeLO6FsI-uVs52Bj5QNDykUzJOVm7-K28welp7Tq3LLOcuu1wSbCjcXVjMEF3FsMd3x-DGIMCl5Z6kB40SvGf5xkf0ycelvzFkyWyeKPiSjG5TE9i59HSN0HgsSkL_vW0vxCQxlyLDkO3AjtNoT30di68zHiUxeVPJs_YaI9NQFu6wAEp-KHItH5ZjbezFA39lLwzKyDFpQ\">\u00a0lattes<\/a><\/span><\/li>\n<li><span style=\"font-size: 12pt\">Prof\u00aa. Dr\u00aa. Maura Vanessa Silva Sobreira\u00a0&#8211;\u00a0<a href=\"https:\/\/buscatextual.cnpq.br\/buscatextual\/visualizacv.do?id=K4584125A9&amp;tokenCaptchar=03ANYolqv9xes58MX2UVSpF2FNm9BPWFPrYVCT5CtUtk3bVhgjpYldtOySV-1ZbsKMalXyWj3b-aYJwQ728nu4Jo3O0YkH1vf9gi4DLmxRHFZi0nzJvOcx9rbPNM8dll0xV5goEFx2jsgLquXcJacOH3kvV08l2_1z5xPS9fYa9KaLOqk80kAUQS0absi1PSsuJbWONp7s01zPmOPO7u6c_KC2ohRA7rvceZiyuoQYAdk0xGRLA3OU3dxvCrFmSm8o8WmWS1AAjSYF5Fm2IexoS3njaYOsemrg0DA8TFb2fcUVhGbdtq99si3huxJAKEWomchI1UUzkMQHghLXqsXduEFYDKGW5pmIJhpDUwzcZLbgC6A3nho5idfYre2idweUYwUCSC0sczBeiD3349ZfboOrsu6UUlbFm93RUEUv39V0jeIsK4o6Hg392w4VR3KAe9yeadQrejghWMbj2u9YllO_eo9qH5Z6Lybmi5R3rhemEfW50DBe7hnPqAKiK6goY7njxAwoHC4q\">lattes<\/a><\/span><\/li>\n<li><span style=\"font-size: 12pt\">Prof\u00aa. Ma. Raquel Mirtes Pereira da Silva\u00a0&#8211;<a href=\"http:\/\/buscatextual.cnpq.br\/buscatextual\/visualizacv.do?id=K4468735P8&amp;tokenCaptchar=03ANYolqtnu1nTdXdhTNc_iorislyT4lcSFqcNHHBE4f82VdcWGrORdKGVdtgvS3k6WA-3RleNT8e99n3E_VULEgZlt1nzhZrf1Hi_A2WX9S0cIsGKYgBnhWu1jDfB6rF_EBl5rR5oJpVlQLtPjYDbKEoUsGKs_-P8mnjEJhLiBSfLZB-UP43GjaR1GApSkqhZgmYivbnrXK1EtMOWz12FNo7xPRkiQdsMRleyto0TbUpUq1nQsqNa42gJKb2msJpG9l0NAjmpH-nhITk81gx0SuWfI1pcpWaZRMyGxwSC1-GuAItur-De9LbMxwk-CHi5xZ41atwHNb4GtMPHg9CUbTsZ1LpwtTt3xsSkOUwFvUoGVPQq4wMom50ZgakONai7OzKff4oUMrfNffywbfe2ut4xztjs6PjzNhICDB2G4yev6ZGMD-ptdJ_NvnKtmEQAl1e_QWOUkAwFN2RCS7szwijyMtQlPTElC2jzfK_bh4CUz1CyLlKX7VzCFT9KWFEMeU0p2vm4oguCjw2lkcPX4teWnQFKx_ESeA\">\u00a0lattes<\/a><\/span><\/li>\n<li><span style=\"font-size: 12pt\">Prof\u00aa. Dr\u00aa. Regilene Alves Portela &#8211; <a href=\"https:\/\/buscatextual.cnpq.br\/buscatextual\/visualizacv.do?id=K4222418D7&amp;tokenCaptchar=03ANYolqu260ci8c8G-8BMhlyFvBZaI7V9A_pL0iEuiQQW5T1FAhA0SIuQjS8zmnzxQdfaB3BLx8Ow_vltEIcOIYhZtFdy_57vq1SoTvPwL66kC9ekLqzhAj0ag4yaoir_uD1N0mzvMKdivxPpdGySCAoM_sh5IlF3_p-9goivGFSah3h70xkDDi4yKpLj69xCK4f4zwENQ1bWQrbKyk9QrYeEN2zrR_PeQf7mEoFMoSiaoNLy-AVyIUgcGofg8kTjHt-DzvSof6cC3fWhTlzrBaXKraYLdDS_s3xzVfMtzuWm_97vh-ctPT4h_N-bbZ8dZ6QJre6xCmYP829wicoZfQ94QLbAmENZSnvjC3n5gDo277TqFFen2VJDFOoJ1mpJZ6h4mlA8uMRRcLlayhk5P_QiitSAd6yORx9sdsLbWpCWOuOu2paYzT8Dbsn-uB0HQT8TjNZ7UGpvvAON0ZwHHEGFAKgr-orgNz6uc0Y72Q8l1gd_-vrD4knwYLCf3yhzRWHeB90qr2yVqjQPh_-qeV723e2Dl8WKxg\">lattes<\/a><\/span><\/li>\n<li><span style=\"font-size: 12pt\">Prof\u00aa. Dr\u00aa. Roberta Kaliny de Souza Costa\u00a0&#8211;\u00a0<a href=\"https:\/\/buscatextual.cnpq.br\/buscatextual\/visualizacv.do?id=K4774352P6&amp;tokenCaptchar=03ANYolqtbUlIM7474KbyJCwqy1Q6jDlyN3jjZMYk5yNojo2JSn9_-XwW0DXarsjPm-GPIyNfmNj0ZVT6jb8tO6NfdeUlHW6KDPkkHFTMNaJ7X0udI8USJG_NtJh_-973gTCzrr-jMdmj-yZmHSRyKV9JB831awH-tXcIKIRvYWjFIUoOcBjwtEsJMWzLMxA8DxRKE4UNMFV5tKFLRQUORgaXeR23ysDsrPzmEJUsZz7pZjmTPUMj3br3ox6CpgJYg50VJeUm2Qk1k8qfxbutUpf1yyOHNps-Ndd_4g6E2JkwgTOtr_IrgPBjwKSEGwkpsAvor9yv37oDsdRqcsTmy_RJrsS2LImjXrD_zCr-c5OxnHJsL1Nla45Asw_kbH0jE95Qd8GyUkyLIGIHwJ7ThePJ6WKNAEH7gpJT2OkXGnCsrUlTJdNQd7Aqgryx32ByDLkI2qMf__jneywoL5aQr1fJ5VrKXIzy7Q-fUugEcIFcxD21i6zcRwSC9CvyNlnWyjJvcLFVbocUladZQwEjt6E1c0fR6pCxOSQ\">lattes<\/a><\/span><span style=\"font-size: 12pt\"> &#8211; Orientadora Acad\u00eamica do Curso &#8211; <a href=\"https:\/\/drive.google.com\/file\/d\/1v8F2HWXnJJtDHUMjgMUN3hAJyleIYf3c\/view?usp=sharing\" target=\"_blank\" rel=\"noopener\"><strong><em>Ver Portaria<\/em><\/strong><\/a><\/span><\/li>\n<li><span style=\"font-size: 12pt\">Prof\u00aa. Ma. Roberta Luna da Costa Freire Russo &#8211;\u00a0<a href=\"http:\/\/buscatextual.cnpq.br\/buscatextual\/visualizacv.do?id=K4776553Z4&amp;tokenCaptchar=03ANYolqvxBTZY0vJPqXtC3ht9EecQGQXtxdDpXlZ-yyTppxca4GVKYBXYBkq5saCEJYghvTVduDy8G-o3emxzisHz189Qu1qQBC8R1IDAuhBBvjtCVQJWLkAkRToTj0zO_dN6gAZP-S6GpVBLeYxz1NLObk8sSzPYyForTswnV65fAaapMhFJc1vx8YaRNRqeWoyl_sdDAj6vp6oJR4LLiXUBGmAfTAMj_j_dldTD9sl47BOlvxEKDI8_5sSjnUbet2A78tY2m3QfRs1lJsEJsxX-q740c6qJ6BCwpv4MvHLkPIjdpq-LZivwpGqnWu6ZcmGqcXJs2n7gdhk8qzx43HTENwolUXRej1G_AXxtYvhvwnsna4dwR5iUUj6bpkhARsmRgj1hdiRP3fICoTFokM5SSnbsx7v8HboPCstJ06cRdRHBL_82ah2mM2Ya1LWGxPg0YY3m7HBPWosBPOCOFo3dipv_PR237biYXZsAiamixitP0jmOP4eTS9kJ8RI1fejWyd6UtgDR6cOcLCSkH_ddyBa4GwA1Eg\">lattes<\/a><\/span><\/li>\n<li><span style=\"font-size: 12pt\">Prof\u00aa. Dr\u00aa. Rosangela Diniz Cavalcante\u00a0&#8211;<a href=\"http:\/\/buscatextual.cnpq.br\/buscatextual\/visualizacv.do?id=K4254793U4&amp;tokenCaptchar=03ANYolqvVV7MvdsjanngCPKmF3arDfTw18FYMOE_BHQuzHJazGvPM8imc8sAxxHxkg25kkn8Xy_JBR7ewHQeSA1KLQdjl3scWRivsnP08DS0v5m0u3YgLrkWnO90GRBkt9onM3zlA9uhqjUtVpc5UiwVbvf9c0UUbMMZ32LBsNa2cuZIt8D9dFgs_ieS38KLoBrDXujbvhOLu4wlVuKS9yJflh9QseFa3YGPXAjh2_vBl73_h1__sxHTLA_T6pmCpbYTuIdYpGZA8Lv_e9wJBJf9dzyr2fvK1BZz0QntWP8nASMba_yI1A2rXWWPF2vJkJNV0YoRUBGS54wFdSwIviCNf7UjOt7VONRfwTtmbvJl_KXILlx1q9kOpvj-C1xcGJ3WfLusRXNvIEK8fJNX_N-mMWACV9_oC3uU7wJHRWY3O93oXxrU6Ae_KoeBHRhDkkBIxY7nmPBJFdzZ6bvT11Rd0qPDnYkDybsk2o5KRjC4LE9XmBQjVo-ziTpX41N_Y84V-Ae4tiZE1NhqRDBJMdcgcJlJ6DLDajQ\">\u00a0lattes<\/a><\/span><\/li>\n<\/ul>\n<p>&nbsp;<\/p>\n<p><strong>P<span style=\"font-size: 14pt\">rofessores substitutos:<\/span><\/strong><\/p>\n<ul>\n<li>Prof\u00aa Ma. Fernanda Alves da Silva Ribeiro &#8211; <a href=\"https:\/\/buscatextual.cnpq.br\/buscatextual\/visualizacv.do?id=K4445945J1&amp;tokenCaptchar=0cAFcWeA4ss104Wr3An0MkHburdqTwwHf_CR1vpWd35e6hjF_2HcuMMW5Zdf3MN-nU9f6dQ8MkdAi_DrJfhqBH4exLHGA4xkybbjvlAyc4tsJQQCSPl-Ux3VIesKPmkv7xdJhnJPPwLHdO-udJjHZ8JHmw4HMAuZEZyO_qR-vRjLLhRwoZJmYnkZJbYOrtf6ZSEq53R4SXw2hR1P0dlYbHFtMJzCEjVd8B15a3pVPP-nUw5ADxil3TegCNzeYTaiYyGYVR-Tp-mHeeLCbSEIMfeYc6HQgJxu_YbQ2fo59OLJCPdZ_0fOGTREFWfaomJG7X0b2DxgkYoh7X6tGdPVydGVxXKQx1CsOIwBETcaL6rGEZjfIVFGI6wHfUuaJV436CUwl8U7amjnkaApzpRTcaM74N1--QUnzWAH0cnOyhWOm5_OhETh1Y_aGbTaXI2hiN4dfL6RVnZYNrykZo3tpMwMTMBSNzOnfUJK-Q7nwEJvJptqHGEQBFUEbH7_PWwbU3SjY5KlcEbL1zoagCOkdhg5vOgw9ttRkY8BV8R2FO4Sssa2ZD-ivFXMbAUl7KzMoi3iNy7zGDfj-MVFV6G23PRzhZ-sa1XLm9v3MkTes9rlJ8FE5iNx4LLE9CvMcPXK5Uy6UkFxBdHw3KKH-VURmFn-xXjBMYcicH6TW9ROexgQy8qX-Wkr7Ml1SSPWB9NrmfmInsz_nwOIcqvZo0tGEU6lHTH-ctBzD-pBGYKhID1dWx6EOluJ5IGFevJpWs-vyZGdYQvbOnz23U4USoR7quL9FNTFzG4uQPSjuObbqk5qMEDECtpD_-t8U\">lattes<\/a><\/li>\n<li>Prof\u00aa. Dr\u00aa Romeika Carla Ferreira de Sena &#8211;<a href=\"https:\/\/buscatextual.cnpq.br\/buscatextual\/visualizacv.do?id=K4422713A6&amp;tokenCaptchar=0cAFcWeA73NlKvjGkcunzfpipvuAKv28VwtM4hG_FZHIyFnkw1eem4Pt4pSRRWmFzgpr66LaSIFbjSuZd9o3DWWVWx_wyAs386bKkI5RiHmHXjJ2nJCZrxNL6luqmUwon9KQAH30DKobAuFoZ2A_CjZpN6dQmbFU0gcMisnvrUS3VV6WK1-kyPxWvq8xUnj7nfDWRfjzK7GqZlGeMwPXS4l7-GpCK9-NREq6Fqv2p6DePkGVldNJ5JnFR9ACUvNRM6RXgYIqk_Rp1bTJpI76-1TXCx90Jv96Q6GMAXCyAAN-ib9uqGig6OGrKlvNsSRBhdAmX_leLkGCfvARCrcniGZveX4ATsGdkbSIEz5F92v8007JLZI6Ma56WvAPa7w_91B5cyvt4zldjBuSmJF4vh3DvzCWOLwy-ee0-pveZzWu3bW51Zkcc9YfHsgJipG8SQIuOXpIRC11eOnI1A9V4SykyaFRoAk25HJAKPmnxPQv9pDKgXQgqXACAzUH_t4p3LIFpX_hR3736lp4-gHdCOyEeuwNo42tbAqsvsJAdTmVLD5XvLpxTBnQInXBC0vdk59OWtsF8qG52o0-2zJy93cpoVrbXIk8Uumxnzf9JPzajYvh9qj5jsG5EgxbxPI08RHmBegT8X5xvQl5T4GuvWcfiC1FlOBpHQm3k_sPtPG2f_dDAwuJj5EN6_1QmugSSOrhVxdJvGl6UJyvGvYraL77dR8h6sFnTypNF2ABPw_OcRhYxgYhowbh9tAuA7Q5jAqydB0vSlabuh_r0bTlzWnv6LC8_3pnod41Hxxm7IQEjYfvZ79X3YyG4\"> lattes<\/a><\/li>\n<\/ul>\n","protected":false},"excerpt":{"rendered":"<p>Prof\u00aa. Dra. Ant\u00f4nia L\u00edria Feitosa Nogueira Alvino &#8211; lattes Prof. Dr. Cl\u00e9cio Andr\u00e9 Alves da Silva Maia &#8211; lattes Prof\u00aa. Dr\u00aa. Cristyanne Samara Miranda Holanda da N\u00f3brega\u00a0&#8211; lattes\u00a0 &#8211; Orientadora Acad\u00eamica do Curso &#8211; Ver Portaria Prof. Dr. Dulcian Medeiros de Azevedo\u00a0&#8211;\u00a0lattes Prof\u00aa. Dra. Erika Maria Fernandes de Medeiros Rocha &#8211;\u00a0lattes Prof. Dr. Ildone Forte [&hellip;]<\/p>\n","protected":false},"author":1,"featured_media":0,"parent":0,"menu_order":0,"comment_status":"closed","ping_status":"closed","template":"","meta":{"footnotes":""},"class_list":["post-599","page","type-page","status-publish","hentry"],"_links":{"self":[{"href":"https:\/\/portal.uern.br\/caico\/den\/wp-json\/wp\/v2\/pages\/599","targetHints":{"allow":["GET"]}}],"collection":[{"href":"https:\/\/portal.uern.br\/caico\/den\/wp-json\/wp\/v2\/pages"}],"about":[{"href":"https:\/\/portal.uern.br\/caico\/den\/wp-json\/wp\/v2\/types\/page"}],"author":[{"embeddable":true,"href":"https:\/\/portal.uern.br\/caico\/den\/wp-json\/wp\/v2\/users\/1"}],"replies":[{"embeddable":true,"href":"https:\/\/portal.uern.br\/caico\/den\/wp-json\/wp\/v2\/comments?post=599"}],"version-history":[{"count":27,"href":"https:\/\/portal.uern.br\/caico\/den\/wp-json\/wp\/v2\/pages\/599\/revisions"}],"predecessor-version":[{"id":1483,"href":"https:\/\/portal.uern.br\/caico\/den\/wp-json\/wp\/v2\/pages\/599\/revisions\/1483"}],"wp:attachment":[{"href":"https:\/\/portal.uern.br\/caico\/den\/wp-json\/wp\/v2\/media?parent=599"}],"curies":[{"name":"wp","href":"https:\/\/api.w.org\/{rel}","templated":true}]}}