{"id":595,"date":"2023-04-10T08:06:27","date_gmt":"2023-04-10T11:06:27","guid":{"rendered":"https:\/\/portal.uern.br\/caico\/enfermagem\/?page_id=595"},"modified":"2025-10-11T15:08:38","modified_gmt":"2025-10-11T18:08:38","slug":"avaliacao-institucional","status":"publish","type":"page","link":"https:\/\/portal.uern.br\/caico\/den\/avaliacao-institucional\/","title":{"rendered":"Avalia\u00e7\u00e3o Institucional"},"content":{"rendered":"<h2><span style=\"font-size: 14pt\"><strong>Relat\u00f3rios<\/strong><\/span><\/h2>\n<ul>\n<li><a href=\"https:\/\/drive.google.com\/file\/d\/1xbi8SvQdR29ta8YpY0Xim3TMgQtG6IOQ\/view\">Relat\u00f3rio de Avalia\u00e7\u00e3o institucional 2025.1<\/a><\/li>\n<li><a href=\"https:\/\/drive.google.com\/file\/d\/1dlI8gVXwTDmcbBRfdx3WCI6lCwIZq84w\/view\">Relat\u00f3rio de Avalia\u00e7\u00e3o institucional 2024.2<\/a><\/li>\n<li><span style=\"font-size: 12pt\"><a href=\"https:\/\/drive.google.com\/file\/d\/1jVIDSVw78aDPiLOUq-X5YKZAm1rFJRnd\/view?usp=sharing\" target=\"_blank\" rel=\"noopener\">Relat\u00f3rio de Avalia\u00e7\u00e3o Institucional 2024.1<\/a><\/span><\/li>\n<li><span style=\"font-size: 12pt\"><a href=\"https:\/\/drive.google.com\/file\/d\/1vIdzq531L8EX-rCuVpwDo6GlXSJF5xS_\/view?usp=sharing\" target=\"_blank\" rel=\"noopener\">Relat\u00f3rio de Avalia\u00e7\u00e3o Institucional 2023.2<\/a><\/span><\/li>\n<li><span style=\"font-size: 12pt\"><a href=\"https:\/\/drive.google.com\/file\/d\/1AyCUQ921PWA6_AxCdC-ZR3IU7F2QdKWO\/view?usp=sharing\" target=\"_blank\" rel=\"noopener\">Relat\u00f3rio de Avalia\u00e7\u00e3o Institucional 2023.1<\/a><\/span><\/li>\n<li><span style=\"font-size: 12pt\"><a href=\"https:\/\/drive.google.com\/file\/d\/1oKyvj7uaK0QpYFYLkzQrnrKeKzLsr4Kd\/view?usp=sharing\" target=\"_blank\" rel=\"noopener\">Relat\u00f3rio de Avalia\u00e7\u00e3o Interna 2022.1<\/a><a href=\"https:\/\/drive.google.com\/file\/d\/1oKyvj7uaK0QpYFYLkzQrnrKeKzLsr4Kd\/view?usp=sharing\">\u00a0<\/a><\/span><\/li>\n<li><span style=\"font-size: 12pt\"><a href=\"https:\/\/drive.google.com\/file\/d\/1iDsuji4_HxjehvgFh1EE1kvfnL1mwMcO\/view?usp=sharing\" target=\"_blank\" rel=\"noopener\">Relat\u00f3rio de Avalia\u00e7\u00e3o Institucional 2021.2\u00a0<\/a><\/span><\/li>\n<li><span style=\"font-size: 12pt\"><a href=\"https:\/\/drive.google.com\/file\/d\/1RGCC-7Vyg3KOOghwIvsGLj5mibqC1r8C\/view?usp=sharing\" target=\"_blank\" rel=\"noopener\">Relat\u00f3rio de Avalia\u00e7\u00e3o Institucional 2021.1<\/a><\/span><\/li>\n<li><span style=\"font-size: 12pt\"><a href=\"https:\/\/drive.google.com\/file\/d\/1z3RNf3904oS5i-9N1o_OF77NhyH78w6H\/view?usp=sharing\" target=\"_blank\" rel=\"noopener\">Relat\u00f3rio de Avalia\u00e7\u00e3o Institucional 2020.2<\/a><\/span><\/li>\n<li><span style=\"font-size: 12pt\"><a href=\"https:\/\/drive.google.com\/file\/d\/1aFjsIyxv0CfciZ62qfJFR7jgm-givxNT\/view?usp=sharing\" target=\"_blank\" rel=\"noopener\">Relat\u00f3rio de Avalia\u00e7\u00e3o Institucional 2020.1<\/a><\/span><\/li>\n<li><span style=\"font-size: 12pt\"><a href=\"https:\/\/www.uern.br\/controledepaginas\/avaliacao\/arquivos\/5403relata%C2%B3rio_de_avaliaa%C2%A7a%C2%A3o_institucional__2019.2..pdf\" target=\"_blank\" rel=\"noopener\">Relat\u00f3rio de Avalia\u00e7\u00e3o Institucional 2019.2<\/a><\/span><\/li>\n<li><span style=\"font-size: 12pt\"><a href=\"https:\/\/www.uern.br\/controledepaginas\/avaliacao\/arquivos\/5403relata%C2%B3rio_de_aavaliaa%C2%A7a%C2%A3o_institucional__enfermagem_caica%C2%B3_2019.1..pdf\" target=\"_blank\" rel=\"noopener\">Relat\u00f3rio de Avalia\u00e7\u00e3o Institucional 2019.1<\/a><\/span><\/li>\n<li><span style=\"font-size: 12pt\"><a href=\"https:\/\/www.uern.br\/controledepaginas\/avaliacao\/arquivos\/5403relata%C2%B3rio_cose_enfermagem_caica%C2%B3_2018.2.pdf\" target=\"_blank\" rel=\"noopener\">Relat\u00f3rio de Avalia\u00e7\u00e3o Institucional 2018.2<\/a><\/span><\/li>\n<li><span style=\"font-size: 14pt\"><a href=\"https:\/\/www.uern.br\/controledepaginas\/avaliacao\/arquivos\/5403relata%C2%B3rio_cose_enfermagem_caica%C2%B3_2018.1.pdf\" target=\"_blank\" rel=\"noopener\"><span style=\"font-size: 12pt\">Relat\u00f3rio de Avalia\u00e7\u00e3o Institucional 2018.1\u00a0<\/span><\/a><\/span><\/li>\n<\/ul>\n","protected":false},"excerpt":{"rendered":"<p>Relat\u00f3rios Relat\u00f3rio de Avalia\u00e7\u00e3o institucional 2025.1 Relat\u00f3rio de Avalia\u00e7\u00e3o institucional 2024.2 Relat\u00f3rio de Avalia\u00e7\u00e3o Institucional 2024.1 Relat\u00f3rio de Avalia\u00e7\u00e3o Institucional 2023.2 Relat\u00f3rio de Avalia\u00e7\u00e3o Institucional 2023.1 Relat\u00f3rio de Avalia\u00e7\u00e3o Interna 2022.1\u00a0 Relat\u00f3rio de Avalia\u00e7\u00e3o Institucional 2021.2\u00a0 Relat\u00f3rio de Avalia\u00e7\u00e3o Institucional 2021.1 Relat\u00f3rio de Avalia\u00e7\u00e3o Institucional 2020.2 Relat\u00f3rio de Avalia\u00e7\u00e3o Institucional 2020.1 Relat\u00f3rio de Avalia\u00e7\u00e3o Institucional [&hellip;]<\/p>\n","protected":false},"author":1,"featured_media":0,"parent":0,"menu_order":0,"comment_status":"closed","ping_status":"closed","template":"","meta":{"footnotes":""},"class_list":["post-595","page","type-page","status-publish","hentry"],"_links":{"self":[{"href":"https:\/\/portal.uern.br\/caico\/den\/wp-json\/wp\/v2\/pages\/595","targetHints":{"allow":["GET"]}}],"collection":[{"href":"https:\/\/portal.uern.br\/caico\/den\/wp-json\/wp\/v2\/pages"}],"about":[{"href":"https:\/\/portal.uern.br\/caico\/den\/wp-json\/wp\/v2\/types\/page"}],"author":[{"embeddable":true,"href":"https:\/\/portal.uern.br\/caico\/den\/wp-json\/wp\/v2\/users\/1"}],"replies":[{"embeddable":true,"href":"https:\/\/portal.uern.br\/caico\/den\/wp-json\/wp\/v2\/comments?post=595"}],"version-history":[{"count":22,"href":"https:\/\/portal.uern.br\/caico\/den\/wp-json\/wp\/v2\/pages\/595\/revisions"}],"predecessor-version":[{"id":1482,"href":"https:\/\/portal.uern.br\/caico\/den\/wp-json\/wp\/v2\/pages\/595\/revisions\/1482"}],"wp:attachment":[{"href":"https:\/\/portal.uern.br\/caico\/den\/wp-json\/wp\/v2\/media?parent=595"}],"curies":[{"name":"wp","href":"https:\/\/api.w.org\/{rel}","templated":true}]}}