{"id":1388,"date":"2024-12-01T15:44:54","date_gmt":"2024-12-01T18:44:54","guid":{"rendered":"https:\/\/portal.uern.br\/caico\/den\/?page_id=1388"},"modified":"2025-08-08T13:08:32","modified_gmt":"2025-08-08T16:08:32","slug":"comissao-de-desempenho-academico-cda","status":"publish","type":"page","link":"https:\/\/portal.uern.br\/caico\/den\/comissao-de-desempenho-academico-cda\/","title":{"rendered":"Comiss\u00e3o de Desempenho Acad\u00eamico \u2013 CDA"},"content":{"rendered":"<p>&nbsp;<\/p>\n<p>Compete \u00e0 Comiss\u00e3o de Desempenho Acad\u00eamico \u2013 CDA avaliar a documenta\u00e7\u00e3o referente \u00e0 progress\u00e3o por n\u00edvel dos\/as docentes.<\/p>\n<p style=\"text-align: right\"><em>Resolu\u00e7\u00e3o N\u00ba 60\/2022 &#8211; CD<\/em><\/p>\n<p><a href=\"https:\/\/drive.google.com\/file\/d\/1lvAiSrnhYi7K3TD1bNHcDrFlBBUzUZKZ\/view?usp=sharing\" target=\"_blank\" rel=\"noopener\"><em><strong>Ver Portaria<\/strong><\/em><\/a><\/p>\n","protected":false},"excerpt":{"rendered":"<p>&nbsp; Compete \u00e0 Comiss\u00e3o de Desempenho Acad\u00eamico \u2013 CDA avaliar a documenta\u00e7\u00e3o referente \u00e0 progress\u00e3o por n\u00edvel dos\/as docentes. Resolu\u00e7\u00e3o N\u00ba 60\/2022 &#8211; CD Ver Portaria<\/p>\n","protected":false},"author":6,"featured_media":0,"parent":0,"menu_order":0,"comment_status":"closed","ping_status":"closed","template":"","meta":{"footnotes":""},"class_list":["post-1388","page","type-page","status-publish","hentry"],"_links":{"self":[{"href":"https:\/\/portal.uern.br\/caico\/den\/wp-json\/wp\/v2\/pages\/1388","targetHints":{"allow":["GET"]}}],"collection":[{"href":"https:\/\/portal.uern.br\/caico\/den\/wp-json\/wp\/v2\/pages"}],"about":[{"href":"https:\/\/portal.uern.br\/caico\/den\/wp-json\/wp\/v2\/types\/page"}],"author":[{"embeddable":true,"href":"https:\/\/portal.uern.br\/caico\/den\/wp-json\/wp\/v2\/users\/6"}],"replies":[{"embeddable":true,"href":"https:\/\/portal.uern.br\/caico\/den\/wp-json\/wp\/v2\/comments?post=1388"}],"version-history":[{"count":6,"href":"https:\/\/portal.uern.br\/caico\/den\/wp-json\/wp\/v2\/pages\/1388\/revisions"}],"predecessor-version":[{"id":1457,"href":"https:\/\/portal.uern.br\/caico\/den\/wp-json\/wp\/v2\/pages\/1388\/revisions\/1457"}],"wp:attachment":[{"href":"https:\/\/portal.uern.br\/caico\/den\/wp-json\/wp\/v2\/media?parent=1388"}],"curies":[{"name":"wp","href":"https:\/\/api.w.org\/{rel}","templated":true}]}}