{"id":1360,"date":"2024-11-30T19:39:17","date_gmt":"2024-11-30T22:39:17","guid":{"rendered":"https:\/\/portal.uern.br\/caico\/den\/?page_id=1360"},"modified":"2025-10-11T15:31:59","modified_gmt":"2025-10-11T18:31:59","slug":"comissao-setorial-de-avaliacao-cose","status":"publish","type":"page","link":"https:\/\/portal.uern.br\/caico\/den\/comissao-setorial-de-avaliacao-cose\/","title":{"rendered":"Comiss\u00e3o Setorial de Avalia\u00e7\u00e3o \u2013 COSE"},"content":{"rendered":"<p>S\u00e3o atribui\u00e7\u00f5es da Comiss\u00e3o Setorial de Avalia\u00e7\u00e3o:<\/p>\n<ul style=\"list-style-type: disc\">\n<li>Sensibilizar a comunidade acad\u00eamica do respectivo \u00f3rg\u00e3o para os processos de avalia\u00e7\u00e3o institucional;<\/li>\n<li>Desenvolver o processo de autoavalia\u00e7\u00e3o no \u00f3rg\u00e3o conforme o projeto de autoavali\u00e7\u00e3o da Universidade e orienta\u00e7\u00f5es da Comiss\u00e3o Pr\u00f3pria de Avalia\u00e7\u00e3o &#8211; CPA\/UERN;<\/li>\n<li>Organizar reuni\u00f5es sistem\u00e1ticas para desenvolver suas atividades;<\/li>\n<li>Sistematizar e prestar as informa\u00e7\u00f5es solicitadas pela Comiss\u00e3o Pr\u00f3pria de Avalia\u00e7\u00e3o &#8211; CPA\/UERN;<\/li>\n<li>Ao fim de cada semestre, a COSE dever\u00e1 apresentar \u00e0 CPA\/UERN relat\u00f3rio das atividades realizadas, conforme modelo procedente da pr\u00f3pria CPA\/UERN.<\/li>\n<\/ul>\n<p>&nbsp;<\/p>\n<p style=\"text-align: right\"><em>Resolu\u00e7\u00e3o N.\u00ba 13\/2016-CONSUNI<\/em><\/p>\n<p><span style=\"font-size: 14pt\"><strong>Membros atuais:<\/strong><\/span><\/p>\n<ul>\n<li data-raofz=\"16\">Regilene Alves Portela \u2013 docente (coordenadora)<\/li>\n<li data-raofz=\"16\">Izabel Calixta de Alc\u00e2ntara \u2013 docente<\/li>\n<li data-raofz=\"16\">Jacineide Fernanda Dantas \u2013 t\u00e9cnica administrativa<\/li>\n<li data-raofz=\"16\">A\u00e7ucena Moara Azev\u00eado Silva \u2013 discente<\/li>\n<\/ul>\n<p>&nbsp;<\/p>\n<p><strong><a href=\"https:\/\/drive.google.com\/file\/d\/155LKm2pxZM51lZODE5tCJsDN29pF0HLT\/view?usp=sharing\" target=\"_blank\" rel=\"noopener\"><em>Portaria-SEI N\u00ba 98, de <\/em><\/a><em><a href=\"https:\/\/drive.google.com\/file\/d\/155LKm2pxZM51lZODE5tCJsDN29pF0HLT\/view?usp=sharing\" target=\"_blank\" rel=\"noopener\">27 de fevereiro de 2025.<\/a><\/em><\/strong><\/p>\n<p>&nbsp;<\/p>\n<p><span style=\"font-size: 14pt\"><strong>Relat\u00f3rios de Avalia\u00e7\u00e3o Interna:<\/strong><\/span><\/p>\n<p><a href=\"https:\/\/drive.google.com\/file\/d\/1xbi8SvQdR29ta8YpY0Xim3TMgQtG6IOQ\/view\">Relat\u00f3rio Sint\u00e9tico da Avalia\u00e7\u00e3o Interna 2025.1<\/a><\/p>\n<p><a href=\"https:\/\/drive.google.com\/file\/d\/1vKXugjQaoQ-Mb6kTtHm9ZAVFMuk806gW\/view?usp=sharing\">Relat\u00f3rio Anal\u00edtico da Avalia\u00e7\u00e3o Interna 2024.2\u00a0<\/a><\/p>\n<p><a href=\"https:\/\/drive.google.com\/file\/d\/1TaUW-6ffa6FzT_dAYLRYaybb5aowNIe3\/view?usp=sharing\">Relat\u00f3rio Sint\u00e9tico da Avalia\u00e7\u00e3o Interna 2024.1<\/a><\/p>\n","protected":false},"excerpt":{"rendered":"<p>S\u00e3o atribui\u00e7\u00f5es da Comiss\u00e3o Setorial de Avalia\u00e7\u00e3o: Sensibilizar a comunidade acad\u00eamica do respectivo \u00f3rg\u00e3o para os processos de avalia\u00e7\u00e3o institucional; Desenvolver o processo de autoavalia\u00e7\u00e3o no \u00f3rg\u00e3o conforme o projeto de autoavali\u00e7\u00e3o da Universidade e orienta\u00e7\u00f5es da Comiss\u00e3o Pr\u00f3pria de Avalia\u00e7\u00e3o &#8211; CPA\/UERN; Organizar reuni\u00f5es sistem\u00e1ticas para desenvolver suas atividades; Sistematizar e prestar as informa\u00e7\u00f5es [&hellip;]<\/p>\n","protected":false},"author":6,"featured_media":0,"parent":0,"menu_order":0,"comment_status":"closed","ping_status":"closed","template":"","meta":{"footnotes":""},"class_list":["post-1360","page","type-page","status-publish","hentry"],"_links":{"self":[{"href":"https:\/\/portal.uern.br\/caico\/den\/wp-json\/wp\/v2\/pages\/1360","targetHints":{"allow":["GET"]}}],"collection":[{"href":"https:\/\/portal.uern.br\/caico\/den\/wp-json\/wp\/v2\/pages"}],"about":[{"href":"https:\/\/portal.uern.br\/caico\/den\/wp-json\/wp\/v2\/types\/page"}],"author":[{"embeddable":true,"href":"https:\/\/portal.uern.br\/caico\/den\/wp-json\/wp\/v2\/users\/6"}],"replies":[{"embeddable":true,"href":"https:\/\/portal.uern.br\/caico\/den\/wp-json\/wp\/v2\/comments?post=1360"}],"version-history":[{"count":14,"href":"https:\/\/portal.uern.br\/caico\/den\/wp-json\/wp\/v2\/pages\/1360\/revisions"}],"predecessor-version":[{"id":1485,"href":"https:\/\/portal.uern.br\/caico\/den\/wp-json\/wp\/v2\/pages\/1360\/revisions\/1485"}],"wp:attachment":[{"href":"https:\/\/portal.uern.br\/caico\/den\/wp-json\/wp\/v2\/media?parent=1360"}],"curies":[{"name":"wp","href":"https:\/\/api.w.org\/{rel}","templated":true}]}}