{"id":1358,"date":"2024-11-30T19:38:29","date_gmt":"2024-11-30T22:38:29","guid":{"rendered":"https:\/\/portal.uern.br\/caico\/den\/?page_id=1358"},"modified":"2025-10-06T10:27:14","modified_gmt":"2025-10-06T13:27:14","slug":"comissao-eleitoral-ce","status":"publish","type":"page","link":"https:\/\/portal.uern.br\/caico\/den\/comissao-eleitoral-ce\/","title":{"rendered":"Comiss\u00e3o Eleitoral &#8211; CE"},"content":{"rendered":"<p><span style=\"font-size: 14pt\"><strong>2025<\/strong><\/span><\/p>\n<ul>\n<li><a href=\"https:\/\/drive.google.com\/file\/d\/14lw5gDqBuutUKZa1vAR0qvviG3crJp06\/view?usp=drive_link\">Edital de Abertura<\/a><\/li>\n<li><a href=\"https:\/\/drive.google.com\/file\/d\/1TMs7dbeJcm3FAh5yWjzxnMBxkQ1dQnUL\/view?usp=drive_link\" target=\"_blank\" rel=\"noopener\">Edital de Resultado Final<\/a><\/li>\n<li><a href=\"https:\/\/drive.google.com\/file\/d\/1CfOJX5t1ILO_BOSVoEtXm-gQ02eZyW99\/view?usp=sharing\">Portaria &#8211; Comiss\u00e3o<\/a><\/li>\n<\/ul>\n<p>&nbsp;<\/p>\n<p><strong><span style=\"font-size: 14pt\">2023<\/span><\/strong><\/p>\n<ul>\n<li><a href=\"https:\/\/drive.google.com\/file\/d\/1IDJbsTuF0ctA7XPudsqDRZ90AucVOxjj\/view?usp=sharing\" target=\"_blank\" rel=\"noopener\">Edital de Abertura<\/a><\/li>\n<li><a href=\"https:\/\/drive.google.com\/file\/d\/1GHotoAqeCGhD1B2jSWRbW2QKY_X9Lyzo\/view?usp=sharing\" target=\"_blank\" rel=\"noopener\">Edital de Resultado Final<\/a><\/li>\n<li><a href=\"https:\/\/drive.google.com\/file\/d\/1HY-1QLl_m_4wCWIcqLpCHX6vHAM_6oFk\/view?usp=sharing\" target=\"_blank\" rel=\"noopener\">Portaria &#8211; Comiss\u00e3o<\/a><\/li>\n<\/ul>\n<p>&nbsp;<\/p>\n<p><strong><span style=\"font-size: 14pt\">2022<\/span><\/strong><\/p>\n<ul>\n<li><a href=\"https:\/\/drive.google.com\/file\/d\/1c7AbJ0c8wmpmlwBJ6Dio_idNaXTSdokI\/view?usp=sharing\" target=\"_blank\" rel=\"noopener\">Edital de Abertura<\/a><\/li>\n<li><a href=\"https:\/\/drive.google.com\/file\/d\/1ao171SejpslD1flyEYKQUBLMbamYhIQu\/view?usp=sharing\" target=\"_blank\" rel=\"noopener\">Edital de Resultado Final<\/a><\/li>\n<li><a href=\"https:\/\/drive.google.com\/file\/d\/1gfGHQa22Jqun4B4AxqIhsR6n4Sn2_P2I\/view?usp=sharing\" target=\"_blank\" rel=\"noopener\">Portaria &#8211; Comiss\u00e3o<\/a><\/li>\n<\/ul>\n<p>&nbsp;<\/p>\n<p><strong><span style=\"font-size: 14pt\">2021<\/span><\/strong><\/p>\n<ul>\n<li><a href=\"https:\/\/drive.google.com\/file\/d\/1ulecY4b4gOzz1BHryGAZL-lM_zk8mhds\/view?usp=sharing\" target=\"_blank\" rel=\"noopener\">Edital de Abertura<\/a><\/li>\n<li><a href=\"https:\/\/drive.google.com\/file\/d\/1sB5uHYxHnQH5J8px4eFA-dkQ_iLIoBBQ\/view?usp=sharing\" target=\"_blank\" rel=\"noopener\">Edital de Resultado Final<\/a><\/li>\n<li><a href=\"https:\/\/drive.google.com\/file\/d\/1MDNFomWV3CvZmPbudYAnaTq9gEdW7YNO\/view?usp=sharing\" target=\"_blank\" rel=\"noopener\">Portaria &#8211; Comiss\u00e3o<\/a><\/li>\n<\/ul>\n<p>&nbsp;<\/p>\n<p><strong><span style=\"font-size: 14pt\">2019<\/span><\/strong><\/p>\n<ul>\n<li><a href=\"https:\/\/drive.google.com\/file\/d\/1URcOjti6LtOf9Knd0ZEGMNeaIw8nGvkO\/view?usp=sharing\" target=\"_blank\" rel=\"noopener\">Edital de Abertura<\/a><\/li>\n<li><a href=\"https:\/\/drive.google.com\/file\/d\/1HH72VUenrXGiQvn2kmtRMQbv5NW6d2bZ\/view?usp=sharing\" target=\"_blank\" rel=\"noopener\">Edital de Resultado Final<\/a><\/li>\n<li><a href=\"https:\/\/drive.google.com\/file\/d\/150rOumSmNF5hotviQZ3l33GV0d4wL9ko\/view?usp=sharing\" target=\"_blank\" rel=\"noopener\">Portaria &#8211; Comiss\u00e3o<\/a><\/li>\n<\/ul>\n<p>&nbsp;<\/p>\n<p><strong><span style=\"font-size: 14pt\">2017<\/span><\/strong><\/p>\n<ul>\n<li><a href=\"https:\/\/drive.google.com\/file\/d\/18Nya12fJw_1T4GISSzhxXEqeu-Qs9P_w\/view?usp=sharing\" target=\"_blank\" rel=\"noopener\"><span style=\"font-size: 12pt\">Edital de Abertura<\/span><\/a><\/li>\n<li><a href=\"https:\/\/drive.google.com\/file\/d\/18I575yWX6Vrd0nDibPn-t37gulGSqrWo\/view?usp=sharing\" target=\"_blank\" rel=\"noopener\">Edital de Resultado Final<\/a><\/li>\n<li><a href=\"https:\/\/drive.google.com\/file\/d\/18fzmL-b_WYITtcYaJPRz8zcekj8tLtPW\/view?usp=sharing\" target=\"_blank\" rel=\"noopener\">Portaria &#8211; Comiss\u00e3o<\/a><\/li>\n<\/ul>\n","protected":false},"excerpt":{"rendered":"<p>2025 Edital de Abertura Edital de Resultado Final Portaria &#8211; Comiss\u00e3o &nbsp; 2023 Edital de Abertura Edital de Resultado Final Portaria &#8211; Comiss\u00e3o &nbsp; 2022 Edital de Abertura Edital de Resultado Final Portaria &#8211; Comiss\u00e3o &nbsp; 2021 Edital de Abertura Edital de Resultado Final Portaria &#8211; Comiss\u00e3o &nbsp; 2019 Edital de Abertura Edital de Resultado [&hellip;]<\/p>\n","protected":false},"author":6,"featured_media":0,"parent":0,"menu_order":0,"comment_status":"closed","ping_status":"closed","template":"","meta":{"footnotes":""},"class_list":["post-1358","page","type-page","status-publish","hentry"],"_links":{"self":[{"href":"https:\/\/portal.uern.br\/caico\/den\/wp-json\/wp\/v2\/pages\/1358","targetHints":{"allow":["GET"]}}],"collection":[{"href":"https:\/\/portal.uern.br\/caico\/den\/wp-json\/wp\/v2\/pages"}],"about":[{"href":"https:\/\/portal.uern.br\/caico\/den\/wp-json\/wp\/v2\/types\/page"}],"author":[{"embeddable":true,"href":"https:\/\/portal.uern.br\/caico\/den\/wp-json\/wp\/v2\/users\/6"}],"replies":[{"embeddable":true,"href":"https:\/\/portal.uern.br\/caico\/den\/wp-json\/wp\/v2\/comments?post=1358"}],"version-history":[{"count":11,"href":"https:\/\/portal.uern.br\/caico\/den\/wp-json\/wp\/v2\/pages\/1358\/revisions"}],"predecessor-version":[{"id":1459,"href":"https:\/\/portal.uern.br\/caico\/den\/wp-json\/wp\/v2\/pages\/1358\/revisions\/1459"}],"wp:attachment":[{"href":"https:\/\/portal.uern.br\/caico\/den\/wp-json\/wp\/v2\/media?parent=1358"}],"curies":[{"name":"wp","href":"https:\/\/api.w.org\/{rel}","templated":true}]}}