{"id":1178,"date":"2024-11-26T07:28:30","date_gmt":"2024-11-26T10:28:30","guid":{"rendered":"https:\/\/portal.uern.br\/caico\/den\/?page_id=1178"},"modified":"2025-10-13T17:14:15","modified_gmt":"2025-10-13T20:14:15","slug":"projetos-de-ensino","status":"publish","type":"page","link":"https:\/\/portal.uern.br\/caico\/den\/projetos-de-ensino\/","title":{"rendered":"Projetos de Ensino"},"content":{"rendered":"<h2><strong><span style=\"font-size: 14pt;font-family: georgia, palatino, serif\">2024.2<\/span><\/strong><\/h2>\n<ul>\n<li><span style=\"font-family: georgia, palatino, serif\"><a href=\"https:\/\/drive.google.com\/file\/d\/1KEgQcN93V2vIEhqmJTEFJcbTxlocYIJz\/view?usp=sharing\">O impacto dos Objetivos do Desenvolvimento Sustent\u00e1vel (ODS) no processo de envelhecimento ativo da pessoa idosa<\/a><\/span><\/li>\n<li><span style=\"font-family: georgia, palatino, serif\"><a href=\"https:\/\/drive.google.com\/file\/d\/1LHaaYnJ0DjuXya9GJZ86tFkqOqx6Xa3T\/view?usp=sharing\">HOSPITABRINCANDO: produ\u00e7\u00e3o de jogos educativos que estimulam a ludicidade durante a assist\u00eancia dos profissionais de sa\u00fade a crian\u00e7a\/fam\u00edlia no processo de hospitaliza\u00e7\u00e3o.<\/a><\/span><\/li>\n<\/ul>\n<h2><span style=\"font-family: georgia, palatino, serif\"><strong><span style=\"font-size: 14pt\">2024.1<\/span><\/strong><\/span><\/h2>\n<ul>\n<li><span style=\"font-size: 12pt;font-family: georgia, palatino, serif\"><a href=\"https:\/\/docs.google.com\/document\/d\/1mlWqoiuLM95IjbwST4ad31358JRaNJOv\/edit?usp=sharing&amp;ouid=116740576558585836147&amp;rtpof=true&amp;sd=true\" target=\"_blank\" rel=\"noopener\">Anatomia Sem Segredo<\/a><\/span><\/li>\n<\/ul>\n<h2><span style=\"font-family: georgia, palatino, serif\"><strong><span style=\"font-size: 14pt\">2023.2<\/span><\/strong><\/span><\/h2>\n<ul>\n<li><span style=\"font-family: georgia, palatino, serif;font-size: 12pt\"><a href=\"https:\/\/docs.google.com\/document\/d\/1atLYEe9i2FHmukydAc69CVqsN9so12cE\/edit?usp=sharing&amp;ouid=116740576558585836147&amp;rtpof=true&amp;sd=true\" target=\"_blank\" rel=\"noopener\">Cuidando de Quem Cuida<\/a><\/span><\/li>\n<\/ul>\n<h2><span style=\"font-family: georgia, palatino, serif\"><strong><span style=\"font-size: 14pt\">2023.1<\/span><\/strong><\/span><\/h2>\n<ul>\n<li><span style=\"font-family: georgia, palatino, serif;font-size: 12pt\"><a href=\"https:\/\/docs.google.com\/document\/d\/1EvNKJfzOO6l-j5JTFyg6lkHXY6NhjvbW\/edit?usp=sharing&amp;ouid=116740576558585836147&amp;rtpof=true&amp;sd=true\" target=\"_blank\" rel=\"noopener\">Saberes e Pr\u00e1ticas em Plantas Medicinais e Farm\u00e1cia Viva no Contexto da Mem\u00f3ria Experiencial de Comunidades do Serid\u00f3 Potiguar<\/a><\/span><\/li>\n<\/ul>\n","protected":false},"excerpt":{"rendered":"<p>2024.2 O impacto dos Objetivos do Desenvolvimento Sustent\u00e1vel (ODS) no processo de envelhecimento ativo da pessoa idosa HOSPITABRINCANDO: produ\u00e7\u00e3o de jogos educativos que estimulam a ludicidade durante a assist\u00eancia dos profissionais de sa\u00fade a crian\u00e7a\/fam\u00edlia no processo de hospitaliza\u00e7\u00e3o. 2024.1 Anatomia Sem Segredo 2023.2 Cuidando de Quem Cuida 2023.1 Saberes e Pr\u00e1ticas em Plantas Medicinais [&hellip;]<\/p>\n","protected":false},"author":6,"featured_media":0,"parent":0,"menu_order":0,"comment_status":"closed","ping_status":"closed","template":"","meta":{"footnotes":""},"class_list":["post-1178","page","type-page","status-publish","hentry"],"_links":{"self":[{"href":"https:\/\/portal.uern.br\/caico\/den\/wp-json\/wp\/v2\/pages\/1178","targetHints":{"allow":["GET"]}}],"collection":[{"href":"https:\/\/portal.uern.br\/caico\/den\/wp-json\/wp\/v2\/pages"}],"about":[{"href":"https:\/\/portal.uern.br\/caico\/den\/wp-json\/wp\/v2\/types\/page"}],"author":[{"embeddable":true,"href":"https:\/\/portal.uern.br\/caico\/den\/wp-json\/wp\/v2\/users\/6"}],"replies":[{"embeddable":true,"href":"https:\/\/portal.uern.br\/caico\/den\/wp-json\/wp\/v2\/comments?post=1178"}],"version-history":[{"count":22,"href":"https:\/\/portal.uern.br\/caico\/den\/wp-json\/wp\/v2\/pages\/1178\/revisions"}],"predecessor-version":[{"id":1498,"href":"https:\/\/portal.uern.br\/caico\/den\/wp-json\/wp\/v2\/pages\/1178\/revisions\/1498"}],"wp:attachment":[{"href":"https:\/\/portal.uern.br\/caico\/den\/wp-json\/wp\/v2\/media?parent=1178"}],"curies":[{"name":"wp","href":"https:\/\/api.w.org\/{rel}","templated":true}]}}