{"id":259,"date":"2022-11-03T19:35:09","date_gmt":"2022-11-03T22:35:09","guid":{"rendered":"https:\/\/paisdemossoro.com.br\/wordpress\/assu\/?page_id=259"},"modified":"2026-02-05T22:58:31","modified_gmt":"2026-02-06T01:58:31","slug":"gestao","status":"publish","type":"page","link":"https:\/\/portal.uern.br\/assu\/gestao\/","title":{"rendered":"Gest\u00e3o"},"content":{"rendered":"<h1>Campus Avan\u00e7ado de Ass\u00fa da Universidade do Estado do Rio Grande do Norte<\/h1>\n<h2><\/h2>\n<h2>Gest\u00e3o<\/h2>\n<p>Prof. Dr. Raimundo In\u00e1cio da Silva Filho<br \/>\nDiretor do Campus Avan\u00e7ado de Ass\u00fa &#8211; CAA<\/p>\n<p>Profa. Dra. Guianezza Mescherichia de G\u00f3is Saraiva Meira<br \/>\nVice-Diretora do Campus Avan\u00e7ado de Ass\u00fa &#8211; CAA<\/p>\n<p>&nbsp;<\/p>\n<h2>Secretaria<\/h2>\n<p>Eduardo Gomes Barbosa Pimentel<br \/>\nSecret\u00e1rio Geral<\/p>\n<p>Andr\u00e9 Igor de Carvalho Freire<br \/>\nAuxiliar Administrativo<\/p>\n<p>Helenora Rocha da Costa<br \/>\nAuxiliar Administrativo<\/p>\n<p>Rosian G\u00eanesis dos Ramos Bezerra<br \/>\nAuxiliar Administrativo<\/p>\n<p>&nbsp;<\/p>\n","protected":false},"excerpt":{"rendered":"<p>Campus Avan\u00e7ado de Ass\u00fa da Universidade do Estado do Rio Grande do Norte Gest\u00e3o Prof. Dr. Raimundo In\u00e1cio da Silva Filho Diretor do Campus Avan\u00e7ado de Ass\u00fa &#8211; CAA Profa. Dra. Guianezza Mescherichia de G\u00f3is Saraiva Meira Vice-Diretora do Campus Avan\u00e7ado de Ass\u00fa &#8211; CAA &nbsp; Secretaria Eduardo Gomes Barbosa Pimentel Secret\u00e1rio Geral Andr\u00e9 Igor [&hellip;]<\/p>\n","protected":false},"author":1,"featured_media":0,"parent":0,"menu_order":0,"comment_status":"closed","ping_status":"closed","template":"","meta":{"footnotes":""},"class_list":["post-259","page","type-page","status-publish","hentry"],"_links":{"self":[{"href":"https:\/\/portal.uern.br\/assu\/wp-json\/wp\/v2\/pages\/259","targetHints":{"allow":["GET"]}}],"collection":[{"href":"https:\/\/portal.uern.br\/assu\/wp-json\/wp\/v2\/pages"}],"about":[{"href":"https:\/\/portal.uern.br\/assu\/wp-json\/wp\/v2\/types\/page"}],"author":[{"embeddable":true,"href":"https:\/\/portal.uern.br\/assu\/wp-json\/wp\/v2\/users\/1"}],"replies":[{"embeddable":true,"href":"https:\/\/portal.uern.br\/assu\/wp-json\/wp\/v2\/comments?post=259"}],"version-history":[{"count":6,"href":"https:\/\/portal.uern.br\/assu\/wp-json\/wp\/v2\/pages\/259\/revisions"}],"predecessor-version":[{"id":1236,"href":"https:\/\/portal.uern.br\/assu\/wp-json\/wp\/v2\/pages\/259\/revisions\/1236"}],"wp:attachment":[{"href":"https:\/\/portal.uern.br\/assu\/wp-json\/wp\/v2\/media?parent=259"}],"curies":[{"name":"wp","href":"https:\/\/api.w.org\/{rel}","templated":true}]}}