{"id":242,"date":"2022-11-03T19:33:22","date_gmt":"2022-11-03T22:33:22","guid":{"rendered":"https:\/\/paisdemossoro.com.br\/wordpress\/assu\/?page_id=242"},"modified":"2024-04-26T12:37:13","modified_gmt":"2024-04-26T15:37:13","slug":"cursos","status":"publish","type":"page","link":"https:\/\/portal.uern.br\/assu\/cursos\/","title":{"rendered":"Cursos"},"content":{"rendered":"<ul>\n<li><span style=\"font-family: georgia, palatino, serif;font-size: 12pt\"><a href=\"https:\/\/portal.uern.br\/assu\/dec\/\">Curso de Bacharelado em Ci\u00eancias Econ\u00f4micas<\/a><\/span><\/li>\n<li><span style=\"font-family: georgia, palatino, serif;font-size: 12pt\"><a href=\"https:\/\/portal.uern.br\/assu\/dge\/\">Curso de Licenciatura em Geografia<\/a><\/span><\/li>\n<li><span style=\"font-family: georgia, palatino, serif;font-size: 12pt\"><a href=\"https:\/\/portal.uern.br\/assu\/dhi\/\">Curso de Licenciatura em Hist\u00f3ria\u00a0<\/a><\/span><\/li>\n<li><span style=\"font-family: georgia, palatino, serif;font-size: 12pt\"><a href=\"https:\/\/portal.uern.br\/assu\/letraslinguaportuguesa\/\">Curso de Licenciatura em Letras L\u00edngua Portuguesa<\/a><\/span><\/li>\n<li><span style=\"font-family: georgia, palatino, serif;font-size: 12pt\"><a href=\"https:\/\/portal.uern.br\/assu\/dle\/\">Curso de Licenciatura em Letras L\u00edngua Inglesa<\/a><\/span><\/li>\n<li><span style=\"font-family: georgia, palatino, serif;font-size: 12pt\"><a href=\"https:\/\/portal.uern.br\/assu\/pedagogia\/\">Curso de Licenciatura em Pedagogia<\/a><\/span><\/li>\n<\/ul>\n","protected":false},"excerpt":{"rendered":"<p>Curso de Bacharelado em Ci\u00eancias Econ\u00f4micas Curso de Licenciatura em Geografia Curso de Licenciatura em Hist\u00f3ria\u00a0 Curso de Licenciatura em Letras L\u00edngua Portuguesa Curso de Licenciatura em Letras L\u00edngua Inglesa Curso de Licenciatura em Pedagogia<\/p>\n","protected":false},"author":1,"featured_media":0,"parent":0,"menu_order":0,"comment_status":"closed","ping_status":"closed","template":"","meta":{"footnotes":""},"class_list":["post-242","page","type-page","status-publish","hentry"],"_links":{"self":[{"href":"https:\/\/portal.uern.br\/assu\/wp-json\/wp\/v2\/pages\/242","targetHints":{"allow":["GET"]}}],"collection":[{"href":"https:\/\/portal.uern.br\/assu\/wp-json\/wp\/v2\/pages"}],"about":[{"href":"https:\/\/portal.uern.br\/assu\/wp-json\/wp\/v2\/types\/page"}],"author":[{"embeddable":true,"href":"https:\/\/portal.uern.br\/assu\/wp-json\/wp\/v2\/users\/1"}],"replies":[{"embeddable":true,"href":"https:\/\/portal.uern.br\/assu\/wp-json\/wp\/v2\/comments?post=242"}],"version-history":[{"count":8,"href":"https:\/\/portal.uern.br\/assu\/wp-json\/wp\/v2\/pages\/242\/revisions"}],"predecessor-version":[{"id":1059,"href":"https:\/\/portal.uern.br\/assu\/wp-json\/wp\/v2\/pages\/242\/revisions\/1059"}],"wp:attachment":[{"href":"https:\/\/portal.uern.br\/assu\/wp-json\/wp\/v2\/media?parent=242"}],"curies":[{"name":"wp","href":"https:\/\/api.w.org\/{rel}","templated":true}]}}