{"id":240,"date":"2022-11-03T19:33:18","date_gmt":"2022-11-03T22:33:18","guid":{"rendered":"https:\/\/paisdemossoro.com.br\/wordpress\/assu\/?page_id=240"},"modified":"2024-12-03T21:10:34","modified_gmt":"2024-12-04T00:10:34","slug":"pos-graduacao","status":"publish","type":"page","link":"https:\/\/portal.uern.br\/assu\/pos-graduacao\/","title":{"rendered":"P\u00f3s-Gradua\u00e7\u00e3o"},"content":{"rendered":"<h2>Mestrado Profissional<\/h2>\n<ul>\n<li><a role=\"link\" href=\"https:\/\/sigaa.uern.br\/sigaa\/public\/programa\/portal.jsf?lc=pt_BR&amp;id=1045\" data-raofz=\"14\">PROGRAMA DE P\u00d3S-GRADUA\u00c7\u00c3O EM LETRAS \u2013 PROFLETRAS\/ASSU<\/a><\/li>\n<\/ul>\n","protected":false},"excerpt":{"rendered":"<p>Mestrado Profissional PROGRAMA DE P\u00d3S-GRADUA\u00c7\u00c3O EM LETRAS \u2013 PROFLETRAS\/ASSU<\/p>\n","protected":false},"author":1,"featured_media":0,"parent":0,"menu_order":0,"comment_status":"closed","ping_status":"closed","template":"","meta":{"footnotes":""},"class_list":["post-240","page","type-page","status-publish","hentry"],"_links":{"self":[{"href":"https:\/\/portal.uern.br\/assu\/wp-json\/wp\/v2\/pages\/240","targetHints":{"allow":["GET"]}}],"collection":[{"href":"https:\/\/portal.uern.br\/assu\/wp-json\/wp\/v2\/pages"}],"about":[{"href":"https:\/\/portal.uern.br\/assu\/wp-json\/wp\/v2\/types\/page"}],"author":[{"embeddable":true,"href":"https:\/\/portal.uern.br\/assu\/wp-json\/wp\/v2\/users\/1"}],"replies":[{"embeddable":true,"href":"https:\/\/portal.uern.br\/assu\/wp-json\/wp\/v2\/comments?post=240"}],"version-history":[{"count":3,"href":"https:\/\/portal.uern.br\/assu\/wp-json\/wp\/v2\/pages\/240\/revisions"}],"predecessor-version":[{"id":1192,"href":"https:\/\/portal.uern.br\/assu\/wp-json\/wp\/v2\/pages\/240\/revisions\/1192"}],"wp:attachment":[{"href":"https:\/\/portal.uern.br\/assu\/wp-json\/wp\/v2\/media?parent=240"}],"curies":[{"name":"wp","href":"https:\/\/api.w.org\/{rel}","templated":true}]}}