{"id":222,"date":"2022-11-03T19:28:36","date_gmt":"2022-11-03T22:28:36","guid":{"rendered":"https:\/\/paisdemossoro.com.br\/wordpress\/assu\/?page_id=222"},"modified":"2025-06-27T02:26:22","modified_gmt":"2025-06-27T05:26:22","slug":"apresentacao","status":"publish","type":"page","link":"https:\/\/portal.uern.br\/assu\/apresentacao\/","title":{"rendered":"Apresenta\u00e7\u00e3o"},"content":{"rendered":"<p><span style=\"font-size: 36pt\">Uma hist\u00f3ria de transforma\u00e7\u00e3o de vidas<\/span><\/p>\n<p>Por <strong>Alderi Dantas<\/strong><\/p>\n<p>Agente T\u00e9cnico Administrativo\/Uern &#8211; Campus de Assu<\/p>\n<p>&nbsp;<\/p>\n<p>De 1974 aos dias atuais, a constru\u00e7\u00e3o do Campus Avan\u00e7ado de Assu, da Universidade do Estado do Rio Grande do Norte (UERN) como institui\u00e7\u00e3o se estabeleceu de forma cont\u00ednua, consistente e robusta, atingindo hoje um reconhecimento local e regional. Isso s\u00f3 foi poss\u00edvel porque um conjunto de a\u00e7\u00f5es e pol\u00edticas institucionais proativas foram desenvolvidas ao longo desse tempo.<\/p>\n<p>Toda essa constru\u00e7\u00e3o s\u00f3 \u00e9 poss\u00edvel gra\u00e7as \u00e0 trajet\u00f3ria heroica de in\u00fameras personalidades, conhecidas e an\u00f4nimas, que escreveram sua hist\u00f3ria at\u00e9 aqui e, tamb\u00e9m, daqueles que assumiram o compromisso de honr\u00e1-la e perpetu\u00e1-la, de forma coerente com seus valores. O desafio inicial foi proposto por Edmilson da Silva (<em>in memoriam<\/em>), ent\u00e3o aluno do curso de Economia da Funda\u00e7\u00e3o Universidade Regional do Rio Grande do Norte (FURRN), em Mossor\u00f3, que para assistir \u00e0s aulas enfrentava a batalha de fazer o trajeto Assu\/Mossor\u00f3\/Assu \u2013 de segunda a sexta-feira \u2013 e, entendeu que outras pessoas n\u00e3o tinham condi\u00e7\u00f5es de realizar o referido deslocamento di\u00e1rio entre as duas cidades e, consequentemente, n\u00e3o poderiam alcan\u00e7ar o ensino superior.<\/p>\n<p>Nessa luta, Edmilson da Silva conseguiu mover for\u00e7as de entidades sociais, filantr\u00f3picas e pol\u00edticas, entre outras, do prefeito da \u00e9poca, Walter de S\u00e1 Leit\u00e3o; do padre Francisco Canind\u00e9 dos Santos, ent\u00e3o vig\u00e1rio da par\u00f3quia de S\u00e3o Jo\u00e3o Batista\/Assu e pessoa a quem o citado prefeito delegou a fun\u00e7\u00e3o de liderar a miss\u00e3o, do deputado federal Vingt Rosado e, o aval, a aprova\u00e7\u00e3o e empenho significativo do ent\u00e3o presidente da Funda\u00e7\u00e3o Universidade Regional do Rio Grande do Norte \u2013 FURRN, Francisco Canind\u00e9 Queiroz e Silva e da reitora, Maria Gomes de Oliveira.<\/p>\n<p>Criado atrav\u00e9s do Ato Executivo n\u00ba 0007\/74\/CP\/FURRN, em 20 de setembro de 1974, assinado por Francisco Canind\u00e9 Queiroz e Silva, presidente da FURRN, o Campus Avan\u00e7ado de Assu tem um significado especial para a UERN. Foi o primeiro <em>Campus<\/em> fora de Mossor\u00f3, ou seja, foi aqui onde teve in\u00edcio o processo de expans\u00e3o geogr\u00e1fica da Universidade, nascida como Universidade Regional do Rio Grande do Norte \u2013 URRN, em 28 de setembro de 1968, pela Lei Municipal n\u00ba 20\/68 \u2013 Prefeitura de Mossor\u00f3, e, vinculada \u00e0 Funda\u00e7\u00e3o Universidade Regional do Rio Grande do Norte \u2013 FURRN.<\/p>\n<p>O Campus Avan\u00e7ado de Assu foi instalado em 16 de outubro de 1974 e, no ano seguinte, 1975, realizado o primeiro exame vestibular e o in\u00edcio das aulas e as demais atividades acad\u00eamicas, ocorrendo em 25 de mar\u00e7o, funcionando nas depend\u00eancias da Escola Estadual Tenente Coronel Jos\u00e9 Correia. Iniciou ofertando os cursos de Ci\u00eancias Econ\u00f4micas, Letras, Pedagogia e Servi\u00e7o Social.<\/p>\n<p>O ato de instala\u00e7\u00e3o oficial do Campus de Assu contou com representa\u00e7\u00f5es dos diversos segmentos da sociedade do Vale do A\u00e7u; autoridades acad\u00eamicas da Universidade e pol\u00edticos do Estado e, teve como oradora oficial da cerim\u00f4nia, Maria Eug\u00eania Maceira Montenegro, que exercia o cargo de prefeita do munic\u00edpio de Ipangua\u00e7u.<\/p>\n<p>O primeiro diretor do Campus de Assu foi o cirurgi\u00e3o-dentista e professor Benvenuto Gon\u00e7alves Neto \u2013 indicado pelo prefeito do munic\u00edpio \u2013 permanecendo no cargo, da funda\u00e7\u00e3o do Campus at\u00e9 1985, diferentemente, a vice dire\u00e7\u00e3o passou neste per\u00edodo por sucessivas mudan\u00e7as, sendo exercida pela professora Maria Selma Dantas Soares e pelos professores Cl\u00e1udio Capistrano, Tarc\u00edsio Pedro da Silva e, por \u00faltimo, Francisco Das Chagas de Azevedo.<\/p>\n<p>Ao longo de sua hist\u00f3ria, o Campus teve como diretores: Benvenuto Gon\u00e7alves Neto (1974-1985); Francisco das Chagas Azevedo (1985-1989); Delfina Maria da Fonseca Soares Pires (1989-1993); Maria de F\u00e1tima Silva de Souza (1993-1997); Maria Livanete Barreto Ferreira (1998-2005); Francisco Afr\u00e2nio C\u00e2mara Pereira (2006-2013); Marlucia Barros Lopes Cabral (2014-2021); Augusto S\u00e9rgio de Oliveira (out\/2021-mai\/2022) e Raimundo In\u00e1cio da Silva Filho (2022-2026).<\/p>\n<p>O Campus abrange uma \u00e1rea disposta de infraestrutura que abriga diversos setores: administrativos, laborat\u00f3rios, biblioteca setorial, audit\u00f3rios, salas de aula, brinquedoteca, espa\u00e7o de conviv\u00eancia e de lazer. Nele funcionam seis cursos de gradua\u00e7\u00e3o pela entrada regular, a saber: Ci\u00eancias Econ\u00f4micas, Letras L\u00edngua Portuguesa, Letras L\u00edngua Inglesa, Pedagogia, Hist\u00f3ria e Geografia.<\/p>\n<p>Al\u00e9m dos cursos de gradua\u00e7\u00e3o, atualmente tamb\u00e9m funciona vinculado ao Plano Nacional de Forma\u00e7\u00e3o de Professores da Educa\u00e7\u00e3o B\u00e1sica \u2013 PARFOR, o curso de Pedagogia.<\/p>\n<p>No que se refere \u00e0 P\u00f3s-Gradua\u00e7\u00e3o, o Campus de Assu oferta o programa de p\u00f3s-gradua\u00e7\u00e3o stricto sensu em Letras com o Mestrado Profissional em Letras \u2013 PROFLETRAS e de uma turma especial de Doutorado Interinstitucional (DINTER) ofertado pelo Programa de P\u00f3s-Gradua\u00e7\u00e3o em Geografia da Universidade Federal do Rio Grande do Norte (UFRN), atrav\u00e9s de acordo de coopera\u00e7\u00e3o FUERN\/UFRN\/FUNCITERN.<\/p>\n","protected":false},"excerpt":{"rendered":"<p>Uma hist\u00f3ria de transforma\u00e7\u00e3o de vidas Por Alderi Dantas Agente T\u00e9cnico Administrativo\/Uern &#8211; Campus de Assu &nbsp; De 1974 aos dias atuais, a constru\u00e7\u00e3o do Campus Avan\u00e7ado de Assu, da Universidade do Estado do Rio Grande do Norte (UERN) como institui\u00e7\u00e3o se estabeleceu de forma cont\u00ednua, consistente e robusta, atingindo hoje um reconhecimento local e [&hellip;]<\/p>\n","protected":false},"author":1,"featured_media":0,"parent":0,"menu_order":0,"comment_status":"closed","ping_status":"closed","template":"","meta":{"footnotes":""},"class_list":["post-222","page","type-page","status-publish","hentry"],"_links":{"self":[{"href":"https:\/\/portal.uern.br\/assu\/wp-json\/wp\/v2\/pages\/222","targetHints":{"allow":["GET"]}}],"collection":[{"href":"https:\/\/portal.uern.br\/assu\/wp-json\/wp\/v2\/pages"}],"about":[{"href":"https:\/\/portal.uern.br\/assu\/wp-json\/wp\/v2\/types\/page"}],"author":[{"embeddable":true,"href":"https:\/\/portal.uern.br\/assu\/wp-json\/wp\/v2\/users\/1"}],"replies":[{"embeddable":true,"href":"https:\/\/portal.uern.br\/assu\/wp-json\/wp\/v2\/comments?post=222"}],"version-history":[{"count":7,"href":"https:\/\/portal.uern.br\/assu\/wp-json\/wp\/v2\/pages\/222\/revisions"}],"predecessor-version":[{"id":1198,"href":"https:\/\/portal.uern.br\/assu\/wp-json\/wp\/v2\/pages\/222\/revisions\/1198"}],"wp:attachment":[{"href":"https:\/\/portal.uern.br\/assu\/wp-json\/wp\/v2\/media?parent=222"}],"curies":[{"name":"wp","href":"https:\/\/api.w.org\/{rel}","templated":true}]}}