{"id":1242,"date":"2026-04-24T09:58:33","date_gmt":"2026-04-24T12:58:33","guid":{"rendered":"https:\/\/portal.uern.br\/assu\/?page_id=1242"},"modified":"2026-05-04T21:08:38","modified_gmt":"2026-05-05T00:08:38","slug":"eleicoes-direcao-e-vice-direcao-2026-2030","status":"publish","type":"page","link":"https:\/\/portal.uern.br\/assu\/eleicoes-direcao-e-vice-direcao-2026-2030\/","title":{"rendered":"Elei\u00e7\u00f5es Dire\u00e7\u00e3o e Vice-Dire\u00e7\u00e3o 2026-2030"},"content":{"rendered":"<p data-path-to-node=\"4\"><span data-path-to-node=\"4,1\"><span class=\"citation-32\">Este portal atua, juntamente com o Jornal Oficial da Uern (JOUERN), como o meio oficial de divulga\u00e7\u00e3o para as publica\u00e7\u00f5es dos editais complementares e das etapas referentes ao pleito do quadri\u00eanio 2026-2030<\/span><\/span><span data-path-to-node=\"4,3\">.<\/span><\/p>\n<h3 data-path-to-node=\"4\">Publica\u00e7\u00f5es e Editais<\/h3>\n<ul>\n<li><b>21\/02\/2026 &#8211; Edital de Abertura do Processo Eleitoral<\/b>\n<ul>\n<li><em><a href=\"https:\/\/drive.google.com\/file\/d\/13pISxbV8Bpol0WyorSpm6AG8r9fV6d1c\/view?usp=sharing\">Vers\u00e3o leitura compilada com aditivo de 13\/03\/2026.<\/a><\/em><\/li>\n<li><em><a href=\"https:\/\/portal.uern.br\/jouern\/download\/jouern-1017\/?wpdmdl=2198\">Vers\u00e3o Jouern (pg. 16)<\/a><\/em><\/li>\n<\/ul>\n<\/li>\n<li><b>06\/03\/2026 &#8211; Divulga\u00e7\u00e3o dos requerimentos de inscri\u00e7\u00e3o<\/b>\n<ul>\n<li><a href=\"https:\/\/drive.google.com\/file\/d\/10J-uoG5-60_4993v1oI4TX1BkFKA_knd\/view?usp=sharing\"><i>Vers\u00e3o leitura.<\/i><\/a><\/li>\n<li><em><a href=\"https:\/\/portal.uern.br\/jouern\/download\/jouern-1026\/?wpdmdl=2208&amp;refresh=69ab4526a0f321772832038\">Vers\u00e3o Jouern (pg. 12)<\/a><\/em><\/li>\n<\/ul>\n<\/li>\n<\/ul>\n<ul>\n<li><strong>13\/03\/2026 &#8211; Homologa\u00e7\u00e3o de candidaturas e in\u00edcio da campanha eleitoral<\/strong>\n<ul>\n<li><em><a href=\"https:\/\/portal.uern.br\/jouern\/download\/jouern-1031\/?wpdmdl=2216&amp;refresh=69b4cc82733951773456514\">Vers\u00e3o Jouern (pg. 09)<\/a><\/em><\/li>\n<\/ul>\n<\/li>\n<li><strong>21\/03\/2026 &#8211; Lista preliminar de eleitores aptos a votar<\/strong>\n<ul>\n<li><em><a href=\"https:\/\/drive.google.com\/file\/d\/1MfRnP2L0Zkii6W8V5TpVwxhOzD_X0h7R\/view?usp=sharing\">Vers\u00e3o leitura.<\/a><\/em><\/li>\n<\/ul>\n<\/li>\n<\/ul>\n<ul>\n<li style=\"list-style-type: none\">\n<ul>\n<li><em><a href=\"https:\/\/portal.uern.br\/jouern\/download\/jouern-1037\/?wpdmdl=2229\">Vers\u00e3o Jouern (pg. 08)<\/a><\/em><\/li>\n<\/ul>\n<\/li>\n<li><strong>31\/03\/2026 &#8211; Aditivo &#8211; Ajuste de cronograma<\/strong>\n<ul>\n<li><em><a href=\"https:\/\/drive.google.com\/file\/d\/1IvzFPC1XL9WYg2o7BDN8jJ1VNSYs-kc4\/view?usp=sharing\">Vers\u00e3o leitura.<\/a><\/em><\/li>\n<li><a href=\"https:\/\/portal.uern.br\/jouern\/download\/jouern-1043\/?wpdmdl=2235\"><em>Vers\u00e3o Jouern (pg 9 -10)<\/em><\/a><\/li>\n<\/ul>\n<\/li>\n<li><strong>01\/04\/2026 &#8211; Decis\u00e3o da comiss\u00e3o eleitoral<\/strong>\n<ul>\n<li><a href=\"https:\/\/portal.uern.br\/jouern\/download\/jouern-1044\/?wpdmdl=2236\"><em>Vers\u00e3o Jouern (pg. 29)<\/em><\/a><\/li>\n<\/ul>\n<\/li>\n<li><strong>08\/04\/2026 &#8211; Realizado Julgamento no CONSAD<\/strong><\/li>\n<li><strong>14\/04\/2026 &#8211; Lista de eleitores definitiva<\/strong>\n<ul>\n<li><a href=\"https:\/\/portal.uern.br\/jouern\/download\/jouern-1051\/?wpdmdl=2243\"><em>Vers\u00e3o Jouern (pg. 04).<\/em><\/a><\/li>\n<\/ul>\n<\/li>\n<li><strong>17\/04\/2026 &#8211; Retifica\u00e7\u00e3o da Lista de eleitores<\/strong>\n<ul>\n<li><a href=\"https:\/\/portal.uern.br\/jouern\/download\/jouern-1054\/?wpdmdl=2247\"><em>Vers\u00e3o Jouern (pg 09).<\/em><\/a><\/li>\n<\/ul>\n<\/li>\n<li><strong>24\/04\/2026 &#8211; Publica\u00e7\u00e3o do resultado preliminar<\/strong>\n<ul>\n<li><a href=\"https:\/\/portal.uern.br\/jouern\/download\/jouern-1057\/?wpdmdl=2252\"><em>Vers\u00e3o Jouern (pg. 05).<\/em><\/a><\/li>\n<\/ul>\n<\/li>\n<li><strong>30\/04\/2026 &#8211; Enviado o resultado ao CONSAD para homologa\u00e7\u00e3o<\/strong><\/li>\n<\/ul>\n<ul data-path-to-node=\"6\">\n<li style=\"list-style-type: none\"><\/li>\n<\/ul>\n<hr data-path-to-node=\"7\" \/>\n<h3 data-path-to-node=\"8\">Anexos e Formul\u00e1rios<\/h3>\n<p data-path-to-node=\"9\">Anexo do Edital N\u00ba 01\/2026:<\/p>\n<ul data-path-to-node=\"10\">\n<li><a href=\"https:\/\/docs.google.com\/document\/d\/1JaanDFsS3scrjGIRqAEhU97SdTjnegxJ\/edit?usp=drive_link&amp;ouid=110678065207488655182&amp;rtpof=true&amp;sd=true\">Anexo I \u2013 Requerimento de Inscri\u00e7\u00e3o<\/a><\/li>\n<li><a href=\"https:\/\/docs.google.com\/document\/d\/1DvcqYg-yrjXVg89v_Sgq1Qum3QXG4P2o\/edit?usp=drive_link&amp;ouid=110678065207488655182&amp;rtpof=true&amp;sd=true\">Anexo II \u2013 Autoriza\u00e7\u00e3o para divulga\u00e7\u00e3o de atos eleitorais<\/a><\/li>\n<li><a href=\"https:\/\/docs.google.com\/document\/d\/1_3Zf1Bk4JbFc8Y5S1PDaBYnkzSdxMCp4\/edit?usp=drive_link&amp;ouid=110678065207488655182&amp;rtpof=true&amp;sd=true\">Anexo III \u2013 Cancelamento de candidatura<\/a><\/li>\n<\/ul>\n<hr data-path-to-node=\"16\" \/>\n<h3 data-path-to-node=\"17\">Datas principais do Cronograma<\/h3>\n<ul data-path-to-node=\"19\">\n<li>\n<p data-path-to-node=\"19,0,1\"><del><span data-path-to-node=\"19,0,1,0\"><b data-path-to-node=\"19,0,1,0\" data-index-in-node=\"0\"><span class=\"citation-290\">Publica\u00e7\u00e3o do Edital:<\/span><\/b><span class=\"citation-290\"> 21\/02\/2026<\/span><\/span><span data-path-to-node=\"19,0,1,2\">.<\/span><\/del><\/p>\n<\/li>\n<li>\n<p data-path-to-node=\"19,1,1\"><del><span data-path-to-node=\"19,1,1,0\"><b data-path-to-node=\"19,1,1,0\" data-index-in-node=\"0\"><span class=\"citation-289\">Per\u00edodo de Inscri\u00e7\u00f5es:<\/span><\/b><span class=\"citation-289\"> 27\/02\/2026 a 04\/03\/2026<\/span><\/span><span data-path-to-node=\"19,1,1,2\">.<\/span><\/del><\/p>\n<\/li>\n<li>\n<p data-path-to-node=\"19,2,1\"><del><b data-path-to-node=\"19,2,1,0\" data-index-in-node=\"0\"><span class=\"citation-288\">Publica\u00e7\u00e3o da lista de eleitores aptos a votar:<\/span><\/b><span class=\"citation-288\"> 21\/03\/2026<\/span>.<\/del><\/p>\n<\/li>\n<li>\n<p data-path-to-node=\"19,3,1\"><del><span data-path-to-node=\"19,3,1,0\"><b data-path-to-node=\"19,3,1,0\" data-index-in-node=\"0\"><span class=\"citation-287\">Dia da Vota\u00e7\u00e3o:<\/span><\/b><span class=\"citation-287\"> 22\/04\/2026<\/span><\/span><span data-path-to-node=\"19,3,1,2\">.<\/span><\/del><\/p>\n<\/li>\n<li><del><strong>Divulga\u00e7\u00e3o do resultado preliminar da elei\u00e7\u00e3o:<\/strong> 24\/04\/2026<\/del><\/li>\n<\/ul>\n<hr data-path-to-node=\"20\" \/>\n<h3 data-path-to-node=\"21\">Como Ocorrer\u00e1 a Vota\u00e7\u00e3o?<\/h3>\n<ul data-path-to-node=\"22\">\n<li>\n<p data-path-to-node=\"22,0,0\"><span data-path-to-node=\"22,0,0,1\"><span class=\"citation-286\">A elei\u00e7\u00e3o acontecer\u00e1 de forma remota no SIGElei\u00e7\u00e3o.<\/span><\/span><\/p>\n<\/li>\n<li>\n<p data-path-to-node=\"22,2,0\"><span data-path-to-node=\"22,2,0,1\"><span class=\"citation-284\">A vota\u00e7\u00e3o ser\u00e1 realizada no dia 22\/04\/2026, no hor\u00e1rio das 08h \u00e0s 22h.<\/span><\/span><\/p>\n<\/li>\n<\/ul>\n<hr data-path-to-node=\"23\" \/>\n<h3 data-path-to-node=\"24\">Contato<\/h3>\n<p id=\"p-rc_51c6d44ff9ac4d40-151\" data-path-to-node=\"25\"><span data-path-to-node=\"25,1\"><span class=\"citation-283\">Toda a comunica\u00e7\u00e3o oficial, bem como os protocolos dos documentos recebidos e enviados durante este processo eleitoral (incluindo inscri\u00e7\u00f5es, recursos e impugna\u00e7\u00f5es), devem ser realizados exclusivamente pelo e-mail da Comiss\u00e3o Eleitoral: comissao.assu@uern.br<\/span><\/span><span data-path-to-node=\"25,3\">.<\/span><\/p>\n","protected":false},"excerpt":{"rendered":"<p>Este portal atua, juntamente com o Jornal Oficial da Uern (JOUERN), como o meio oficial de divulga\u00e7\u00e3o para as publica\u00e7\u00f5es dos editais complementares e das etapas referentes ao pleito do quadri\u00eanio 2026-2030. Publica\u00e7\u00f5es e Editais 21\/02\/2026 &#8211; Edital de Abertura do Processo Eleitoral Vers\u00e3o leitura compilada com aditivo de 13\/03\/2026. Vers\u00e3o Jouern (pg. 16) 06\/03\/2026 [&hellip;]<\/p>\n","protected":false},"author":12,"featured_media":0,"parent":0,"menu_order":0,"comment_status":"closed","ping_status":"closed","template":"","meta":{"footnotes":""},"class_list":["post-1242","page","type-page","status-publish","hentry"],"_links":{"self":[{"href":"https:\/\/portal.uern.br\/assu\/wp-json\/wp\/v2\/pages\/1242","targetHints":{"allow":["GET"]}}],"collection":[{"href":"https:\/\/portal.uern.br\/assu\/wp-json\/wp\/v2\/pages"}],"about":[{"href":"https:\/\/portal.uern.br\/assu\/wp-json\/wp\/v2\/types\/page"}],"author":[{"embeddable":true,"href":"https:\/\/portal.uern.br\/assu\/wp-json\/wp\/v2\/users\/12"}],"replies":[{"embeddable":true,"href":"https:\/\/portal.uern.br\/assu\/wp-json\/wp\/v2\/comments?post=1242"}],"version-history":[{"count":26,"href":"https:\/\/portal.uern.br\/assu\/wp-json\/wp\/v2\/pages\/1242\/revisions"}],"predecessor-version":[{"id":1276,"href":"https:\/\/portal.uern.br\/assu\/wp-json\/wp\/v2\/pages\/1242\/revisions\/1276"}],"wp:attachment":[{"href":"https:\/\/portal.uern.br\/assu\/wp-json\/wp\/v2\/media?parent=1242"}],"curies":[{"name":"wp","href":"https:\/\/api.w.org\/{rel}","templated":true}]}}