{"id":1204,"date":"2025-06-27T03:23:00","date_gmt":"2025-06-27T06:23:00","guid":{"rendered":"https:\/\/portal.uern.br\/assu\/?page_id=1204"},"modified":"2026-01-14T10:53:35","modified_gmt":"2026-01-14T13:53:35","slug":"carta-de-servicos","status":"publish","type":"page","link":"https:\/\/portal.uern.br\/assu\/carta-de-servicos\/","title":{"rendered":"Carta de Servi\u00e7os"},"content":{"rendered":"<p><a href=\"https:\/\/portal.uern.br\/wp-content\/uploads\/2025\/12\/UERN_Carta-de-servicos-2025_2.pdf\">Acesse a Carta de Servi\u00e7os da UERN (Edi\u00e7\u00e3o Dez. 2025).<\/a><\/p>\n","protected":false},"excerpt":{"rendered":"<p>Acesse a Carta de Servi\u00e7os da UERN (Edi\u00e7\u00e3o Dez. 2025).<\/p>\n","protected":false},"author":12,"featured_media":0,"parent":0,"menu_order":0,"comment_status":"closed","ping_status":"closed","template":"","meta":{"footnotes":""},"class_list":["post-1204","page","type-page","status-publish","hentry"],"_links":{"self":[{"href":"https:\/\/portal.uern.br\/assu\/wp-json\/wp\/v2\/pages\/1204","targetHints":{"allow":["GET"]}}],"collection":[{"href":"https:\/\/portal.uern.br\/assu\/wp-json\/wp\/v2\/pages"}],"about":[{"href":"https:\/\/portal.uern.br\/assu\/wp-json\/wp\/v2\/types\/page"}],"author":[{"embeddable":true,"href":"https:\/\/portal.uern.br\/assu\/wp-json\/wp\/v2\/users\/12"}],"replies":[{"embeddable":true,"href":"https:\/\/portal.uern.br\/assu\/wp-json\/wp\/v2\/comments?post=1204"}],"version-history":[{"count":2,"href":"https:\/\/portal.uern.br\/assu\/wp-json\/wp\/v2\/pages\/1204\/revisions"}],"predecessor-version":[{"id":1225,"href":"https:\/\/portal.uern.br\/assu\/wp-json\/wp\/v2\/pages\/1204\/revisions\/1225"}],"wp:attachment":[{"href":"https:\/\/portal.uern.br\/assu\/wp-json\/wp\/v2\/media?parent=1204"}],"curies":[{"name":"wp","href":"https:\/\/api.w.org\/{rel}","templated":true}]}}