{"id":817,"date":"2023-08-07T17:08:27","date_gmt":"2023-08-07T20:08:27","guid":{"rendered":"https:\/\/portal.uern.br\/assu\/pedagogia\/?page_id=817"},"modified":"2025-03-26T19:37:00","modified_gmt":"2025-03-26T22:37:00","slug":"colegiado-do-curso","status":"publish","type":"page","link":"https:\/\/portal.uern.br\/assu\/pedagogia\/colegiado-do-curso\/","title":{"rendered":"Colegiado do Curso"},"content":{"rendered":"<p style=\"text-align: center\"><span style=\"font-size: 24pt;color: #0000ff\"><strong>Representa\u00e7\u00e3o Docente<\/strong><\/span><\/p>\n<p style=\"text-align: center\"><strong>______________________________________________________________<\/strong><\/p>\n<p style=\"text-align: center\"><span style=\"font-size: 14pt\"><span style=\"font-family: georgia, palatino, serif\"><strong>Alcides Le\u00e3o Santos J\u00fanior<\/strong><\/span><\/span><\/p>\n<div style=\"text-align: center\"><strong>______________________________________________________________<\/strong><\/div>\n<div><\/div>\n<div style=\"text-align: center\"><span style=\"font-family: georgia, palatino, serif;font-size: 14pt\"><strong>Aldeci Fernandes da Cunha<\/strong><\/span><\/div>\n<div style=\"text-align: center\"><strong>______________________________________________________________<\/strong><\/div>\n<p style=\"text-align: center\"><span style=\"font-size: 14pt\"><strong>Deyse Karla de Oliveira Martins<\/strong><\/span><\/p>\n<div style=\"text-align: center\"><strong>______________________________________________________________<\/strong><\/div>\n<p style=\"text-align: center\"><span style=\"font-size: 14pt\"><strong>Francisca Karenina Rodrigues Tavares<\/strong><\/span><\/p>\n<div style=\"text-align: center\"><strong>______________________________________________________________<\/strong><\/div>\n<p style=\"text-align: center\"><span style=\"font-size: 14pt\"><strong>Francisco Canind\u00e9 da Silva<\/strong><\/span><\/p>\n<div style=\"text-align: center\"><strong>______________________________________________________________<\/strong><\/div>\n<div><\/div>\n<div style=\"text-align: center\"><span style=\"font-size: 14pt\"><strong>Girliany Santiago Soares<\/strong><\/span><\/div>\n<div style=\"text-align: center\"><\/div>\n<div style=\"text-align: center\"><strong>______________________________________________________________<\/strong><\/div>\n<p style=\"text-align: center\"><span style=\"font-size: 14pt\"><strong>Jaciaria de Medeiros Morais<\/strong><\/span><\/p>\n<div style=\"text-align: center\"><strong>______________________________________________________________<\/strong><\/div>\n<div><\/div>\n<div style=\"text-align: center\"><span style=\"font-size: 14pt\"><strong>M\u00e1rcio Jocerlan de Souza<\/strong><\/span><\/div>\n<div style=\"text-align: center\"><strong>______________________________________________________________<\/strong><\/div>\n<p style=\"text-align: center\"><span style=\"font-size: 14pt\"><strong>Nal\u00edgia Maria Bezerra Lopes<\/strong><\/span><\/p>\n<div style=\"text-align: center\"><strong>______________________________________________________________<\/strong><\/div>\n<p style=\"text-align: center\"><span style=\"font-size: 14pt\"><strong>Priscila do Vale Silva<\/strong><\/span><\/p>\n<div style=\"text-align: center\"><strong>______________________________________________________________<\/strong><\/div>\n<p style=\"text-align: center\"><span style=\"font-size: 14pt\"><strong>Roberta Ceres Antunes Medeiros de Oliveira<\/strong><\/span><\/p>\n<div style=\"text-align: center\"><strong>______________________________________________________________<\/strong><\/div>\n<p style=\"text-align: center\"><span style=\"font-size: 14pt\"><strong>Sara Raphaela Machado de Amorim<\/strong><\/span><\/p>\n<div style=\"text-align: center\"><strong>_____________________________________________________________<\/strong><\/div>\n<div><\/div>\n<p style=\"text-align: center\"><span style=\"font-size: 24pt;color: #0000ff\"><strong>Representa\u00e7\u00e3o T\u00e9cnico-Administrativo<\/strong><\/span><\/p>\n<p style=\"text-align: center\"><strong>___________________________________________________________<\/strong><\/p>\n<p style=\"text-align: center\"><span style=\"font-size: 14pt\"><strong>Hidelbrando Magno Pereira Soares<\/strong><\/span><\/p>\n<p style=\"text-align: center\"><strong>___________________________________________________________<\/strong><\/p>\n<p style=\"text-align: center\"><span style=\"font-size: 24pt;color: #0000ff\"><strong>Representa\u00e7\u00e3o Discente<\/strong><\/span><\/p>\n<p style=\"text-align: center\"><strong>_________________________________________________________<\/strong><\/p>\n<p style=\"text-align: center\"><span style=\"font-size: 14pt\"><strong>Shirley Karoline Pereira Santos<\/strong><\/span><\/p>\n","protected":false},"excerpt":{"rendered":"<p>Representa\u00e7\u00e3o Docente ______________________________________________________________ Alcides Le\u00e3o Santos J\u00fanior ______________________________________________________________ Aldeci Fernandes da Cunha ______________________________________________________________ Deyse Karla de Oliveira Martins ______________________________________________________________ Francisca Karenina Rodrigues Tavares ______________________________________________________________ Francisco Canind\u00e9 da Silva ______________________________________________________________ Girliany Santiago Soares ______________________________________________________________ Jaciaria de Medeiros Morais ______________________________________________________________ M\u00e1rcio Jocerlan de Souza ______________________________________________________________ Nal\u00edgia Maria Bezerra Lopes ______________________________________________________________ Priscila do Vale Silva ______________________________________________________________ Roberta Ceres [&hellip;]<\/p>\n","protected":false},"author":5,"featured_media":0,"parent":0,"menu_order":0,"comment_status":"closed","ping_status":"closed","template":"","meta":{"footnotes":""},"class_list":["post-817","page","type-page","status-publish","hentry"],"_links":{"self":[{"href":"https:\/\/portal.uern.br\/assu\/pedagogia\/wp-json\/wp\/v2\/pages\/817","targetHints":{"allow":["GET"]}}],"collection":[{"href":"https:\/\/portal.uern.br\/assu\/pedagogia\/wp-json\/wp\/v2\/pages"}],"about":[{"href":"https:\/\/portal.uern.br\/assu\/pedagogia\/wp-json\/wp\/v2\/types\/page"}],"author":[{"embeddable":true,"href":"https:\/\/portal.uern.br\/assu\/pedagogia\/wp-json\/wp\/v2\/users\/5"}],"replies":[{"embeddable":true,"href":"https:\/\/portal.uern.br\/assu\/pedagogia\/wp-json\/wp\/v2\/comments?post=817"}],"version-history":[{"count":9,"href":"https:\/\/portal.uern.br\/assu\/pedagogia\/wp-json\/wp\/v2\/pages\/817\/revisions"}],"predecessor-version":[{"id":1254,"href":"https:\/\/portal.uern.br\/assu\/pedagogia\/wp-json\/wp\/v2\/pages\/817\/revisions\/1254"}],"wp:attachment":[{"href":"https:\/\/portal.uern.br\/assu\/pedagogia\/wp-json\/wp\/v2\/media?parent=817"}],"curies":[{"name":"wp","href":"https:\/\/api.w.org\/{rel}","templated":true}]}}