{"id":811,"date":"2023-08-07T16:49:27","date_gmt":"2023-08-07T19:49:27","guid":{"rendered":"https:\/\/portal.uern.br\/assu\/pedagogia\/?page_id=811"},"modified":"2025-01-20T14:13:52","modified_gmt":"2025-01-20T17:13:52","slug":"secretaria-do-curso","status":"publish","type":"page","link":"https:\/\/portal.uern.br\/assu\/pedagogia\/secretaria-do-curso\/","title":{"rendered":"Secretaria do Curso"},"content":{"rendered":"<p style=\"text-align: center\"><img fetchpriority=\"high\" decoding=\"async\" class=\"aligncenter wp-image-840 size-medium\" src=\"https:\/\/portal.uern.br\/assu\/pedagogia\/wp-content\/uploads\/sites\/13\/2023\/08\/WhatsApp-Image-2023-08-08-at-18.17.23-1-292x300.jpeg\" alt=\"\" width=\"292\" height=\"300\" srcset=\"https:\/\/portal.uern.br\/assu\/pedagogia\/wp-content\/uploads\/sites\/13\/2023\/08\/WhatsApp-Image-2023-08-08-at-18.17.23-1-292x300.jpeg 292w, https:\/\/portal.uern.br\/assu\/pedagogia\/wp-content\/uploads\/sites\/13\/2023\/08\/WhatsApp-Image-2023-08-08-at-18.17.23-1-995x1024.jpeg 995w, https:\/\/portal.uern.br\/assu\/pedagogia\/wp-content\/uploads\/sites\/13\/2023\/08\/WhatsApp-Image-2023-08-08-at-18.17.23-1-768x790.jpeg 768w, https:\/\/portal.uern.br\/assu\/pedagogia\/wp-content\/uploads\/sites\/13\/2023\/08\/WhatsApp-Image-2023-08-08-at-18.17.23-1-1493x1536.jpeg 1493w, https:\/\/portal.uern.br\/assu\/pedagogia\/wp-content\/uploads\/sites\/13\/2023\/08\/WhatsApp-Image-2023-08-08-at-18.17.23-1.jpeg 1555w\" sizes=\"(max-width: 292px) 100vw, 292px\" \/><\/p>\n<p style=\"text-align: center\"><span style=\"color: #0000ff\"><strong>Secret\u00e1rio<\/strong><\/span><\/p>\n<p><strong><span style=\"color: #000000\">Hidelbrando Magno Pereira Soares: <\/span><\/strong>Graduado do Curso de Bacharelado em Ci\u00eancia e Tecnologia da Universidade Federal Rural do Semi-\u00c1rido (UFERSA) do Campus de Angicos\/RN, na Regi\u00e3o do Sert\u00e3o Central do Rio Grande do Norte. Conhecimentos nas \u00e1reas de Ci\u00eancias Exatas e Ci\u00eancias do Meio Ambiente. P\u00f3s-Graduado Lato Sensu, em n\u00edvel de Especializa\u00e7\u00e3o, Intitulado Direito Constitucional pela Faculdade \u00fanica de Ipatinga &#8211; MG.<\/p>\n","protected":false},"excerpt":{"rendered":"<p>Secret\u00e1rio Hidelbrando Magno Pereira Soares: Graduado do Curso de Bacharelado em Ci\u00eancia e Tecnologia da Universidade Federal Rural do Semi-\u00c1rido (UFERSA) do Campus de Angicos\/RN, na Regi\u00e3o do Sert\u00e3o Central do Rio Grande do Norte. Conhecimentos nas \u00e1reas de Ci\u00eancias Exatas e Ci\u00eancias do Meio Ambiente. P\u00f3s-Graduado Lato Sensu, em n\u00edvel de Especializa\u00e7\u00e3o, Intitulado Direito [&hellip;]<\/p>\n","protected":false},"author":5,"featured_media":0,"parent":0,"menu_order":0,"comment_status":"closed","ping_status":"closed","template":"","meta":{"footnotes":""},"class_list":["post-811","page","type-page","status-publish","hentry"],"_links":{"self":[{"href":"https:\/\/portal.uern.br\/assu\/pedagogia\/wp-json\/wp\/v2\/pages\/811","targetHints":{"allow":["GET"]}}],"collection":[{"href":"https:\/\/portal.uern.br\/assu\/pedagogia\/wp-json\/wp\/v2\/pages"}],"about":[{"href":"https:\/\/portal.uern.br\/assu\/pedagogia\/wp-json\/wp\/v2\/types\/page"}],"author":[{"embeddable":true,"href":"https:\/\/portal.uern.br\/assu\/pedagogia\/wp-json\/wp\/v2\/users\/5"}],"replies":[{"embeddable":true,"href":"https:\/\/portal.uern.br\/assu\/pedagogia\/wp-json\/wp\/v2\/comments?post=811"}],"version-history":[{"count":6,"href":"https:\/\/portal.uern.br\/assu\/pedagogia\/wp-json\/wp\/v2\/pages\/811\/revisions"}],"predecessor-version":[{"id":1240,"href":"https:\/\/portal.uern.br\/assu\/pedagogia\/wp-json\/wp\/v2\/pages\/811\/revisions\/1240"}],"wp:attachment":[{"href":"https:\/\/portal.uern.br\/assu\/pedagogia\/wp-json\/wp\/v2\/media?parent=811"}],"curies":[{"name":"wp","href":"https:\/\/api.w.org\/{rel}","templated":true}]}}