{"id":805,"date":"2023-08-07T16:39:01","date_gmt":"2023-08-07T19:39:01","guid":{"rendered":"https:\/\/portal.uern.br\/assu\/pedagogia\/?page_id=805"},"modified":"2025-10-29T16:55:51","modified_gmt":"2025-10-29T19:55:51","slug":"coordenacao-bienio-2023-2025","status":"publish","type":"page","link":"https:\/\/portal.uern.br\/assu\/pedagogia\/coordenacao-bienio-2023-2025\/","title":{"rendered":"Coordena\u00e7\u00e3o &#8211; bi\u00eanio 2025-2027"},"content":{"rendered":"<p style=\"text-align: center\">\n<p style=\"text-align: center\">\n<p style=\"text-align: center\">\n<p style=\"text-align: center\">\n<p style=\"text-align: center\"><img fetchpriority=\"high\" decoding=\"async\" class=\"aligncenter wp-image-848\" src=\"https:\/\/portal.uern.br\/assu\/pedagogia\/wp-content\/uploads\/sites\/13\/2023\/08\/Caninde-300x170.jpg\" alt=\"\" width=\"318\" height=\"180\" srcset=\"https:\/\/portal.uern.br\/assu\/pedagogia\/wp-content\/uploads\/sites\/13\/2023\/08\/Caninde-300x170.jpg 300w, https:\/\/portal.uern.br\/assu\/pedagogia\/wp-content\/uploads\/sites\/13\/2023\/08\/Caninde-1024x580.jpg 1024w, https:\/\/portal.uern.br\/assu\/pedagogia\/wp-content\/uploads\/sites\/13\/2023\/08\/Caninde-768x435.jpg 768w, https:\/\/portal.uern.br\/assu\/pedagogia\/wp-content\/uploads\/sites\/13\/2023\/08\/Caninde.jpg 1080w\" sizes=\"(max-width: 318px) 100vw, 318px\" \/><\/p>\n<p style=\"text-align: center\"><span style=\"color: #0000ff\"><strong>\u00a0 \u00a0 \u00a0Chefe de Departamento<\/strong><\/span><\/p>\n<p style=\"text-align: center\"><strong>Prof. Francisco Canind\u00e9 da Silva, <\/strong>Doutor em Educa\u00e7\u00e3o no Programa de P\u00f3s-Gradua\u00e7\u00e3o em Educa\u00e7\u00e3o (ProPEd) da Universidade do Estado Rio de Janeiro (Uerj). Mestre em Educa\u00e7\u00e3o pela Universidade Federal do Rio Grande do Norte (Ufrn). Especialista em Educa\u00e7\u00e3o de Jovens e Adultos pela Universidade de Bras\u00edlia (UnB) e Licenciado em Pedagogia pela Universidade do Estado do Rio Grande do Norte (Uern). Professor Adjunto IV do Programa de P\u00f3s-Gradua\u00e7\u00e3o em Educa\u00e7\u00e3o (Poseduc &#8211; Mestrado em Educa\u00e7\u00e3o), Campus Central; e no Curso de Pedagogia &#8211; Campus Avan\u00e7ado de Ass\u00fa\/RN, da Universidade do Estado do Rio Grande do Norte (Uern). Professor-supervisor pedag\u00f3gico na Rede Municipal de Ensino em Ass\u00fa\/RN, desde o ano de 1991. Temas de interesse de pesquisa s\u00e3o: Curr\u00edculo, Forma\u00e7\u00e3o de professores, Pr\u00e1ticas pedag\u00f3gicas, Cotidianos, Hist\u00f3ria e Mem\u00f3ria na EJA.<\/p>\n<p style=\"text-align: center\">\n<p style=\"text-align: center\"><span style=\"color: #0000ff\"><strong><img decoding=\"async\" class=\"aligncenter wp-image-847 size-medium\" src=\"https:\/\/portal.uern.br\/assu\/pedagogia\/wp-content\/uploads\/sites\/13\/2023\/08\/Aldeci-300x225.jpg\" alt=\"\" width=\"300\" height=\"225\" srcset=\"https:\/\/portal.uern.br\/assu\/pedagogia\/wp-content\/uploads\/sites\/13\/2023\/08\/Aldeci-300x225.jpg 300w, https:\/\/portal.uern.br\/assu\/pedagogia\/wp-content\/uploads\/sites\/13\/2023\/08\/Aldeci-1024x769.jpg 1024w, https:\/\/portal.uern.br\/assu\/pedagogia\/wp-content\/uploads\/sites\/13\/2023\/08\/Aldeci-768x577.jpg 768w, https:\/\/portal.uern.br\/assu\/pedagogia\/wp-content\/uploads\/sites\/13\/2023\/08\/Aldeci.jpg 1080w\" sizes=\"(max-width: 300px) 100vw, 300px\" \/><br \/>\n<\/strong><\/span><\/p>\n<p style=\"text-align: center\"><strong><span style=\"color: #0000ff\">Sub-Chefe de Departamento<\/span><\/strong><\/p>\n<p style=\"text-align: center\"><strong><span style=\"color: #0000ff\">\u00a0<\/span>Prof. Aldeci Fernandes da Cunha,<\/strong> Graduado em Pedagogia pela Universidade Estadual do Rio Grande do Norte. Especializa\u00e7\u00e3o em Atendimento Educacional Especializado (AEE) pela Universidade Federal do Semi\u00e1rido\/UFERSA, e em Tecnologias Educacionais pela PUC\/Rio. Mestre em Doc\u00eancia pela Universidade do Estado do Rio Grande do Norte. Doutoranda em Letras pelo Programa de P\u00f3s Gradua\u00e7\u00e3o em Letras da UERN. \u00c9 professor titular do Departamento de Educa\u00e7\u00e3o do Campus Avan\u00e7ado Ass\u00fa\/UERN. PIBID Coordenadora da \u00c1rea &#8211; Alfabetiza\u00e7\u00e3o. Membro da Associa\u00e7\u00e3o Brasileira de Pesquisadores em Educa\u00e7\u00e3o Especial (ABPEE) e do GT 15 da ANPED. Desenvolve pesquisas na \u00e1rea de Educa\u00e7\u00e3o Especial na perspectiva educacional inclusiva com base em Vygotsky, atuando nos seguintes temas: Subjetividade, criatividade e inclus\u00e3o, e atendimento educacional especializado.<\/p>\n<p>&nbsp;<\/p>\n<p>&nbsp;<\/p>\n<p style=\"text-align: center\">\n<p>&nbsp;<\/p>\n","protected":false},"excerpt":{"rendered":"<p>\u00a0 \u00a0 \u00a0Chefe de Departamento Prof. Francisco Canind\u00e9 da Silva, Doutor em Educa\u00e7\u00e3o no Programa de P\u00f3s-Gradua\u00e7\u00e3o em Educa\u00e7\u00e3o (ProPEd) da Universidade do Estado Rio de Janeiro (Uerj). Mestre em Educa\u00e7\u00e3o pela Universidade Federal do Rio Grande do Norte (Ufrn). Especialista em Educa\u00e7\u00e3o de Jovens e Adultos pela Universidade de Bras\u00edlia (UnB) e Licenciado em [&hellip;]<\/p>\n","protected":false},"author":5,"featured_media":0,"parent":0,"menu_order":0,"comment_status":"closed","ping_status":"closed","template":"","meta":{"footnotes":""},"class_list":["post-805","page","type-page","status-publish","hentry"],"_links":{"self":[{"href":"https:\/\/portal.uern.br\/assu\/pedagogia\/wp-json\/wp\/v2\/pages\/805","targetHints":{"allow":["GET"]}}],"collection":[{"href":"https:\/\/portal.uern.br\/assu\/pedagogia\/wp-json\/wp\/v2\/pages"}],"about":[{"href":"https:\/\/portal.uern.br\/assu\/pedagogia\/wp-json\/wp\/v2\/types\/page"}],"author":[{"embeddable":true,"href":"https:\/\/portal.uern.br\/assu\/pedagogia\/wp-json\/wp\/v2\/users\/5"}],"replies":[{"embeddable":true,"href":"https:\/\/portal.uern.br\/assu\/pedagogia\/wp-json\/wp\/v2\/comments?post=805"}],"version-history":[{"count":6,"href":"https:\/\/portal.uern.br\/assu\/pedagogia\/wp-json\/wp\/v2\/pages\/805\/revisions"}],"predecessor-version":[{"id":1257,"href":"https:\/\/portal.uern.br\/assu\/pedagogia\/wp-json\/wp\/v2\/pages\/805\/revisions\/1257"}],"wp:attachment":[{"href":"https:\/\/portal.uern.br\/assu\/pedagogia\/wp-json\/wp\/v2\/media?parent=805"}],"curies":[{"name":"wp","href":"https:\/\/api.w.org\/{rel}","templated":true}]}}