{"id":798,"date":"2023-08-07T16:36:46","date_gmt":"2023-08-07T19:36:46","guid":{"rendered":"https:\/\/portal.uern.br\/assu\/pedagogia\/?page_id=798"},"modified":"2023-08-09T16:57:00","modified_gmt":"2023-08-09T19:57:00","slug":"pos-grauacao-lato-sensu","status":"publish","type":"page","link":"https:\/\/portal.uern.br\/assu\/pedagogia\/pos-grauacao-lato-sensu\/","title":{"rendered":"P\u00f3s-Gradua\u00e7\u00e3o Lato Sensu"},"content":{"rendered":"<p>&nbsp;<\/p>\n<p>&nbsp;<\/p>\n<p style=\"text-align: center\"><span style=\"font-size: 18pt;font-family: tahoma, arial, helvetica, sans-serif\"><strong>CURSO DE ESPECIALIZA\u00c7\u00c3O EM EDUCA\u00c7\u00c3O ESPECIAL: DIVERSIDADE NAS PR\u00c1TICAS EDUCACIONAIS<\/strong><\/span><\/p>\n<p>&nbsp;<\/p>\n<ul>\n<li><a href=\"https:\/\/drive.google.com\/file\/d\/16Zsbd6vRhbFxe_VviJRnhP5xXZefAdbA\/view?usp=sharing\"><strong>Resolu\u00e7\u00e3o de Aprova\u00e7\u00e3o do Curso<\/strong><\/a><\/li>\n<li><span style=\"color: #993366\"><strong><a style=\"color: #993366\" href=\"https:\/\/drive.google.com\/file\/d\/15qp8YUJOz_DNuT9rAGTa3VfWmh4tPt5D\/view?usp=sharing\">Projeto do Curso<\/a><\/strong><\/span><\/li>\n<li><a href=\"https:\/\/drive.google.com\/file\/d\/13fVFscD6rqRdpq5lO7vsphz8MCrG3OCA\/view?usp=sharing\"><strong>Regimento do Curso<\/strong><\/a><\/li>\n<li><span style=\"color: #993366\"><a style=\"color: #993366\" href=\"https:\/\/drive.google.com\/file\/d\/1_6ugwTi9cExTrj5oTntnTZuavmn1ZDB0\/view?usp=sharing\"><strong>Rela\u00e7\u00e3o do Corpo Docente<\/strong><\/a><\/span><\/li>\n<\/ul>\n","protected":false},"excerpt":{"rendered":"<p>&nbsp; &nbsp; CURSO DE ESPECIALIZA\u00c7\u00c3O EM EDUCA\u00c7\u00c3O ESPECIAL: DIVERSIDADE NAS PR\u00c1TICAS EDUCACIONAIS &nbsp; Resolu\u00e7\u00e3o de Aprova\u00e7\u00e3o do Curso Projeto do Curso Regimento do Curso Rela\u00e7\u00e3o do Corpo Docente<\/p>\n","protected":false},"author":5,"featured_media":0,"parent":0,"menu_order":0,"comment_status":"closed","ping_status":"closed","template":"","meta":{"footnotes":""},"class_list":["post-798","page","type-page","status-publish","hentry"],"_links":{"self":[{"href":"https:\/\/portal.uern.br\/assu\/pedagogia\/wp-json\/wp\/v2\/pages\/798","targetHints":{"allow":["GET"]}}],"collection":[{"href":"https:\/\/portal.uern.br\/assu\/pedagogia\/wp-json\/wp\/v2\/pages"}],"about":[{"href":"https:\/\/portal.uern.br\/assu\/pedagogia\/wp-json\/wp\/v2\/types\/page"}],"author":[{"embeddable":true,"href":"https:\/\/portal.uern.br\/assu\/pedagogia\/wp-json\/wp\/v2\/users\/5"}],"replies":[{"embeddable":true,"href":"https:\/\/portal.uern.br\/assu\/pedagogia\/wp-json\/wp\/v2\/comments?post=798"}],"version-history":[{"count":14,"href":"https:\/\/portal.uern.br\/assu\/pedagogia\/wp-json\/wp\/v2\/pages\/798\/revisions"}],"predecessor-version":[{"id":870,"href":"https:\/\/portal.uern.br\/assu\/pedagogia\/wp-json\/wp\/v2\/pages\/798\/revisions\/870"}],"wp:attachment":[{"href":"https:\/\/portal.uern.br\/assu\/pedagogia\/wp-json\/wp\/v2\/media?parent=798"}],"curies":[{"name":"wp","href":"https:\/\/api.w.org\/{rel}","templated":true}]}}