{"id":792,"date":"2023-08-07T16:34:34","date_gmt":"2023-08-07T19:34:34","guid":{"rendered":"https:\/\/portal.uern.br\/assu\/pedagogia\/?page_id=792"},"modified":"2024-01-22T11:58:38","modified_gmt":"2024-01-22T14:58:38","slug":"grupos-de-pesquisa","status":"publish","type":"page","link":"https:\/\/portal.uern.br\/assu\/pedagogia\/grupos-de-pesquisa\/","title":{"rendered":"Grupos de Pesquisa"},"content":{"rendered":"<p>&nbsp;<\/p>\n<p>&nbsp;<\/p>\n<p style=\"text-align: center\"><span style=\"font-size: 14pt\"><b>ATIVIDADES DE PESQUISA DESENVOLVIDAS NO DEPARTAMENTO DE PEDAGOGIA &#8211; CAA<\/b><\/span><\/p>\n<p style=\"text-align: center\"><a href=\"https:\/\/docs.google.com\/document\/d\/1Y42u4ES_Bj7M6xPEWIavwFC3VRnqIM0f\/edit?usp=sharing&amp;ouid=105218894247526173275&amp;rtpof=true&amp;sd=true\">https:\/\/docs.google.com\/document\/d\/1Y42u4ES_Bj7M6xPEWIavwFC3VRnqIM0f\/edit?usp=sharing&amp;ouid=105218894247526173275&amp;rtpof=true&amp;sd=true<\/a><\/p>\n<p>&nbsp;<\/p>\n<p>&nbsp;<\/p>\n<p style=\"text-align: center\"><span style=\"font-size: 14pt\"><strong>\u00a0N\u00facleo de Pesquisa em Educa\u00e7\u00e3o &#8211; NUPED\u00a0<\/strong><\/span><\/p>\n<p style=\"text-align: center\">Link de acesso:\u00a0<a href=\"http:\/\/dgp.cnpq.br\/dgp\/espelhogrupo\/5626078570096591\">http:\/\/dgp.cnpq.br\/dgp\/espelhogrupo\/5626078570096591<\/a><\/p>\n<p>&nbsp;<\/p>\n<p>&nbsp;<\/p>\n<p style=\"text-align: center\"><span style=\"font-size: 14pt\"><strong>Grupo de Estudos e Pesquisas em Educa\u00e7\u00e3o de Jovens e Adultos &#8211; GEPEJA<\/strong><\/span><\/p>\n<p style=\"text-align: center\">Link de acesso:\u00a0<a href=\"http:\/\/dgp.cnpq.br\/dgp\/espelhogrupo\/4967720281018450\">http:\/\/dgp.cnpq.br\/dgp\/espelhogrupo\/4967720281018450<\/a><\/p>\n","protected":false},"excerpt":{"rendered":"<p>&nbsp; &nbsp; ATIVIDADES DE PESQUISA DESENVOLVIDAS NO DEPARTAMENTO DE PEDAGOGIA &#8211; CAA https:\/\/docs.google.com\/document\/d\/1Y42u4ES_Bj7M6xPEWIavwFC3VRnqIM0f\/edit?usp=sharing&amp;ouid=105218894247526173275&amp;rtpof=true&amp;sd=true &nbsp; &nbsp; \u00a0N\u00facleo de Pesquisa em Educa\u00e7\u00e3o &#8211; NUPED\u00a0 Link de acesso:\u00a0http:\/\/dgp.cnpq.br\/dgp\/espelhogrupo\/5626078570096591 &nbsp; &nbsp; Grupo de Estudos e Pesquisas em Educa\u00e7\u00e3o de Jovens e Adultos &#8211; GEPEJA Link de acesso:\u00a0http:\/\/dgp.cnpq.br\/dgp\/espelhogrupo\/4967720281018450<\/p>\n","protected":false},"author":5,"featured_media":0,"parent":0,"menu_order":0,"comment_status":"closed","ping_status":"closed","template":"","meta":{"footnotes":""},"class_list":["post-792","page","type-page","status-publish","hentry"],"_links":{"self":[{"href":"https:\/\/portal.uern.br\/assu\/pedagogia\/wp-json\/wp\/v2\/pages\/792","targetHints":{"allow":["GET"]}}],"collection":[{"href":"https:\/\/portal.uern.br\/assu\/pedagogia\/wp-json\/wp\/v2\/pages"}],"about":[{"href":"https:\/\/portal.uern.br\/assu\/pedagogia\/wp-json\/wp\/v2\/types\/page"}],"author":[{"embeddable":true,"href":"https:\/\/portal.uern.br\/assu\/pedagogia\/wp-json\/wp\/v2\/users\/5"}],"replies":[{"embeddable":true,"href":"https:\/\/portal.uern.br\/assu\/pedagogia\/wp-json\/wp\/v2\/comments?post=792"}],"version-history":[{"count":6,"href":"https:\/\/portal.uern.br\/assu\/pedagogia\/wp-json\/wp\/v2\/pages\/792\/revisions"}],"predecessor-version":[{"id":1034,"href":"https:\/\/portal.uern.br\/assu\/pedagogia\/wp-json\/wp\/v2\/pages\/792\/revisions\/1034"}],"wp:attachment":[{"href":"https:\/\/portal.uern.br\/assu\/pedagogia\/wp-json\/wp\/v2\/media?parent=792"}],"curies":[{"name":"wp","href":"https:\/\/api.w.org\/{rel}","templated":true}]}}