{"id":998,"date":"2023-11-23T18:55:57","date_gmt":"2023-11-23T21:55:57","guid":{"rendered":"https:\/\/portal.uern.br\/assu\/letraslinguaportuguesa\/?page_id=998"},"modified":"2023-12-06T09:46:16","modified_gmt":"2023-12-06T12:46:16","slug":"estagio-obrigatorio","status":"publish","type":"page","link":"https:\/\/portal.uern.br\/assu\/letraslinguaportuguesa\/estagio-obrigatorio\/","title":{"rendered":"Est\u00e1gio Obrigat\u00f3rio"},"content":{"rendered":"<p>&nbsp;<\/p>\n<p style=\"text-align: center\"><span style=\"font-family: arial, helvetica, sans-serif\"><strong>EST\u00c1GIO CURRICULAR SUPERVISIONADO<\/strong><\/span><\/p>\n<table style=\"border-collapse: collapse;width: 100%\">\n<tbody>\n<tr>\n<td style=\"width: 100%;text-align: center\" colspan=\"4\"><span style=\"font-family: arial, helvetica, sans-serif\"><strong>COORDENA\u00c7\u00c3O DE EST\u00c1GIO DO CURSO<\/strong><\/span><\/td>\n<\/tr>\n<tr>\n<td style=\"width: 34.739%;text-align: center\"><span style=\"font-family: arial, helvetica, sans-serif\"><strong>DOCENTE\u00a0<\/strong><\/span><\/td>\n<td style=\"width: 22.3895%;text-align: center\"><span style=\"font-family: arial, helvetica, sans-serif\"><strong>PORTARIA SEI<\/strong><\/span><\/td>\n<td style=\"width: 17.8715%;text-align: center\"><span style=\"font-family: arial, helvetica, sans-serif\"><strong>VALIDADE<\/strong><\/span><\/td>\n<td style=\"width: 25%;text-align: center\"><span style=\"font-family: arial, helvetica, sans-serif\"><strong>CONTATO<\/strong><\/span><\/td>\n<\/tr>\n<tr>\n<td style=\"width: 34.739%;text-align: center\"><span style=\"font-family: arial, helvetica, sans-serif\">Prof.\u00aa Dr.\u00aa <span style=\"font-weight: 400\">N\u00e1dia Maria Silveira Costa de Melo<\/span><\/span><\/td>\n<td style=\"width: 22.3895%;text-align: center\"><span style=\"font-family: arial, helvetica, sans-serif\"><a href=\"https:\/\/portal.uern.br\/jouern\/download\/jouern-474\/?wpdmdl=1573&amp;refresh=655fc7da1897a1700775898\">PORTARIA-SEI No 541<\/a><\/span><\/td>\n<td style=\"width: 17.8715%;text-align: center\"><span style=\"font-family: arial, helvetica, sans-serif\">01\/11\/2025<\/span><\/td>\n<td style=\"width: 25%;text-align: center\"><span style=\"font-weight: 400;font-family: arial, helvetica, sans-serif\">nadiacosta@uern.br<\/span><\/td>\n<\/tr>\n<\/tbody>\n<\/table>\n<p>De acordo com o\u00a0<a href=\"https:\/\/www.uern.br\/controledepaginas\/proeg-projetos-pedagogicos-assu\/arquivos\/4229ppc_letras_la%C2%ADngua_portuguesa_caa_(alterado_em_outubro_de_2022).pdf\">Projeto Pedag\u00f3gico do Curso (PPC)<\/a>:<\/p>\n<p style=\"text-align: justify\">Atualmente, o Est\u00e1gio Curricular Supervisionado Obrigat\u00f3rio do Curso de Letras L\u00edngua Portuguesa do CAA tem se efetivado proporcionando a articula\u00e7\u00e3o teoria-pr\u00e1tica, a investiga\u00e7\u00e3o, a reflex\u00e3o e a interven\u00e7\u00e3o no processo ensino-aprendizagem da educa\u00e7\u00e3o b\u00e1sica,<br \/>\nviabilizando a resolu\u00e7\u00e3o de problemas constatados a partir da investiga\u00e7\u00e3o da realidade. Esse movimento que compreende a apreens\u00e3o do real e a busca por caminhos de supera\u00e7\u00e3o e transforma\u00e7\u00e3o integra o est\u00e1gio \u00e0s atividades de pesquisa e de extens\u00e3o, tendo como condi\u00e7\u00e3o necess\u00e1ria a articula\u00e7\u00e3o com os conhecimentos e aptid\u00f5es desenvolvidas no processo formativo. Nesse sentido, pretende-se, sobretudo, formar professores que compreendem a necessidade de fazer da sua pr\u00e1xis objeto de investiga\u00e7\u00e3o, na qual a teoria, a a\u00e7\u00e3o e a reflex\u00e3o operem simultaneamente permitindo ao professor uma an\u00e1lise integrada\/sistem\u00e1tica da sua a\u00e7\u00e3o educativa de forma investigativa e interventiva.<br \/>\nA escola b\u00e1sica \u00e9 concebida como l\u00f3cus preferencial da forma\u00e7\u00e3o docente e espa\u00e7o privilegiado de investiga\u00e7\u00e3o, reflex\u00e3o e desenvolvimento de projetos de interven\u00e7\u00e3o que venham a se configurar como espa\u00e7os de aprendizagem e produ\u00e7\u00e3o do conhecimento para alunos e professores universit\u00e1rios.<br \/>\nNessa perspectiva, o l\u00f3cus dos est\u00e1gios \u00e9, prioritariamente, os estabelecimentos de ensino p\u00fablico da educa\u00e7\u00e3o b\u00e1sica, na cidade da sede do CAA, com os quais o DLV mant\u00e9m parcerias. Essas parcerias seguem o que determina o Cap\u00edtulo III, do T\u00edtulo II, da Resolu\u00e7\u00e3o n\u00ba 06\/2015 \u2013 CONSEPE\/UERN.<br \/>\nNo tocante ao campo de est\u00e1gio, vale salientar que o Est\u00e1gio Curricular Supervisionado Obrigat\u00f3rio tamb\u00e9m pode ser efetivado em estabelecimentos de ensino privado ou em outras institui\u00e7\u00f5es educativas, podendo assumir a forma de atividades de extens\u00e3o comunit\u00e1rias, mediante a participa\u00e7\u00e3o do discente em projetos espec\u00edficos de comprovado interesse educacional e social, ap\u00f3s aprova\u00e7\u00e3o pelos colegiados competentes.<br \/>\nO Est\u00e1gio Supervisionado pode, ainda, ser executado no pr\u00f3prio CAA, mediante o desenvolvimento de cursos preparat\u00f3rios, como, por exemplo, para a sele\u00e7\u00e3o de institutos federais (no Est\u00e1gio I) e\/ou para o Exame Nacional do Ensino M\u00e9dio\/ENEM (no Est\u00e1gio II), voltados para alunos, especialmente, provenientes da rede p\u00fablica de ensino.<\/p>\n<p style=\"text-align: justify\">Coadunando-se com o que prop\u00f5e a Resolu\u00e7\u00e3o 06\/2015 \u2013 CONSEPE, no seu Artigo 3\u00ba, do Cap\u00edtulo II, do T\u00edtulo I (UERN, 2015, p. 3), o Est\u00e1gio Curricular Supervisionado Obrigat\u00f3rio de Letras L\u00edngua Portuguesa, do DLV\/CAA\/UERN objetiva:<br \/>\nI \u2013 Possibilitar ao estagi\u00e1rio inserir-se na complexa e concreta multiplicidade de situa\u00e7\u00f5es de atua\u00e7\u00e3o vivenciadas na escola b\u00e1sica, nas institui\u00e7\u00f5es de ensino profissionalizante e em outros contextos educacionais em que possa identificar problemas, propondo alternativas para o enfrentamento destes;<br \/>\nII \u2013 Constituir ambiente prop\u00edcio de articula\u00e7\u00e3o teoria-pr\u00e1tica na efetiva\u00e7\u00e3o da forma\u00e7\u00e3o docente;<br \/>\nIII \u2013 Viabilizar e dinamizar o interc\u00e2mbio Universidade-Rede de Educa\u00e7\u00e3o B\u00e1sica e outros contextos educacionais de atua\u00e7\u00e3o dos licenciados;<br \/>\nIV \u2013 Contribuir para a constru\u00e7\u00e3o do conhecimento por meio de uma rela\u00e7\u00e3o dial\u00e9tica entre a realidade na qual se insere o trabalho docente e a proposta formativa do curso;<br \/>\nV \u2013 Efetivar o desenvolvimento de compet\u00eancias profissionais essenciais ao of\u00edcio de professor;<br \/>\nVI \u2013 Formar profissionais cr\u00edticos, criativos, propositivos, com postura \u00e9tica e compromisso social.<\/p>\n<table style=\"border-collapse: collapse;width: 100%\">\n<tbody>\n<tr>\n<td style=\"width: 99.9999%;text-align: center\" colspan=\"3\"><span style=\"font-family: arial, helvetica, sans-serif\"><strong>ESCOLAS CAMPOS DE EST\u00c1GIO<\/strong><\/span><\/td>\n<\/tr>\n<tr>\n<td style=\"width: 32.9317%;text-align: center\"><span style=\"font-family: arial, helvetica, sans-serif\"><strong>INSTITUI\u00c7\u00c3O<\/strong><\/span><\/td>\n<td style=\"width: 38.755%;text-align: center\"><span style=\"font-family: arial, helvetica, sans-serif\"><strong>ENDERE\u00c7O<\/strong><\/span><\/td>\n<td style=\"width: 28.3132%;text-align: center\"><span style=\"font-family: arial, helvetica, sans-serif\"><strong>CNPJ<\/strong><\/span><\/td>\n<\/tr>\n<tr>\n<td style=\"width: 32.9317%;text-align: center\"><span style=\"font-family: arial, helvetica, sans-serif\">Escola Estadual Juscelino Kubitschek<\/span><\/td>\n<td style=\"width: 38.755%;text-align: center\"><span style=\"font-family: arial, helvetica, sans-serif\">Rua Cel. Francisco Martins, s\/n &#8211; Dom Elizeu &#8211; A\u00e7u-RN<\/span><\/td>\n<td style=\"width: 28.3132%;text-align: center\"><span style=\"font-family: arial, helvetica, sans-serif\">01.857.930\/0001-29<\/span><\/td>\n<\/tr>\n<tr>\n<td style=\"width: 32.9317%;text-align: center\"><span style=\"font-family: arial, helvetica, sans-serif\">Escola Estadual Marcos Alberto de S\u00e1 Leit\u00e3o<\/span><\/td>\n<td style=\"width: 38.755%;text-align: center\"><span style=\"font-family: arial, helvetica, sans-serif\">Rua Professora Eufrosina Fernandes, s\/n &#8211; Novo Horizonte, 59.650-000 &#8211; A\u00e7u\/RN<\/span><\/td>\n<td style=\"width: 28.3132%;text-align: center\"><span style=\"font-family: arial, helvetica, sans-serif\">08.258.295\/0001-02<\/span><\/td>\n<\/tr>\n<tr>\n<td style=\"width: 32.9317%;text-align: center\"><span style=\"font-family: arial, helvetica, sans-serif\">CEEP- Centro Estadual de Educa\u00e7\u00e3o Profissional Professor Gilmar Rodrigues de lima<\/span><\/td>\n<td style=\"width: 38.755%;text-align: center\"><span style=\"font-family: arial, helvetica, sans-serif\">Estrada RN 016, 00- Zona Rural &#8211; 59650-000-A\u00e7u-RN<\/span><\/td>\n<td style=\"width: 28.3132%;text-align: center\"><span style=\"font-family: arial, helvetica, sans-serif\">48.106.464\/0001-03<\/span><\/td>\n<\/tr>\n<tr>\n<td style=\"width: 32.9317%;text-align: center\"><span style=\"font-family: arial, helvetica, sans-serif\">Escola Estadual Poeta Renato Caldas<\/span><\/td>\n<td style=\"width: 38.755%;text-align: center\"><span style=\"font-family: arial, helvetica, sans-serif\">R. Jos\u00e9 Tav\u00e1res J\u00fanior, 95 &#8211; 183, A\u00e7u &#8211; RN<\/span><\/td>\n<td style=\"width: 28.3132%;text-align: center\"><span style=\"font-family: arial, helvetica, sans-serif\">01.836.168\/0001-02<\/span><\/td>\n<\/tr>\n<tr>\n<td style=\"width: 32.9317%;text-align: center\"><span style=\"font-family: arial, helvetica, sans-serif\">Escola Estadual Tenente Coronel Jos\u00e9 Correia<\/span><\/td>\n<td style=\"width: 38.755%;text-align: center\"><span style=\"font-family: arial, helvetica, sans-serif\">Rua Cel. Wanderley, 1030 -Centro &#8211; Assu\/RN<\/span><\/td>\n<td style=\"width: 28.3132%;text-align: center\"><span style=\"font-family: arial, helvetica, sans-serif\">01.850.785\/0001-54<\/span><\/td>\n<\/tr>\n<tr>\n<td style=\"width: 32.9317%;text-align: center\"><span style=\"font-family: arial, helvetica, sans-serif\">Escola Municipal Profa. Nair Fernandes Rodrigues<\/span><\/td>\n<td style=\"width: 38.755%;text-align: center\"><span style=\"font-family: arial, helvetica, sans-serif\">AV. Senador Jo\u00e3o C\u00e2mara, 195 \u2013 Centro &#8211; Assu\/RN<\/span><\/td>\n<td style=\"width: 28.3132%;text-align: center\"><span style=\"font-family: arial, helvetica, sans-serif\">02.495.657\/0001-00<\/span><\/td>\n<\/tr>\n<\/tbody>\n<\/table>\n<p>&nbsp;<\/p>\n","protected":false},"excerpt":{"rendered":"<p>&nbsp; EST\u00c1GIO CURRICULAR SUPERVISIONADO COORDENA\u00c7\u00c3O DE EST\u00c1GIO DO CURSO DOCENTE\u00a0 PORTARIA SEI VALIDADE CONTATO Prof.\u00aa Dr.\u00aa N\u00e1dia Maria Silveira Costa de Melo PORTARIA-SEI No 541 01\/11\/2025 nadiacosta@uern.br De acordo com o\u00a0Projeto Pedag\u00f3gico do Curso (PPC): Atualmente, o Est\u00e1gio Curricular Supervisionado Obrigat\u00f3rio do Curso de Letras L\u00edngua Portuguesa do CAA tem se efetivado proporcionando a articula\u00e7\u00e3o [&hellip;]<\/p>\n","protected":false},"author":8,"featured_media":0,"parent":0,"menu_order":0,"comment_status":"closed","ping_status":"closed","template":"","meta":{"footnotes":""},"class_list":["post-998","page","type-page","status-publish","hentry"],"_links":{"self":[{"href":"https:\/\/portal.uern.br\/assu\/letraslinguaportuguesa\/wp-json\/wp\/v2\/pages\/998","targetHints":{"allow":["GET"]}}],"collection":[{"href":"https:\/\/portal.uern.br\/assu\/letraslinguaportuguesa\/wp-json\/wp\/v2\/pages"}],"about":[{"href":"https:\/\/portal.uern.br\/assu\/letraslinguaportuguesa\/wp-json\/wp\/v2\/types\/page"}],"author":[{"embeddable":true,"href":"https:\/\/portal.uern.br\/assu\/letraslinguaportuguesa\/wp-json\/wp\/v2\/users\/8"}],"replies":[{"embeddable":true,"href":"https:\/\/portal.uern.br\/assu\/letraslinguaportuguesa\/wp-json\/wp\/v2\/comments?post=998"}],"version-history":[{"count":9,"href":"https:\/\/portal.uern.br\/assu\/letraslinguaportuguesa\/wp-json\/wp\/v2\/pages\/998\/revisions"}],"predecessor-version":[{"id":1094,"href":"https:\/\/portal.uern.br\/assu\/letraslinguaportuguesa\/wp-json\/wp\/v2\/pages\/998\/revisions\/1094"}],"wp:attachment":[{"href":"https:\/\/portal.uern.br\/assu\/letraslinguaportuguesa\/wp-json\/wp\/v2\/media?parent=998"}],"curies":[{"name":"wp","href":"https:\/\/api.w.org\/{rel}","templated":true}]}}