{"id":973,"date":"2023-11-22T19:55:11","date_gmt":"2023-11-22T22:55:11","guid":{"rendered":"https:\/\/portal.uern.br\/assu\/letraslinguaportuguesa\/?page_id=973"},"modified":"2026-03-27T13:48:31","modified_gmt":"2026-03-27T16:48:31","slug":"nde","status":"publish","type":"page","link":"https:\/\/portal.uern.br\/assu\/letraslinguaportuguesa\/nde\/","title":{"rendered":"NDE"},"content":{"rendered":"<table style=\"height: 336px;width: 100%;border-collapse: collapse\">\n<tbody>\n<tr style=\"height: 24px\">\n<td style=\"width: 100%;height: 24px;text-align: center\" colspan=\"4\"><span style=\"font-family: arial, helvetica, sans-serif\"><strong>MEMBROS ATUAIS DO N\u00daCLEO DOCENTE ESTRUTURANTE DO DLV<\/strong><\/span><\/td>\n<\/tr>\n<tr style=\"height: 24px\">\n<td style=\"width: 37.0679%;height: 24px;text-align: center\"><span style=\"font-family: arial, helvetica, sans-serif\"><strong>MEMBRO<\/strong><\/span><\/td>\n<td style=\"width: 20.2581%;height: 24px;text-align: center\"><span style=\"font-family: arial, helvetica, sans-serif\"><strong>PORTARIA SEI<\/strong><\/span><\/td>\n<td style=\"width: 11.6911%;height: 24px;text-align: center\"><span style=\"font-family: arial, helvetica, sans-serif\"><strong>VALIDADE<\/strong><\/span><\/td>\n<td style=\"width: 30.9829%;height: 24px;text-align: center\"><span style=\"font-family: arial, helvetica, sans-serif\"><strong>FUN\u00c7\u00c3O<\/strong><\/span><\/td>\n<\/tr>\n<tr style=\"height: 48px\">\n<td style=\"width: 37.0679%;height: 24px\"><span style=\"font-family: arial, helvetica, sans-serif;font-size: 10pt\">Profa. Dra. Maria da Concei\u00e7\u00e3o Silva Dantas Monteiro<\/span><\/td>\n<td style=\"width: 20.2581%;height: 24px\"><span style=\"font-family: arial, helvetica, sans-serif;font-size: 10pt\">Portaria-SEI N\u00ba 117, de 17 de mar\u00e7o de 2026.<\/span><\/td>\n<td style=\"width: 11.6911%;height: 24px;text-align: center\"><span style=\"font-family: arial, helvetica, sans-serif;font-size: 10pt\">17\/03\/2028<\/span><\/td>\n<td style=\"width: 30.9829%;height: 24px\"><span style=\"font-family: arial, helvetica, sans-serif;font-size: 10pt\">Coordenador, Chefe do Departamento e <\/span><span style=\"font-family: arial, helvetica, sans-serif;font-size: 10pt\">Orientadora Acad\u00eamica<\/span><\/td>\n<\/tr>\n<tr style=\"height: 48px\">\n<td style=\"width: 37.0679%;height: 24px\"><span style=\"font-family: arial, helvetica, sans-serif;font-size: 10pt\">Profa. Dra. N\u00e1dia Maria Silveira Costa de Melo<\/span><\/td>\n<td style=\"width: 20.2581%;height: 24px\"><span style=\"font-family: arial, helvetica, sans-serif;font-size: 10pt\">Portaria-SEI N\u00ba 117, de 17 de mar\u00e7o de 2026.<\/span><\/td>\n<td style=\"width: 11.6911%;height: 24px;text-align: center\"><span style=\"font-family: arial, helvetica, sans-serif;font-size: 10pt\">17\/03\/2028<\/span><\/td>\n<td style=\"width: 30.9829%;height: 24px\"><span style=\"font-family: arial, helvetica, sans-serif;font-size: 10pt\">Vice-Coordenadora e Coordenadora de Est\u00e1gio<\/span><\/td>\n<\/tr>\n<tr style=\"height: 48px\">\n<td style=\"width: 37.0679%;height: 24px\"><span style=\"font-family: arial, helvetica, sans-serif;font-size: 10pt\">Profa. Dra. Francisca Maria de Souza Ramos Lopes<\/span><\/td>\n<td style=\"width: 20.2581%;height: 24px\"><span style=\"font-family: arial, helvetica, sans-serif;font-size: 10pt\">Portaria-SEI N\u00ba 117, de 17 de mar\u00e7o de 2026.<\/span><\/td>\n<td style=\"width: 11.6911%;height: 24px;text-align: center\"><span style=\"font-family: arial, helvetica, sans-serif;font-size: 10pt\">17\/03\/2028<\/span><\/td>\n<td style=\"width: 30.9829%;height: 24px\"><span style=\"font-family: arial, helvetica, sans-serif;font-size: 10pt\">Coordenadora do Mestrado <\/span><span style=\"font-family: arial, helvetica, sans-serif;font-size: 10pt\">Profissional (PROFLETRAS)<\/span><\/td>\n<\/tr>\n<tr style=\"height: 48px\">\n<td style=\"width: 37.0679%;height: 24px\"><span style=\"font-family: arial, helvetica, sans-serif;font-size: 10pt\">Prof. Me. Adalberto Barbosa J\u00fanior<\/span><\/td>\n<td style=\"width: 20.2581%;height: 24px\"><span style=\"font-family: arial, helvetica, sans-serif;font-size: 10pt\">Portaria-SEI N\u00ba 117, de 17 de mar\u00e7o de 2026.<\/span><\/td>\n<td style=\"width: 11.6911%;height: 24px;text-align: center\"><span style=\"font-family: arial, helvetica, sans-serif;font-size: 10pt\">17\/03\/2028<\/span><\/td>\n<td style=\"width: 30.9829%;height: 24px\"><span style=\"font-family: arial, helvetica, sans-serif;font-size: 10pt\">Membro do NDE<\/span><\/td>\n<\/tr>\n<tr style=\"height: 48px\">\n<td style=\"width: 37.0679%;height: 24px\"><span style=\"font-family: arial, helvetica, sans-serif;font-size: 10pt\">Profa. Ma. Aylana Paula dos Santos Silva<\/span><\/td>\n<td style=\"width: 20.2581%;height: 24px\"><span style=\"font-family: arial, helvetica, sans-serif;font-size: 10pt\">Portaria-SEI N\u00ba 117, de 17 de mar\u00e7o de 2026.<\/span><\/td>\n<td style=\"width: 11.6911%;height: 24px;text-align: center\"><span style=\"font-family: arial, helvetica, sans-serif;font-size: 10pt\">17\/03\/2028<\/span><\/td>\n<td style=\"width: 30.9829%;height: 24px\"><span style=\"font-family: arial, helvetica, sans-serif;font-size: 10pt\">Membro do NDE<\/span><\/td>\n<\/tr>\n<tr style=\"height: 48px\">\n<td style=\"width: 37.0679%;height: 24px\"><span style=\"font-family: arial, helvetica, sans-serif;font-size: 10pt\">Profa. Ma. Georgiana Maria Ferreira da Costa<\/span><\/td>\n<td style=\"width: 20.2581%;height: 24px\"><span style=\"font-family: arial, helvetica, sans-serif;font-size: 10pt\">Portaria-SEI N\u00ba 117, de 17 de mar\u00e7o de 2026.<\/span><\/td>\n<td style=\"width: 11.6911%;height: 24px;text-align: center\"><span style=\"font-family: arial, helvetica, sans-serif;font-size: 10pt\">17\/03\/2028<\/span><\/td>\n<td style=\"width: 30.9829%;height: 24px\"><span style=\"font-family: arial, helvetica, sans-serif;font-size: 10pt\">Membro do NDE<\/span><\/td>\n<\/tr>\n<tr style=\"height: 48px\">\n<td style=\"width: 37.0679%;height: 48px\"><span style=\"font-family: arial, helvetica, sans-serif;font-size: 10pt\">Profa. Dra. Laura Am\u00e9lia Fernandes Barreto<\/span><\/td>\n<td style=\"width: 20.2581%;height: 48px\"><span style=\"font-family: arial, helvetica, sans-serif;font-size: 10pt\">Portaria-SEI N\u00ba 117, de 17 de mar\u00e7o de 2026.<\/span><\/td>\n<td style=\"width: 11.6911%;height: 48px;text-align: center\"><span style=\"font-family: arial, helvetica, sans-serif;font-size: 10pt\">17\/03\/2028<\/span><\/td>\n<td style=\"width: 30.9829%;height: 48px\"><span style=\"font-family: arial, helvetica, sans-serif;font-size: 10pt\">Membro do NDE<\/span><\/td>\n<\/tr>\n<tr style=\"height: 48px\">\n<td style=\"width: 37.0679%;height: 48px\"><span style=\"font-family: arial, helvetica, sans-serif;font-size: 10pt\">Profa. Ma. Vivianne Caldas de Souza Dantas<\/span><\/td>\n<td style=\"width: 20.2581%;height: 48px\"><span style=\"font-family: arial, helvetica, sans-serif;font-size: 10pt\">Portaria-SEI N\u00ba 117, de 17 de mar\u00e7o de 2026.<\/span><\/td>\n<td style=\"width: 11.6911%;height: 48px;text-align: center\"><span style=\"font-family: arial, helvetica, sans-serif;font-size: 10pt\">17\/03\/2028<\/span><\/td>\n<td style=\"width: 30.9829%;height: 48px\"><span style=\"font-family: arial, helvetica, sans-serif;font-size: 10pt\">Membro do NDE<\/span><\/td>\n<\/tr>\n<tr style=\"height: 48px\">\n<td style=\"width: 37.0679%;height: 48px\"><span style=\"font-family: arial, helvetica, sans-serif;font-size: 10pt\">Profa. Esp. Abilena Sabina da Silva Barroso<\/span><\/td>\n<td style=\"width: 20.2581%;height: 48px\"><span style=\"font-family: arial, helvetica, sans-serif;font-size: 10pt\">Portaria-SEI N\u00ba 117, de 17 de mar\u00e7o de 2026.<\/span><\/td>\n<td style=\"width: 11.6911%;height: 48px;text-align: center\"><span style=\"font-family: arial, helvetica, sans-serif;font-size: 10pt\">17\/03\/2028<\/span><\/td>\n<td style=\"width: 30.9829%;height: 48px\"><span style=\"font-family: arial, helvetica, sans-serif;font-size: 10pt\">Membro do NDE<\/span><\/td>\n<\/tr>\n<\/tbody>\n<\/table>\n","protected":false},"excerpt":{"rendered":"<p>MEMBROS ATUAIS DO N\u00daCLEO DOCENTE ESTRUTURANTE DO DLV MEMBRO PORTARIA SEI VALIDADE FUN\u00c7\u00c3O Profa. Dra. Maria da Concei\u00e7\u00e3o Silva Dantas Monteiro Portaria-SEI N\u00ba 117, de 17 de mar\u00e7o de 2026. 17\/03\/2028 Coordenador, Chefe do Departamento e Orientadora Acad\u00eamica Profa. Dra. N\u00e1dia Maria Silveira Costa de Melo Portaria-SEI N\u00ba 117, de 17 de mar\u00e7o de 2026. [&hellip;]<\/p>\n","protected":false},"author":8,"featured_media":0,"parent":0,"menu_order":0,"comment_status":"closed","ping_status":"closed","template":"","meta":{"footnotes":""},"class_list":["post-973","page","type-page","status-publish","hentry"],"_links":{"self":[{"href":"https:\/\/portal.uern.br\/assu\/letraslinguaportuguesa\/wp-json\/wp\/v2\/pages\/973","targetHints":{"allow":["GET"]}}],"collection":[{"href":"https:\/\/portal.uern.br\/assu\/letraslinguaportuguesa\/wp-json\/wp\/v2\/pages"}],"about":[{"href":"https:\/\/portal.uern.br\/assu\/letraslinguaportuguesa\/wp-json\/wp\/v2\/types\/page"}],"author":[{"embeddable":true,"href":"https:\/\/portal.uern.br\/assu\/letraslinguaportuguesa\/wp-json\/wp\/v2\/users\/8"}],"replies":[{"embeddable":true,"href":"https:\/\/portal.uern.br\/assu\/letraslinguaportuguesa\/wp-json\/wp\/v2\/comments?post=973"}],"version-history":[{"count":6,"href":"https:\/\/portal.uern.br\/assu\/letraslinguaportuguesa\/wp-json\/wp\/v2\/pages\/973\/revisions"}],"predecessor-version":[{"id":1302,"href":"https:\/\/portal.uern.br\/assu\/letraslinguaportuguesa\/wp-json\/wp\/v2\/pages\/973\/revisions\/1302"}],"wp:attachment":[{"href":"https:\/\/portal.uern.br\/assu\/letraslinguaportuguesa\/wp-json\/wp\/v2\/media?parent=973"}],"curies":[{"name":"wp","href":"https:\/\/api.w.org\/{rel}","templated":true}]}}