{"id":967,"date":"2023-11-22T19:23:40","date_gmt":"2023-11-22T22:23:40","guid":{"rendered":"https:\/\/portal.uern.br\/assu\/letraslinguaportuguesa\/?page_id=967"},"modified":"2023-11-22T19:39:23","modified_gmt":"2023-11-22T22:39:23","slug":"tecnicos","status":"publish","type":"page","link":"https:\/\/portal.uern.br\/assu\/letraslinguaportuguesa\/tecnicos\/","title":{"rendered":"T\u00e9cnicos"},"content":{"rendered":"<table style=\"border-collapse: collapse;width: 100%\">\n<tbody>\n<tr>\n<td style=\"width: 33.3333%;text-align: center\" colspan=\"3\"><strong><span style=\"font-family: arial, helvetica, sans-serif\">T\u00c9CNICOS DO DEPARTAMENTO DE LETRAS VERN\u00c1UCLAS &#8211; DLV<\/span><\/strong><\/td>\n<\/tr>\n<tr>\n<td style=\"width: 33.3333%;text-align: center\"><strong><span style=\"font-family: arial, helvetica, sans-serif\">NOME\u00a0<\/span><\/strong><\/td>\n<td style=\"width: 33.3333%;text-align: center\"><strong><span style=\"font-family: arial, helvetica, sans-serif\">CARGO<\/span><\/strong><\/td>\n<td style=\"width: 33.3333%;text-align: center\"><strong><span style=\"font-family: arial, helvetica, sans-serif\">CONTATO<\/span><\/strong><\/td>\n<\/tr>\n<tr>\n<td style=\"width: 33.3333%;text-align: center\"><span style=\"font-family: arial, helvetica, sans-serif\">Augusto L\u00edvio Nogueira de Morais<\/span><\/td>\n<td style=\"width: 33.3333%;text-align: center\"><span style=\"font-family: arial, helvetica, sans-serif\">T\u00e9cnico N\u00edvel Superior &#8211; Secret\u00e1rio<\/span><\/td>\n<td style=\"width: 33.3333%;text-align: center\"><span style=\"font-family: arial, helvetica, sans-serif\">augustolivio@uern.br<\/span><\/td>\n<\/tr>\n<tr>\n<td style=\"width: 33.3333%;text-align: center\"><span style=\"font-family: arial, helvetica, sans-serif\">Jussara Mary da Cunha<\/span><\/td>\n<td style=\"width: 33.3333%;text-align: center\"><span style=\"font-family: arial, helvetica, sans-serif\">Assistente Administrativo<\/span><\/td>\n<td style=\"width: 33.3333%;text-align: center\"><span style=\"font-family: arial, helvetica, sans-serif\">jussaramary@uern.br<\/span><\/td>\n<\/tr>\n<\/tbody>\n<\/table>\n<p>&nbsp;<\/p>\n","protected":false},"excerpt":{"rendered":"<p>T\u00c9CNICOS DO DEPARTAMENTO DE LETRAS VERN\u00c1UCLAS &#8211; DLV NOME\u00a0 CARGO CONTATO Augusto L\u00edvio Nogueira de Morais T\u00e9cnico N\u00edvel Superior &#8211; Secret\u00e1rio augustolivio@uern.br Jussara Mary da Cunha Assistente Administrativo jussaramary@uern.br &nbsp;<\/p>\n","protected":false},"author":8,"featured_media":0,"parent":0,"menu_order":0,"comment_status":"closed","ping_status":"closed","template":"","meta":{"footnotes":""},"class_list":["post-967","page","type-page","status-publish","hentry"],"_links":{"self":[{"href":"https:\/\/portal.uern.br\/assu\/letraslinguaportuguesa\/wp-json\/wp\/v2\/pages\/967","targetHints":{"allow":["GET"]}}],"collection":[{"href":"https:\/\/portal.uern.br\/assu\/letraslinguaportuguesa\/wp-json\/wp\/v2\/pages"}],"about":[{"href":"https:\/\/portal.uern.br\/assu\/letraslinguaportuguesa\/wp-json\/wp\/v2\/types\/page"}],"author":[{"embeddable":true,"href":"https:\/\/portal.uern.br\/assu\/letraslinguaportuguesa\/wp-json\/wp\/v2\/users\/8"}],"replies":[{"embeddable":true,"href":"https:\/\/portal.uern.br\/assu\/letraslinguaportuguesa\/wp-json\/wp\/v2\/comments?post=967"}],"version-history":[{"count":3,"href":"https:\/\/portal.uern.br\/assu\/letraslinguaportuguesa\/wp-json\/wp\/v2\/pages\/967\/revisions"}],"predecessor-version":[{"id":971,"href":"https:\/\/portal.uern.br\/assu\/letraslinguaportuguesa\/wp-json\/wp\/v2\/pages\/967\/revisions\/971"}],"wp:attachment":[{"href":"https:\/\/portal.uern.br\/assu\/letraslinguaportuguesa\/wp-json\/wp\/v2\/media?parent=967"}],"curies":[{"name":"wp","href":"https:\/\/api.w.org\/{rel}","templated":true}]}}