{"id":954,"date":"2023-11-22T16:42:57","date_gmt":"2023-11-22T19:42:57","guid":{"rendered":"https:\/\/portal.uern.br\/assu\/letraslinguaportuguesa\/?page_id=954"},"modified":"2026-03-27T12:04:39","modified_gmt":"2026-03-27T15:04:39","slug":"coordenador-do-curso","status":"publish","type":"page","link":"https:\/\/portal.uern.br\/assu\/letraslinguaportuguesa\/coordenador-do-curso\/","title":{"rendered":"Coordenador do Curso"},"content":{"rendered":"<table style=\"border-collapse: collapse;width: 100%;height: 96px\">\n<tbody>\n<tr style=\"height: 24px\">\n<td style=\"width: 100%;text-align: center;height: 24px\" colspan=\"4\"><span style=\"font-family: arial, helvetica, sans-serif\"><strong>COORDENA\u00c7\u00c3O DO CURSO LETRAS L\u00cdNGUA PORTUGUESA<\/strong><\/span><\/td>\n<\/tr>\n<tr style=\"height: 24px\">\n<td style=\"width: 25%;text-align: center;height: 24px\"><strong><span style=\"font-family: arial, helvetica, sans-serif\">DOCENTE<\/span><\/strong><\/td>\n<td style=\"width: 25%;text-align: center;height: 24px\"><strong><span style=\"font-family: arial, helvetica, sans-serif\">FUN\u00c7\u00c3O<\/span><\/strong><\/td>\n<td style=\"width: 25%;text-align: center;height: 24px\"><strong>PORTARIA<\/strong><\/td>\n<td style=\"width: 25%;text-align: center;height: 24px\"><strong>VALIDADE<\/strong><\/td>\n<\/tr>\n<tr style=\"height: 48px\">\n<td style=\"width: 25%;height: 48px\"><span style=\"font-family: arial, helvetica, sans-serif;font-size: 10pt\">Profa. Dra. Maria da Concei\u00e7\u00e3o Silva Dantas Monteiro<\/span><\/td>\n<td style=\"width: 25%;height: 48px;text-align: center\"><span style=\"font-size: 10pt\">Chefe do Departamento<\/span><\/td>\n<td style=\"width: 25%;height: 48px;text-align: center\"><span style=\"font-family: arial, helvetica, sans-serif;font-size: 10pt\">PORTARIA N\u00ba 2924\/2024 -GP\/FUERN<\/span><\/td>\n<td style=\"width: 25%;height: 48px;text-align: center\"><em><span style=\"font-family: arial, helvetica, sans-serif;font-size: 10pt\">Pro tempore<\/span><\/em><\/td>\n<\/tr>\n<\/tbody>\n<\/table>\n<p style=\"text-align: center\"><strong>FUN\u00c7\u00d5ES DA CHEFIA DEPARTAMENTAL<\/strong><\/p>\n<p style=\"text-align: justify\">De acordo com o Art. 106 do\u00a0<a href=\"https:\/\/portal.uern.br\/regimento-geral\/\">Regimento Geral da Universidade do Estado do Rio Grande do Norte<\/a>, compete ao(\u00e0) chefe de Departamento Acad\u00eamico:<\/p>\n<p style=\"text-align: justify\">I \u2013 administr\u00e1-lo e represent\u00e1-lo em quaisquer inst\u00e2ncias;<br \/>\nII \u2013 convocar e presidir as reuni\u00f5es departamentais;<br \/>\nIII \u2013 emitir portaria constituindo a Comiss\u00e3o Eleitoral para organiza\u00e7\u00e3o e execu\u00e7\u00e3o das elei\u00e7\u00f5es para chefe e subchefe;<br \/>\nIV \u2013 submeter, ao Colegiado, o plano de atividades departamental a ser desenvolvido a cada per\u00edodo letivo, ouvido o N\u00facleo Docente Estruturante \u2013 NDE;<br \/>\nV \u2013 propor a distribui\u00e7\u00e3o das atividades de ensino, pesquisa e extens\u00e3o entre os(as) docentes em exerc\u00edcio, de acordo com os planos de trabalhos aprovados;<br \/>\nVI \u2013 zelar pelo patrim\u00f4nio e pela ordem no \u00e2mbito do departamento, adotando as medidas necess\u00e1rias e representando ao(\u00e0) diretor(a) de Unidade Universit\u00e1ria, quando se imponha a aplica\u00e7\u00e3o de san\u00e7\u00e3o disciplinar;<br \/>\nVII \u2013 fiscalizar a observ\u00e2ncia do Projeto Pedag\u00f3gico do Curso, o cumprimento dos programas gerais dos componentes curriculares e a execu\u00e7\u00e3o dos projetos de ensino, de pesquisa e de extens\u00e3o;<br \/>\nVIII \u2013 cumprir e fazer cumprir a legisla\u00e7\u00e3o e as delibera\u00e7\u00f5es do Colegiado do Departamento e dos \u00f3rg\u00e3os da Administra\u00e7\u00e3o Superior da Universidade;<br \/>\nIX \u2013 organizar e incentivar a realiza\u00e7\u00e3o de eventos acad\u00eamicos;<br \/>\nX \u2013 produzir e apresentar o Plano de Trabalho e o Relat\u00f3rio de Atividades da chefia;<br \/>\nXI \u2013 exercer todas as atribui\u00e7\u00f5es que se incluam, de maneira expressa ou impl\u00edcita, no \u00e2mbito de sua compet\u00eancia;<br \/>\nXII \u2013 emitir ad referendum, em caso de urg\u00eancia, nas mat\u00e9rias de compet\u00eancia do Colegiado do Departamento, submetendo o seu ato \u00e0 ratifica\u00e7\u00e3o deste na primeira reuni\u00e3o departamental subsequente;<br \/>\nXIII \u2013 emitir portaria constituindo Comiss\u00f5es Departamentais para acompanhamento e execu\u00e7\u00e3o de atividades did\u00e1tico-pedag\u00f3gicas e administrativas inerentes \u00e0s compet\u00eancias do Departamento Acad\u00eamico;<\/p>\n<p>&nbsp;<\/p>\n<p>&nbsp;<\/p>\n","protected":false},"excerpt":{"rendered":"<p>COORDENA\u00c7\u00c3O DO CURSO LETRAS L\u00cdNGUA PORTUGUESA DOCENTE FUN\u00c7\u00c3O PORTARIA VALIDADE Profa. Dra. Maria da Concei\u00e7\u00e3o Silva Dantas Monteiro Chefe do Departamento PORTARIA N\u00ba 2924\/2024 -GP\/FUERN Pro tempore FUN\u00c7\u00d5ES DA CHEFIA DEPARTAMENTAL De acordo com o Art. 106 do\u00a0Regimento Geral da Universidade do Estado do Rio Grande do Norte, compete ao(\u00e0) chefe de Departamento Acad\u00eamico: I [&hellip;]<\/p>\n","protected":false},"author":8,"featured_media":0,"parent":0,"menu_order":0,"comment_status":"closed","ping_status":"closed","template":"","meta":{"footnotes":""},"class_list":["post-954","page","type-page","status-publish","hentry"],"_links":{"self":[{"href":"https:\/\/portal.uern.br\/assu\/letraslinguaportuguesa\/wp-json\/wp\/v2\/pages\/954","targetHints":{"allow":["GET"]}}],"collection":[{"href":"https:\/\/portal.uern.br\/assu\/letraslinguaportuguesa\/wp-json\/wp\/v2\/pages"}],"about":[{"href":"https:\/\/portal.uern.br\/assu\/letraslinguaportuguesa\/wp-json\/wp\/v2\/types\/page"}],"author":[{"embeddable":true,"href":"https:\/\/portal.uern.br\/assu\/letraslinguaportuguesa\/wp-json\/wp\/v2\/users\/8"}],"replies":[{"embeddable":true,"href":"https:\/\/portal.uern.br\/assu\/letraslinguaportuguesa\/wp-json\/wp\/v2\/comments?post=954"}],"version-history":[{"count":6,"href":"https:\/\/portal.uern.br\/assu\/letraslinguaportuguesa\/wp-json\/wp\/v2\/pages\/954\/revisions"}],"predecessor-version":[{"id":1296,"href":"https:\/\/portal.uern.br\/assu\/letraslinguaportuguesa\/wp-json\/wp\/v2\/pages\/954\/revisions\/1296"}],"wp:attachment":[{"href":"https:\/\/portal.uern.br\/assu\/letraslinguaportuguesa\/wp-json\/wp\/v2\/media?parent=954"}],"curies":[{"name":"wp","href":"https:\/\/api.w.org\/{rel}","templated":true}]}}