{"id":938,"date":"2023-09-22T09:29:26","date_gmt":"2023-09-22T12:29:26","guid":{"rendered":"https:\/\/portal.uern.br\/assu\/letraslinguaportuguesa\/?page_id=938"},"modified":"2023-09-22T09:36:48","modified_gmt":"2023-09-22T12:36:48","slug":"pibic-programa-institucional-de-bolsas-de-iniciacao-cientifica","status":"publish","type":"page","link":"https:\/\/portal.uern.br\/assu\/letraslinguaportuguesa\/pibic-programa-institucional-de-bolsas-de-iniciacao-cientifica\/","title":{"rendered":"PIBIC &#8211; Programa Institucional de Bolsas de Inicia\u00e7\u00e3o Cientifica"},"content":{"rendered":"<p><span style=\"font-size: 18pt\"><strong>APRESENTA\u00c7\u00c3O<\/strong><\/span><\/p>\n<p>&nbsp;<\/p>\n<p style=\"text-align: left\">O foco principal do\u00a0<strong>Programa Institucional de Bolsas de Inicia\u00e7\u00e3o Cientifica (PIBIC)<\/strong> \u00e9 promover uma \u00eanfase cient\u00edfica aos novos talentos que est\u00e3o para se formar. Serve como incentivo para se iniciar em pesquisas cient\u00edficas em todas as \u00e1reas de conhecimento. Os projetos de pesquisa nos quais os alunos e as alunas participam devem ter qualidade acad\u00eamica, m\u00e9rito cient\u00edfico e orienta\u00e7\u00e3o adequada por um pesquisador qualificado. Os alunos de gradua\u00e7\u00e3o\u00a0podem concorrer a estas bolsas.<\/p>\n<p>&nbsp;<\/p>\n<p>&nbsp;<\/p>\n<p>&nbsp;<\/p>\n<p>&nbsp;<\/p>\n","protected":false},"excerpt":{"rendered":"<p>APRESENTA\u00c7\u00c3O &nbsp; O foco principal do\u00a0Programa Institucional de Bolsas de Inicia\u00e7\u00e3o Cientifica (PIBIC) \u00e9 promover uma \u00eanfase cient\u00edfica aos novos talentos que est\u00e3o para se formar. Serve como incentivo para se iniciar em pesquisas cient\u00edficas em todas as \u00e1reas de conhecimento. Os projetos de pesquisa nos quais os alunos e as alunas participam devem ter [&hellip;]<\/p>\n","protected":false},"author":8,"featured_media":0,"parent":0,"menu_order":0,"comment_status":"closed","ping_status":"closed","template":"","meta":{"footnotes":""},"class_list":["post-938","page","type-page","status-publish","hentry"],"_links":{"self":[{"href":"https:\/\/portal.uern.br\/assu\/letraslinguaportuguesa\/wp-json\/wp\/v2\/pages\/938","targetHints":{"allow":["GET"]}}],"collection":[{"href":"https:\/\/portal.uern.br\/assu\/letraslinguaportuguesa\/wp-json\/wp\/v2\/pages"}],"about":[{"href":"https:\/\/portal.uern.br\/assu\/letraslinguaportuguesa\/wp-json\/wp\/v2\/types\/page"}],"author":[{"embeddable":true,"href":"https:\/\/portal.uern.br\/assu\/letraslinguaportuguesa\/wp-json\/wp\/v2\/users\/8"}],"replies":[{"embeddable":true,"href":"https:\/\/portal.uern.br\/assu\/letraslinguaportuguesa\/wp-json\/wp\/v2\/comments?post=938"}],"version-history":[{"count":3,"href":"https:\/\/portal.uern.br\/assu\/letraslinguaportuguesa\/wp-json\/wp\/v2\/pages\/938\/revisions"}],"predecessor-version":[{"id":1126,"href":"https:\/\/portal.uern.br\/assu\/letraslinguaportuguesa\/wp-json\/wp\/v2\/pages\/938\/revisions\/1126"}],"wp:attachment":[{"href":"https:\/\/portal.uern.br\/assu\/letraslinguaportuguesa\/wp-json\/wp\/v2\/media?parent=938"}],"curies":[{"name":"wp","href":"https:\/\/api.w.org\/{rel}","templated":true}]}}