{"id":837,"date":"2023-09-06T13:33:32","date_gmt":"2023-09-06T16:33:32","guid":{"rendered":"https:\/\/portal.uern.br\/assu\/letraslinguaportuguesa\/?page_id=837"},"modified":"2023-12-06T19:49:39","modified_gmt":"2023-12-06T22:49:39","slug":"pradile","status":"publish","type":"page","link":"https:\/\/portal.uern.br\/assu\/letraslinguaportuguesa\/pradile\/","title":{"rendered":"Grupos de Pesquisa"},"content":{"rendered":"<p>&nbsp;<\/p>\n<p style=\"text-align: justify\"><a href=\"https:\/\/dgp.cnpq.br\/dgp\/espelhogrupo\/10960\"><strong><span style=\"font-size: 18pt\">PRADILE &#8211; Pr\u00e1ticas discursivas, linguagens e ensino<\/span><\/strong><\/a><\/p>\n<p style=\"text-align: justify\">\n<p style=\"text-align: justify\"><span style=\"font-size: 14pt\"><strong>APRESENTA\u00c7\u00c3O<\/strong><\/span><\/p>\n<p style=\"text-align: justify\">\n<p style=\"text-align: justify\"><strong>L\u00edder(es) do grupo: <\/strong>Prof.\u00aa Dr.\u00aa N\u00e1dia Maria Silveira Costa de Melo \/ Prof.\u00aa Dr.\u00aa\u00a0Francisca Maria de Souza Ramos Lopes<\/p>\n<div style=\"text-align: justify\"><\/div>\n<div class=\"control-group\" style=\"text-align: justify\"><strong>\u00c1rea predominante: <\/strong>Ling\u00fc\u00edstica, Letras e Artes; Ling\u00fc\u00edstica<\/div>\n<p style=\"text-align: justify\">\n<p style=\"text-align: justify\"><span style=\"font-size: 14pt\"><strong>OBJETIVO<\/strong><\/span><\/p>\n<p style=\"text-align: justify\">O grupo de pesquisa Pr\u00e1ticas discursivas, linguagens e ensino (PRADILE) objetiva desenvolver estudos sobre a linguagem e a diversidade das pr\u00e1ticas sociais e discursivas nas diferentes esferas de intera\u00e7\u00e3o humana. As pesquisas do grupo focalizam projetos que objetivam estudar os fen\u00f4menos de linguagem e suas implica\u00e7\u00f5es\/aplica\u00e7\u00f5es ao ensino de l\u00edngua portuguesa assim como em outras esferas de atividade, integrando, assim, o compromisso social da Universidade por meio da complexa migra\u00e7\u00e3o desses fen\u00f4menos para o contexto escolar.<\/p>\n<p style=\"text-align: justify\">\n<p>&nbsp;<\/p>\n<p>&nbsp;<\/p>\n","protected":false},"excerpt":{"rendered":"<p>&nbsp; PRADILE &#8211; Pr\u00e1ticas discursivas, linguagens e ensino APRESENTA\u00c7\u00c3O L\u00edder(es) do grupo: Prof.\u00aa Dr.\u00aa N\u00e1dia Maria Silveira Costa de Melo \/ Prof.\u00aa Dr.\u00aa\u00a0Francisca Maria de Souza Ramos Lopes \u00c1rea predominante: Ling\u00fc\u00edstica, Letras e Artes; Ling\u00fc\u00edstica OBJETIVO O grupo de pesquisa Pr\u00e1ticas discursivas, linguagens e ensino (PRADILE) objetiva desenvolver estudos sobre a linguagem e a diversidade [&hellip;]<\/p>\n","protected":false},"author":8,"featured_media":0,"parent":0,"menu_order":0,"comment_status":"closed","ping_status":"closed","template":"","meta":{"footnotes":""},"class_list":["post-837","page","type-page","status-publish","hentry"],"_links":{"self":[{"href":"https:\/\/portal.uern.br\/assu\/letraslinguaportuguesa\/wp-json\/wp\/v2\/pages\/837","targetHints":{"allow":["GET"]}}],"collection":[{"href":"https:\/\/portal.uern.br\/assu\/letraslinguaportuguesa\/wp-json\/wp\/v2\/pages"}],"about":[{"href":"https:\/\/portal.uern.br\/assu\/letraslinguaportuguesa\/wp-json\/wp\/v2\/types\/page"}],"author":[{"embeddable":true,"href":"https:\/\/portal.uern.br\/assu\/letraslinguaportuguesa\/wp-json\/wp\/v2\/users\/8"}],"replies":[{"embeddable":true,"href":"https:\/\/portal.uern.br\/assu\/letraslinguaportuguesa\/wp-json\/wp\/v2\/comments?post=837"}],"version-history":[{"count":10,"href":"https:\/\/portal.uern.br\/assu\/letraslinguaportuguesa\/wp-json\/wp\/v2\/pages\/837\/revisions"}],"predecessor-version":[{"id":1125,"href":"https:\/\/portal.uern.br\/assu\/letraslinguaportuguesa\/wp-json\/wp\/v2\/pages\/837\/revisions\/1125"}],"wp:attachment":[{"href":"https:\/\/portal.uern.br\/assu\/letraslinguaportuguesa\/wp-json\/wp\/v2\/media?parent=837"}],"curies":[{"name":"wp","href":"https:\/\/api.w.org\/{rel}","templated":true}]}}