{"id":1128,"date":"2023-12-06T20:07:53","date_gmt":"2023-12-06T23:07:53","guid":{"rendered":"https:\/\/portal.uern.br\/assu\/letraslinguaportuguesa\/?page_id=1128"},"modified":"2023-12-12T21:37:28","modified_gmt":"2023-12-13T00:37:28","slug":"projetos-de-extensao","status":"publish","type":"page","link":"https:\/\/portal.uern.br\/assu\/letraslinguaportuguesa\/projetos-de-extensao\/","title":{"rendered":"Projetos de Extens\u00e3o"},"content":{"rendered":"<p style=\"text-align: center\"><strong>Projeto De l\u00edngua e m\u00e3os dadas com a cidadania: uma proposta para a amplia\u00e7\u00e3o da compet\u00eancia discursiva &#8211; edi\u00e7\u00e3o IV<\/strong><\/p>\n<table style=\"border-collapse: collapse;width: 100%\">\n<tbody>\n<tr>\n<td style=\"width: 50%;text-align: center\"><strong>COORDENADOR(A)<\/strong><\/td>\n<td style=\"width: 50%;text-align: center\"><strong>CONTATO<\/strong><\/td>\n<\/tr>\n<tr>\n<td style=\"width: 50%;text-align: center\">Prof.\u00aa Dr.\u00aa N\u00e1dia Maria Silveira Costa de Melo<\/td>\n<td style=\"width: 50%;text-align: center\">nadiacosta@uern.br<\/td>\n<\/tr>\n<tr>\n<td style=\"width: 50%\"><\/td>\n<td style=\"width: 50%\"><\/td>\n<\/tr>\n<\/tbody>\n<\/table>\n<p style=\"text-align: justify\"><strong>OBJETIVOS<\/strong><\/p>\n<p style=\"text-align: justify\"><strong>GERAL<\/strong><br \/>\nO projeto visa a estabelecer a articula\u00e7\u00e3o entre a universidade e a comunidade externa participante representada por duas escolas p\u00fablicas(uma estadual e outra municipal) por meio da promo\u00e7\u00e3o de a\u00e7\u00f5es que ampliem as habilidades de leitura e de escrita essenciais para o exerc\u00edcio pleno cidad\u00e3o.<\/p>\n<p style=\"text-align: justify\"><strong>ESPEC\u00cdFICOS<\/strong><br \/>\nA promo\u00e7\u00e3o das oficinas dever\u00e3o propiciar oficinas com vistas a:<br \/>\na) Fomentar a participa\u00e7\u00e3o, conscientiza\u00e7\u00e3o e principalmente a autonomia dos participantes da a\u00e7\u00e3o extensionista ao possibilitar uma efetiva intera\u00e7\u00e3o entre o Campus de A\u00e7u (CAA) e duas escolas p\u00fablicas do RN.<br \/>\nb) Ampliar as habilidades de leitura e escrita dos participantes averiguando o seu n\u00edvel de profici\u00eancia inicial e final, contribuindo, dessa forma para que sejam alcan\u00e7ados os alvos propostos para o \u00cdndice de Desenvolvimento da Educa\u00e7\u00e3o B\u00e1sica (IDEB).<br \/>\nc) Compreender o dom\u00ednio da leitura e da escrita como atos primordiais para o exerc\u00edcio de sua participa\u00e7\u00e3o social e pol\u00edtica, assim como o exerc\u00edcio de direitos e deveres pol\u00edticos, civis e sociais, adotando, no dia a dia, atitudes de solidariedade, coopera\u00e7\u00e3o e rep\u00fadio \u00e0s injusti\u00e7as, respeitando o outro e exigindo para si o mesmo grau de respeito, conforme rege o PPC de Letras l\u00edngua portuguesa\/DLV- CAA(UERN, 2018, p. 16).<br \/>\nd) Produzir material did\u00e1tico acerca das tem\u00e1ticas abordadas em cada oficina promovendo atividades de leitura e escrita por meio de estrat\u00e9gias que atendam os interesses dos participantes.<br \/>\ne) Elaborar material did\u00e1tico para uso em sala como proposta de interven\u00e7\u00e3o no sentido de contribuir para reverter os \u00edndices baixos no processamento de leitura e da compreens\u00e3o e na busca continua e incessante por formar leitores independentes, aut\u00f4nomos, cr\u00edticos e criativos.<\/p>\n<p style=\"text-align: center\"><strong>Pr\u00e1ticas decoloniais e educa\u00e7\u00e3o antirracista em aulas de leitura<\/strong><\/p>\n<table style=\"border-collapse: collapse;width: 100%\">\n<tbody>\n<tr>\n<td style=\"width: 50%;text-align: center\"><strong>COORDENADOR(A)<\/strong><\/td>\n<td style=\"width: 50%;text-align: center\"><strong>CONTATO<\/strong><\/td>\n<\/tr>\n<tr>\n<td style=\"width: 50%;text-align: center\">Prof.\u00aa Dr.\u00aa Francisca Maria de Souza Ramos Lopes<\/td>\n<td style=\"width: 50%;text-align: center\">franciscaramos@uern.br<\/td>\n<\/tr>\n<tr>\n<td style=\"width: 50%\"><\/td>\n<td style=\"width: 50%\"><\/td>\n<\/tr>\n<\/tbody>\n<\/table>\n<p><strong>OBJETIVOS<\/strong><\/p>\n<p style=\"text-align: justify\"><b>GERAL <\/b><\/p>\n<p style=\"text-align: justify\">Discutir sobre a tem\u00e1tica da diversidade \u00e9tnico-racial, com foco em pr\u00e1ticas decoloniais dericionadas a uma educa\u00e7\u00e3o antirracista.<\/p>\n<p><strong>ESPEC\u00cdFICOS<\/strong><br \/>\n&#8211; Visitar as escolas para a organiza\u00e7\u00e3o e aplica\u00e7\u00e3o de eventos de leitura, a serem aplicados com alunos da educa\u00e7\u00e3o b\u00e1sica;<br \/>\n&#8211; Dialogar com a comunidade educacional a respeito de uma educa\u00e7\u00e3o antirracista;<br \/>\n&#8211; Organizar encontros de forma\u00e7\u00e3o com os acad\u00eamicos envolvidos , promovendo discuss\u00f5es variadas sobre a tem\u00e1tica da diversidade \u00e9tnico-racial;<br \/>\n&#8211; Selecionar materiais de leitura que apresentem a imagem do negro de forma positiva;<br \/>\n&#8211; Planejar rodas de conversa envolvendo atividades de compreens\u00e3o e interpreta\u00e7\u00e3o leitora;<br \/>\n&#8211; Oportunizar reflex\u00f5es sobre a tem\u00e1tica \u00e9tnico-racial por meio de material que contribua no combate ao racismo.<\/p>\n","protected":false},"excerpt":{"rendered":"<p>Projeto De l\u00edngua e m\u00e3os dadas com a cidadania: uma proposta para a amplia\u00e7\u00e3o da compet\u00eancia discursiva &#8211; edi\u00e7\u00e3o IV COORDENADOR(A) CONTATO Prof.\u00aa Dr.\u00aa N\u00e1dia Maria Silveira Costa de Melo nadiacosta@uern.br OBJETIVOS GERAL O projeto visa a estabelecer a articula\u00e7\u00e3o entre a universidade e a comunidade externa participante representada por duas escolas p\u00fablicas(uma estadual e [&hellip;]<\/p>\n","protected":false},"author":8,"featured_media":0,"parent":0,"menu_order":0,"comment_status":"closed","ping_status":"closed","template":"","meta":{"footnotes":""},"class_list":["post-1128","page","type-page","status-publish","hentry"],"_links":{"self":[{"href":"https:\/\/portal.uern.br\/assu\/letraslinguaportuguesa\/wp-json\/wp\/v2\/pages\/1128","targetHints":{"allow":["GET"]}}],"collection":[{"href":"https:\/\/portal.uern.br\/assu\/letraslinguaportuguesa\/wp-json\/wp\/v2\/pages"}],"about":[{"href":"https:\/\/portal.uern.br\/assu\/letraslinguaportuguesa\/wp-json\/wp\/v2\/types\/page"}],"author":[{"embeddable":true,"href":"https:\/\/portal.uern.br\/assu\/letraslinguaportuguesa\/wp-json\/wp\/v2\/users\/8"}],"replies":[{"embeddable":true,"href":"https:\/\/portal.uern.br\/assu\/letraslinguaportuguesa\/wp-json\/wp\/v2\/comments?post=1128"}],"version-history":[{"count":5,"href":"https:\/\/portal.uern.br\/assu\/letraslinguaportuguesa\/wp-json\/wp\/v2\/pages\/1128\/revisions"}],"predecessor-version":[{"id":1159,"href":"https:\/\/portal.uern.br\/assu\/letraslinguaportuguesa\/wp-json\/wp\/v2\/pages\/1128\/revisions\/1159"}],"wp:attachment":[{"href":"https:\/\/portal.uern.br\/assu\/letraslinguaportuguesa\/wp-json\/wp\/v2\/media?parent=1128"}],"curies":[{"name":"wp","href":"https:\/\/api.w.org\/{rel}","templated":true}]}}