{"id":1083,"date":"2023-12-06T09:31:23","date_gmt":"2023-12-06T12:31:23","guid":{"rendered":"https:\/\/portal.uern.br\/assu\/letraslinguaportuguesa\/?page_id=1083"},"modified":"2023-12-06T19:30:14","modified_gmt":"2023-12-06T22:30:14","slug":"orientacao-academica","status":"publish","type":"page","link":"https:\/\/portal.uern.br\/assu\/letraslinguaportuguesa\/orientacao-academica\/","title":{"rendered":"Orienta\u00e7\u00e3o Acad\u00eamica"},"content":{"rendered":"<table style=\"border-collapse: collapse;width: 100%\">\n<tbody>\n<tr>\n<td style=\"width: 25%;text-align: center\" colspan=\"4\"><strong>ORIENTA\u00c7\u00c3O ACAD\u00caMICA DO CURSO &#8211; LETRAS L\u00cdNGUA PORTUGUESA<\/strong><\/td>\n<\/tr>\n<tr>\n<td style=\"width: 25%;text-align: center\"><strong>DOCENTE<\/strong><\/td>\n<td style=\"width: 25%;text-align: center\"><strong>PORTARIA<\/strong><\/td>\n<td style=\"width: 25%;text-align: center\"><strong>VALIDADE<\/strong><\/td>\n<td style=\"width: 25%;text-align: center\"><strong>CONTATO<\/strong><\/td>\n<\/tr>\n<tr>\n<td style=\"width: 25%;text-align: center\"><span style=\"font-weight: 400\">Prof. Dr. Francisco Afr\u00e2nio C\u00e2mara Pereira<\/span><\/td>\n<td style=\"width: 25%;text-align: center\">PORTARIA-SEI No 480, DE 29 DE SETEMBRO DE 2022<\/td>\n<td style=\"width: 25%;text-align: center\">28\/09\/2024<\/td>\n<td style=\"width: 25%;text-align: center\"><span style=\"font-weight: 400\">afraniocamara@uern.br<\/span><\/td>\n<\/tr>\n<tr>\n<td style=\"width: 25%;text-align: center\">Prof.\u00aa Dr.\u00aa <span style=\"font-weight: 400\">Guianezza Mescherichia de G\u00f3is Saraiva Meira<\/span><\/td>\n<td style=\"width: 25%;text-align: center\">PORTARIA-SEI No 480, DE 29 DE SETEMBRO DE 2022<\/td>\n<td style=\"width: 25%;text-align: center\">28\/09\/2024<\/td>\n<td style=\"width: 25%;text-align: center\"><span style=\"font-weight: 400\">guianezzasaraiva@uern.br<\/span><\/td>\n<\/tr>\n<tr>\n<td style=\"width: 25%;text-align: center\">Prof.\u00aa Dr.\u00aa <span style=\"font-weight: 400\">N\u00e1dia Maria Silveira Costa de Melo<\/span><\/td>\n<td style=\"width: 25%;text-align: center\">PORTARIA-SEI No 480, DE 29 DE SETEMBRO DE 2022<\/td>\n<td style=\"width: 25%;text-align: center\">28\/09\/2024<\/td>\n<td style=\"width: 25%;text-align: center\"><span style=\"font-weight: 400\">nadiacosta@uern.br<\/span><\/td>\n<\/tr>\n<\/tbody>\n<\/table>\n<p>&nbsp;<\/p>\n<p style=\"text-align: justify\">De acordo com o Art.63 do\u00a0<a href=\"https:\/\/www.uern.br\/controledepaginas\/Proeg-L.Interna\/arquivos\/3129resolua%C2%A7a%C2%A3o_026_2017.consepe_novo_rcg.pdf\">Regulamento dos Cursos de Gradua\u00e7\u00e3o<\/a>, s\u00e3o atribui\u00e7\u00f5es do orientador acad\u00eamico:<\/p>\n<p style=\"text-align: justify\" align=\"justify\">I. Acompanhar o desenvolvimento acad\u00eamico dos alunos sob sua orienta\u00e7\u00e3o;<\/p>\n<p style=\"text-align: justify\" align=\"justify\">II. Planejar, junto aos alunos, considerando a programa\u00e7\u00e3o acad\u00eamica do curso, fluxo curricular compat\u00edvel com seus interesses e possibilidades de desempenho acad\u00eamico, quando for o caso;<\/p>\n<p style=\"text-align: justify\" align=\"justify\">III. Orientar a tomada de decis\u00f5es relativas \u00e0 matr\u00edcula, trancamentos e outros atos de interesse acad\u00eamico;<\/p>\n<p style=\"text-align: justify\" align=\"justify\">IV. Apresentar aos alunos o PPC e a estrutura universit\u00e1ria;<\/p>\n<p style=\"text-align: justify\" align=\"justify\">V. Atuar como membro nato da Comiss\u00e3o de NDE;<\/p>\n<p style=\"text-align: justify\" align=\"justify\">VI. Disponibilizar, ao Departamento Acad\u00eamico, as informa\u00e7\u00f5es necess\u00e1rias para o fim de subsidiar a oferta de componentes curriculares, bem como as prioridades relativas ao Programa Institucional de Monitoria (PIM), no semestre letivo;<\/p>\n<p style=\"text-align: justify\" align=\"justify\">VII. Acompanhar, junto ao aluno, o desenvolvimento das atividades complementares por meio de controle e registro no Sistema de Administra\u00e7\u00e3o Escolar;<\/p>\n<p style=\"text-align: justify\" align=\"justify\">VIII. Apresentar, semestralmente, \u00e0 plen\u00e1ria departamental, diagn\u00f3stico do processo formativo-acad\u00eamico referente ao grupo de alunos sob sua orienta\u00e7\u00e3o;<\/p>\n<p style=\"text-align: justify\" align=\"justify\">IX. Conduzir processos de aproveitamento de estudos;<\/p>\n<p style=\"text-align: justify\" align=\"justify\">X. Atuar como membro nato da comiss\u00e3o departamental de avalia\u00e7\u00e3o de processo seletivo de vagas n\u00e3o iniciais<\/p>\n<p>&nbsp;<\/p>\n<p>&nbsp;<\/p>\n<p>&nbsp;<\/p>\n","protected":false},"excerpt":{"rendered":"<p>ORIENTA\u00c7\u00c3O ACAD\u00caMICA DO CURSO &#8211; LETRAS L\u00cdNGUA PORTUGUESA DOCENTE PORTARIA VALIDADE CONTATO Prof. Dr. Francisco Afr\u00e2nio C\u00e2mara Pereira PORTARIA-SEI No 480, DE 29 DE SETEMBRO DE 2022 28\/09\/2024 afraniocamara@uern.br Prof.\u00aa Dr.\u00aa Guianezza Mescherichia de G\u00f3is Saraiva Meira PORTARIA-SEI No 480, DE 29 DE SETEMBRO DE 2022 28\/09\/2024 guianezzasaraiva@uern.br Prof.\u00aa Dr.\u00aa N\u00e1dia Maria Silveira Costa de [&hellip;]<\/p>\n","protected":false},"author":8,"featured_media":0,"parent":0,"menu_order":0,"comment_status":"closed","ping_status":"closed","template":"","meta":{"footnotes":""},"class_list":["post-1083","page","type-page","status-publish","hentry"],"_links":{"self":[{"href":"https:\/\/portal.uern.br\/assu\/letraslinguaportuguesa\/wp-json\/wp\/v2\/pages\/1083","targetHints":{"allow":["GET"]}}],"collection":[{"href":"https:\/\/portal.uern.br\/assu\/letraslinguaportuguesa\/wp-json\/wp\/v2\/pages"}],"about":[{"href":"https:\/\/portal.uern.br\/assu\/letraslinguaportuguesa\/wp-json\/wp\/v2\/types\/page"}],"author":[{"embeddable":true,"href":"https:\/\/portal.uern.br\/assu\/letraslinguaportuguesa\/wp-json\/wp\/v2\/users\/8"}],"replies":[{"embeddable":true,"href":"https:\/\/portal.uern.br\/assu\/letraslinguaportuguesa\/wp-json\/wp\/v2\/comments?post=1083"}],"version-history":[{"count":5,"href":"https:\/\/portal.uern.br\/assu\/letraslinguaportuguesa\/wp-json\/wp\/v2\/pages\/1083\/revisions"}],"predecessor-version":[{"id":1101,"href":"https:\/\/portal.uern.br\/assu\/letraslinguaportuguesa\/wp-json\/wp\/v2\/pages\/1083\/revisions\/1101"}],"wp:attachment":[{"href":"https:\/\/portal.uern.br\/assu\/letraslinguaportuguesa\/wp-json\/wp\/v2\/media?parent=1083"}],"curies":[{"name":"wp","href":"https:\/\/api.w.org\/{rel}","templated":true}]}}