{"id":1061,"date":"2023-11-24T11:31:59","date_gmt":"2023-11-24T14:31:59","guid":{"rendered":"https:\/\/portal.uern.br\/assu\/letraslinguaportuguesa\/?page_id=1061"},"modified":"2024-03-20T10:06:27","modified_gmt":"2024-03-20T13:06:27","slug":"formulario","status":"publish","type":"page","link":"https:\/\/portal.uern.br\/assu\/letraslinguaportuguesa\/formulario\/","title":{"rendered":"Formul\u00e1rios"},"content":{"rendered":"<p><strong>MODELOS DE FORMUL\u00c1RIOS PARA ESTUDANTES, DOCENTES E T\u00c9CNICOS:<\/strong><\/p>\n<ul>\n<li><a href=\"https:\/\/portal.uern.br\/proeg\/dirca\/links\/\">Link de formul\u00e1rios da DIRCA para solicita\u00e7\u00f5es <em>on line<\/em><\/a><\/li>\n<li><a href=\"https:\/\/www.uern.br\/dirca\/default.asp?item=uern-dirca-formularios\">Modelos de documentos da DIRCA para os estudantes e professores<\/a><\/li>\n<li><a href=\"https:\/\/proeg.uern.br\/default.asp?item=proeg-formularios\">Modelos de documentos da PROEG para estudantes e professores<\/a><\/li>\n<li><a href=\"https:\/\/portal.uern.br\/proeg\/modelos-de-documentos\/\">Modelos de documentos da PROEG para processos dos cursos de gradua\u00e7\u00e3o<\/a><\/li>\n<li><a href=\"https:\/\/portal.uern.br\/progep\/formularios\/\">Modelos de documentos da PROGEP para professores e servidores t\u00e9cnicos\u00a0<\/a><\/li>\n<\/ul>\n<p>&nbsp;<\/p>\n<p><strong>OUTROS MODELOS:<\/strong><\/p>\n<ul>\n<li><a href=\"https:\/\/portal.uern.br\/assu\/letraslinguaportuguesa\/wp-content\/uploads\/sites\/11\/2023\/12\/REQUERIMENTO-PARA-SEGUNDA-CHAMDADA-DE-AVALIACAO.pdf\">REQUERIMENTO PARA SEGUNDA CHAMDADA DE AVALIA\u00c7\u00c3O<\/a><\/li>\n<li><a href=\"https:\/\/portal.uern.br\/assu\/letraslinguaportuguesa\/wp-content\/uploads\/sites\/11\/2023\/12\/TERMO-DE-AUTORIZACAO-DE-PUBLICACAO-ELETRONICA-NA-BIBLIOTECA-DIGITAL-DA-UERN.pdf\">TERMO DE AUTORIZA\u00c7\u00c3O DE PUBLICA\u00c7\u00c3O ELETR\u00d4NICA NA BIBLIOTECA DIGITAL DA UERN\u00a0<\/a><\/li>\n<\/ul>\n<p>&nbsp;<\/p>\n<p><strong>FORMUL\u00c1RIOS DIVERSOS:<\/strong><\/p>\n<ul>\n<li><a href=\"https:\/\/docs.google.com\/forms\/d\/1jp54guTHmMUkzQ28iR7Oah6EjtIUANE9YkHqZnu3amg\/viewform?edit_requested=true\">Solicita\u00e7\u00e3o apoio log\u00edstico para eventos no Campus Avan\u00e7ado de Assu<\/a><\/li>\n<\/ul>\n","protected":false},"excerpt":{"rendered":"<p>MODELOS DE FORMUL\u00c1RIOS PARA ESTUDANTES, DOCENTES E T\u00c9CNICOS: Link de formul\u00e1rios da DIRCA para solicita\u00e7\u00f5es on line Modelos de documentos da DIRCA para os estudantes e professores Modelos de documentos da PROEG para estudantes e professores Modelos de documentos da PROEG para processos dos cursos de gradua\u00e7\u00e3o Modelos de documentos da PROGEP para professores e [&hellip;]<\/p>\n","protected":false},"author":8,"featured_media":0,"parent":0,"menu_order":0,"comment_status":"closed","ping_status":"closed","template":"","meta":{"footnotes":""},"class_list":["post-1061","page","type-page","status-publish","hentry"],"_links":{"self":[{"href":"https:\/\/portal.uern.br\/assu\/letraslinguaportuguesa\/wp-json\/wp\/v2\/pages\/1061","targetHints":{"allow":["GET"]}}],"collection":[{"href":"https:\/\/portal.uern.br\/assu\/letraslinguaportuguesa\/wp-json\/wp\/v2\/pages"}],"about":[{"href":"https:\/\/portal.uern.br\/assu\/letraslinguaportuguesa\/wp-json\/wp\/v2\/types\/page"}],"author":[{"embeddable":true,"href":"https:\/\/portal.uern.br\/assu\/letraslinguaportuguesa\/wp-json\/wp\/v2\/users\/8"}],"replies":[{"embeddable":true,"href":"https:\/\/portal.uern.br\/assu\/letraslinguaportuguesa\/wp-json\/wp\/v2\/comments?post=1061"}],"version-history":[{"count":9,"href":"https:\/\/portal.uern.br\/assu\/letraslinguaportuguesa\/wp-json\/wp\/v2\/pages\/1061\/revisions"}],"predecessor-version":[{"id":1162,"href":"https:\/\/portal.uern.br\/assu\/letraslinguaportuguesa\/wp-json\/wp\/v2\/pages\/1061\/revisions\/1162"}],"wp:attachment":[{"href":"https:\/\/portal.uern.br\/assu\/letraslinguaportuguesa\/wp-json\/wp\/v2\/media?parent=1061"}],"curies":[{"name":"wp","href":"https:\/\/api.w.org\/{rel}","templated":true}]}}