{"id":1031,"date":"2023-11-24T10:17:52","date_gmt":"2023-11-24T13:17:52","guid":{"rendered":"https:\/\/portal.uern.br\/assu\/letraslinguaportuguesa\/?page_id=1031"},"modified":"2023-12-06T19:42:57","modified_gmt":"2023-12-06T22:42:57","slug":"2017-2","status":"publish","type":"page","link":"https:\/\/portal.uern.br\/assu\/letraslinguaportuguesa\/2017-2\/","title":{"rendered":"TCC 2017"},"content":{"rendered":"<table style=\"border-collapse: collapse;width: 100%\">\n<tbody>\n<tr>\n<td style=\"width: 33.3333%;text-align: center\" colspan=\"3\"><strong>MONOGRAFIAS \u2013 ANO 2017<\/strong><\/td>\n<\/tr>\n<tr>\n<td style=\"width: 33.3333%;text-align: center\"><strong>AUTOR(A)<\/strong><\/td>\n<td style=\"width: 33.3333%;text-align: center\"><strong>ORIENTADOR(A)<\/strong><\/td>\n<td style=\"width: 33.3333%;text-align: center\"><strong>MONOGRAFIA<\/strong><\/td>\n<\/tr>\n<tr>\n<td style=\"width: 33.3333%;text-align: center\">Ant\u00f4nia Luana de Ara\u00fajo Menezes<\/td>\n<td style=\"width: 33.3333%;text-align: center\">Prof. Dr. Jo\u00e3o Bosco Figueiredo Gomes<\/td>\n<td style=\"width: 33.3333%;text-align: center\"><a href=\"https:\/\/drive.google.com\/file\/d\/1tdGe_lZ9_MQTEwf4NYWysubBHP38NTeR\/view\">AVALIA\u00c7\u00c3O DA COMPLEXIDADE DE TEXTOS DO ENEM 2016 E 2017 EM UMA PERSPECTIVA FUNCIONALISTA<\/a><\/td>\n<\/tr>\n<tr>\n<td style=\"width: 33.3333%;text-align: center\"><\/td>\n<td style=\"width: 33.3333%;text-align: center\"><\/td>\n<td style=\"width: 33.3333%;text-align: center\"><\/td>\n<\/tr>\n<tr>\n<td style=\"width: 33.3333%;text-align: center\"><\/td>\n<td style=\"width: 33.3333%;text-align: center\"><\/td>\n<td style=\"width: 33.3333%;text-align: center\"><\/td>\n<\/tr>\n<tr>\n<td style=\"width: 33.3333%;text-align: center\"><\/td>\n<td style=\"width: 33.3333%;text-align: center\"><\/td>\n<td style=\"width: 33.3333%;text-align: center\"><\/td>\n<\/tr>\n<tr>\n<td style=\"width: 33.3333%;text-align: center\"><\/td>\n<td style=\"width: 33.3333%;text-align: center\"><\/td>\n<td style=\"width: 33.3333%;text-align: center\"><\/td>\n<\/tr>\n<tr>\n<td style=\"width: 33.3333%;text-align: center\"><\/td>\n<td style=\"width: 33.3333%;text-align: center\"><\/td>\n<td style=\"width: 33.3333%;text-align: center\"><\/td>\n<\/tr>\n<tr>\n<td style=\"width: 33.3333%;text-align: center\"><\/td>\n<td style=\"width: 33.3333%;text-align: center\"><\/td>\n<td style=\"width: 33.3333%;text-align: center\"><\/td>\n<\/tr>\n<\/tbody>\n<\/table>\n","protected":false},"excerpt":{"rendered":"<p>MONOGRAFIAS \u2013 ANO 2017 AUTOR(A) ORIENTADOR(A) MONOGRAFIA Ant\u00f4nia Luana de Ara\u00fajo Menezes Prof. Dr. Jo\u00e3o Bosco Figueiredo Gomes AVALIA\u00c7\u00c3O DA COMPLEXIDADE DE TEXTOS DO ENEM 2016 E 2017 EM UMA PERSPECTIVA FUNCIONALISTA<\/p>\n","protected":false},"author":8,"featured_media":0,"parent":0,"menu_order":0,"comment_status":"closed","ping_status":"closed","template":"","meta":{"footnotes":""},"class_list":["post-1031","page","type-page","status-publish","hentry"],"_links":{"self":[{"href":"https:\/\/portal.uern.br\/assu\/letraslinguaportuguesa\/wp-json\/wp\/v2\/pages\/1031","targetHints":{"allow":["GET"]}}],"collection":[{"href":"https:\/\/portal.uern.br\/assu\/letraslinguaportuguesa\/wp-json\/wp\/v2\/pages"}],"about":[{"href":"https:\/\/portal.uern.br\/assu\/letraslinguaportuguesa\/wp-json\/wp\/v2\/types\/page"}],"author":[{"embeddable":true,"href":"https:\/\/portal.uern.br\/assu\/letraslinguaportuguesa\/wp-json\/wp\/v2\/users\/8"}],"replies":[{"embeddable":true,"href":"https:\/\/portal.uern.br\/assu\/letraslinguaportuguesa\/wp-json\/wp\/v2\/comments?post=1031"}],"version-history":[{"count":5,"href":"https:\/\/portal.uern.br\/assu\/letraslinguaportuguesa\/wp-json\/wp\/v2\/pages\/1031\/revisions"}],"predecessor-version":[{"id":1109,"href":"https:\/\/portal.uern.br\/assu\/letraslinguaportuguesa\/wp-json\/wp\/v2\/pages\/1031\/revisions\/1109"}],"wp:attachment":[{"href":"https:\/\/portal.uern.br\/assu\/letraslinguaportuguesa\/wp-json\/wp\/v2\/media?parent=1031"}],"curies":[{"name":"wp","href":"https:\/\/api.w.org\/{rel}","templated":true}]}}